{"id":7179,"date":"2022-08-23T13:25:44","date_gmt":"2022-08-23T05:25:44","guid":{"rendered":"https:\/\/jm-xiangsheng.com\/?post_type=product&#038;p=7179"},"modified":"2025-04-02T10:43:22","modified_gmt":"2025-04-02T02:43:22","slug":"2-tiers-pastry-dessert-display-shelf","status":"publish","type":"product","link":"https:\/\/jm-xiangsheng.com\/pt\/produto\/commercial-kitchenware\/buffet-ware-buffet-display\/2-tiers-pastry-dessert-display-shelf\/","title":{"rendered":"Prateleira de exposi\u00e7\u00e3o de bolos de sobremesa de pastelaria de 2 n\u00edveis"},"content":{"rendered":"<div>Caro cliente, Produzimos expositores para bolos de sobremesa de tamanhos padr\u00e3o a personalizados, de pequenos a gigantes.  Moldes de tamanhos padr\u00e3o e muitos moldes exclusivos. Tamb\u00e9m podemos personalizar para si!!!<\/div>\r\n<div><span style=\"color: #ed1c24;\"><b>Envie-nos uma mensagem, vamos falar de pormenores.<\/b><\/span> \u00a0<\/div>\r\n<div>Material: Totalmente em 304SS<\/div>\r\n<div>Pilares:\u00a0\u00a0<span style=\"color: #ff0000;\"><strong>S\u00f3lido\u00a0<\/strong>(\u00a0<strong>N\u00c3O<\/strong> oco) <\/span>304SS\r\n<div>Cada placa de n\u00edvel: 1,5 mm de espessura<\/div>\r\n<div>Superf\u00edcie: Alto polimento<\/div>\r\n<div data-spm-anchor-id=\"a2700.wholesale.0.i30.190e3f44509Na1\">Embalagem: 1 unidade por caixa de cart\u00e3o, saco poli, caixa de cart\u00e3o padr\u00e3o de exporta\u00e7\u00e3o. A embalagem plana \u00e9 aceit\u00e1vel.<\/div>\r\n<\/div>\r\n<div data-spm-anchor-id=\"a2700.wholesale.0.i30.190e3f44509Na1\">\u00a0<\/div>\r\n<div data-spm-anchor-id=\"a2700.wholesale.0.i30.190e3f44509Na1\">\u00a0<\/div>\r\n<div data-spm-anchor-id=\"a2700.wholesale.0.i30.190e3f44509Na1\">--------------------------------------------- <!-- \/wp:post-content -->\r\n\r\n<!-- wp:heading {\"editorskit_typography\":{\"family\":\"\",\"name\":\"\",\"weight\":\"\"}} -->\r\n<h2 class=\"wp-block-heading\"><strong><a class=\"ek-link\" href=\"https:\/\/jm-xiangsheng.com\/pt\/about-xiangsheng\/\">Xiangsheng\u00a0<em>F\u00e1brica<\/em><\/a><\/strong><\/h2>\r\n<!-- \/wp:heading -->\r\n\r\n<!-- wp:paragraph -->Xiangsheng \u00e9 uma f\u00e1brica estabelecida em <strong>2005<\/strong> com uma vasta experi\u00eancia, <strong>produzindo prateleira de exposi\u00e7\u00e3o para bolos de sobremesa em a\u00e7o inoxid\u00e1vel <\/strong>com sede em\u00a0<em>China<\/em>. Abaixo est\u00e3o os nossos 7 valores principais. Se estiver interessado em importar stock pot, sinta-se \u00e0 vontade para\u00a0<strong>CONTACTO<\/strong>\u00a0n\u00f3s. <!-- \/wp:paragraph -->\r\n\r\n<!-- wp:spacer {\"height\":\"41px\",\"editorskit_typography\":{\"family\":\"\",\"name\":\"\",\"weight\":\"\"}} -->\r\n<div class=\"wp-block-spacer\" aria-hidden=\"true\">\u00a0<\/div>\r\n<!-- \/wp:spacer -->\r\n\r\n<!-- wp:paragraph --><strong>1) Engenheiro Assist\u00eancia t\u00e9cnica<\/strong>-tipos de materiais, estilos, desenhos.<\/div>\r\n<div data-spm-anchor-id=\"a2700.wholesale.0.i30.190e3f44509Na1\"><!-- \/wp:paragraph -->\r\n\r\n<!-- wp:paragraph --><strong>2) Amostra dispon\u00edvel, pre\u00e7o competitivo por atacado<\/strong>- a amostra \u00e9 aceit\u00e1vel, e come\u00e7a a partir de moq 20pcs, n\u00f3s oferecemos em primeira m\u00e3o ex-<em>f\u00e1brica<\/em>\u00a0pre\u00e7o, sem intermedi\u00e1rios!<\/div>\r\n<div data-spm-anchor-id=\"a2700.wholesale.0.i30.190e3f44509Na1\"><!-- \/wp:paragraph -->\r\n\r\n<!-- wp:paragraph --><strong>3) Relat\u00f3rio de ensaio<\/strong>O material de a\u00e7o inoxid\u00e1vel -201 ou 304 passou no teste SGS.<\/div>\r\n<div data-spm-anchor-id=\"a2700.wholesale.0.i30.190e3f44509Na1\"><!-- \/wp:paragraph -->\r\n\r\n<!-- wp:paragraph --><strong>4) Imagens do produto<\/strong>-Nunca se sinta desamparado em rela\u00e7\u00e3o ao marketing! Oferecemos-lhe fotografias se precisar. Quando estivermos a produzir o produto, tamb\u00e9m lhe tiraremos fotografias, para que possa saber o progresso. Assim, se encontrar algum problema, pode avisar-nos o mais rapidamente poss\u00edvel antes de cometer um grande erro.<\/div>\r\n<div data-spm-anchor-id=\"a2700.wholesale.0.i30.190e3f44509Na1\"><!-- \/wp:paragraph -->\r\n\r\n<!-- wp:paragraph --><strong>5) V\u00eddeos de inspe\u00e7\u00e3o<\/strong>-Depois de terminarmos a mercadoria, podemos levar-lhe v\u00eddeos para uma melhor avalia\u00e7\u00e3o. Assim, pode dizer-nos quais as partes que quer melhorar antes do envio.<\/div>\r\n<div data-spm-anchor-id=\"a2700.wholesale.0.i30.190e3f44509Na1\"><!-- \/wp:paragraph -->\r\n\r\n<!-- wp:paragraph --><strong>6) Guia para comprar baldes de leite a <em>China<\/em><\/strong>-Baseado no seu pedido, n\u00f3s podemos cotar o pre\u00e7o EXW, FOB, CIF ou DDP. Os nossos agentes de transporte est\u00e3o a oferecer um frete favor\u00e1vel, ajudando-o a poupar mais! Se tiver os seus agentes de transporte, tamb\u00e9m os pode nomear. <!-- \/wp:paragraph -->\r\n\r\n<!-- wp:paragraph -->------------------------ <!-- \/wp:paragraph -->\r\n<h3><span style=\"color: #ed1c24;\"><b>Envie-nos uma mensagem, vamos falar de pormenores.<\/b><\/span><\/h3>\r\n\u00a0\r\n<h3><a href=\"https:\/\/www.youtube.com\/watch?v=8UalqcCDk_g\">V\u00eddeo do produto:<\/a><\/h3>\r\n<\/div>","protected":false},"excerpt":{"rendered":"<p><span style=\"color: #808080;\">A f\u00e1brica fornece diretamente a prateleira de exibi\u00e7\u00e3o de sobremesa de a\u00e7o inoxid\u00e1vel. Esta prateleira \u00e9 feita de a\u00e7o inoxid\u00e1vel de calibre pesado (1,5 mm de espessura), \u00e9 usada para exibir sobremesas, como cupcake, bolo, biscoito, etc.<\/span> <span style=\"color: #993366;\"><strong>Carater\u00edsticas:<\/strong><\/span><\/p>\n<ul>\n<li>A\u00e7o inoxid\u00e1vel genu\u00edno: qualidade alimentar, anti-ferrugem e anti-corros\u00e3o<\/li>\n<li>Estrutura robusta: 2 n\u00edveis com pilar s\u00f3lido<\/li>\n<li>Ampla aplica\u00e7\u00e3o: Hotel de cinco estrelas, restaurante, resort, loja de sobremesas, ch\u00e1 da tarde, jantar em casa.<\/li>\n<li>F\u00e1cil de limpar: Limpar com detergente e secar com um pano.<\/li>\n<\/ul>\n<p>\u00a0 <strong>MOQ: 10pcs por encomenda (grande invent\u00e1rio, aceita itens mistos)<\/strong> <strong>EX Pre\u00e7o de f\u00e1brica: cerca de<span style=\"color: #ff0000;\"> 29,6USD<\/span> ( 1 conjunto)<\/strong><\/p>","protected":false},"featured_media":7180,"template":"","meta":{"_seopress_robots_primary_cat":"none","_editorskit_title_hidden":false,"_editorskit_reading_time":0,"_editorskit_is_block_options_detached":false,"_editorskit_block_options_position":"{}","_editorskit_typography_data":[],"_editorskit_blocks_typography":""},"product_cat":[50],"product_tag":[163],"class_list":["post-7179","product","type-product","status-publish","has-post-thumbnail","hentry","product_cat-buffet-ware-buffet-display","product_tag-pastry-dessert-display-shelf"],"yoast_head":"<!-- This site is optimized with the Yoast SEO plugin v21.4 - https:\/\/yoast.com\/wordpress\/plugins\/seo\/ -->\n<title>Dessert Cake Display Shelf<\/title>\n<meta name=\"description\" content=\"We produce Dessert Cake Display Shelf from standard to custom sizes, from tiny to giant.\u00a0 Standard sizes molds and many exclusive molds.\" \/>\n<meta name=\"robots\" content=\"index, follow, max-snippet:-1, max-image-preview:large, max-video-preview:-1\" \/>\n<link rel=\"canonical\" href=\"https:\/\/jm-xiangsheng.com\/pt\/product\/commercial-kitchenware\/buffet-ware-buffet-display\/2-tiers-pastry-dessert-display-shelf\/\" \/>\n<meta property=\"og:locale\" content=\"pt_PT\" \/>\n<meta property=\"og:type\" content=\"article\" \/>\n<meta property=\"og:title\" content=\"Dessert Cake Display Shelf\" \/>\n<meta property=\"og:description\" content=\"We produce Dessert Cake Display Shelf from standard to custom sizes, from tiny to giant.\u00a0 Standard sizes molds and many exclusive molds.\" \/>\n<meta property=\"og:url\" content=\"https:\/\/jm-xiangsheng.com\/pt\/product\/commercial-kitchenware\/buffet-ware-buffet-display\/2-tiers-pastry-dessert-display-shelf\/\" \/>\n<meta property=\"og:site_name\" content=\"Xiangsheng - China factory of stainless steel products\" \/>\n<meta property=\"article:modified_time\" content=\"2025-04-02T02:43:22+00:00\" \/>\n<meta property=\"og:image\" content=\"http:\/\/jm-xiangsheng.com\/wp-content\/uploads\/2022\/08\/\u4e3b\u56fe5-34.jpg\" \/>\n\t<meta property=\"og:image:width\" content=\"750\" \/>\n\t<meta property=\"og:image:height\" content=\"750\" \/>\n\t<meta property=\"og:image:type\" content=\"image\/jpeg\" \/>\n<meta name=\"twitter:card\" content=\"summary_large_image\" \/>\n<meta name=\"twitter:label1\" content=\"Tempo estimado de leitura\" \/>\n\t<meta name=\"twitter:data1\" content=\"2 minutos\" \/>\n<script type=\"application\/ld+json\" class=\"yoast-schema-graph\">{\"@context\":\"https:\/\/schema.org\",\"@graph\":[{\"@type\":\"WebPage\",\"@id\":\"https:\/\/jm-xiangsheng.com\/product\/commercial-kitchenware\/buffet-ware-buffet-display\/2-tiers-pastry-dessert-display-shelf\/\",\"url\":\"https:\/\/jm-xiangsheng.com\/product\/commercial-kitchenware\/buffet-ware-buffet-display\/2-tiers-pastry-dessert-display-shelf\/\",\"name\":\"Dessert Cake Display Shelf\",\"isPartOf\":{\"@id\":\"https:\/\/jm-xiangsheng.com\/#website\"},\"datePublished\":\"2022-08-23T05:25:44+00:00\",\"dateModified\":\"2025-04-02T02:43:22+00:00\",\"description\":\"We produce Dessert Cake Display Shelf from standard to custom sizes, from tiny to giant.\u00a0 Standard sizes molds and many exclusive molds.\",\"breadcrumb\":{\"@id\":\"https:\/\/jm-xiangsheng.com\/product\/commercial-kitchenware\/buffet-ware-buffet-display\/2-tiers-pastry-dessert-display-shelf\/#breadcrumb\"},\"inLanguage\":\"pt-PT\",\"potentialAction\":[{\"@type\":\"ReadAction\",\"target\":[\"https:\/\/jm-xiangsheng.com\/product\/commercial-kitchenware\/buffet-ware-buffet-display\/2-tiers-pastry-dessert-display-shelf\/\"]}]},{\"@type\":\"BreadcrumbList\",\"@id\":\"https:\/\/jm-xiangsheng.com\/product\/commercial-kitchenware\/buffet-ware-buffet-display\/2-tiers-pastry-dessert-display-shelf\/#breadcrumb\",\"itemListElement\":[{\"@type\":\"ListItem\",\"position\":1,\"name\":\"Home\",\"item\":\"https:\/\/jm-xiangsheng.com\/\"},{\"@type\":\"ListItem\",\"position\":2,\"name\":\"Product\",\"item\":\"https:\/\/jm-xiangsheng.com\/products\/\"},{\"@type\":\"ListItem\",\"position\":3,\"name\":\"Commercial kitchenware\",\"item\":\"https:\/\/jm-xiangsheng.com\/product-category\/commercial-kitchenware\/\"},{\"@type\":\"ListItem\",\"position\":4,\"name\":\"Buffet ware &amp; buffet display\",\"item\":\"https:\/\/jm-xiangsheng.com\/product-category\/commercial-kitchenware\/buffet-ware-buffet-display\/\"},{\"@type\":\"ListItem\",\"position\":5,\"name\":\"2 Tiers Pastry Dessert Cake Display Shelf\"}]},{\"@type\":\"WebSite\",\"@id\":\"https:\/\/jm-xiangsheng.com\/#website\",\"url\":\"https:\/\/jm-xiangsheng.com\/\",\"name\":\"Xiangsheng - China factory of stainless steel products\",\"description\":\"20 years factory\",\"publisher\":{\"@id\":\"https:\/\/jm-xiangsheng.com\/#organization\"},\"potentialAction\":[{\"@type\":\"SearchAction\",\"target\":{\"@type\":\"EntryPoint\",\"urlTemplate\":\"https:\/\/jm-xiangsheng.com\/?s={search_term_string}\"},\"query-input\":\"required name=search_term_string\"}],\"inLanguage\":\"pt-PT\"},{\"@type\":\"Organization\",\"@id\":\"https:\/\/jm-xiangsheng.com\/#organization\",\"name\":\"Xiangsheng - China factory of stainless steel products\",\"url\":\"https:\/\/jm-xiangsheng.com\/\",\"logo\":{\"@type\":\"ImageObject\",\"inLanguage\":\"pt-PT\",\"@id\":\"https:\/\/jm-xiangsheng.com\/#\/schema\/logo\/image\/\",\"url\":\"https:\/\/jm-xiangsheng.com\/wp-content\/uploads\/2024\/05\/cropped-\u672a\u6807\u9898-3-\u62f7\u8d1d.png\",\"contentUrl\":\"https:\/\/jm-xiangsheng.com\/wp-content\/uploads\/2024\/05\/cropped-\u672a\u6807\u9898-3-\u62f7\u8d1d.png\",\"width\":490,\"height\":140,\"caption\":\"Xiangsheng - China factory of stainless steel products\"},\"image\":{\"@id\":\"https:\/\/jm-xiangsheng.com\/#\/schema\/logo\/image\/\"}}]}<\/script>\n<!-- \/ Yoast SEO plugin. -->","yoast_head_json":{"title":"Dessert Cake Display Shelf","description":"We produce Dessert Cake Display Shelf from standard to custom sizes, from tiny to giant.\u00a0 Standard sizes molds and many exclusive molds.","robots":{"index":"index","follow":"follow","max-snippet":"max-snippet:-1","max-image-preview":"max-image-preview:large","max-video-preview":"max-video-preview:-1"},"canonical":"https:\/\/jm-xiangsheng.com\/pt\/product\/commercial-kitchenware\/buffet-ware-buffet-display\/2-tiers-pastry-dessert-display-shelf\/","og_locale":"pt_PT","og_type":"article","og_title":"Dessert Cake Display Shelf","og_description":"We produce Dessert Cake Display Shelf from standard to custom sizes, from tiny to giant.\u00a0 Standard sizes molds and many exclusive molds.","og_url":"https:\/\/jm-xiangsheng.com\/pt\/product\/commercial-kitchenware\/buffet-ware-buffet-display\/2-tiers-pastry-dessert-display-shelf\/","og_site_name":"Xiangsheng - China factory of stainless steel products","article_modified_time":"2025-04-02T02:43:22+00:00","og_image":[{"width":750,"height":750,"url":"http:\/\/jm-xiangsheng.com\/wp-content\/uploads\/2022\/08\/\u4e3b\u56fe5-34.jpg","type":"image\/jpeg"}],"twitter_card":"summary_large_image","twitter_misc":{"Tempo estimado de leitura":"2 minutos"},"schema":{"@context":"https:\/\/schema.org","@graph":[{"@type":"WebPage","@id":"https:\/\/jm-xiangsheng.com\/product\/commercial-kitchenware\/buffet-ware-buffet-display\/2-tiers-pastry-dessert-display-shelf\/","url":"https:\/\/jm-xiangsheng.com\/product\/commercial-kitchenware\/buffet-ware-buffet-display\/2-tiers-pastry-dessert-display-shelf\/","name":"Dessert Cake Display Shelf","isPartOf":{"@id":"https:\/\/jm-xiangsheng.com\/#website"},"datePublished":"2022-08-23T05:25:44+00:00","dateModified":"2025-04-02T02:43:22+00:00","description":"We produce Dessert Cake Display Shelf from standard to custom sizes, from tiny to giant.\u00a0 Standard sizes molds and many exclusive molds.","breadcrumb":{"@id":"https:\/\/jm-xiangsheng.com\/product\/commercial-kitchenware\/buffet-ware-buffet-display\/2-tiers-pastry-dessert-display-shelf\/#breadcrumb"},"inLanguage":"pt-PT","potentialAction":[{"@type":"ReadAction","target":["https:\/\/jm-xiangsheng.com\/product\/commercial-kitchenware\/buffet-ware-buffet-display\/2-tiers-pastry-dessert-display-shelf\/"]}]},{"@type":"BreadcrumbList","@id":"https:\/\/jm-xiangsheng.com\/product\/commercial-kitchenware\/buffet-ware-buffet-display\/2-tiers-pastry-dessert-display-shelf\/#breadcrumb","itemListElement":[{"@type":"ListItem","position":1,"name":"Home","item":"https:\/\/jm-xiangsheng.com\/"},{"@type":"ListItem","position":2,"name":"Product","item":"https:\/\/jm-xiangsheng.com\/products\/"},{"@type":"ListItem","position":3,"name":"Commercial kitchenware","item":"https:\/\/jm-xiangsheng.com\/product-category\/commercial-kitchenware\/"},{"@type":"ListItem","position":4,"name":"Buffet ware &amp; buffet display","item":"https:\/\/jm-xiangsheng.com\/product-category\/commercial-kitchenware\/buffet-ware-buffet-display\/"},{"@type":"ListItem","position":5,"name":"2 Tiers Pastry Dessert Cake Display Shelf"}]},{"@type":"WebSite","@id":"https:\/\/jm-xiangsheng.com\/#website","url":"https:\/\/jm-xiangsheng.com\/","name":"Xiangsheng - China factory of stainless steel products","description":"20 years factory","publisher":{"@id":"https:\/\/jm-xiangsheng.com\/#organization"},"potentialAction":[{"@type":"SearchAction","target":{"@type":"EntryPoint","urlTemplate":"https:\/\/jm-xiangsheng.com\/?s={search_term_string}"},"query-input":"required name=search_term_string"}],"inLanguage":"pt-PT"},{"@type":"Organization","@id":"https:\/\/jm-xiangsheng.com\/#organization","name":"Xiangsheng - China factory of stainless steel products","url":"https:\/\/jm-xiangsheng.com\/","logo":{"@type":"ImageObject","inLanguage":"pt-PT","@id":"https:\/\/jm-xiangsheng.com\/#\/schema\/logo\/image\/","url":"https:\/\/jm-xiangsheng.com\/wp-content\/uploads\/2024\/05\/cropped-\u672a\u6807\u9898-3-\u62f7\u8d1d.png","contentUrl":"https:\/\/jm-xiangsheng.com\/wp-content\/uploads\/2024\/05\/cropped-\u672a\u6807\u9898-3-\u62f7\u8d1d.png","width":490,"height":140,"caption":"Xiangsheng - China factory of stainless steel products"},"image":{"@id":"https:\/\/jm-xiangsheng.com\/#\/schema\/logo\/image\/"}}]}},"_links":{"self":[{"href":"https:\/\/jm-xiangsheng.com\/pt\/wp-json\/wp\/v2\/product\/7179","targetHints":{"allow":["GET"]}}],"collection":[{"href":"https:\/\/jm-xiangsheng.com\/pt\/wp-json\/wp\/v2\/product"}],"about":[{"href":"https:\/\/jm-xiangsheng.com\/pt\/wp-json\/wp\/v2\/types\/product"}],"wp:featuredmedia":[{"embeddable":true,"href":"https:\/\/jm-xiangsheng.com\/pt\/wp-json\/wp\/v2\/media\/7180"}],"wp:attachment":[{"href":"https:\/\/jm-xiangsheng.com\/pt\/wp-json\/wp\/v2\/media?parent=7179"}],"wp:term":[{"taxonomy":"product_cat","embeddable":true,"href":"https:\/\/jm-xiangsheng.com\/pt\/wp-json\/wp\/v2\/product_cat?post=7179"},{"taxonomy":"product_tag","embeddable":true,"href":"https:\/\/jm-xiangsheng.com\/pt\/wp-json\/wp\/v2\/product_tag?post=7179"}],"curies":[{"name":"wp","href":"https:\/\/api.w.org\/{rel}","templated":true}]}}