{"id":2191,"date":"2022-06-15T04:30:04","date_gmt":"2022-06-14T20:30:04","guid":{"rendered":"https:\/\/jm-xiangsheng.com\/?post_type=product&#038;p=2191"},"modified":"2025-09-06T14:36:12","modified_gmt":"2025-09-06T06:36:12","slug":"commercial-stainless-steel-heat-insulation-barrel","status":"publish","type":"product","link":"https:\/\/jm-xiangsheng.com\/pt\/produto\/commercial-kitchenware\/commercial-pot-barrel\/commercial-stainless-steel-heat-insulation-barrel\/","title":{"rendered":"Barril de isolamento t\u00e9rmico comercial em a\u00e7o inoxid\u00e1vel"},"content":{"rendered":"<p>Caro cliente, produzimos barris de isolamento t\u00e9rmico em a\u00e7o inoxid\u00e1vel de tamanhos padr\u00e3o a personalizados, de pequenos a grandes.  Moldes de tamanhos padr\u00e3o e muitos moldes exclusivos. Podemos personalizar para si!!! Usando o barril de isolamento t\u00e9rmico de a\u00e7o inoxid\u00e1vel para armazenar seus alimentos e mant\u00ea-los quentes. Pode manter os alimentos quentes durante\u00a0<span style=\"color: #ed1c24;\"><b>6-8 <\/b><\/span>horas. O design empilh\u00e1vel facilita o transporte e poupa espa\u00e7o.\u00a0<\/p>\r\n<p><span style=\"color: #ed1c24;\"><b>Envie-nos uma mensagem, vamos falar de pormenores.<\/b><\/span><\/p>\r\n<p>---------------------------------------------<\/p>\r\n<h4 style=\"text-align: center;\"><!-- \/wp:post-content -->\r\n\r\n<!-- wp:heading {\"editorskit_typography\":{\"family\":\"\",\"name\":\"\",\"weight\":\"\"}} --><\/h4>\r\n<h2 class=\"wp-block-heading\"><strong><a class=\"ek-link\" href=\"https:\/\/jm-xiangsheng.com\/pt\/about-xiangsheng\/\">Xiangsheng\u00a0<em>F\u00e1brica<\/em><\/a><\/strong><\/h2>\r\n<h4 style=\"text-align: center;\"><!-- \/wp:heading -->\r\n\r\n<!-- wp:paragraph --><\/h4>\r\n<p>Xiangsheng \u00e9 uma f\u00e1brica estabelecida em <strong>2005<\/strong> com uma vasta experi\u00eancia<i>,<\/i><strong>\u00a0produ\u00e7\u00e3o de produtos de a\u00e7o inoxid\u00e1vel<\/strong>\u00a0com sede em\u00a0<em>China<\/em>. Abaixo est\u00e3o os nossos 7 valores principais. Se estiver interessado em importar stock pot, sinta-se \u00e0 vontade para\u00a0<strong>CONTACTO<\/strong>\u00a0n\u00f3s.<\/p>\r\n<h4 style=\"text-align: center;\"><!-- \/wp:paragraph -->\r\n\r\n<!-- wp:spacer {\"height\":\"41px\",\"editorskit_typography\":{\"family\":\"\",\"name\":\"\",\"weight\":\"\"}} --><\/h4>\r\n<div class=\"wp-block-spacer\" aria-hidden=\"true\">\u00a0<\/div>\r\n<h4 style=\"text-align: center;\"><!-- \/wp:spacer -->\r\n\r\n<!-- wp:paragraph --><\/h4>\r\n<p><strong>1) Engenheiro Assist\u00eancia t\u00e9cnica<\/strong>-tipos de materiais, estilos, desenhos.<\/p>\r\n<h4 style=\"text-align: center;\"><!-- \/wp:paragraph -->\r\n\r\n<!-- wp:paragraph --><\/h4>\r\n<p><strong>2) Amostra dispon\u00edvel, pre\u00e7o competitivo por atacado<\/strong>- a amostra \u00e9 aceit\u00e1vel, e come\u00e7a a partir de moq 20pcs, n\u00f3s oferecemos em primeira m\u00e3o ex-<em>f\u00e1brica<\/em>\u00a0pre\u00e7o, sem intermedi\u00e1rios!<\/p>\r\n<h4 style=\"text-align: center;\"><!-- \/wp:paragraph -->\r\n\r\n<!-- wp:paragraph --><\/h4>\r\n<p><strong>4) Relat\u00f3rio de ensaio<\/strong>O material de a\u00e7o inoxid\u00e1vel -201 ou 304 passou no teste SGS.<\/p>\r\n<h4 style=\"text-align: center;\"><!-- \/wp:paragraph -->\r\n\r\n<!-- wp:paragraph --><\/h4>\r\n<p><strong>5) Imagens do produto<\/strong>-Nunca se sinta desamparado em rela\u00e7\u00e3o ao marketing! Oferecemos-lhe fotografias se precisar.<\/p>\r\n<h4 style=\"text-align: center;\"><!-- \/wp:paragraph -->\r\n\r\n<!-- wp:paragraph --><\/h4>\r\n<p><strong>6) V\u00eddeos de inspe\u00e7\u00e3o<\/strong>-Ap\u00f3s a conclus\u00e3o dos produtos, podemos enviar-lhe v\u00eddeos para uma melhor avalia\u00e7\u00e3o<\/p>\r\n<h4 style=\"text-align: center;\"><!-- \/wp:paragraph -->\r\n\r\n<!-- wp:paragraph --><\/h4>\r\n<p><strong>7) Guia para comprar baldes de leite a\u00a0<em>China<\/em><\/strong>-Baseado no seu pedido, n\u00f3s podemos cotar o pre\u00e7o EXW, FOB, CIF ou DDP. Nossos agentes de transporte est\u00e3o oferecendo frete favor\u00e1vel, ajud\u00e1-lo a economizar mais!<\/p>\r\n<h4 style=\"text-align: center;\"><!-- \/wp:paragraph -->\r\n\r\n<!-- wp:paragraph --><\/h4>\r\n<p>------------------------<\/p>\r\n<h4 style=\"text-align: center;\"><!-- \/wp:paragraph --><\/h4>\r\n<h3><span style=\"color: #ed1c24;\"><b>Envie-nos uma mensagem, vamos falar de pormenores.<\/b><\/span><\/h3>\r\n<p>&nbsp;<\/p>\r\n<h3><a href=\"https:\/\/www.youtube.com\/watch?v=oiC0XancBuw\">V\u00eddeo do produto:<\/a><\/h3>","protected":false},"excerpt":{"rendered":"<p><span style=\"color: #808080;\">F\u00e1brica OEM ODM tamanhos completos Barril de isolamento t\u00e9rmico de a\u00e7o inoxid\u00e1vel. \u00c9 usado para manter a temperatura quente ou fria, 80% efici\u00eancia para 6-8 horas.\u00a0<\/span> <strong><span style=\"color: #000080;\">Carater\u00edsticas:<\/span><\/strong><\/p>\n<ul>\n<li>A\u00e7o inoxid\u00e1vel genu\u00edno: material de qualidade alimentar anti-ferrugem e anti-corros\u00e3o<\/li>\n<li>Estrutura de isolamento: Estrutura de parede dupla e camada de PU boa para manter a temperatura<\/li>\n<li>Amplamente utilizado em v\u00e1rias aplica\u00e7\u00f5es: como cozinha comercial, campismo, piquenique, festas, etc<\/li>\n<li>Fundo de borracha: Design anti-derrapante e preserva\u00e7\u00e3o do calor<\/li>\n<li>Design empilh\u00e1vel: Fundo de borracha e tampa plana permitem empilh\u00e1-los de forma est\u00e1vel sem raspar<\/li>\n<li>F\u00e1cil de limpar: Limpar com detergente e secar com um pano.<\/li>\n<\/ul>\n<p>\u00a0 <strong>MOQ: 50pcs por encomenda<\/strong><\/p>\n<div class=\"product-short-description\">Gama de pre\u00e7os: 20-80USD (n\u00e3o hesite em pedir um or\u00e7amento detalhado)<\/div>","protected":false},"featured_media":2266,"template":"","meta":{"_seopress_robots_primary_cat":"none","_editorskit_title_hidden":false,"_editorskit_reading_time":0,"_editorskit_is_block_options_detached":false,"_editorskit_block_options_position":"{}","_editorskit_typography_data":[],"_editorskit_blocks_typography":""},"product_cat":[36],"product_tag":[109,108],"class_list":["post-2191","product","type-product","status-publish","has-post-thumbnail","hentry","product_cat-commercial-pot-barrel","product_tag-insulation-barrel","product_tag-insulation-bucket"],"yoast_head":"<!-- This site is optimized with the Yoast SEO plugin v21.4 - https:\/\/yoast.com\/wordpress\/plugins\/seo\/ -->\n<title>Stainless Steel Heat Insulation Barrel<\/title>\n<meta name=\"description\" content=\"we produce Stainless Steel Heat Insulation Barrel from standard to custom sizes, from tiny to giant.\u00a0 Standard sizes molds and many exclusive molds.\" \/>\n<meta name=\"robots\" content=\"index, follow, max-snippet:-1, max-image-preview:large, max-video-preview:-1\" \/>\n<link rel=\"canonical\" href=\"https:\/\/jm-xiangsheng.com\/pt\/product\/commercial-kitchenware\/commercial-pot-barrel\/commercial-stainless-steel-heat-insulation-barrel\/\" \/>\n<meta property=\"og:locale\" content=\"pt_PT\" \/>\n<meta property=\"og:type\" content=\"article\" \/>\n<meta property=\"og:title\" content=\"Stainless Steel Heat Insulation Barrel\" \/>\n<meta property=\"og:description\" content=\"we produce Stainless Steel Heat Insulation Barrel from standard to custom sizes, from tiny to giant.\u00a0 Standard sizes molds and many exclusive molds.\" \/>\n<meta property=\"og:url\" content=\"https:\/\/jm-xiangsheng.com\/pt\/product\/commercial-kitchenware\/commercial-pot-barrel\/commercial-stainless-steel-heat-insulation-barrel\/\" \/>\n<meta property=\"og:site_name\" content=\"Xiangsheng - China factory of stainless steel products\" \/>\n<meta property=\"article:modified_time\" content=\"2025-09-06T06:36:12+00:00\" \/>\n<meta property=\"og:image\" content=\"http:\/\/jm-xiangsheng.com\/wp-content\/uploads\/2022\/06\/1-54.jpg\" \/>\n\t<meta property=\"og:image:width\" content=\"750\" \/>\n\t<meta property=\"og:image:height\" content=\"750\" \/>\n\t<meta property=\"og:image:type\" content=\"image\/jpeg\" \/>\n<meta name=\"twitter:card\" content=\"summary_large_image\" \/>\n<meta name=\"twitter:label1\" content=\"Tempo estimado de leitura\" \/>\n\t<meta name=\"twitter:data1\" content=\"1 minuto\" \/>\n<script type=\"application\/ld+json\" class=\"yoast-schema-graph\">{\"@context\":\"https:\/\/schema.org\",\"@graph\":[{\"@type\":\"WebPage\",\"@id\":\"https:\/\/jm-xiangsheng.com\/product\/commercial-kitchenware\/commercial-pot-barrel\/commercial-stainless-steel-heat-insulation-barrel\/\",\"url\":\"https:\/\/jm-xiangsheng.com\/product\/commercial-kitchenware\/commercial-pot-barrel\/commercial-stainless-steel-heat-insulation-barrel\/\",\"name\":\"Stainless Steel Heat Insulation Barrel\",\"isPartOf\":{\"@id\":\"https:\/\/jm-xiangsheng.com\/#website\"},\"datePublished\":\"2022-06-14T20:30:04+00:00\",\"dateModified\":\"2025-09-06T06:36:12+00:00\",\"description\":\"we produce Stainless Steel Heat Insulation Barrel from standard to custom sizes, from tiny to giant.\u00a0 Standard sizes molds and many exclusive molds.\",\"breadcrumb\":{\"@id\":\"https:\/\/jm-xiangsheng.com\/product\/commercial-kitchenware\/commercial-pot-barrel\/commercial-stainless-steel-heat-insulation-barrel\/#breadcrumb\"},\"inLanguage\":\"pt-PT\",\"potentialAction\":[{\"@type\":\"ReadAction\",\"target\":[\"https:\/\/jm-xiangsheng.com\/product\/commercial-kitchenware\/commercial-pot-barrel\/commercial-stainless-steel-heat-insulation-barrel\/\"]}]},{\"@type\":\"BreadcrumbList\",\"@id\":\"https:\/\/jm-xiangsheng.com\/product\/commercial-kitchenware\/commercial-pot-barrel\/commercial-stainless-steel-heat-insulation-barrel\/#breadcrumb\",\"itemListElement\":[{\"@type\":\"ListItem\",\"position\":1,\"name\":\"Home\",\"item\":\"https:\/\/jm-xiangsheng.com\/\"},{\"@type\":\"ListItem\",\"position\":2,\"name\":\"Product\",\"item\":\"https:\/\/jm-xiangsheng.com\/products\/\"},{\"@type\":\"ListItem\",\"position\":3,\"name\":\"Commercial kitchenware\",\"item\":\"https:\/\/jm-xiangsheng.com\/product-category\/commercial-kitchenware\/\"},{\"@type\":\"ListItem\",\"position\":4,\"name\":\"Commercial Pot &amp; Barrel\",\"item\":\"https:\/\/jm-xiangsheng.com\/product-category\/commercial-kitchenware\/commercial-pot-barrel\/\"},{\"@type\":\"ListItem\",\"position\":5,\"name\":\"Commercial Stainless Steel Heat Insulation Barrel\"}]},{\"@type\":\"WebSite\",\"@id\":\"https:\/\/jm-xiangsheng.com\/#website\",\"url\":\"https:\/\/jm-xiangsheng.com\/\",\"name\":\"Xiangsheng - China factory of stainless steel products\",\"description\":\"20 years factory\",\"publisher\":{\"@id\":\"https:\/\/jm-xiangsheng.com\/#organization\"},\"potentialAction\":[{\"@type\":\"SearchAction\",\"target\":{\"@type\":\"EntryPoint\",\"urlTemplate\":\"https:\/\/jm-xiangsheng.com\/?s={search_term_string}\"},\"query-input\":\"required name=search_term_string\"}],\"inLanguage\":\"pt-PT\"},{\"@type\":\"Organization\",\"@id\":\"https:\/\/jm-xiangsheng.com\/#organization\",\"name\":\"Xiangsheng - China factory of stainless steel products\",\"url\":\"https:\/\/jm-xiangsheng.com\/\",\"logo\":{\"@type\":\"ImageObject\",\"inLanguage\":\"pt-PT\",\"@id\":\"https:\/\/jm-xiangsheng.com\/#\/schema\/logo\/image\/\",\"url\":\"https:\/\/jm-xiangsheng.com\/wp-content\/uploads\/2024\/05\/cropped-\u672a\u6807\u9898-3-\u62f7\u8d1d.png\",\"contentUrl\":\"https:\/\/jm-xiangsheng.com\/wp-content\/uploads\/2024\/05\/cropped-\u672a\u6807\u9898-3-\u62f7\u8d1d.png\",\"width\":490,\"height\":140,\"caption\":\"Xiangsheng - China factory of stainless steel products\"},\"image\":{\"@id\":\"https:\/\/jm-xiangsheng.com\/#\/schema\/logo\/image\/\"}}]}<\/script>\n<!-- \/ Yoast SEO plugin. -->","yoast_head_json":{"title":"Stainless Steel Heat Insulation Barrel","description":"we produce Stainless Steel Heat Insulation Barrel from standard to custom sizes, from tiny to giant.\u00a0 Standard sizes molds and many exclusive molds.","robots":{"index":"index","follow":"follow","max-snippet":"max-snippet:-1","max-image-preview":"max-image-preview:large","max-video-preview":"max-video-preview:-1"},"canonical":"https:\/\/jm-xiangsheng.com\/pt\/product\/commercial-kitchenware\/commercial-pot-barrel\/commercial-stainless-steel-heat-insulation-barrel\/","og_locale":"pt_PT","og_type":"article","og_title":"Stainless Steel Heat Insulation Barrel","og_description":"we produce Stainless Steel Heat Insulation Barrel from standard to custom sizes, from tiny to giant.\u00a0 Standard sizes molds and many exclusive molds.","og_url":"https:\/\/jm-xiangsheng.com\/pt\/product\/commercial-kitchenware\/commercial-pot-barrel\/commercial-stainless-steel-heat-insulation-barrel\/","og_site_name":"Xiangsheng - China factory of stainless steel products","article_modified_time":"2025-09-06T06:36:12+00:00","og_image":[{"width":750,"height":750,"url":"http:\/\/jm-xiangsheng.com\/wp-content\/uploads\/2022\/06\/1-54.jpg","type":"image\/jpeg"}],"twitter_card":"summary_large_image","twitter_misc":{"Tempo estimado de leitura":"1 minuto"},"schema":{"@context":"https:\/\/schema.org","@graph":[{"@type":"WebPage","@id":"https:\/\/jm-xiangsheng.com\/product\/commercial-kitchenware\/commercial-pot-barrel\/commercial-stainless-steel-heat-insulation-barrel\/","url":"https:\/\/jm-xiangsheng.com\/product\/commercial-kitchenware\/commercial-pot-barrel\/commercial-stainless-steel-heat-insulation-barrel\/","name":"Stainless Steel Heat Insulation Barrel","isPartOf":{"@id":"https:\/\/jm-xiangsheng.com\/#website"},"datePublished":"2022-06-14T20:30:04+00:00","dateModified":"2025-09-06T06:36:12+00:00","description":"we produce Stainless Steel Heat Insulation Barrel from standard to custom sizes, from tiny to giant.\u00a0 Standard sizes molds and many exclusive molds.","breadcrumb":{"@id":"https:\/\/jm-xiangsheng.com\/product\/commercial-kitchenware\/commercial-pot-barrel\/commercial-stainless-steel-heat-insulation-barrel\/#breadcrumb"},"inLanguage":"pt-PT","potentialAction":[{"@type":"ReadAction","target":["https:\/\/jm-xiangsheng.com\/product\/commercial-kitchenware\/commercial-pot-barrel\/commercial-stainless-steel-heat-insulation-barrel\/"]}]},{"@type":"BreadcrumbList","@id":"https:\/\/jm-xiangsheng.com\/product\/commercial-kitchenware\/commercial-pot-barrel\/commercial-stainless-steel-heat-insulation-barrel\/#breadcrumb","itemListElement":[{"@type":"ListItem","position":1,"name":"Home","item":"https:\/\/jm-xiangsheng.com\/"},{"@type":"ListItem","position":2,"name":"Product","item":"https:\/\/jm-xiangsheng.com\/products\/"},{"@type":"ListItem","position":3,"name":"Commercial kitchenware","item":"https:\/\/jm-xiangsheng.com\/product-category\/commercial-kitchenware\/"},{"@type":"ListItem","position":4,"name":"Commercial Pot &amp; Barrel","item":"https:\/\/jm-xiangsheng.com\/product-category\/commercial-kitchenware\/commercial-pot-barrel\/"},{"@type":"ListItem","position":5,"name":"Commercial Stainless Steel Heat Insulation Barrel"}]},{"@type":"WebSite","@id":"https:\/\/jm-xiangsheng.com\/#website","url":"https:\/\/jm-xiangsheng.com\/","name":"Xiangsheng - China factory of stainless steel products","description":"20 years factory","publisher":{"@id":"https:\/\/jm-xiangsheng.com\/#organization"},"potentialAction":[{"@type":"SearchAction","target":{"@type":"EntryPoint","urlTemplate":"https:\/\/jm-xiangsheng.com\/?s={search_term_string}"},"query-input":"required name=search_term_string"}],"inLanguage":"pt-PT"},{"@type":"Organization","@id":"https:\/\/jm-xiangsheng.com\/#organization","name":"Xiangsheng - China factory of stainless steel products","url":"https:\/\/jm-xiangsheng.com\/","logo":{"@type":"ImageObject","inLanguage":"pt-PT","@id":"https:\/\/jm-xiangsheng.com\/#\/schema\/logo\/image\/","url":"https:\/\/jm-xiangsheng.com\/wp-content\/uploads\/2024\/05\/cropped-\u672a\u6807\u9898-3-\u62f7\u8d1d.png","contentUrl":"https:\/\/jm-xiangsheng.com\/wp-content\/uploads\/2024\/05\/cropped-\u672a\u6807\u9898-3-\u62f7\u8d1d.png","width":490,"height":140,"caption":"Xiangsheng - China factory of stainless steel products"},"image":{"@id":"https:\/\/jm-xiangsheng.com\/#\/schema\/logo\/image\/"}}]}},"_links":{"self":[{"href":"https:\/\/jm-xiangsheng.com\/pt\/wp-json\/wp\/v2\/product\/2191","targetHints":{"allow":["GET"]}}],"collection":[{"href":"https:\/\/jm-xiangsheng.com\/pt\/wp-json\/wp\/v2\/product"}],"about":[{"href":"https:\/\/jm-xiangsheng.com\/pt\/wp-json\/wp\/v2\/types\/product"}],"wp:featuredmedia":[{"embeddable":true,"href":"https:\/\/jm-xiangsheng.com\/pt\/wp-json\/wp\/v2\/media\/2266"}],"wp:attachment":[{"href":"https:\/\/jm-xiangsheng.com\/pt\/wp-json\/wp\/v2\/media?parent=2191"}],"wp:term":[{"taxonomy":"product_cat","embeddable":true,"href":"https:\/\/jm-xiangsheng.com\/pt\/wp-json\/wp\/v2\/product_cat?post=2191"},{"taxonomy":"product_tag","embeddable":true,"href":"https:\/\/jm-xiangsheng.com\/pt\/wp-json\/wp\/v2\/product_tag?post=2191"}],"curies":[{"name":"wp","href":"https:\/\/api.w.org\/{rel}","templated":true}]}}