{"id":2105,"date":"2022-06-15T03:52:17","date_gmt":"2022-06-14T19:52:17","guid":{"rendered":"https:\/\/jm-xiangsheng.com\/?post_type=product&#038;p=2105"},"modified":"2025-03-27T14:42:26","modified_gmt":"2025-03-27T06:42:26","slug":"home-brew-stainless-steel-mash-tun","status":"publish","type":"product","link":"https:\/\/jm-xiangsheng.com\/pt\/produto\/homebrew\/home-brew-stainless-steel-mash-tun\/","title":{"rendered":"Tina de mistura de a\u00e7o inoxid\u00e1vel para cerveja caseira"},"content":{"rendered":"<p>Meu caro cliente, est\u00e1 \u00e0 procura de um fabricante de qualidade superior, personalizado e profissional para o t\u00fanel de pur\u00e9 de a\u00e7o inoxid\u00e1vel para fermenta\u00e7\u00e3o caseira?<\/p>\r\n<p>\u00c9 uma sorte encontrarmo-nos uns aos outros, somos <strong>Fabricante n.\u00ba 1<\/strong> em Homebrew filed - Tina de mistura de a\u00e7o inoxid\u00e1vel para cerveja caseira.<\/p>\r\n<p>A nossa solu\u00e7\u00e3o total vai desde a conce\u00e7\u00e3o, engenharia, fabrico, lan\u00e7amento e envio num \u00fanico passo.<\/p>\r\n<p>Necessita de apoio t\u00e9cnico? Pretende que o design OEM seja executado com facilidade?<\/p>\r\n<p><span style=\"color: #ed1c24;\"><b>Envie-nos uma mensagem, vamos falar de pormenores.<\/b><\/span><\/p>\r\n<p>&nbsp;<\/p>\r\n<h3>Para saber mais sobre o mash tun de a\u00e7o inoxid\u00e1vel para fabrica\u00e7\u00e3o caseira, voc\u00ea pode ler os artigos abaixo:<\/h3>\r\n<ol>\r\n<li><a href=\"https:\/\/jm-xiangsheng.com\/pt\/home-brew-products-project-cases-review\/\">Produtos para a fabrica\u00e7\u00e3o de cerveja em casa-Revis\u00e3o das caixas de projeto<\/a><\/li>\r\n<\/ol>\r\n<p>&nbsp;<\/p>\r\n<h4 style=\"text-align: center;\"><\/h4>\r\n<p>---------------------------------------------<\/p>\r\n<h4 style=\"text-align: center;\">\r\n\r\n<h2 class=\"wp-block-heading has-ek-typography\" style=\"\"><strong><a class=\"ek-link\" href=\"https:\/\/jm-xiangsheng.com\/pt\/about-xiangsheng\/\">Xiangsheng\u00a0<em>F\u00e1brica<\/em><\/a><\/strong><\/h2>\r\n\r\n<\/h4>\r\n<p>Xiangsheng \u00e9 uma f\u00e1brica estabelecida em <strong>2005<\/strong> com uma vasta experi\u00eancia,<strong>\u00a0produ\u00e7\u00e3o de produtos de a\u00e7o inoxid\u00e1vel<\/strong>\u00a0com sede em\u00a0<em>China<\/em>. Abaixo est\u00e3o os nossos 7 valores principais. Se estiver interessado em importar stock pot, sinta-se \u00e0 vontade para\u00a0<strong>CONTACTO<\/strong>\u00a0n\u00f3s.<\/p>\r\n<h4 style=\"text-align: center;\">\r\n\r\n<div class=\"wp-block-spacer has-ek-typography\" aria-hidden=\"true\" style=\"\">\u00a0<\/div>\r\n\r\n<\/h4>\r\n<p><strong>1) Engenheiro Assist\u00eancia t\u00e9cnica<\/strong>-tipos de materiais, estilos, desenhos.<\/p>\r\n<h4 style=\"text-align: center;\">\r\n\r\n<\/h4>\r\n<p><strong>2) Amostra dispon\u00edvel, pre\u00e7o competitivo por atacado<\/strong>- a amostra \u00e9 aceit\u00e1vel, e come\u00e7a a partir de moq 20pcs, n\u00f3s oferecemos em primeira m\u00e3o ex-<em>f\u00e1brica<\/em>\u00a0pre\u00e7o, sem intermedi\u00e1rios!<\/p>\r\n<h4 style=\"text-align: center;\">\r\n\r\n<\/h4>\r\n<p><strong>4) Relat\u00f3rio de ensaio<\/strong>O material de a\u00e7o inoxid\u00e1vel -201 ou 304 passou no teste SGS.<\/p>\r\n<h4 style=\"text-align: center;\">\r\n\r\n<\/h4>\r\n<p><strong>5) Imagens do produto<\/strong>-Nunca se sinta desamparado em rela\u00e7\u00e3o ao marketing! Oferecemos-lhe fotografias se precisar.<\/p>\r\n<h4 style=\"text-align: center;\">\r\n\r\n<\/h4>\r\n<p><strong>6) V\u00eddeos de inspe\u00e7\u00e3o<\/strong>-Ap\u00f3s a conclus\u00e3o dos produtos, podemos enviar-lhe v\u00eddeos para uma melhor avalia\u00e7\u00e3o<\/p>\r\n<h4 style=\"text-align: center;\">\r\n\r\n<\/h4>\r\n<p><strong>7) Guia para comprar baldes de leite a\u00a0<em>China<\/em><\/strong>-Baseado no seu pedido, n\u00f3s podemos cotar o pre\u00e7o EXW, FOB, CIF ou DDP. Nossos agentes de transporte est\u00e3o oferecendo frete favor\u00e1vel, ajud\u00e1-lo a economizar mais!<\/p>\r\n<h4 style=\"text-align: center;\">\r\n\r\n<\/h4>\r\n<p>------------------------<\/p>\r\n<h4 style=\"text-align: center;\"><\/h4>\r\n<h3><span style=\"color: #ed1c24;\"><b>Envie-nos uma mensagem, vamos falar de pormenores.<\/b><\/span><\/h3>\r\n<p>&nbsp;<\/p>\r\n<h3><a href=\"https:\/\/youtu.be\/WgtWueHG8Ys\">V\u00eddeo do produto:<\/a><\/h3>\r\n<p><strong>\u00a0 \u00a0 \u00a0 \u00a0 \u00a0 \u00a0 \u00a0 \u00a0 \u00a0 \u00a0 \u00a0 \u00a0 \u00a0 \u00a0 \u00a0 \u00a0 \u00a0 \u00a0 \u00a0 \u00a0 \u00a0 \u00a0 \u00a0 \u00a0 \u00a0 \u00a0 \u00a0 \u00a0 \u00a0 \u00a0 \u00a0 \u00a0 \u00a0 \u00a0 \u00a0 \u00a0 \u00a0 \u00a0<\/strong><\/p>","protected":false},"excerpt":{"rendered":"<p><span style=\"color: #808080;\">F\u00e1brica OEM ODM 1GAL-60 gal\u00e3o homebrew Mash Tun. Trabalhamos com as melhores marcas a n\u00edvel mundial.<\/span> <strong><span style=\"color: #000080;\">Carater\u00edsticas:<\/span><\/strong><\/p>\n<ul>\n<li>A\u00e7o inoxid\u00e1vel genu\u00edno: material de qualidade alimentar anti-ferrugem e anti-corros\u00e3o<\/li>\n<li>Estrutura de isolamento: ideal para manter a temperatura<\/li>\n<li>Fechaduras: Opcional, fun\u00e7\u00e3o herm\u00e9tica<\/li>\n<li>F\u00e1cil de limpar: Limpar com detergente e secar com um pano.<\/li>\n<\/ul>\n<p>\u00a0 <strong>MOQ\uff1a20pcs por encomenda<\/strong> Gama de pre\u00e7os: <span style=\"color: #ff0000;\">15-85USD<\/span> (N\u00e3o hesite em pedir um or\u00e7amento pormenorizado)<\/p>","protected":false},"featured_media":2106,"template":"","meta":{"_seopress_robots_primary_cat":"none","_editorskit_title_hidden":false,"_editorskit_reading_time":0,"_editorskit_is_block_options_detached":false,"_editorskit_block_options_position":"{}","_editorskit_typography_data":[],"_editorskit_blocks_typography":""},"product_cat":[29],"product_tag":[104,103,31],"class_list":["post-2105","product","type-product","status-publish","has-post-thumbnail","hentry","product_cat-homebrew","product_tag-diy-homebrew","product_tag-home-brew-kit","product_tag-pilot-system"],"yoast_head":"<!-- This site is optimized with the Yoast SEO plugin v21.4 - https:\/\/yoast.com\/wordpress\/plugins\/seo\/ -->\n<title>Home brew stainless steel mash tun - Xiangsheng - China factory of stainless steel products<\/title>\n<meta name=\"description\" content=\"we are No. 1 manufacturer in homebrew filed - stainless steel mash tun. Our total solution is from design, engineering, manufacturing, launch and shipping one-step service.\" \/>\n<meta name=\"robots\" content=\"index, follow, max-snippet:-1, max-image-preview:large, max-video-preview:-1\" \/>\n<link rel=\"canonical\" href=\"https:\/\/jm-xiangsheng.com\/pt\/product\/homebrew\/home-brew-stainless-steel-mash-tun\/\" \/>\n<meta property=\"og:locale\" content=\"pt_PT\" \/>\n<meta property=\"og:type\" content=\"article\" \/>\n<meta property=\"og:title\" content=\"Home brew stainless steel mash tun - Xiangsheng - China factory of stainless steel products\" \/>\n<meta property=\"og:description\" content=\"we are No. 1 manufacturer in homebrew filed - stainless steel mash tun. Our total solution is from design, engineering, manufacturing, launch and shipping one-step service.\" \/>\n<meta property=\"og:url\" content=\"https:\/\/jm-xiangsheng.com\/pt\/product\/homebrew\/home-brew-stainless-steel-mash-tun\/\" \/>\n<meta property=\"og:site_name\" content=\"Xiangsheng - China factory of stainless steel products\" \/>\n<meta property=\"article:modified_time\" content=\"2025-03-27T06:42:26+00:00\" \/>\n<meta property=\"og:image\" content=\"http:\/\/jm-xiangsheng.com\/wp-content\/uploads\/2022\/06\/1-28.jpg\" \/>\n\t<meta property=\"og:image:width\" content=\"750\" \/>\n\t<meta property=\"og:image:height\" content=\"750\" \/>\n\t<meta property=\"og:image:type\" content=\"image\/jpeg\" \/>\n<meta name=\"twitter:card\" content=\"summary_large_image\" \/>\n<meta name=\"twitter:label1\" content=\"Tempo estimado de leitura\" \/>\n\t<meta name=\"twitter:data1\" content=\"2 minutos\" \/>\n<script type=\"application\/ld+json\" class=\"yoast-schema-graph\">{\"@context\":\"https:\/\/schema.org\",\"@graph\":[{\"@type\":\"WebPage\",\"@id\":\"https:\/\/jm-xiangsheng.com\/product\/homebrew\/home-brew-stainless-steel-mash-tun\/\",\"url\":\"https:\/\/jm-xiangsheng.com\/product\/homebrew\/home-brew-stainless-steel-mash-tun\/\",\"name\":\"Home brew stainless steel mash tun - Xiangsheng - China factory of stainless steel products\",\"isPartOf\":{\"@id\":\"https:\/\/jm-xiangsheng.com\/#website\"},\"datePublished\":\"2022-06-14T19:52:17+00:00\",\"dateModified\":\"2025-03-27T06:42:26+00:00\",\"description\":\"we are No. 1 manufacturer in homebrew filed - stainless steel mash tun. Our total solution is from design, engineering, manufacturing, launch and shipping one-step service.\",\"breadcrumb\":{\"@id\":\"https:\/\/jm-xiangsheng.com\/product\/homebrew\/home-brew-stainless-steel-mash-tun\/#breadcrumb\"},\"inLanguage\":\"pt-PT\",\"potentialAction\":[{\"@type\":\"ReadAction\",\"target\":[\"https:\/\/jm-xiangsheng.com\/product\/homebrew\/home-brew-stainless-steel-mash-tun\/\"]}]},{\"@type\":\"BreadcrumbList\",\"@id\":\"https:\/\/jm-xiangsheng.com\/product\/homebrew\/home-brew-stainless-steel-mash-tun\/#breadcrumb\",\"itemListElement\":[{\"@type\":\"ListItem\",\"position\":1,\"name\":\"Home\",\"item\":\"https:\/\/jm-xiangsheng.com\/\"},{\"@type\":\"ListItem\",\"position\":2,\"name\":\"Product\",\"item\":\"https:\/\/jm-xiangsheng.com\/products\/\"},{\"@type\":\"ListItem\",\"position\":3,\"name\":\"Homebrew\",\"item\":\"https:\/\/jm-xiangsheng.com\/product-category\/homebrew\/\"},{\"@type\":\"ListItem\",\"position\":4,\"name\":\"Home brew stainless steel mash tun\"}]},{\"@type\":\"WebSite\",\"@id\":\"https:\/\/jm-xiangsheng.com\/#website\",\"url\":\"https:\/\/jm-xiangsheng.com\/\",\"name\":\"Xiangsheng - China factory of stainless steel products\",\"description\":\"20 years factory\",\"publisher\":{\"@id\":\"https:\/\/jm-xiangsheng.com\/#organization\"},\"potentialAction\":[{\"@type\":\"SearchAction\",\"target\":{\"@type\":\"EntryPoint\",\"urlTemplate\":\"https:\/\/jm-xiangsheng.com\/?s={search_term_string}\"},\"query-input\":\"required name=search_term_string\"}],\"inLanguage\":\"pt-PT\"},{\"@type\":\"Organization\",\"@id\":\"https:\/\/jm-xiangsheng.com\/#organization\",\"name\":\"Xiangsheng - China factory of stainless steel products\",\"url\":\"https:\/\/jm-xiangsheng.com\/\",\"logo\":{\"@type\":\"ImageObject\",\"inLanguage\":\"pt-PT\",\"@id\":\"https:\/\/jm-xiangsheng.com\/#\/schema\/logo\/image\/\",\"url\":\"https:\/\/jm-xiangsheng.com\/wp-content\/uploads\/2024\/05\/cropped-\u672a\u6807\u9898-3-\u62f7\u8d1d.png\",\"contentUrl\":\"https:\/\/jm-xiangsheng.com\/wp-content\/uploads\/2024\/05\/cropped-\u672a\u6807\u9898-3-\u62f7\u8d1d.png\",\"width\":490,\"height\":140,\"caption\":\"Xiangsheng - China factory of stainless steel products\"},\"image\":{\"@id\":\"https:\/\/jm-xiangsheng.com\/#\/schema\/logo\/image\/\"}}]}<\/script>\n<!-- \/ Yoast SEO plugin. -->","yoast_head_json":{"title":"Home brew stainless steel mash tun - Xiangsheng - China factory of stainless steel products","description":"we are No. 1 manufacturer in homebrew filed - stainless steel mash tun. Our total solution is from design, engineering, manufacturing, launch and shipping one-step service.","robots":{"index":"index","follow":"follow","max-snippet":"max-snippet:-1","max-image-preview":"max-image-preview:large","max-video-preview":"max-video-preview:-1"},"canonical":"https:\/\/jm-xiangsheng.com\/pt\/product\/homebrew\/home-brew-stainless-steel-mash-tun\/","og_locale":"pt_PT","og_type":"article","og_title":"Home brew stainless steel mash tun - Xiangsheng - China factory of stainless steel products","og_description":"we are No. 1 manufacturer in homebrew filed - stainless steel mash tun. Our total solution is from design, engineering, manufacturing, launch and shipping one-step service.","og_url":"https:\/\/jm-xiangsheng.com\/pt\/product\/homebrew\/home-brew-stainless-steel-mash-tun\/","og_site_name":"Xiangsheng - China factory of stainless steel products","article_modified_time":"2025-03-27T06:42:26+00:00","og_image":[{"width":750,"height":750,"url":"http:\/\/jm-xiangsheng.com\/wp-content\/uploads\/2022\/06\/1-28.jpg","type":"image\/jpeg"}],"twitter_card":"summary_large_image","twitter_misc":{"Tempo estimado de leitura":"2 minutos"},"schema":{"@context":"https:\/\/schema.org","@graph":[{"@type":"WebPage","@id":"https:\/\/jm-xiangsheng.com\/product\/homebrew\/home-brew-stainless-steel-mash-tun\/","url":"https:\/\/jm-xiangsheng.com\/product\/homebrew\/home-brew-stainless-steel-mash-tun\/","name":"Home brew stainless steel mash tun - Xiangsheng - China factory of stainless steel products","isPartOf":{"@id":"https:\/\/jm-xiangsheng.com\/#website"},"datePublished":"2022-06-14T19:52:17+00:00","dateModified":"2025-03-27T06:42:26+00:00","description":"we are No. 1 manufacturer in homebrew filed - stainless steel mash tun. Our total solution is from design, engineering, manufacturing, launch and shipping one-step service.","breadcrumb":{"@id":"https:\/\/jm-xiangsheng.com\/product\/homebrew\/home-brew-stainless-steel-mash-tun\/#breadcrumb"},"inLanguage":"pt-PT","potentialAction":[{"@type":"ReadAction","target":["https:\/\/jm-xiangsheng.com\/product\/homebrew\/home-brew-stainless-steel-mash-tun\/"]}]},{"@type":"BreadcrumbList","@id":"https:\/\/jm-xiangsheng.com\/product\/homebrew\/home-brew-stainless-steel-mash-tun\/#breadcrumb","itemListElement":[{"@type":"ListItem","position":1,"name":"Home","item":"https:\/\/jm-xiangsheng.com\/"},{"@type":"ListItem","position":2,"name":"Product","item":"https:\/\/jm-xiangsheng.com\/products\/"},{"@type":"ListItem","position":3,"name":"Homebrew","item":"https:\/\/jm-xiangsheng.com\/product-category\/homebrew\/"},{"@type":"ListItem","position":4,"name":"Home brew stainless steel mash tun"}]},{"@type":"WebSite","@id":"https:\/\/jm-xiangsheng.com\/#website","url":"https:\/\/jm-xiangsheng.com\/","name":"Xiangsheng - China factory of stainless steel products","description":"20 years factory","publisher":{"@id":"https:\/\/jm-xiangsheng.com\/#organization"},"potentialAction":[{"@type":"SearchAction","target":{"@type":"EntryPoint","urlTemplate":"https:\/\/jm-xiangsheng.com\/?s={search_term_string}"},"query-input":"required name=search_term_string"}],"inLanguage":"pt-PT"},{"@type":"Organization","@id":"https:\/\/jm-xiangsheng.com\/#organization","name":"Xiangsheng - China factory of stainless steel products","url":"https:\/\/jm-xiangsheng.com\/","logo":{"@type":"ImageObject","inLanguage":"pt-PT","@id":"https:\/\/jm-xiangsheng.com\/#\/schema\/logo\/image\/","url":"https:\/\/jm-xiangsheng.com\/wp-content\/uploads\/2024\/05\/cropped-\u672a\u6807\u9898-3-\u62f7\u8d1d.png","contentUrl":"https:\/\/jm-xiangsheng.com\/wp-content\/uploads\/2024\/05\/cropped-\u672a\u6807\u9898-3-\u62f7\u8d1d.png","width":490,"height":140,"caption":"Xiangsheng - China factory of stainless steel products"},"image":{"@id":"https:\/\/jm-xiangsheng.com\/#\/schema\/logo\/image\/"}}]}},"_links":{"self":[{"href":"https:\/\/jm-xiangsheng.com\/pt\/wp-json\/wp\/v2\/product\/2105","targetHints":{"allow":["GET"]}}],"collection":[{"href":"https:\/\/jm-xiangsheng.com\/pt\/wp-json\/wp\/v2\/product"}],"about":[{"href":"https:\/\/jm-xiangsheng.com\/pt\/wp-json\/wp\/v2\/types\/product"}],"wp:featuredmedia":[{"embeddable":true,"href":"https:\/\/jm-xiangsheng.com\/pt\/wp-json\/wp\/v2\/media\/2106"}],"wp:attachment":[{"href":"https:\/\/jm-xiangsheng.com\/pt\/wp-json\/wp\/v2\/media?parent=2105"}],"wp:term":[{"taxonomy":"product_cat","embeddable":true,"href":"https:\/\/jm-xiangsheng.com\/pt\/wp-json\/wp\/v2\/product_cat?post=2105"},{"taxonomy":"product_tag","embeddable":true,"href":"https:\/\/jm-xiangsheng.com\/pt\/wp-json\/wp\/v2\/product_tag?post=2105"}],"curies":[{"name":"wp","href":"https:\/\/api.w.org\/{rel}","templated":true}]}}