{"id":15558,"date":"2025-09-30T16:07:50","date_gmt":"2025-09-30T08:07:50","guid":{"rendered":"https:\/\/jm-xiangsheng.com\/?post_type=product&#038;p=15558"},"modified":"2025-09-30T16:07:51","modified_gmt":"2025-09-30T08:07:51","slug":"stainless-steel-coffee-knock-box-for-coffee-espresso-ground","status":"publish","type":"product","link":"https:\/\/jm-xiangsheng.com\/pt\/produto\/commercial-kitchenware\/kitchen-tools\/stainless-steel-coffee-knock-box-for-coffee-espresso-ground\/","title":{"rendered":"Caixa de caf\u00e9 em a\u00e7o inoxid\u00e1vel para caf\u00e9 expresso mo\u00eddo"},"content":{"rendered":"<p>Caro cliente, produzimos caixas de caf\u00e9 em a\u00e7o inoxid\u00e1vel de tamanhos padr\u00e3o a tamanhos personalizados, de pequenos a gigantes.  Moldes de tamanhos padr\u00e3o e muitos moldes exclusivos. Tamb\u00e9m podemos personalizar para si!!!<\/p>\r\n<p><span style=\"color: #ed1c24;\"><b>Envie-nos uma mensagem, vamos falar de pormenores.<\/b><\/span> \u00a0<\/p>\r\n<p data-spm-anchor-id=\"a2700.details.0.i29.707433a3mQsrjc\"><strong>Material:<\/strong> 201 inoxid\u00e1vel com superf\u00edcie galvanizada<\/p>\r\n<p data-spm-anchor-id=\"a2700.details.0.i30.707433a3mQsrjc\"><strong>Tamanhos da panela e da tampa:<\/strong> 1\/6<\/p>\r\n<p>&nbsp;<\/p>\r\n<h4 style=\"text-align: center;\"><\/h4>\r\n<p>---------------------------------------------<\/p>\r\n<h4 style=\"text-align: center;\">\r\n\r\n<h2 class=\"wp-block-heading has-ek-typography\" style=\"\"><strong><a class=\"ek-link\" href=\"https:\/\/jm-xiangsheng.com\/pt\/about-xiangsheng\/\">Xiangsheng\u00a0<em>F\u00e1brica<\/em><\/a><\/strong><\/h2>\r\n\r\n<\/h4>\r\n<p>Xiangsheng \u00e9 uma f\u00e1brica estabelecida em<strong> 2005<\/strong> com uma vasta experi\u00eancia,<strong> produzindo caixa de caf\u00e9 em a\u00e7o inoxid\u00e1vel<\/strong>\u00a0com sede em\u00a0<em>China<\/em>. Abaixo est\u00e3o os nossos 7 valores principais. Se estiver interessado em importar stock pot, sinta-se \u00e0 vontade para\u00a0<strong>CONTACTO<\/strong>\u00a0n\u00f3s.<\/p>\r\n<h4 style=\"text-align: center;\">\r\n\r\n<div class=\"wp-block-spacer has-ek-typography\" aria-hidden=\"true\" style=\"\">\u00a0<\/div>\r\n\r\n<\/h4>\r\n<p><strong>1) Engenheiro Assist\u00eancia t\u00e9cnica<\/strong>-tipos de materiais, estilos, desenhos.<\/p>\r\n<h4 style=\"text-align: center;\">\r\n\r\n<\/h4>\r\n<p><strong>2) Amostra dispon\u00edvel, pre\u00e7o competitivo por atacado<\/strong>- a amostra \u00e9 aceit\u00e1vel, e come\u00e7a a partir de moq 20pcs, n\u00f3s oferecemos em primeira m\u00e3o ex-<em>f\u00e1brica<\/em>\u00a0pre\u00e7o, sem intermedi\u00e1rios!<\/p>\r\n<h4 style=\"text-align: center;\">\r\n\r\n<\/h4>\r\n<p><strong>4) Relat\u00f3rio de ensaio<\/strong>O material de a\u00e7o inoxid\u00e1vel -201 ou 304 passou no teste SGS.<\/p>\r\n<h4 style=\"text-align: center;\">\r\n\r\n<\/h4>\r\n<p><strong>5) Imagens do produto<\/strong>-Nunca se sinta desamparado em rela\u00e7\u00e3o ao marketing! Oferecemos-lhe fotografias se precisar.<\/p>\r\n<h4 style=\"text-align: center;\">\r\n\r\n<\/h4>\r\n<p><strong>6) V\u00eddeos de inspe\u00e7\u00e3o<\/strong>-Ap\u00f3s a conclus\u00e3o dos produtos, podemos enviar-lhe v\u00eddeos para uma melhor avalia\u00e7\u00e3o<\/p>\r\n<h4 style=\"text-align: center;\">\r\n\r\n<\/h4>\r\n<p><strong>7) Guia para comprar baldes de leite a\u00a0<em>China<\/em><\/strong>-Baseado no seu pedido, n\u00f3s podemos cotar o pre\u00e7o EXW, FOB, CIF ou DDP. Nossos agentes de transporte est\u00e3o oferecendo frete favor\u00e1vel, ajud\u00e1-lo a economizar mais!<\/p>\r\n<h4 style=\"text-align: center;\">\r\n\r\n<\/h4>\r\n<p>------------------------<\/p>\r\n<h4 style=\"text-align: center;\"><\/h4>\r\n<h3><span style=\"color: #ed1c24;\"><b>Envie-nos uma mensagem, vamos falar de pormenores.<\/b><\/span><\/h3>\r\n<p>&nbsp;<\/p>\r\n<h3><a href=\"https:\/\/www.youtube.com\/watch?v=KHLxhpp0pVw\">V\u00eddeo do produto:<\/a><\/h3>","protected":false},"excerpt":{"rendered":"<p>O nosso rolo de manteiga de a\u00e7o inoxid\u00e1vel \u00e9 feito de a\u00e7o inoxid\u00e1vel espesso e de alta qualidade, constru\u00eddo para durar. Pode ser utilizado para cozinhar, armazenar, manter os alimentos quentes\/frios e servir.<\/p>\n<p><strong>Carater\u00edsticas:<\/strong><\/p>\n<ul>\n<li>Estilos americanos: de conce\u00e7\u00e3o simples, n\u00e3o t\u00eam refor\u00e7os e s\u00e3o mais f\u00e1ceis de limpar.<\/li>\n<li>Amplamente utilizado em v\u00e1rias aplica\u00e7\u00f5es: como em casa, cozinha comercial, eventos, gelataria, etc.<\/li>\n<li>F\u00e1cil de guardar: o mesmo tamanho pode ser empilhado em conjunto, permitindo poupar espa\u00e7o quando n\u00e3o est\u00e1 a ser utilizado.<\/li>\n<li>F\u00e1cil de limpar: Limpar com detergente e secar com um pano.<\/li>\n<\/ul>\n<p>\u00a0 <strong>\u00a0MOQ: 100pcs por encomenda (aceita artigos mistos)<\/strong> \u00a0<\/p>","protected":false},"featured_media":15559,"template":"","meta":{"_seopress_robots_primary_cat":"none","_editorskit_title_hidden":false,"_editorskit_reading_time":0,"_editorskit_is_block_options_detached":false,"_editorskit_block_options_position":"{}","_editorskit_typography_data":[],"_editorskit_blocks_typography":""},"product_cat":[161],"product_tag":[156],"class_list":["post-15558","product","type-product","status-publish","has-post-thumbnail","hentry","product_cat-kitchen-tools","product_tag-us-gn-pan"],"yoast_head":"<!-- This site is optimized with the Yoast SEO plugin v21.4 - https:\/\/yoast.com\/wordpress\/plugins\/seo\/ -->\n<title>Stainless Steel Coffee Knock Box<\/title>\n<meta name=\"description\" content=\"we produce Stainless Steel Coffee Knock Box from standard to custom sizes, from tiny to giant.\u00a0 Standard sizes molds and many exclusive molds.\" \/>\n<meta name=\"robots\" content=\"index, follow, max-snippet:-1, max-image-preview:large, max-video-preview:-1\" \/>\n<link rel=\"canonical\" href=\"https:\/\/jm-xiangsheng.com\/pt\/product\/commercial-kitchenware\/kitchen-tools\/stainless-steel-coffee-knock-box-for-coffee-espresso-ground\/\" \/>\n<meta property=\"og:locale\" content=\"pt_PT\" \/>\n<meta property=\"og:type\" content=\"article\" \/>\n<meta property=\"og:title\" content=\"Stainless Steel Coffee Knock Box\" \/>\n<meta property=\"og:description\" content=\"we produce Stainless Steel Coffee Knock Box from standard to custom sizes, from tiny to giant.\u00a0 Standard sizes molds and many exclusive molds.\" \/>\n<meta property=\"og:url\" content=\"https:\/\/jm-xiangsheng.com\/pt\/product\/commercial-kitchenware\/kitchen-tools\/stainless-steel-coffee-knock-box-for-coffee-espresso-ground\/\" \/>\n<meta property=\"og:site_name\" content=\"Xiangsheng - China factory of stainless steel products\" \/>\n<meta property=\"article:modified_time\" content=\"2025-09-30T08:07:51+00:00\" \/>\n<meta property=\"og:image\" content=\"http:\/\/jm-xiangsheng.com\/wp-content\/uploads\/2025\/09\/logo-2.jpg\" \/>\n\t<meta property=\"og:image:width\" content=\"1000\" \/>\n\t<meta property=\"og:image:height\" content=\"1000\" \/>\n\t<meta property=\"og:image:type\" content=\"image\/jpeg\" \/>\n<meta name=\"twitter:card\" content=\"summary_large_image\" \/>\n<meta name=\"twitter:label1\" content=\"Tempo estimado de leitura\" \/>\n\t<meta name=\"twitter:data1\" content=\"1 minuto\" \/>\n<script type=\"application\/ld+json\" class=\"yoast-schema-graph\">{\"@context\":\"https:\/\/schema.org\",\"@graph\":[{\"@type\":\"WebPage\",\"@id\":\"https:\/\/jm-xiangsheng.com\/product\/commercial-kitchenware\/kitchen-tools\/stainless-steel-coffee-knock-box-for-coffee-espresso-ground\/\",\"url\":\"https:\/\/jm-xiangsheng.com\/product\/commercial-kitchenware\/kitchen-tools\/stainless-steel-coffee-knock-box-for-coffee-espresso-ground\/\",\"name\":\"Stainless Steel Coffee Knock Box\",\"isPartOf\":{\"@id\":\"https:\/\/jm-xiangsheng.com\/#website\"},\"datePublished\":\"2025-09-30T08:07:50+00:00\",\"dateModified\":\"2025-09-30T08:07:51+00:00\",\"description\":\"we produce Stainless Steel Coffee Knock Box from standard to custom sizes, from tiny to giant.\u00a0 Standard sizes molds and many exclusive molds.\",\"breadcrumb\":{\"@id\":\"https:\/\/jm-xiangsheng.com\/product\/commercial-kitchenware\/kitchen-tools\/stainless-steel-coffee-knock-box-for-coffee-espresso-ground\/#breadcrumb\"},\"inLanguage\":\"pt-PT\",\"potentialAction\":[{\"@type\":\"ReadAction\",\"target\":[\"https:\/\/jm-xiangsheng.com\/product\/commercial-kitchenware\/kitchen-tools\/stainless-steel-coffee-knock-box-for-coffee-espresso-ground\/\"]}]},{\"@type\":\"BreadcrumbList\",\"@id\":\"https:\/\/jm-xiangsheng.com\/product\/commercial-kitchenware\/kitchen-tools\/stainless-steel-coffee-knock-box-for-coffee-espresso-ground\/#breadcrumb\",\"itemListElement\":[{\"@type\":\"ListItem\",\"position\":1,\"name\":\"Home\",\"item\":\"https:\/\/jm-xiangsheng.com\/\"},{\"@type\":\"ListItem\",\"position\":2,\"name\":\"Product\",\"item\":\"https:\/\/jm-xiangsheng.com\/products\/\"},{\"@type\":\"ListItem\",\"position\":3,\"name\":\"Commercial kitchenware\",\"item\":\"https:\/\/jm-xiangsheng.com\/product-category\/commercial-kitchenware\/\"},{\"@type\":\"ListItem\",\"position\":4,\"name\":\"Kitchen tools\",\"item\":\"https:\/\/jm-xiangsheng.com\/product-category\/commercial-kitchenware\/kitchen-tools\/\"},{\"@type\":\"ListItem\",\"position\":5,\"name\":\"Stainless Steel Coffee Knock Box for Coffee Espresso Ground\"}]},{\"@type\":\"WebSite\",\"@id\":\"https:\/\/jm-xiangsheng.com\/#website\",\"url\":\"https:\/\/jm-xiangsheng.com\/\",\"name\":\"Xiangsheng - China factory of stainless steel products\",\"description\":\"20 years factory\",\"publisher\":{\"@id\":\"https:\/\/jm-xiangsheng.com\/#organization\"},\"potentialAction\":[{\"@type\":\"SearchAction\",\"target\":{\"@type\":\"EntryPoint\",\"urlTemplate\":\"https:\/\/jm-xiangsheng.com\/?s={search_term_string}\"},\"query-input\":\"required name=search_term_string\"}],\"inLanguage\":\"pt-PT\"},{\"@type\":\"Organization\",\"@id\":\"https:\/\/jm-xiangsheng.com\/#organization\",\"name\":\"Xiangsheng - China factory of stainless steel products\",\"url\":\"https:\/\/jm-xiangsheng.com\/\",\"logo\":{\"@type\":\"ImageObject\",\"inLanguage\":\"pt-PT\",\"@id\":\"https:\/\/jm-xiangsheng.com\/#\/schema\/logo\/image\/\",\"url\":\"https:\/\/jm-xiangsheng.com\/wp-content\/uploads\/2024\/05\/cropped-\u672a\u6807\u9898-3-\u62f7\u8d1d.png\",\"contentUrl\":\"https:\/\/jm-xiangsheng.com\/wp-content\/uploads\/2024\/05\/cropped-\u672a\u6807\u9898-3-\u62f7\u8d1d.png\",\"width\":490,\"height\":140,\"caption\":\"Xiangsheng - China factory of stainless steel products\"},\"image\":{\"@id\":\"https:\/\/jm-xiangsheng.com\/#\/schema\/logo\/image\/\"}}]}<\/script>\n<!-- \/ Yoast SEO plugin. -->","yoast_head_json":{"title":"Stainless Steel Coffee Knock Box","description":"we produce Stainless Steel Coffee Knock Box from standard to custom sizes, from tiny to giant.\u00a0 Standard sizes molds and many exclusive molds.","robots":{"index":"index","follow":"follow","max-snippet":"max-snippet:-1","max-image-preview":"max-image-preview:large","max-video-preview":"max-video-preview:-1"},"canonical":"https:\/\/jm-xiangsheng.com\/pt\/product\/commercial-kitchenware\/kitchen-tools\/stainless-steel-coffee-knock-box-for-coffee-espresso-ground\/","og_locale":"pt_PT","og_type":"article","og_title":"Stainless Steel Coffee Knock Box","og_description":"we produce Stainless Steel Coffee Knock Box from standard to custom sizes, from tiny to giant.\u00a0 Standard sizes molds and many exclusive molds.","og_url":"https:\/\/jm-xiangsheng.com\/pt\/product\/commercial-kitchenware\/kitchen-tools\/stainless-steel-coffee-knock-box-for-coffee-espresso-ground\/","og_site_name":"Xiangsheng - China factory of stainless steel products","article_modified_time":"2025-09-30T08:07:51+00:00","og_image":[{"width":1000,"height":1000,"url":"http:\/\/jm-xiangsheng.com\/wp-content\/uploads\/2025\/09\/logo-2.jpg","type":"image\/jpeg"}],"twitter_card":"summary_large_image","twitter_misc":{"Tempo estimado de leitura":"1 minuto"},"schema":{"@context":"https:\/\/schema.org","@graph":[{"@type":"WebPage","@id":"https:\/\/jm-xiangsheng.com\/product\/commercial-kitchenware\/kitchen-tools\/stainless-steel-coffee-knock-box-for-coffee-espresso-ground\/","url":"https:\/\/jm-xiangsheng.com\/product\/commercial-kitchenware\/kitchen-tools\/stainless-steel-coffee-knock-box-for-coffee-espresso-ground\/","name":"Stainless Steel Coffee Knock Box","isPartOf":{"@id":"https:\/\/jm-xiangsheng.com\/#website"},"datePublished":"2025-09-30T08:07:50+00:00","dateModified":"2025-09-30T08:07:51+00:00","description":"we produce Stainless Steel Coffee Knock Box from standard to custom sizes, from tiny to giant.\u00a0 Standard sizes molds and many exclusive molds.","breadcrumb":{"@id":"https:\/\/jm-xiangsheng.com\/product\/commercial-kitchenware\/kitchen-tools\/stainless-steel-coffee-knock-box-for-coffee-espresso-ground\/#breadcrumb"},"inLanguage":"pt-PT","potentialAction":[{"@type":"ReadAction","target":["https:\/\/jm-xiangsheng.com\/product\/commercial-kitchenware\/kitchen-tools\/stainless-steel-coffee-knock-box-for-coffee-espresso-ground\/"]}]},{"@type":"BreadcrumbList","@id":"https:\/\/jm-xiangsheng.com\/product\/commercial-kitchenware\/kitchen-tools\/stainless-steel-coffee-knock-box-for-coffee-espresso-ground\/#breadcrumb","itemListElement":[{"@type":"ListItem","position":1,"name":"Home","item":"https:\/\/jm-xiangsheng.com\/"},{"@type":"ListItem","position":2,"name":"Product","item":"https:\/\/jm-xiangsheng.com\/products\/"},{"@type":"ListItem","position":3,"name":"Commercial kitchenware","item":"https:\/\/jm-xiangsheng.com\/product-category\/commercial-kitchenware\/"},{"@type":"ListItem","position":4,"name":"Kitchen tools","item":"https:\/\/jm-xiangsheng.com\/product-category\/commercial-kitchenware\/kitchen-tools\/"},{"@type":"ListItem","position":5,"name":"Stainless Steel Coffee Knock Box for Coffee Espresso Ground"}]},{"@type":"WebSite","@id":"https:\/\/jm-xiangsheng.com\/#website","url":"https:\/\/jm-xiangsheng.com\/","name":"Xiangsheng - China factory of stainless steel products","description":"20 years factory","publisher":{"@id":"https:\/\/jm-xiangsheng.com\/#organization"},"potentialAction":[{"@type":"SearchAction","target":{"@type":"EntryPoint","urlTemplate":"https:\/\/jm-xiangsheng.com\/?s={search_term_string}"},"query-input":"required name=search_term_string"}],"inLanguage":"pt-PT"},{"@type":"Organization","@id":"https:\/\/jm-xiangsheng.com\/#organization","name":"Xiangsheng - China factory of stainless steel products","url":"https:\/\/jm-xiangsheng.com\/","logo":{"@type":"ImageObject","inLanguage":"pt-PT","@id":"https:\/\/jm-xiangsheng.com\/#\/schema\/logo\/image\/","url":"https:\/\/jm-xiangsheng.com\/wp-content\/uploads\/2024\/05\/cropped-\u672a\u6807\u9898-3-\u62f7\u8d1d.png","contentUrl":"https:\/\/jm-xiangsheng.com\/wp-content\/uploads\/2024\/05\/cropped-\u672a\u6807\u9898-3-\u62f7\u8d1d.png","width":490,"height":140,"caption":"Xiangsheng - China factory of stainless steel products"},"image":{"@id":"https:\/\/jm-xiangsheng.com\/#\/schema\/logo\/image\/"}}]}},"_links":{"self":[{"href":"https:\/\/jm-xiangsheng.com\/pt\/wp-json\/wp\/v2\/product\/15558","targetHints":{"allow":["GET"]}}],"collection":[{"href":"https:\/\/jm-xiangsheng.com\/pt\/wp-json\/wp\/v2\/product"}],"about":[{"href":"https:\/\/jm-xiangsheng.com\/pt\/wp-json\/wp\/v2\/types\/product"}],"wp:featuredmedia":[{"embeddable":true,"href":"https:\/\/jm-xiangsheng.com\/pt\/wp-json\/wp\/v2\/media\/15559"}],"wp:attachment":[{"href":"https:\/\/jm-xiangsheng.com\/pt\/wp-json\/wp\/v2\/media?parent=15558"}],"wp:term":[{"taxonomy":"product_cat","embeddable":true,"href":"https:\/\/jm-xiangsheng.com\/pt\/wp-json\/wp\/v2\/product_cat?post=15558"},{"taxonomy":"product_tag","embeddable":true,"href":"https:\/\/jm-xiangsheng.com\/pt\/wp-json\/wp\/v2\/product_tag?post=15558"}],"curies":[{"name":"wp","href":"https:\/\/api.w.org\/{rel}","templated":true}]}}