{"id":14215,"date":"2024-05-21T16:48:37","date_gmt":"2024-05-21T08:48:37","guid":{"rendered":"https:\/\/jm-xiangsheng.com\/?post_type=product&#038;p=14215"},"modified":"2025-03-27T09:39:59","modified_gmt":"2025-03-27T01:39:59","slug":"6l-9l-hydraulic-square-chafing-dish-322-323","status":"publish","type":"product","link":"https:\/\/jm-xiangsheng.com\/pt\/produto\/commercial-kitchenware\/chafing-dish\/6l-9l-hydraulic-square-chafing-dish-322-323\/","title":{"rendered":"Conjunto de pratos de assar quadrados hidr\u00e1ulicos 6L, 9L 322#, 323#"},"content":{"rendered":"Caro cliente, produzimos pratos quentes quadrados de tamanhos padr\u00e3o a personalizados, de pequenos a grandes.  Moldes de tamanhos padr\u00e3o e muitos moldes exclusivos. Tamb\u00e9m podemos personalizar para si!!!\r\n\r\n<span style=\"color: #ed1c24;\"><b>Envie-nos uma mensagem, vamos falar de pormenores.<\/b><\/span>\r\n\r\n&nbsp;\r\n<h4><strong>UM CONJUNTO INCLUI<\/strong><\/h4>\r\n<ul>\r\n \t<li>Moldura (1,5 mm de espessura) com tampa (0,65 mm de espessura)<\/li>\r\n \t<li>1x tabuleiro para alimentos (0,5 mm de espessura)<\/li>\r\n \t<li>1x recipiente para \u00e1gua (0,5 mm de espessura)<\/li>\r\n \t<li>\u00a0Lata de combust\u00edvel (0,5 mm de espessura)<\/li>\r\n<\/ul>\r\n<h4><strong>PESO<\/strong><\/h4>\r\n<ul>\r\n \t<li>322#\uff1aNW:5.2KGS; GW:6.5KGS<\/li>\r\n \t<li>323#\uff1aNW:6.4KGS; GW:7.5KGS<\/li>\r\n<\/ul>\r\n&nbsp;\r\n\r\n---------------------------------------------\r\n<h4 style=\"text-align: center;\"><!-- \/wp:post-content --><!-- wp:heading {\"editorskit_typography\":{\"family\":\"\",\"name\":\"\",\"weight\":\"\"}} --><\/h4>\r\n<h2 class=\"wp-block-heading\"><strong><a class=\"ek-link\" href=\"https:\/\/jm-xiangsheng.com\/pt\/about-xiangsheng\/\">Xiangsheng\u00a0<em>F\u00e1brica<\/em><\/a><\/strong><\/h2>\r\n<h4 style=\"text-align: center;\"><!-- \/wp:heading --><!-- wp:paragraph --><\/h4>\r\nXiangsheng \u00e9 um l\u00edder\u00a0<strong>20 anos <em>f\u00e1brica<\/em> produ\u00e7\u00e3o de Chafing dish em a\u00e7o inoxid\u00e1vel <\/strong>com sede em\u00a0<em>China<\/em>. Abaixo est\u00e3o os nossos 7 valores principais. Se estiver interessado em importar stock pot, sinta-se \u00e0 vontade para\u00a0<strong>CONTACTO<\/strong>\u00a0n\u00f3s.\r\n<h4 style=\"text-align: center;\"><!-- \/wp:paragraph --><!-- wp:spacer {\"height\":\"41px\",\"editorskit_typography\":{\"family\":\"\",\"name\":\"\",\"weight\":\"\"}} --><\/h4>\r\n<div class=\"wp-block-spacer\" aria-hidden=\"true\"><\/div>\r\n<h4 style=\"text-align: center;\"><!-- \/wp:spacer --><!-- wp:paragraph --><\/h4>\r\n<strong>1) Engenheiro Assist\u00eancia t\u00e9cnica<\/strong>-tipos de materiais, estilos, desenhos.\r\n<h4 style=\"text-align: center;\"><!-- \/wp:paragraph --><!-- wp:paragraph --><\/h4>\r\n<strong>2) Amostra dispon\u00edvel, pre\u00e7o competitivo por atacado<\/strong>- a amostra \u00e9 aceit\u00e1vel, e come\u00e7a a partir de moq 20pcs, n\u00f3s oferecemos em primeira m\u00e3o ex-<em>f\u00e1brica<\/em>\u00a0pre\u00e7o, sem intermedi\u00e1rios!\r\n<h4 style=\"text-align: center;\"><!-- \/wp:paragraph --><!-- wp:paragraph --><\/h4>\r\n<strong>4) Relat\u00f3rio de ensaio<\/strong>O material de a\u00e7o inoxid\u00e1vel -201 ou 304 passou no teste SGS.\r\n<h4 style=\"text-align: center;\"><!-- \/wp:paragraph --><!-- wp:paragraph --><\/h4>\r\n<strong>5) Imagens do produto<\/strong>-Nunca se sinta desamparado em rela\u00e7\u00e3o ao marketing! Oferecemos-lhe fotografias se precisar.\r\n<h4 style=\"text-align: center;\"><!-- \/wp:paragraph --><!-- wp:paragraph --><\/h4>\r\n<strong>6) V\u00eddeos de inspe\u00e7\u00e3o<\/strong>-Ap\u00f3s a conclus\u00e3o dos produtos, podemos enviar-lhe v\u00eddeos para uma melhor avalia\u00e7\u00e3o\r\n<h4 style=\"text-align: center;\"><!-- \/wp:paragraph --><!-- wp:paragraph --><\/h4>\r\n<strong>7) Guia para comprar baldes de leite a\u00a0<em>China<\/em><\/strong>-Baseado no seu pedido, n\u00f3s podemos cotar o pre\u00e7o EXW, FOB, CIF ou DDP. Nossos agentes de transporte est\u00e3o oferecendo frete favor\u00e1vel, ajud\u00e1-lo a economizar mais!\r\n<h4 style=\"text-align: center;\"><!-- \/wp:paragraph --><!-- wp:paragraph --><\/h4>\r\n------------------------\r\n<h4 style=\"text-align: center;\"><!-- \/wp:paragraph --><\/h4>\r\n<h3><span style=\"color: #ed1c24;\"><b>Envie-nos uma mensagem, vamos falar de pormenores.<\/b><\/span><\/h3>\r\n&nbsp;\r\n<h2 data-line-height=\"xs\"><a href=\"https:\/\/youtu.be\/oR6oSHrBDyA\">V\u00eddeo (Chafing Dish):<\/a><\/h2>\r\n<h4 style=\"text-align: center;\"><\/h4>","protected":false},"excerpt":{"rendered":"<p><span style=\"color: #808080;\">Este prato para assar tem um design hidr\u00e1ulico. Pode ser utilizado para servir os convidados e manter os alimentos frescos e deliciosos. Pergunte-nos livremente e oferecer-lhe-emos o nosso melhor pre\u00e7o.<\/span><\/p>\n<p><span style=\"color: #333399;\"><strong>Carater\u00edsticas:<\/strong><\/span><\/p>\n<ul>\n<li>Estilos hidr\u00e1ulicos: alta tecnologia e topo de gama<\/li>\n<li>Muito utilizado em v\u00e1rias aplica\u00e7\u00f5es: casamentos, banquetes, piqueniques, anivers\u00e1rios, festas, etc.<\/li>\n<li>F\u00e1cil de operar e utilizar: montagem de todas as pe\u00e7as em 3 minutos.<\/li>\n<li>F\u00e1cil de limpar: Limpar com detergente e secar com um pano.<\/li>\n<\/ul>\n<p>&nbsp;<\/p>\n<p><strong>MOQ: 10pcs por encomenda (aceita artigos mistos)<\/strong><\/p>\n<p><strong>EX Pre\u00e7o de f\u00e1brica: cerca de <span style=\"color: #ff0000;\">36-46USD (1 conjunto)<\/span><\/strong><\/p>","protected":false},"featured_media":5834,"template":"","meta":{"_seopress_robots_primary_cat":"none","_editorskit_title_hidden":false,"_editorskit_reading_time":0,"_editorskit_is_block_options_detached":false,"_editorskit_block_options_position":"{}","_editorskit_typography_data":[],"_editorskit_blocks_typography":""},"product_cat":[48],"product_tag":[123],"class_list":["post-14215","product","type-product","status-publish","has-post-thumbnail","hentry","product_cat-chafing-dish","product_tag-hydraulic-chafing-dish"],"yoast_head":"<!-- This site is optimized with the Yoast SEO plugin v21.4 - https:\/\/yoast.com\/wordpress\/plugins\/seo\/ -->\n<title>Square Chafing Dishes<\/title>\n<meta name=\"description\" content=\"We produce Square Chafing Dishes from standard to custom sizes, from tiny to giant.\u00a0 Standard sizes molds and many exclusive molds.\" \/>\n<meta name=\"robots\" content=\"index, follow, max-snippet:-1, max-image-preview:large, max-video-preview:-1\" \/>\n<link rel=\"canonical\" href=\"https:\/\/jm-xiangsheng.com\/pt\/product\/commercial-kitchenware\/chafing-dish\/6l-9l-hydraulic-square-chafing-dish-322-323\/\" \/>\n<meta property=\"og:locale\" content=\"pt_PT\" \/>\n<meta property=\"og:type\" content=\"article\" \/>\n<meta property=\"og:title\" content=\"Square Chafing Dishes\" \/>\n<meta property=\"og:description\" content=\"We produce Square Chafing Dishes from standard to custom sizes, from tiny to giant.\u00a0 Standard sizes molds and many exclusive molds.\" \/>\n<meta property=\"og:url\" content=\"https:\/\/jm-xiangsheng.com\/pt\/product\/commercial-kitchenware\/chafing-dish\/6l-9l-hydraulic-square-chafing-dish-322-323\/\" \/>\n<meta property=\"og:site_name\" content=\"Xiangsheng - China factory of stainless steel products\" \/>\n<meta property=\"article:modified_time\" content=\"2025-03-27T01:39:59+00:00\" \/>\n<meta property=\"og:image\" content=\"http:\/\/jm-xiangsheng.com\/wp-content\/uploads\/2022\/08\/8.jpg\" \/>\n\t<meta property=\"og:image:width\" content=\"750\" \/>\n\t<meta property=\"og:image:height\" content=\"750\" \/>\n\t<meta property=\"og:image:type\" content=\"image\/jpeg\" \/>\n<meta name=\"twitter:card\" content=\"summary_large_image\" \/>\n<meta name=\"twitter:label1\" content=\"Tempo estimado de leitura\" \/>\n\t<meta name=\"twitter:data1\" content=\"1 minuto\" \/>\n<script type=\"application\/ld+json\" class=\"yoast-schema-graph\">{\"@context\":\"https:\/\/schema.org\",\"@graph\":[{\"@type\":\"WebPage\",\"@id\":\"https:\/\/jm-xiangsheng.com\/product\/commercial-kitchenware\/chafing-dish\/6l-9l-hydraulic-square-chafing-dish-322-323\/\",\"url\":\"https:\/\/jm-xiangsheng.com\/product\/commercial-kitchenware\/chafing-dish\/6l-9l-hydraulic-square-chafing-dish-322-323\/\",\"name\":\"Square Chafing Dishes\",\"isPartOf\":{\"@id\":\"https:\/\/jm-xiangsheng.com\/#website\"},\"datePublished\":\"2024-05-21T08:48:37+00:00\",\"dateModified\":\"2025-03-27T01:39:59+00:00\",\"description\":\"We produce Square Chafing Dishes from standard to custom sizes, from tiny to giant.\u00a0 Standard sizes molds and many exclusive molds.\",\"breadcrumb\":{\"@id\":\"https:\/\/jm-xiangsheng.com\/product\/commercial-kitchenware\/chafing-dish\/6l-9l-hydraulic-square-chafing-dish-322-323\/#breadcrumb\"},\"inLanguage\":\"pt-PT\",\"potentialAction\":[{\"@type\":\"ReadAction\",\"target\":[\"https:\/\/jm-xiangsheng.com\/product\/commercial-kitchenware\/chafing-dish\/6l-9l-hydraulic-square-chafing-dish-322-323\/\"]}]},{\"@type\":\"BreadcrumbList\",\"@id\":\"https:\/\/jm-xiangsheng.com\/product\/commercial-kitchenware\/chafing-dish\/6l-9l-hydraulic-square-chafing-dish-322-323\/#breadcrumb\",\"itemListElement\":[{\"@type\":\"ListItem\",\"position\":1,\"name\":\"Home\",\"item\":\"https:\/\/jm-xiangsheng.com\/\"},{\"@type\":\"ListItem\",\"position\":2,\"name\":\"Product\",\"item\":\"https:\/\/jm-xiangsheng.com\/products\/\"},{\"@type\":\"ListItem\",\"position\":3,\"name\":\"Commercial kitchenware\",\"item\":\"https:\/\/jm-xiangsheng.com\/product-category\/commercial-kitchenware\/\"},{\"@type\":\"ListItem\",\"position\":4,\"name\":\"Chafing dish\",\"item\":\"https:\/\/jm-xiangsheng.com\/product-category\/commercial-kitchenware\/chafing-dish\/\"},{\"@type\":\"ListItem\",\"position\":5,\"name\":\"6L, 9L Hydraulic Square Chafing Dishes Set 322#, 323#\"}]},{\"@type\":\"WebSite\",\"@id\":\"https:\/\/jm-xiangsheng.com\/#website\",\"url\":\"https:\/\/jm-xiangsheng.com\/\",\"name\":\"Xiangsheng - China factory of stainless steel products\",\"description\":\"20 years factory\",\"publisher\":{\"@id\":\"https:\/\/jm-xiangsheng.com\/#organization\"},\"potentialAction\":[{\"@type\":\"SearchAction\",\"target\":{\"@type\":\"EntryPoint\",\"urlTemplate\":\"https:\/\/jm-xiangsheng.com\/?s={search_term_string}\"},\"query-input\":\"required name=search_term_string\"}],\"inLanguage\":\"pt-PT\"},{\"@type\":\"Organization\",\"@id\":\"https:\/\/jm-xiangsheng.com\/#organization\",\"name\":\"Xiangsheng - China factory of stainless steel products\",\"url\":\"https:\/\/jm-xiangsheng.com\/\",\"logo\":{\"@type\":\"ImageObject\",\"inLanguage\":\"pt-PT\",\"@id\":\"https:\/\/jm-xiangsheng.com\/#\/schema\/logo\/image\/\",\"url\":\"https:\/\/jm-xiangsheng.com\/wp-content\/uploads\/2024\/05\/cropped-\u672a\u6807\u9898-3-\u62f7\u8d1d.png\",\"contentUrl\":\"https:\/\/jm-xiangsheng.com\/wp-content\/uploads\/2024\/05\/cropped-\u672a\u6807\u9898-3-\u62f7\u8d1d.png\",\"width\":490,\"height\":140,\"caption\":\"Xiangsheng - China factory of stainless steel products\"},\"image\":{\"@id\":\"https:\/\/jm-xiangsheng.com\/#\/schema\/logo\/image\/\"}}]}<\/script>\n<!-- \/ Yoast SEO plugin. -->","yoast_head_json":{"title":"Square Chafing Dishes","description":"We produce Square Chafing Dishes from standard to custom sizes, from tiny to giant.\u00a0 Standard sizes molds and many exclusive molds.","robots":{"index":"index","follow":"follow","max-snippet":"max-snippet:-1","max-image-preview":"max-image-preview:large","max-video-preview":"max-video-preview:-1"},"canonical":"https:\/\/jm-xiangsheng.com\/pt\/product\/commercial-kitchenware\/chafing-dish\/6l-9l-hydraulic-square-chafing-dish-322-323\/","og_locale":"pt_PT","og_type":"article","og_title":"Square Chafing Dishes","og_description":"We produce Square Chafing Dishes from standard to custom sizes, from tiny to giant.\u00a0 Standard sizes molds and many exclusive molds.","og_url":"https:\/\/jm-xiangsheng.com\/pt\/product\/commercial-kitchenware\/chafing-dish\/6l-9l-hydraulic-square-chafing-dish-322-323\/","og_site_name":"Xiangsheng - China factory of stainless steel products","article_modified_time":"2025-03-27T01:39:59+00:00","og_image":[{"width":750,"height":750,"url":"http:\/\/jm-xiangsheng.com\/wp-content\/uploads\/2022\/08\/8.jpg","type":"image\/jpeg"}],"twitter_card":"summary_large_image","twitter_misc":{"Tempo estimado de leitura":"1 minuto"},"schema":{"@context":"https:\/\/schema.org","@graph":[{"@type":"WebPage","@id":"https:\/\/jm-xiangsheng.com\/product\/commercial-kitchenware\/chafing-dish\/6l-9l-hydraulic-square-chafing-dish-322-323\/","url":"https:\/\/jm-xiangsheng.com\/product\/commercial-kitchenware\/chafing-dish\/6l-9l-hydraulic-square-chafing-dish-322-323\/","name":"Square Chafing Dishes","isPartOf":{"@id":"https:\/\/jm-xiangsheng.com\/#website"},"datePublished":"2024-05-21T08:48:37+00:00","dateModified":"2025-03-27T01:39:59+00:00","description":"We produce Square Chafing Dishes from standard to custom sizes, from tiny to giant.\u00a0 Standard sizes molds and many exclusive molds.","breadcrumb":{"@id":"https:\/\/jm-xiangsheng.com\/product\/commercial-kitchenware\/chafing-dish\/6l-9l-hydraulic-square-chafing-dish-322-323\/#breadcrumb"},"inLanguage":"pt-PT","potentialAction":[{"@type":"ReadAction","target":["https:\/\/jm-xiangsheng.com\/product\/commercial-kitchenware\/chafing-dish\/6l-9l-hydraulic-square-chafing-dish-322-323\/"]}]},{"@type":"BreadcrumbList","@id":"https:\/\/jm-xiangsheng.com\/product\/commercial-kitchenware\/chafing-dish\/6l-9l-hydraulic-square-chafing-dish-322-323\/#breadcrumb","itemListElement":[{"@type":"ListItem","position":1,"name":"Home","item":"https:\/\/jm-xiangsheng.com\/"},{"@type":"ListItem","position":2,"name":"Product","item":"https:\/\/jm-xiangsheng.com\/products\/"},{"@type":"ListItem","position":3,"name":"Commercial kitchenware","item":"https:\/\/jm-xiangsheng.com\/product-category\/commercial-kitchenware\/"},{"@type":"ListItem","position":4,"name":"Chafing dish","item":"https:\/\/jm-xiangsheng.com\/product-category\/commercial-kitchenware\/chafing-dish\/"},{"@type":"ListItem","position":5,"name":"6L, 9L Hydraulic Square Chafing Dishes Set 322#, 323#"}]},{"@type":"WebSite","@id":"https:\/\/jm-xiangsheng.com\/#website","url":"https:\/\/jm-xiangsheng.com\/","name":"Xiangsheng - China factory of stainless steel products","description":"20 years factory","publisher":{"@id":"https:\/\/jm-xiangsheng.com\/#organization"},"potentialAction":[{"@type":"SearchAction","target":{"@type":"EntryPoint","urlTemplate":"https:\/\/jm-xiangsheng.com\/?s={search_term_string}"},"query-input":"required name=search_term_string"}],"inLanguage":"pt-PT"},{"@type":"Organization","@id":"https:\/\/jm-xiangsheng.com\/#organization","name":"Xiangsheng - China factory of stainless steel products","url":"https:\/\/jm-xiangsheng.com\/","logo":{"@type":"ImageObject","inLanguage":"pt-PT","@id":"https:\/\/jm-xiangsheng.com\/#\/schema\/logo\/image\/","url":"https:\/\/jm-xiangsheng.com\/wp-content\/uploads\/2024\/05\/cropped-\u672a\u6807\u9898-3-\u62f7\u8d1d.png","contentUrl":"https:\/\/jm-xiangsheng.com\/wp-content\/uploads\/2024\/05\/cropped-\u672a\u6807\u9898-3-\u62f7\u8d1d.png","width":490,"height":140,"caption":"Xiangsheng - China factory of stainless steel products"},"image":{"@id":"https:\/\/jm-xiangsheng.com\/#\/schema\/logo\/image\/"}}]}},"_links":{"self":[{"href":"https:\/\/jm-xiangsheng.com\/pt\/wp-json\/wp\/v2\/product\/14215","targetHints":{"allow":["GET"]}}],"collection":[{"href":"https:\/\/jm-xiangsheng.com\/pt\/wp-json\/wp\/v2\/product"}],"about":[{"href":"https:\/\/jm-xiangsheng.com\/pt\/wp-json\/wp\/v2\/types\/product"}],"wp:featuredmedia":[{"embeddable":true,"href":"https:\/\/jm-xiangsheng.com\/pt\/wp-json\/wp\/v2\/media\/5834"}],"wp:attachment":[{"href":"https:\/\/jm-xiangsheng.com\/pt\/wp-json\/wp\/v2\/media?parent=14215"}],"wp:term":[{"taxonomy":"product_cat","embeddable":true,"href":"https:\/\/jm-xiangsheng.com\/pt\/wp-json\/wp\/v2\/product_cat?post=14215"},{"taxonomy":"product_tag","embeddable":true,"href":"https:\/\/jm-xiangsheng.com\/pt\/wp-json\/wp\/v2\/product_tag?post=14215"}],"curies":[{"name":"wp","href":"https:\/\/api.w.org\/{rel}","templated":true}]}}