{"id":13382,"date":"2024-02-28T11:27:06","date_gmt":"2024-02-28T03:27:06","guid":{"rendered":"https:\/\/jm-xiangsheng.com\/?post_type=product&#038;p=13382"},"modified":"2025-03-31T16:12:05","modified_gmt":"2025-03-31T08:12:05","slug":"tri-ply-stainless-steel-non-stick-paella-pan","status":"publish","type":"product","link":"https:\/\/jm-xiangsheng.com\/pt\/produto\/commercial-kitchenware\/food-pan\/tri-ply-stainless-steel-non-stick-paella-pan\/","title":{"rendered":"Panela de paella antiaderente em a\u00e7o inoxid\u00e1vel Tri-Ply"},"content":{"rendered":"<p>Caro cliente, produzimos Panela de paella antiaderente de a\u00e7o inoxid\u00e1vel Tri-Ply de tamanhos padr\u00e3o a personalizados, de min\u00fasculo a gigante.  Moldes de tamanhos padr\u00e3o e muitos moldes exclusivos. Podemos personalizar para si!!!<\/p>\r\n<p><span style=\"color: #ed1c24;\"><b>Envie-nos uma mensagem, vamos falar de pormenores.<\/b><\/span> \u00a0<\/p>\r\n<p>---------------------------------------------<\/p>\r\n<!-- \/wp:post-content -->\r\n\r\n<!-- wp:heading {\"editorskit_typography\":{\"family\":\"\",\"name\":\"\",\"weight\":\"\"}} -->\r\n<h2 class=\"wp-block-heading\"><strong><a class=\"ek-link\" href=\"https:\/\/jm-xiangsheng.com\/pt\/about-xiangsheng\/\">Xiangsheng\u00a0<em>F\u00e1brica<\/em><\/a><\/strong><\/h2>\r\n<!-- \/wp:heading -->\r\n\r\n<!-- wp:paragraph -->\r\n<p>Xiangsheng \u00e9 uma f\u00e1brica estabelecida em <strong>2005<\/strong> com uma vasta experi\u00eancia, <strong>produ\u00e7\u00e3o de panela de paella em a\u00e7o inoxid\u00e1vel <\/strong>com sede em\u00a0<em>China<\/em>. Abaixo est\u00e3o os nossos 7 valores principais. Se estiver interessado em importar stock pot, sinta-se \u00e0 vontade para\u00a0<strong>CONTACTO<\/strong>\u00a0n\u00f3s.<\/p>\r\n<!-- \/wp:paragraph -->\r\n\r\n<!-- wp:spacer {\"height\":\"41px\",\"editorskit_typography\":{\"family\":\"\",\"name\":\"\",\"weight\":\"\"}} -->\r\n<div class=\"wp-block-spacer\" aria-hidden=\"true\">\u00a0<\/div>\r\n<!-- \/wp:spacer -->\r\n\r\n<!-- wp:paragraph -->\r\n<p><strong>1) Engenheiro Assist\u00eancia t\u00e9cnica<\/strong>-tipos de materiais, estilos, desenhos.<\/p>\r\n<!-- \/wp:paragraph -->\r\n\r\n<!-- wp:paragraph -->\r\n<p><strong>2) Amostra dispon\u00edvel, pre\u00e7o competitivo por atacado<\/strong>- a amostra \u00e9 aceit\u00e1vel, e come\u00e7a a partir de moq 20pcs, n\u00f3s oferecemos em primeira m\u00e3o ex-<em>f\u00e1brica<\/em>\u00a0pre\u00e7o, sem intermedi\u00e1rios!<\/p>\r\n<!-- \/wp:paragraph -->\r\n\r\n<!-- wp:paragraph -->\r\n<p><strong>3) Relat\u00f3rio de ensaio<\/strong>O material de a\u00e7o inoxid\u00e1vel -201 ou 304 passou no teste SGS.<\/p>\r\n<!-- \/wp:paragraph -->\r\n\r\n<!-- wp:paragraph -->\r\n<p><strong>4) Imagens do produto<\/strong>-Nunca se sinta desamparado em rela\u00e7\u00e3o ao marketing! Oferecemos-lhe fotografias se precisar. Quando estivermos a produzir o produto, tamb\u00e9m lhe tiraremos fotografias, para que possa saber o progresso. Assim, se encontrar algum problema, pode avisar-nos o mais rapidamente poss\u00edvel antes de cometer um grande erro.<\/p>\r\n<!-- \/wp:paragraph -->\r\n\r\n<!-- wp:paragraph -->\r\n<p><strong>5) V\u00eddeos de inspe\u00e7\u00e3o<\/strong>-Depois de terminarmos a mercadoria, podemos levar-lhe v\u00eddeos para uma melhor avalia\u00e7\u00e3o. Assim, pode dizer-nos quais as partes que quer melhorar antes do envio.<\/p>\r\n<!-- \/wp:paragraph -->\r\n\r\n<!-- wp:paragraph -->\r\n<p><strong>6) Guia para comprar baldes de leite a <em>China<\/em><\/strong>-Baseado no seu pedido, n\u00f3s podemos cotar o pre\u00e7o EXW, FOB, CIF ou DDP. Os nossos agentes de transporte est\u00e3o a oferecer um frete favor\u00e1vel, ajudando-o a poupar mais! Se tiver os seus agentes de transporte, tamb\u00e9m os pode nomear.<\/p>\r\n<!-- \/wp:paragraph -->\r\n\r\n<!-- wp:paragraph -->\r\n<p>------------------------<\/p>\r\n<!-- \/wp:paragraph -->\r\n<h3><span style=\"color: #ed1c24;\"><b>Envie-nos uma mensagem, vamos falar de pormenores.<\/b><\/span><\/h3>\r\n<p>&nbsp;<\/p>\r\n<h3><a href=\"https:\/\/youtu.be\/9INHbf257ho\">V\u00eddeo do produto:<\/a><\/h3>\r\n<h4 style=\"text-align: center;\">\u00a0<\/h4>","protected":false},"excerpt":{"rendered":"<p><span style=\"color: #808080;\">F\u00e1brica OEM ODM tamanhos completos Panelas de paella antiaderentes de a\u00e7o inoxid\u00e1vel. As panelas de paella antiaderentes de a\u00e7o inoxid\u00e1vel s\u00e3o utilizadas para cozinhar alimentos em cozinhas comerciais ou em casa.<\/span> <strong><span style=\"color: #000080;\">Carater\u00edsticas:<\/span><\/strong><\/p>\n<ul>\n<li>A\u00e7o inoxid\u00e1vel genu\u00edno: material de qualidade alimentar anti-ferrugem e anti-corros\u00e3o<\/li>\n<li>Bom para cozinhar: Fundo composto de distribui\u00e7\u00e3o de calor eficiente<\/li>\n<li>Tamanhos m\u00faltiplos: Capacidade vari\u00e1vel para diferentes necessidades<\/li>\n<li>F\u00e1cil de limpar: Limpar com detergente e secar com um pano.<\/li>\n<\/ul>\n<p>\u00a0 <strong>MOQ: 20pcs por encomenda<\/strong><\/p>\n<div class=\"product-short-description\"><strong>Gama de pre\u00e7os: <span style=\"color: #ff0000;\">8-15USD<\/span> (N\u00e3o hesite em pedir um or\u00e7amento pormenorizado)<\/strong><\/div>\n<div class=\"yith-ywraq-add-to-quote add-to-quote-104 near-add-to-cart\">\u00a0<\/div>","protected":false},"featured_media":13539,"template":"","meta":{"_seopress_robots_primary_cat":"none","_editorskit_title_hidden":false,"_editorskit_reading_time":0,"_editorskit_is_block_options_detached":false,"_editorskit_block_options_position":"{}","_editorskit_typography_data":[],"_editorskit_blocks_typography":""},"product_cat":[53],"product_tag":[],"class_list":["post-13382","product","type-product","status-publish","has-post-thumbnail","hentry","product_cat-food-pan"],"yoast_head":"<!-- This site is optimized with the Yoast SEO plugin v21.4 - https:\/\/yoast.com\/wordpress\/plugins\/seo\/ -->\n<title>Tri-Ply Stainless Steel Non-Stick Paella Pan<\/title>\n<meta name=\"description\" content=\"we produce Tri-Ply Stainless Steel Non-Stick Paella Pan from standard to custom sizes, from tiny to giant.\u00a0 Standard sizes molds and many exclusive molds.\" \/>\n<meta name=\"robots\" content=\"index, follow, max-snippet:-1, max-image-preview:large, max-video-preview:-1\" \/>\n<link rel=\"canonical\" href=\"https:\/\/jm-xiangsheng.com\/pt\/product\/commercial-kitchenware\/food-pan\/tri-ply-stainless-steel-non-stick-paella-pan\/\" \/>\n<meta property=\"og:locale\" content=\"pt_PT\" \/>\n<meta property=\"og:type\" content=\"article\" \/>\n<meta property=\"og:title\" content=\"Tri-Ply Stainless Steel Non-Stick Paella Pan\" \/>\n<meta property=\"og:description\" content=\"we produce Tri-Ply Stainless Steel Non-Stick Paella Pan from standard to custom sizes, from tiny to giant.\u00a0 Standard sizes molds and many exclusive molds.\" \/>\n<meta property=\"og:url\" content=\"https:\/\/jm-xiangsheng.com\/pt\/product\/commercial-kitchenware\/food-pan\/tri-ply-stainless-steel-non-stick-paella-pan\/\" \/>\n<meta property=\"og:site_name\" content=\"Xiangsheng - China factory of stainless steel products\" \/>\n<meta property=\"article:modified_time\" content=\"2025-03-31T08:12:05+00:00\" \/>\n<meta property=\"og:image\" content=\"http:\/\/jm-xiangsheng.com\/wp-content\/uploads\/2024\/02\/Logo.jpg\" \/>\n\t<meta property=\"og:image:width\" content=\"1000\" \/>\n\t<meta property=\"og:image:height\" content=\"1000\" \/>\n\t<meta property=\"og:image:type\" content=\"image\/jpeg\" \/>\n<meta name=\"twitter:card\" content=\"summary_large_image\" \/>\n<meta name=\"twitter:label1\" content=\"Tempo estimado de leitura\" \/>\n\t<meta name=\"twitter:data1\" content=\"2 minutos\" \/>\n<script type=\"application\/ld+json\" class=\"yoast-schema-graph\">{\"@context\":\"https:\/\/schema.org\",\"@graph\":[{\"@type\":\"WebPage\",\"@id\":\"https:\/\/jm-xiangsheng.com\/product\/commercial-kitchenware\/food-pan\/tri-ply-stainless-steel-non-stick-paella-pan\/\",\"url\":\"https:\/\/jm-xiangsheng.com\/product\/commercial-kitchenware\/food-pan\/tri-ply-stainless-steel-non-stick-paella-pan\/\",\"name\":\"Tri-Ply Stainless Steel Non-Stick Paella Pan\",\"isPartOf\":{\"@id\":\"https:\/\/jm-xiangsheng.com\/#website\"},\"datePublished\":\"2024-02-28T03:27:06+00:00\",\"dateModified\":\"2025-03-31T08:12:05+00:00\",\"description\":\"we produce Tri-Ply Stainless Steel Non-Stick Paella Pan from standard to custom sizes, from tiny to giant.\u00a0 Standard sizes molds and many exclusive molds.\",\"breadcrumb\":{\"@id\":\"https:\/\/jm-xiangsheng.com\/product\/commercial-kitchenware\/food-pan\/tri-ply-stainless-steel-non-stick-paella-pan\/#breadcrumb\"},\"inLanguage\":\"pt-PT\",\"potentialAction\":[{\"@type\":\"ReadAction\",\"target\":[\"https:\/\/jm-xiangsheng.com\/product\/commercial-kitchenware\/food-pan\/tri-ply-stainless-steel-non-stick-paella-pan\/\"]}]},{\"@type\":\"BreadcrumbList\",\"@id\":\"https:\/\/jm-xiangsheng.com\/product\/commercial-kitchenware\/food-pan\/tri-ply-stainless-steel-non-stick-paella-pan\/#breadcrumb\",\"itemListElement\":[{\"@type\":\"ListItem\",\"position\":1,\"name\":\"Home\",\"item\":\"https:\/\/jm-xiangsheng.com\/\"},{\"@type\":\"ListItem\",\"position\":2,\"name\":\"Product\",\"item\":\"https:\/\/jm-xiangsheng.com\/products\/\"},{\"@type\":\"ListItem\",\"position\":3,\"name\":\"Commercial kitchenware\",\"item\":\"https:\/\/jm-xiangsheng.com\/product-category\/commercial-kitchenware\/\"},{\"@type\":\"ListItem\",\"position\":4,\"name\":\"Food Pan\",\"item\":\"https:\/\/jm-xiangsheng.com\/product-category\/commercial-kitchenware\/food-pan\/\"},{\"@type\":\"ListItem\",\"position\":5,\"name\":\"Tri-Ply Stainless Steel Non-Stick Paella Pan\"}]},{\"@type\":\"WebSite\",\"@id\":\"https:\/\/jm-xiangsheng.com\/#website\",\"url\":\"https:\/\/jm-xiangsheng.com\/\",\"name\":\"Xiangsheng - China factory of stainless steel products\",\"description\":\"20 years factory\",\"publisher\":{\"@id\":\"https:\/\/jm-xiangsheng.com\/#organization\"},\"potentialAction\":[{\"@type\":\"SearchAction\",\"target\":{\"@type\":\"EntryPoint\",\"urlTemplate\":\"https:\/\/jm-xiangsheng.com\/?s={search_term_string}\"},\"query-input\":\"required name=search_term_string\"}],\"inLanguage\":\"pt-PT\"},{\"@type\":\"Organization\",\"@id\":\"https:\/\/jm-xiangsheng.com\/#organization\",\"name\":\"Xiangsheng - China factory of stainless steel products\",\"url\":\"https:\/\/jm-xiangsheng.com\/\",\"logo\":{\"@type\":\"ImageObject\",\"inLanguage\":\"pt-PT\",\"@id\":\"https:\/\/jm-xiangsheng.com\/#\/schema\/logo\/image\/\",\"url\":\"https:\/\/jm-xiangsheng.com\/wp-content\/uploads\/2024\/05\/cropped-\u672a\u6807\u9898-3-\u62f7\u8d1d.png\",\"contentUrl\":\"https:\/\/jm-xiangsheng.com\/wp-content\/uploads\/2024\/05\/cropped-\u672a\u6807\u9898-3-\u62f7\u8d1d.png\",\"width\":490,\"height\":140,\"caption\":\"Xiangsheng - China factory of stainless steel products\"},\"image\":{\"@id\":\"https:\/\/jm-xiangsheng.com\/#\/schema\/logo\/image\/\"}}]}<\/script>\n<!-- \/ Yoast SEO plugin. -->","yoast_head_json":{"title":"Tri-Ply Stainless Steel Non-Stick Paella Pan","description":"we produce Tri-Ply Stainless Steel Non-Stick Paella Pan from standard to custom sizes, from tiny to giant.\u00a0 Standard sizes molds and many exclusive molds.","robots":{"index":"index","follow":"follow","max-snippet":"max-snippet:-1","max-image-preview":"max-image-preview:large","max-video-preview":"max-video-preview:-1"},"canonical":"https:\/\/jm-xiangsheng.com\/pt\/product\/commercial-kitchenware\/food-pan\/tri-ply-stainless-steel-non-stick-paella-pan\/","og_locale":"pt_PT","og_type":"article","og_title":"Tri-Ply Stainless Steel Non-Stick Paella Pan","og_description":"we produce Tri-Ply Stainless Steel Non-Stick Paella Pan from standard to custom sizes, from tiny to giant.\u00a0 Standard sizes molds and many exclusive molds.","og_url":"https:\/\/jm-xiangsheng.com\/pt\/product\/commercial-kitchenware\/food-pan\/tri-ply-stainless-steel-non-stick-paella-pan\/","og_site_name":"Xiangsheng - China factory of stainless steel products","article_modified_time":"2025-03-31T08:12:05+00:00","og_image":[{"width":1000,"height":1000,"url":"http:\/\/jm-xiangsheng.com\/wp-content\/uploads\/2024\/02\/Logo.jpg","type":"image\/jpeg"}],"twitter_card":"summary_large_image","twitter_misc":{"Tempo estimado de leitura":"2 minutos"},"schema":{"@context":"https:\/\/schema.org","@graph":[{"@type":"WebPage","@id":"https:\/\/jm-xiangsheng.com\/product\/commercial-kitchenware\/food-pan\/tri-ply-stainless-steel-non-stick-paella-pan\/","url":"https:\/\/jm-xiangsheng.com\/product\/commercial-kitchenware\/food-pan\/tri-ply-stainless-steel-non-stick-paella-pan\/","name":"Tri-Ply Stainless Steel Non-Stick Paella Pan","isPartOf":{"@id":"https:\/\/jm-xiangsheng.com\/#website"},"datePublished":"2024-02-28T03:27:06+00:00","dateModified":"2025-03-31T08:12:05+00:00","description":"we produce Tri-Ply Stainless Steel Non-Stick Paella Pan from standard to custom sizes, from tiny to giant.\u00a0 Standard sizes molds and many exclusive molds.","breadcrumb":{"@id":"https:\/\/jm-xiangsheng.com\/product\/commercial-kitchenware\/food-pan\/tri-ply-stainless-steel-non-stick-paella-pan\/#breadcrumb"},"inLanguage":"pt-PT","potentialAction":[{"@type":"ReadAction","target":["https:\/\/jm-xiangsheng.com\/product\/commercial-kitchenware\/food-pan\/tri-ply-stainless-steel-non-stick-paella-pan\/"]}]},{"@type":"BreadcrumbList","@id":"https:\/\/jm-xiangsheng.com\/product\/commercial-kitchenware\/food-pan\/tri-ply-stainless-steel-non-stick-paella-pan\/#breadcrumb","itemListElement":[{"@type":"ListItem","position":1,"name":"Home","item":"https:\/\/jm-xiangsheng.com\/"},{"@type":"ListItem","position":2,"name":"Product","item":"https:\/\/jm-xiangsheng.com\/products\/"},{"@type":"ListItem","position":3,"name":"Commercial kitchenware","item":"https:\/\/jm-xiangsheng.com\/product-category\/commercial-kitchenware\/"},{"@type":"ListItem","position":4,"name":"Food Pan","item":"https:\/\/jm-xiangsheng.com\/product-category\/commercial-kitchenware\/food-pan\/"},{"@type":"ListItem","position":5,"name":"Tri-Ply Stainless Steel Non-Stick Paella Pan"}]},{"@type":"WebSite","@id":"https:\/\/jm-xiangsheng.com\/#website","url":"https:\/\/jm-xiangsheng.com\/","name":"Xiangsheng - China factory of stainless steel products","description":"20 years factory","publisher":{"@id":"https:\/\/jm-xiangsheng.com\/#organization"},"potentialAction":[{"@type":"SearchAction","target":{"@type":"EntryPoint","urlTemplate":"https:\/\/jm-xiangsheng.com\/?s={search_term_string}"},"query-input":"required name=search_term_string"}],"inLanguage":"pt-PT"},{"@type":"Organization","@id":"https:\/\/jm-xiangsheng.com\/#organization","name":"Xiangsheng - China factory of stainless steel products","url":"https:\/\/jm-xiangsheng.com\/","logo":{"@type":"ImageObject","inLanguage":"pt-PT","@id":"https:\/\/jm-xiangsheng.com\/#\/schema\/logo\/image\/","url":"https:\/\/jm-xiangsheng.com\/wp-content\/uploads\/2024\/05\/cropped-\u672a\u6807\u9898-3-\u62f7\u8d1d.png","contentUrl":"https:\/\/jm-xiangsheng.com\/wp-content\/uploads\/2024\/05\/cropped-\u672a\u6807\u9898-3-\u62f7\u8d1d.png","width":490,"height":140,"caption":"Xiangsheng - China factory of stainless steel products"},"image":{"@id":"https:\/\/jm-xiangsheng.com\/#\/schema\/logo\/image\/"}}]}},"_links":{"self":[{"href":"https:\/\/jm-xiangsheng.com\/pt\/wp-json\/wp\/v2\/product\/13382","targetHints":{"allow":["GET"]}}],"collection":[{"href":"https:\/\/jm-xiangsheng.com\/pt\/wp-json\/wp\/v2\/product"}],"about":[{"href":"https:\/\/jm-xiangsheng.com\/pt\/wp-json\/wp\/v2\/types\/product"}],"wp:featuredmedia":[{"embeddable":true,"href":"https:\/\/jm-xiangsheng.com\/pt\/wp-json\/wp\/v2\/media\/13539"}],"wp:attachment":[{"href":"https:\/\/jm-xiangsheng.com\/pt\/wp-json\/wp\/v2\/media?parent=13382"}],"wp:term":[{"taxonomy":"product_cat","embeddable":true,"href":"https:\/\/jm-xiangsheng.com\/pt\/wp-json\/wp\/v2\/product_cat?post=13382"},{"taxonomy":"product_tag","embeddable":true,"href":"https:\/\/jm-xiangsheng.com\/pt\/wp-json\/wp\/v2\/product_tag?post=13382"}],"curies":[{"name":"wp","href":"https:\/\/api.w.org\/{rel}","templated":true}]}}