{"id":12859,"date":"2023-11-21T16:43:12","date_gmt":"2023-11-21T08:43:12","guid":{"rendered":"https:\/\/jm-xiangsheng.com\/?post_type=product&#038;p=12859"},"modified":"2025-03-31T15:19:38","modified_gmt":"2025-03-31T07:19:38","slug":"high-quality-small-sizes-stainless-steel-single-bowl-sink-56x42x21cm","status":"publish","type":"product","link":"https:\/\/jm-xiangsheng.com\/pt\/produto\/kitchen-sink\/high-quality-small-sizes-stainless-steel-single-bowl-sink-56x42x21cm\/","title":{"rendered":"Lava-lou\u00e7as de a\u00e7o inoxid\u00e1vel de tamanho pequeno de alta qualidade com uma \u00fanica cuba 56x42x21cm"},"content":{"rendered":"Caro cliente, Somos uma f\u00e1brica com 20 anos de experi\u00eancia na produ\u00e7\u00e3o de lava-loi\u00e7a de a\u00e7o inoxid\u00e1vel de ta\u00e7a \u00fanica. Podemos oferecer uma vasta gama de lava-loi\u00e7as de cozinha em v\u00e1rios tamanhos e designs, bem como cen\u00e1rios de utiliza\u00e7\u00e3o para satisfazer a procura dos clientes. Para a maioria dos modelos, temos um grande estoque e estamos prontos para enviar.\r\n\r\n \r\n\r\n---------------------------------------------\r\n\r\n<!-- \/wp:post-content --><!-- wp:heading {\"editorskit_typography\":{\"family\":\"\",\"name\":\"\",\"weight\":\"\"}} -->\r\n<h2 class=\"wp-block-heading\"><strong><a class=\"ek-link\" href=\"https:\/\/jm-xiangsheng.com\/pt\/about-xiangsheng\/\">Xiangsheng\u00a0<em>F\u00e1brica<\/em><\/a><\/strong><\/h2>\r\n<!-- \/wp:heading --><!-- wp:paragraph -->\r\n\r\nXiangsheng \u00e9 uma f\u00e1brica estabelecida em <strong>2005<\/strong> com uma vasta experi\u00eancia, <strong>produzir lava-loi\u00e7a de ta\u00e7a \u00fanica em a\u00e7o inoxid\u00e1vel <\/strong>com sede em\u00a0<em>China<\/em>. Abaixo est\u00e3o os nossos 7 valores principais. Se estiver interessado em importar stock pot, sinta-se \u00e0 vontade para\u00a0<strong>CONTACTO<\/strong>\u00a0n\u00f3s.\r\n\r\n<!-- \/wp:paragraph --><!-- wp:spacer {\"height\":\"41px\",\"editorskit_typography\":{\"family\":\"\",\"name\":\"\",\"weight\":\"\"}} -->\r\n<div class=\"wp-block-spacer\" aria-hidden=\"true\"><\/div>\r\n<!-- \/wp:spacer --><!-- wp:paragraph -->\r\n\r\n<strong>1) Engenheiro Assist\u00eancia t\u00e9cnica<\/strong>-tipos de materiais, estilos, desenhos.\r\n\r\n<!-- \/wp:paragraph --><!-- wp:paragraph -->\r\n\r\n<strong>2) Amostra dispon\u00edvel, pre\u00e7o competitivo por atacado<\/strong>- a amostra \u00e9 aceit\u00e1vel, e come\u00e7a a partir de moq 20pcs, n\u00f3s oferecemos em primeira m\u00e3o ex-<em>f\u00e1brica<\/em>\u00a0pre\u00e7o, sem intermedi\u00e1rios!\r\n\r\n<!-- \/wp:paragraph --><!-- wp:paragraph -->\r\n\r\n<strong>3) Relat\u00f3rio de ensaio<\/strong>O material de a\u00e7o inoxid\u00e1vel -201 ou 304 passou no teste SGS.\r\n\r\n<!-- \/wp:paragraph --><!-- wp:paragraph -->\r\n\r\n<strong>4) Imagens do produto<\/strong>-Nunca se sinta desamparado em rela\u00e7\u00e3o ao marketing! Oferecemos-lhe fotografias se precisar. Quando estivermos a produzir o produto, tamb\u00e9m lhe tiraremos fotografias, para que possa saber o progresso. Assim, se encontrar algum problema, pode avisar-nos o mais rapidamente poss\u00edvel antes de cometer um grande erro.\r\n\r\n<!-- \/wp:paragraph --><!-- wp:paragraph -->\r\n\r\n<strong>5) V\u00eddeos de inspe\u00e7\u00e3o<\/strong>-Depois de terminarmos a mercadoria, podemos levar-lhe v\u00eddeos para uma melhor avalia\u00e7\u00e3o. Assim, pode dizer-nos quais as partes que quer melhorar antes do envio.\r\n\r\n<!-- \/wp:paragraph --><!-- wp:paragraph -->\r\n\r\n<strong>6) Guia para comprar baldes de leite a <em>China<\/em><\/strong>-Baseado no seu pedido, n\u00f3s podemos cotar o pre\u00e7o EXW, FOB, CIF ou DDP. Os nossos agentes de transporte est\u00e3o a oferecer um frete favor\u00e1vel, ajudando-o a poupar mais! Se tiver os seus agentes de transporte, tamb\u00e9m os pode nomear.\r\n\r\n<!-- \/wp:paragraph --><!-- wp:paragraph -->\r\n\r\n------------------------\r\n\r\n<!-- \/wp:paragraph -->\r\n<h3><span style=\"color: #ed1c24;\"><b>Envie-nos uma mensagem, vamos falar de pormenores.<\/b><\/span><\/h3>\r\n&nbsp;\r\n<h3><a href=\"https:\/\/youtu.be\/9INHbf257ho\">V\u00eddeo do produto:<\/a><\/h3>\r\n&nbsp;","protected":false},"excerpt":{"rendered":"<p>Lava-loi\u00e7a de cozinha de uma tigela, em a\u00e7o inoxid\u00e1vel SUS 304 de alta qualidade de 0,7 mm, torneiras de cozinha e sistema de drenagem a condizer para sua op\u00e7\u00e3o.<\/p>\n<p><strong>Carater\u00edstica principal:<\/strong><\/p>\n<ol>\n<li>A\u00e7o inoxid\u00e1vel 201\/304 de alta qualidade: Resist\u00eancia ao desgaste e preven\u00e7\u00e3o da corros\u00e3o<\/li>\n<li>Tamanho exterior: 560*420*210mm, tamanho do orif\u00edcio de condu\u00e7\u00e3o: Dia 110mm<\/li>\n<li>Econ\u00f3mico e pr\u00e1tico: Pre\u00e7o competitivo oferecido pela f\u00e1brica<\/li>\n<li>F\u00e1cil de limpar: Limpar com detergente e secar com um pano.<\/li>\n<\/ol>","protected":false},"featured_media":12941,"template":"","meta":{"_seopress_robots_primary_cat":"none","_editorskit_title_hidden":false,"_editorskit_reading_time":0,"_editorskit_is_block_options_detached":false,"_editorskit_block_options_position":"{}","_editorskit_typography_data":[],"_editorskit_blocks_typography":""},"product_cat":[89],"product_tag":[],"class_list":["post-12859","product","type-product","status-publish","has-post-thumbnail","hentry","product_cat-kitchen-sink"],"yoast_head":"<!-- This site is optimized with the Yoast SEO plugin v21.4 - https:\/\/yoast.com\/wordpress\/plugins\/seo\/ -->\n<title>Stainless Steel Single Bowl Sink<\/title>\n<meta name=\"description\" content=\"We are a 18-years factory\u00a0 produce Kitchen Single Bowl Stainless Steel Sink from standard to custom sizes, from tiny to giant.\u00a0\" \/>\n<meta name=\"robots\" content=\"index, follow, max-snippet:-1, max-image-preview:large, max-video-preview:-1\" \/>\n<link rel=\"canonical\" href=\"https:\/\/jm-xiangsheng.com\/pt\/product\/kitchen-sink\/high-quality-small-sizes-stainless-steel-single-bowl-sink-56x42x21cm\/\" \/>\n<meta property=\"og:locale\" content=\"pt_PT\" \/>\n<meta property=\"og:type\" content=\"article\" \/>\n<meta property=\"og:title\" content=\"Stainless Steel Single Bowl Sink\" \/>\n<meta property=\"og:description\" content=\"We are a 18-years factory\u00a0 produce Kitchen Single Bowl Stainless Steel Sink from standard to custom sizes, from tiny to giant.\u00a0\" \/>\n<meta property=\"og:url\" content=\"https:\/\/jm-xiangsheng.com\/pt\/product\/kitchen-sink\/high-quality-small-sizes-stainless-steel-single-bowl-sink-56x42x21cm\/\" \/>\n<meta property=\"og:site_name\" content=\"Xiangsheng - China factory of stainless steel products\" \/>\n<meta property=\"article:modified_time\" content=\"2025-03-31T07:19:38+00:00\" \/>\n<meta property=\"og:image\" content=\"http:\/\/jm-xiangsheng.com\/wp-content\/uploads\/2023\/11\/5642-3.jpg\" \/>\n\t<meta property=\"og:image:width\" content=\"1000\" \/>\n\t<meta property=\"og:image:height\" content=\"1000\" \/>\n\t<meta property=\"og:image:type\" content=\"image\/jpeg\" \/>\n<meta name=\"twitter:card\" content=\"summary_large_image\" \/>\n<meta name=\"twitter:label1\" content=\"Tempo estimado de leitura\" \/>\n\t<meta name=\"twitter:data1\" content=\"2 minutos\" \/>\n<script type=\"application\/ld+json\" class=\"yoast-schema-graph\">{\"@context\":\"https:\/\/schema.org\",\"@graph\":[{\"@type\":\"WebPage\",\"@id\":\"https:\/\/jm-xiangsheng.com\/product\/kitchen-sink\/high-quality-small-sizes-stainless-steel-single-bowl-sink-56x42x21cm\/\",\"url\":\"https:\/\/jm-xiangsheng.com\/product\/kitchen-sink\/high-quality-small-sizes-stainless-steel-single-bowl-sink-56x42x21cm\/\",\"name\":\"Stainless Steel Single Bowl Sink\",\"isPartOf\":{\"@id\":\"https:\/\/jm-xiangsheng.com\/#website\"},\"datePublished\":\"2023-11-21T08:43:12+00:00\",\"dateModified\":\"2025-03-31T07:19:38+00:00\",\"description\":\"We are a 18-years factory\u00a0 produce Kitchen Single Bowl Stainless Steel Sink from standard to custom sizes, from tiny to giant.\u00a0\",\"breadcrumb\":{\"@id\":\"https:\/\/jm-xiangsheng.com\/product\/kitchen-sink\/high-quality-small-sizes-stainless-steel-single-bowl-sink-56x42x21cm\/#breadcrumb\"},\"inLanguage\":\"pt-PT\",\"potentialAction\":[{\"@type\":\"ReadAction\",\"target\":[\"https:\/\/jm-xiangsheng.com\/product\/kitchen-sink\/high-quality-small-sizes-stainless-steel-single-bowl-sink-56x42x21cm\/\"]}]},{\"@type\":\"BreadcrumbList\",\"@id\":\"https:\/\/jm-xiangsheng.com\/product\/kitchen-sink\/high-quality-small-sizes-stainless-steel-single-bowl-sink-56x42x21cm\/#breadcrumb\",\"itemListElement\":[{\"@type\":\"ListItem\",\"position\":1,\"name\":\"Home\",\"item\":\"https:\/\/jm-xiangsheng.com\/\"},{\"@type\":\"ListItem\",\"position\":2,\"name\":\"Product\",\"item\":\"https:\/\/jm-xiangsheng.com\/products\/\"},{\"@type\":\"ListItem\",\"position\":3,\"name\":\"Kitchen Sink\",\"item\":\"https:\/\/jm-xiangsheng.com\/product-category\/kitchen-sink\/\"},{\"@type\":\"ListItem\",\"position\":4,\"name\":\"High-quality Small Size Stainless Steel Single Bowl Sink 56x42x21cm\"}]},{\"@type\":\"WebSite\",\"@id\":\"https:\/\/jm-xiangsheng.com\/#website\",\"url\":\"https:\/\/jm-xiangsheng.com\/\",\"name\":\"Xiangsheng - China factory of stainless steel products\",\"description\":\"20 years factory\",\"publisher\":{\"@id\":\"https:\/\/jm-xiangsheng.com\/#organization\"},\"potentialAction\":[{\"@type\":\"SearchAction\",\"target\":{\"@type\":\"EntryPoint\",\"urlTemplate\":\"https:\/\/jm-xiangsheng.com\/?s={search_term_string}\"},\"query-input\":\"required name=search_term_string\"}],\"inLanguage\":\"pt-PT\"},{\"@type\":\"Organization\",\"@id\":\"https:\/\/jm-xiangsheng.com\/#organization\",\"name\":\"Xiangsheng - China factory of stainless steel products\",\"url\":\"https:\/\/jm-xiangsheng.com\/\",\"logo\":{\"@type\":\"ImageObject\",\"inLanguage\":\"pt-PT\",\"@id\":\"https:\/\/jm-xiangsheng.com\/#\/schema\/logo\/image\/\",\"url\":\"https:\/\/jm-xiangsheng.com\/wp-content\/uploads\/2024\/05\/cropped-\u672a\u6807\u9898-3-\u62f7\u8d1d.png\",\"contentUrl\":\"https:\/\/jm-xiangsheng.com\/wp-content\/uploads\/2024\/05\/cropped-\u672a\u6807\u9898-3-\u62f7\u8d1d.png\",\"width\":490,\"height\":140,\"caption\":\"Xiangsheng - China factory of stainless steel products\"},\"image\":{\"@id\":\"https:\/\/jm-xiangsheng.com\/#\/schema\/logo\/image\/\"}}]}<\/script>\n<!-- \/ Yoast SEO plugin. -->","yoast_head_json":{"title":"Stainless Steel Single Bowl Sink","description":"We are a 18-years factory\u00a0 produce Kitchen Single Bowl Stainless Steel Sink from standard to custom sizes, from tiny to giant.\u00a0","robots":{"index":"index","follow":"follow","max-snippet":"max-snippet:-1","max-image-preview":"max-image-preview:large","max-video-preview":"max-video-preview:-1"},"canonical":"https:\/\/jm-xiangsheng.com\/pt\/product\/kitchen-sink\/high-quality-small-sizes-stainless-steel-single-bowl-sink-56x42x21cm\/","og_locale":"pt_PT","og_type":"article","og_title":"Stainless Steel Single Bowl Sink","og_description":"We are a 18-years factory\u00a0 produce Kitchen Single Bowl Stainless Steel Sink from standard to custom sizes, from tiny to giant.\u00a0","og_url":"https:\/\/jm-xiangsheng.com\/pt\/product\/kitchen-sink\/high-quality-small-sizes-stainless-steel-single-bowl-sink-56x42x21cm\/","og_site_name":"Xiangsheng - China factory of stainless steel products","article_modified_time":"2025-03-31T07:19:38+00:00","og_image":[{"width":1000,"height":1000,"url":"http:\/\/jm-xiangsheng.com\/wp-content\/uploads\/2023\/11\/5642-3.jpg","type":"image\/jpeg"}],"twitter_card":"summary_large_image","twitter_misc":{"Tempo estimado de leitura":"2 minutos"},"schema":{"@context":"https:\/\/schema.org","@graph":[{"@type":"WebPage","@id":"https:\/\/jm-xiangsheng.com\/product\/kitchen-sink\/high-quality-small-sizes-stainless-steel-single-bowl-sink-56x42x21cm\/","url":"https:\/\/jm-xiangsheng.com\/product\/kitchen-sink\/high-quality-small-sizes-stainless-steel-single-bowl-sink-56x42x21cm\/","name":"Stainless Steel Single Bowl Sink","isPartOf":{"@id":"https:\/\/jm-xiangsheng.com\/#website"},"datePublished":"2023-11-21T08:43:12+00:00","dateModified":"2025-03-31T07:19:38+00:00","description":"We are a 18-years factory\u00a0 produce Kitchen Single Bowl Stainless Steel Sink from standard to custom sizes, from tiny to giant.\u00a0","breadcrumb":{"@id":"https:\/\/jm-xiangsheng.com\/product\/kitchen-sink\/high-quality-small-sizes-stainless-steel-single-bowl-sink-56x42x21cm\/#breadcrumb"},"inLanguage":"pt-PT","potentialAction":[{"@type":"ReadAction","target":["https:\/\/jm-xiangsheng.com\/product\/kitchen-sink\/high-quality-small-sizes-stainless-steel-single-bowl-sink-56x42x21cm\/"]}]},{"@type":"BreadcrumbList","@id":"https:\/\/jm-xiangsheng.com\/product\/kitchen-sink\/high-quality-small-sizes-stainless-steel-single-bowl-sink-56x42x21cm\/#breadcrumb","itemListElement":[{"@type":"ListItem","position":1,"name":"Home","item":"https:\/\/jm-xiangsheng.com\/"},{"@type":"ListItem","position":2,"name":"Product","item":"https:\/\/jm-xiangsheng.com\/products\/"},{"@type":"ListItem","position":3,"name":"Kitchen Sink","item":"https:\/\/jm-xiangsheng.com\/product-category\/kitchen-sink\/"},{"@type":"ListItem","position":4,"name":"High-quality Small Size Stainless Steel Single Bowl Sink 56x42x21cm"}]},{"@type":"WebSite","@id":"https:\/\/jm-xiangsheng.com\/#website","url":"https:\/\/jm-xiangsheng.com\/","name":"Xiangsheng - China factory of stainless steel products","description":"20 years factory","publisher":{"@id":"https:\/\/jm-xiangsheng.com\/#organization"},"potentialAction":[{"@type":"SearchAction","target":{"@type":"EntryPoint","urlTemplate":"https:\/\/jm-xiangsheng.com\/?s={search_term_string}"},"query-input":"required name=search_term_string"}],"inLanguage":"pt-PT"},{"@type":"Organization","@id":"https:\/\/jm-xiangsheng.com\/#organization","name":"Xiangsheng - China factory of stainless steel products","url":"https:\/\/jm-xiangsheng.com\/","logo":{"@type":"ImageObject","inLanguage":"pt-PT","@id":"https:\/\/jm-xiangsheng.com\/#\/schema\/logo\/image\/","url":"https:\/\/jm-xiangsheng.com\/wp-content\/uploads\/2024\/05\/cropped-\u672a\u6807\u9898-3-\u62f7\u8d1d.png","contentUrl":"https:\/\/jm-xiangsheng.com\/wp-content\/uploads\/2024\/05\/cropped-\u672a\u6807\u9898-3-\u62f7\u8d1d.png","width":490,"height":140,"caption":"Xiangsheng - China factory of stainless steel products"},"image":{"@id":"https:\/\/jm-xiangsheng.com\/#\/schema\/logo\/image\/"}}]}},"_links":{"self":[{"href":"https:\/\/jm-xiangsheng.com\/pt\/wp-json\/wp\/v2\/product\/12859","targetHints":{"allow":["GET"]}}],"collection":[{"href":"https:\/\/jm-xiangsheng.com\/pt\/wp-json\/wp\/v2\/product"}],"about":[{"href":"https:\/\/jm-xiangsheng.com\/pt\/wp-json\/wp\/v2\/types\/product"}],"wp:featuredmedia":[{"embeddable":true,"href":"https:\/\/jm-xiangsheng.com\/pt\/wp-json\/wp\/v2\/media\/12941"}],"wp:attachment":[{"href":"https:\/\/jm-xiangsheng.com\/pt\/wp-json\/wp\/v2\/media?parent=12859"}],"wp:term":[{"taxonomy":"product_cat","embeddable":true,"href":"https:\/\/jm-xiangsheng.com\/pt\/wp-json\/wp\/v2\/product_cat?post=12859"},{"taxonomy":"product_tag","embeddable":true,"href":"https:\/\/jm-xiangsheng.com\/pt\/wp-json\/wp\/v2\/product_tag?post=12859"}],"curies":[{"name":"wp","href":"https:\/\/api.w.org\/{rel}","templated":true}]}}