{"id":12125,"date":"2023-10-26T16:36:21","date_gmt":"2023-10-26T08:36:21","guid":{"rendered":"https:\/\/jm-xiangsheng.com\/?post_type=product&#038;p=12125"},"modified":"2025-04-21T14:48:23","modified_gmt":"2025-04-21T06:48:23","slug":"stainless-steel-mixing-vat-pot","status":"publish","type":"product","link":"https:\/\/jm-xiangsheng.com\/pt\/produto\/industrial-containers\/stainless-steel-mixing-vat-pot\/","title":{"rendered":"Cuba de mistura em a\u00e7o inoxid\u00e1vel"},"content":{"rendered":"<p>Caro cliente, A cuba de mistura de a\u00e7o inoxid\u00e1vel pode ser aplicada em diferentes ind\u00fastrias, como a farmac\u00eautica sanit\u00e1ria, qu\u00edmica, alimentar e de bebidas, e cosm\u00e9tica. Pode ser usado como tanques de a\u00e7o inoxid\u00e1vel de grau industrial, tanque de a\u00e7o inoxid\u00e1vel sanit\u00e1rio, recipiente emparelhado com m\u00e1quina, pote de estoque de a\u00e7o inoxid\u00e1vel de grau aliment\u00edcio, tambores, etc. Somos uma empresa de 20 anos<em class=\"Highlight htc000d321-c0bd-4561-9d47-dae4a2a71609\"> f\u00e1brica\u00a0<\/em><em class=\"Highlight htc000d321-c0bd-4561-9d47-dae4a2a71609\">produzir barril<\/em>\u00a0da norma para<em class=\"Highlight htc000d321-c0bd-4561-9d47-dae4a2a71609\">\u00a0personalizado\u00a0<\/em>tamanhos, do min\u00fasculo ao gigante.  Temos moldes de tamanhos standard e muitos moldes exclusivos. Envie-nos uma mensagem, vamos falar de pormenores. \u00a0<\/p>\r\n<p>---------------------------------------------<\/p>\r\n<!-- \/wp:post-content -->\r\n\r\n<!-- wp:heading {\"editorskit_typography\":{\"family\":\"\",\"name\":\"\",\"weight\":\"\"}} -->\r\n<h2 class=\"wp-block-heading\"><strong><a class=\"ek-link\" href=\"https:\/\/jm-xiangsheng.com\/pt\/about-xiangsheng\/\">Xiangsheng\u00a0<em>F\u00e1brica<\/em><\/a><\/strong><\/h2>\r\n<!-- \/wp:heading -->\r\n\r\n<!-- wp:paragraph -->\r\n<p>Xiangsheng \u00e9 uma f\u00e1brica estabelecida em <strong>2005<\/strong> com uma vasta experi\u00eancia, <strong>produ\u00e7\u00e3o de produtos de a\u00e7o inoxid\u00e1vel<\/strong>\u00a0com sede em\u00a0<em>China<\/em>. Abaixo est\u00e3o os nossos 7 valores principais. Se estiver interessado em importar stock pot, sinta-se \u00e0 vontade para\u00a0<strong>CONTACTO<\/strong>\u00a0n\u00f3s.<\/p>\r\n<!-- \/wp:paragraph -->\r\n\r\n<!-- wp:spacer {\"height\":\"41px\",\"editorskit_typography\":{\"family\":\"\",\"name\":\"\",\"weight\":\"\"}} -->\r\n<div class=\"wp-block-spacer\" aria-hidden=\"true\">\u00a0<\/div>\r\n<!-- \/wp:spacer -->\r\n\r\n<!-- wp:paragraph -->\r\n<p><strong>1) Engenheiro Assist\u00eancia t\u00e9cnica<\/strong>-tipos de materiais, estilos, desenhos.<\/p>\r\n<!-- \/wp:paragraph -->\r\n\r\n<!-- wp:paragraph -->\r\n<p><strong>2) Amostra dispon\u00edvel, pre\u00e7o competitivo por atacado<\/strong>- a amostra \u00e9 aceit\u00e1vel, e come\u00e7a a partir de moq 20pcs, n\u00f3s oferecemos em primeira m\u00e3o ex-<em>f\u00e1brica<\/em>\u00a0pre\u00e7o, sem intermedi\u00e1rios!<\/p>\r\n<!-- \/wp:paragraph -->\r\n\r\n<!-- wp:paragraph -->\r\n<p><strong>3) Relat\u00f3rio de ensaio<\/strong>O material de a\u00e7o inoxid\u00e1vel -201 ou 304 passou no teste SGS.<\/p>\r\n<!-- \/wp:paragraph -->\r\n\r\n<!-- wp:paragraph -->\r\n<p><strong>4) Imagens do produto<\/strong>-Nunca se sinta desamparado em rela\u00e7\u00e3o ao marketing! Oferecemos-lhe fotografias se precisar. Quando estivermos a produzir o produto, tamb\u00e9m lhe tiraremos fotografias, para que possa saber o progresso. Assim, se encontrar algum problema, pode avisar-nos o mais rapidamente poss\u00edvel antes de cometer um grande erro.<\/p>\r\n<!-- \/wp:paragraph -->\r\n\r\n<!-- wp:paragraph -->\r\n<p><strong>5) V\u00eddeos de inspe\u00e7\u00e3o<\/strong>-Depois de terminarmos a mercadoria, podemos levar-lhe v\u00eddeos para uma melhor avalia\u00e7\u00e3o. Assim, pode dizer-nos quais as partes que quer melhorar antes do envio.<\/p>\r\n<!-- \/wp:paragraph -->\r\n\r\n<!-- wp:paragraph -->\r\n<p><strong>6) Guia para comprar baldes de leite a <em>China<\/em><\/strong>-Baseado no seu pedido, n\u00f3s podemos cotar o pre\u00e7o EXW, FOB, CIF ou DDP. Os nossos agentes de transporte est\u00e3o a oferecer um frete favor\u00e1vel, ajudando-o a poupar mais! Se tiver os seus agentes de transporte, tamb\u00e9m os pode nomear.<\/p>\r\n<!-- \/wp:paragraph -->\r\n\r\n<!-- wp:paragraph -->\r\n<p>------------------------<\/p>\r\n<!-- \/wp:paragraph -->\r\n<h3><span style=\"color: #ed1c24;\"><b>Envie-nos uma mensagem, vamos falar de pormenores.<\/b><\/span><\/h3>\r\n<p>&nbsp;<\/p>\r\n<h3><a href=\"https:\/\/youtu.be\/9INHbf257ho\">V\u00eddeo do produto:<\/a><\/h3>","protected":false},"excerpt":{"rendered":"<p><em class=\"Highlight htc000d321-c0bd-4561-9d47-dae4a2a71609\">F\u00e1brica<\/em><em class=\"Highlight htc000d321-c0bd-4561-9d47-dae4a2a71609\">\u00a0OEM\u00a0<\/em><em class=\"Highlight htc000d321-c0bd-4561-9d47-dae4a2a71609\">ODM<\/em> Tina de mistura personalizada de tamanho normal. Tem uma tampa abaulada e diferentes op\u00e7\u00f5es de fundo.<\/p>\n<p><strong>Carater\u00edsticas:<\/strong><\/p>\n<ul>\n<li>201\/304\/316 A\u00e7o inoxid\u00e1vel: Material genu\u00edno e de qualidade alimentar anti-ferrugem e anti-corros\u00e3o<\/li>\n<li>Bem feito: Estrutura robusta, bom polimento e soldadura.<\/li>\n<li>Higi\u00e9nico e de longa dura\u00e7\u00e3o: seguro para tocar nos alimentos. Sem odor e sem toxicidade. F\u00e1cil de manter em condi\u00e7\u00f5es higi\u00e9nicas.<\/li>\n<\/ul>","protected":false},"featured_media":15278,"template":"","meta":{"_seopress_robots_primary_cat":"none","_editorskit_title_hidden":false,"_editorskit_reading_time":0,"_editorskit_is_block_options_detached":false,"_editorskit_block_options_position":"{}","_editorskit_typography_data":[],"_editorskit_blocks_typography":""},"product_cat":[178],"product_tag":[],"class_list":["post-12125","product","type-product","status-publish","has-post-thumbnail","hentry","product_cat-industrial-containers"],"yoast_head":"<!-- This site is optimized with the Yoast SEO plugin v21.4 - https:\/\/yoast.com\/wordpress\/plugins\/seo\/ -->\n<title>Stainless Steel Mixing Vat Pot<\/title>\n<meta name=\"description\" content=\"We are a 20-years factory\u00a0produce Stainless Steel Mixing Vat Pot from standard to\u00a0custom\u00a0sizes, from tiny to giant.\u00a0We can customize for you!\" \/>\n<meta name=\"robots\" content=\"index, follow, max-snippet:-1, max-image-preview:large, max-video-preview:-1\" \/>\n<link rel=\"canonical\" href=\"https:\/\/jm-xiangsheng.com\/pt\/product\/industrial-containers\/stainless-steel-mixing-vat-pot\/\" \/>\n<meta property=\"og:locale\" content=\"pt_PT\" \/>\n<meta property=\"og:type\" content=\"article\" \/>\n<meta property=\"og:title\" content=\"Stainless Steel Mixing Vat Pot\" \/>\n<meta property=\"og:description\" content=\"We are a 20-years factory\u00a0produce Stainless Steel Mixing Vat Pot from standard to\u00a0custom\u00a0sizes, from tiny to giant.\u00a0We can customize for you!\" \/>\n<meta property=\"og:url\" content=\"https:\/\/jm-xiangsheng.com\/pt\/product\/industrial-containers\/stainless-steel-mixing-vat-pot\/\" \/>\n<meta property=\"og:site_name\" content=\"Xiangsheng - China factory of stainless steel products\" \/>\n<meta property=\"article:modified_time\" content=\"2025-04-21T06:48:23+00:00\" \/>\n<meta property=\"og:image\" content=\"http:\/\/jm-xiangsheng.com\/wp-content\/uploads\/2023\/10\/\u4e3b\u56fe11.jpg\" \/>\n\t<meta property=\"og:image:width\" content=\"800\" \/>\n\t<meta property=\"og:image:height\" content=\"800\" \/>\n\t<meta property=\"og:image:type\" content=\"image\/jpeg\" \/>\n<meta name=\"twitter:card\" content=\"summary_large_image\" \/>\n<meta name=\"twitter:label1\" content=\"Tempo estimado de leitura\" \/>\n\t<meta name=\"twitter:data1\" content=\"2 minutos\" \/>\n<script type=\"application\/ld+json\" class=\"yoast-schema-graph\">{\"@context\":\"https:\/\/schema.org\",\"@graph\":[{\"@type\":\"WebPage\",\"@id\":\"https:\/\/jm-xiangsheng.com\/product\/industrial-containers\/stainless-steel-mixing-vat-pot\/\",\"url\":\"https:\/\/jm-xiangsheng.com\/product\/industrial-containers\/stainless-steel-mixing-vat-pot\/\",\"name\":\"Stainless Steel Mixing Vat Pot\",\"isPartOf\":{\"@id\":\"https:\/\/jm-xiangsheng.com\/#website\"},\"datePublished\":\"2023-10-26T08:36:21+00:00\",\"dateModified\":\"2025-04-21T06:48:23+00:00\",\"description\":\"We are a 20-years factory\u00a0produce Stainless Steel Mixing Vat Pot from standard to\u00a0custom\u00a0sizes, from tiny to giant.\u00a0We can customize for you!\",\"breadcrumb\":{\"@id\":\"https:\/\/jm-xiangsheng.com\/product\/industrial-containers\/stainless-steel-mixing-vat-pot\/#breadcrumb\"},\"inLanguage\":\"pt-PT\",\"potentialAction\":[{\"@type\":\"ReadAction\",\"target\":[\"https:\/\/jm-xiangsheng.com\/product\/industrial-containers\/stainless-steel-mixing-vat-pot\/\"]}]},{\"@type\":\"BreadcrumbList\",\"@id\":\"https:\/\/jm-xiangsheng.com\/product\/industrial-containers\/stainless-steel-mixing-vat-pot\/#breadcrumb\",\"itemListElement\":[{\"@type\":\"ListItem\",\"position\":1,\"name\":\"Home\",\"item\":\"https:\/\/jm-xiangsheng.com\/\"},{\"@type\":\"ListItem\",\"position\":2,\"name\":\"Product\",\"item\":\"https:\/\/jm-xiangsheng.com\/products\/\"},{\"@type\":\"ListItem\",\"position\":3,\"name\":\"Industrial containers\",\"item\":\"https:\/\/jm-xiangsheng.com\/product-category\/industrial-containers\/\"},{\"@type\":\"ListItem\",\"position\":4,\"name\":\"Stainless steel mixing vat pot\"}]},{\"@type\":\"WebSite\",\"@id\":\"https:\/\/jm-xiangsheng.com\/#website\",\"url\":\"https:\/\/jm-xiangsheng.com\/\",\"name\":\"Xiangsheng - China factory of stainless steel products\",\"description\":\"20 years factory\",\"publisher\":{\"@id\":\"https:\/\/jm-xiangsheng.com\/#organization\"},\"potentialAction\":[{\"@type\":\"SearchAction\",\"target\":{\"@type\":\"EntryPoint\",\"urlTemplate\":\"https:\/\/jm-xiangsheng.com\/?s={search_term_string}\"},\"query-input\":\"required name=search_term_string\"}],\"inLanguage\":\"pt-PT\"},{\"@type\":\"Organization\",\"@id\":\"https:\/\/jm-xiangsheng.com\/#organization\",\"name\":\"Xiangsheng - China factory of stainless steel products\",\"url\":\"https:\/\/jm-xiangsheng.com\/\",\"logo\":{\"@type\":\"ImageObject\",\"inLanguage\":\"pt-PT\",\"@id\":\"https:\/\/jm-xiangsheng.com\/#\/schema\/logo\/image\/\",\"url\":\"https:\/\/jm-xiangsheng.com\/wp-content\/uploads\/2024\/05\/cropped-\u672a\u6807\u9898-3-\u62f7\u8d1d.png\",\"contentUrl\":\"https:\/\/jm-xiangsheng.com\/wp-content\/uploads\/2024\/05\/cropped-\u672a\u6807\u9898-3-\u62f7\u8d1d.png\",\"width\":490,\"height\":140,\"caption\":\"Xiangsheng - China factory of stainless steel products\"},\"image\":{\"@id\":\"https:\/\/jm-xiangsheng.com\/#\/schema\/logo\/image\/\"}}]}<\/script>\n<!-- \/ Yoast SEO plugin. -->","yoast_head_json":{"title":"Stainless Steel Mixing Vat Pot","description":"We are a 20-years factory\u00a0produce Stainless Steel Mixing Vat Pot from standard to\u00a0custom\u00a0sizes, from tiny to giant.\u00a0We can customize for you!","robots":{"index":"index","follow":"follow","max-snippet":"max-snippet:-1","max-image-preview":"max-image-preview:large","max-video-preview":"max-video-preview:-1"},"canonical":"https:\/\/jm-xiangsheng.com\/pt\/product\/industrial-containers\/stainless-steel-mixing-vat-pot\/","og_locale":"pt_PT","og_type":"article","og_title":"Stainless Steel Mixing Vat Pot","og_description":"We are a 20-years factory\u00a0produce Stainless Steel Mixing Vat Pot from standard to\u00a0custom\u00a0sizes, from tiny to giant.\u00a0We can customize for you!","og_url":"https:\/\/jm-xiangsheng.com\/pt\/product\/industrial-containers\/stainless-steel-mixing-vat-pot\/","og_site_name":"Xiangsheng - China factory of stainless steel products","article_modified_time":"2025-04-21T06:48:23+00:00","og_image":[{"width":800,"height":800,"url":"http:\/\/jm-xiangsheng.com\/wp-content\/uploads\/2023\/10\/\u4e3b\u56fe11.jpg","type":"image\/jpeg"}],"twitter_card":"summary_large_image","twitter_misc":{"Tempo estimado de leitura":"2 minutos"},"schema":{"@context":"https:\/\/schema.org","@graph":[{"@type":"WebPage","@id":"https:\/\/jm-xiangsheng.com\/product\/industrial-containers\/stainless-steel-mixing-vat-pot\/","url":"https:\/\/jm-xiangsheng.com\/product\/industrial-containers\/stainless-steel-mixing-vat-pot\/","name":"Stainless Steel Mixing Vat Pot","isPartOf":{"@id":"https:\/\/jm-xiangsheng.com\/#website"},"datePublished":"2023-10-26T08:36:21+00:00","dateModified":"2025-04-21T06:48:23+00:00","description":"We are a 20-years factory\u00a0produce Stainless Steel Mixing Vat Pot from standard to\u00a0custom\u00a0sizes, from tiny to giant.\u00a0We can customize for you!","breadcrumb":{"@id":"https:\/\/jm-xiangsheng.com\/product\/industrial-containers\/stainless-steel-mixing-vat-pot\/#breadcrumb"},"inLanguage":"pt-PT","potentialAction":[{"@type":"ReadAction","target":["https:\/\/jm-xiangsheng.com\/product\/industrial-containers\/stainless-steel-mixing-vat-pot\/"]}]},{"@type":"BreadcrumbList","@id":"https:\/\/jm-xiangsheng.com\/product\/industrial-containers\/stainless-steel-mixing-vat-pot\/#breadcrumb","itemListElement":[{"@type":"ListItem","position":1,"name":"Home","item":"https:\/\/jm-xiangsheng.com\/"},{"@type":"ListItem","position":2,"name":"Product","item":"https:\/\/jm-xiangsheng.com\/products\/"},{"@type":"ListItem","position":3,"name":"Industrial containers","item":"https:\/\/jm-xiangsheng.com\/product-category\/industrial-containers\/"},{"@type":"ListItem","position":4,"name":"Stainless steel mixing vat pot"}]},{"@type":"WebSite","@id":"https:\/\/jm-xiangsheng.com\/#website","url":"https:\/\/jm-xiangsheng.com\/","name":"Xiangsheng - China factory of stainless steel products","description":"20 years factory","publisher":{"@id":"https:\/\/jm-xiangsheng.com\/#organization"},"potentialAction":[{"@type":"SearchAction","target":{"@type":"EntryPoint","urlTemplate":"https:\/\/jm-xiangsheng.com\/?s={search_term_string}"},"query-input":"required name=search_term_string"}],"inLanguage":"pt-PT"},{"@type":"Organization","@id":"https:\/\/jm-xiangsheng.com\/#organization","name":"Xiangsheng - China factory of stainless steel products","url":"https:\/\/jm-xiangsheng.com\/","logo":{"@type":"ImageObject","inLanguage":"pt-PT","@id":"https:\/\/jm-xiangsheng.com\/#\/schema\/logo\/image\/","url":"https:\/\/jm-xiangsheng.com\/wp-content\/uploads\/2024\/05\/cropped-\u672a\u6807\u9898-3-\u62f7\u8d1d.png","contentUrl":"https:\/\/jm-xiangsheng.com\/wp-content\/uploads\/2024\/05\/cropped-\u672a\u6807\u9898-3-\u62f7\u8d1d.png","width":490,"height":140,"caption":"Xiangsheng - China factory of stainless steel products"},"image":{"@id":"https:\/\/jm-xiangsheng.com\/#\/schema\/logo\/image\/"}}]}},"_links":{"self":[{"href":"https:\/\/jm-xiangsheng.com\/pt\/wp-json\/wp\/v2\/product\/12125","targetHints":{"allow":["GET"]}}],"collection":[{"href":"https:\/\/jm-xiangsheng.com\/pt\/wp-json\/wp\/v2\/product"}],"about":[{"href":"https:\/\/jm-xiangsheng.com\/pt\/wp-json\/wp\/v2\/types\/product"}],"wp:featuredmedia":[{"embeddable":true,"href":"https:\/\/jm-xiangsheng.com\/pt\/wp-json\/wp\/v2\/media\/15278"}],"wp:attachment":[{"href":"https:\/\/jm-xiangsheng.com\/pt\/wp-json\/wp\/v2\/media?parent=12125"}],"wp:term":[{"taxonomy":"product_cat","embeddable":true,"href":"https:\/\/jm-xiangsheng.com\/pt\/wp-json\/wp\/v2\/product_cat?post=12125"},{"taxonomy":"product_tag","embeddable":true,"href":"https:\/\/jm-xiangsheng.com\/pt\/wp-json\/wp\/v2\/product_tag?post=12125"}],"curies":[{"name":"wp","href":"https:\/\/api.w.org\/{rel}","templated":true}]}}