{"id":6522,"date":"2022-08-16T10:54:58","date_gmt":"2022-08-16T02:54:58","guid":{"rendered":"https:\/\/jm-xiangsheng.com\/?post_type=product&#038;p=6522"},"modified":"2025-03-31T16:36:46","modified_gmt":"2025-03-31T08:36:46","slug":"stainless-steel-napkin-holder-ts100","status":"publish","type":"product","link":"https:\/\/jm-xiangsheng.com\/fr\/produit\/commercial-kitchenware\/buffet-ware-buffet-display\/stainless-steel-napkin-holder-ts100\/","title":{"rendered":"Porte-serviettes en acier inoxydable TS100"},"content":{"rendered":"<p>Cher client, Nous produisons des porte-serviettes en acier inoxydable de tailles standard \u00e0 personnalis\u00e9es, du plus petit au plus grand.  Nous disposons de moules de taille standard et de nombreux moules exclusifs. Nous pouvons \u00e9galement personnaliser pour vous !!!<\/p>\r\n<p><span style=\"color: #ed1c24;\"><b>Envoyez-nous un message, nous parlerons des d\u00e9tails.<\/b><\/span> \u00a0<\/p>\r\n<p>Mat\u00e9riau : Acier inoxydable 304<\/p>\r\n<p>\u00c9paisseur : 1,2 mm<\/p>\r\n<p>Surface:Polissage<\/p>\r\n<p>Emballage : 1 unit\u00e9 par carton, sac en poly\u00e9thyl\u00e8ne, bo\u00eete en carton standard pour l'exportation \u00a0<\/p>\r\n<p>---------------------------------------------<\/p>\r\n<!-- \/wp:post-content -->\r\n\r\n<!-- wp:heading {\"editorskit_typography\":{\"family\":\"\",\"name\":\"\",\"weight\":\"\"}} -->\r\n<h2 class=\"wp-block-heading\"><strong><a class=\"ek-link\" href=\"https:\/\/jm-xiangsheng.com\/fr\/about-xiangsheng\/\">Xiangsheng\u00a0<em>Usine<\/em><\/a><\/strong><\/h2>\r\n<!-- \/wp:heading -->\r\n\r\n<!-- wp:paragraph -->\r\n<p>Xiangsheng est une usine \u00e9tablie en <strong>2005<\/strong> avec une grande exp\u00e9rience, <strong>la fabrication de produits en acier inoxydable<\/strong>\u00a0bas\u00e9 \u00e0\u00a0<em>Chine<\/em>. Vous trouverez ci-dessous nos 7 principales valeurs. Si vous \u00eates int\u00e9ress\u00e9 par l'importation de stocks de pommes de terre, n'h\u00e9sitez pas \u00e0 nous contacter.\u00a0<strong>CONTACT<\/strong>\u00a0nous.<\/p>\r\n<!-- \/wp:paragraph -->\r\n\r\n<!-- wp:spacer {\"height\":\"41px\",\"editorskit_typography\":{\"family\":\"\",\"name\":\"\",\"weight\":\"\"}} -->\r\n<div class=\"wp-block-spacer\" aria-hidden=\"true\">\u00a0<\/div>\r\n<!-- \/wp:spacer -->\r\n\r\n<!-- wp:paragraph -->\r\n<p><strong>1) Ing\u00e9nieur Assistance technique<\/strong>-Types de mat\u00e9riaux, styles, dessins.<\/p>\r\n<!-- \/wp:paragraph -->\r\n\r\n<!-- wp:paragraph -->\r\n<p><strong>2) Echantillons disponibles, prix de gros comp\u00e9titifs<\/strong>- Les \u00e9chantillons sont accept\u00e9s, et \u00e0 partir de 20 pi\u00e8ces, nous offrons un service de premi\u00e8re main.<em>usine<\/em>\u00a0prix, pas d'interm\u00e9diaire !<\/p>\r\n<!-- \/wp:paragraph -->\r\n\r\n<!-- wp:paragraph -->\r\n<p><strong>3) Rapport d'essai<\/strong>Mat\u00e9riau en acier inoxydable -201 ou 304, test\u00e9 par SGS.<\/p>\r\n<!-- \/wp:paragraph -->\r\n\r\n<!-- wp:paragraph -->\r\n<p><strong>4) Photos des produits<\/strong>-Ne vous sentez jamais d\u00e9munis en mati\u00e8re de marketing ! Nous vous fournirons des photos si vous le souhaitez. Lorsque nous fabriquons le produit, nous prenons \u00e9galement des photos pour vous, afin que vous puissiez conna\u00eetre l'\u00e9tat d'avancement. Ainsi, si vous rencontrez des probl\u00e8mes, vous pouvez nous en faire part avant de commettre de grosses erreurs.<\/p>\r\n<!-- \/wp:paragraph -->\r\n\r\n<!-- wp:paragraph -->\r\n<p><strong>5) Vid\u00e9os d'inspection<\/strong>-Une fois les marchandises termin\u00e9es, nous pouvons vous montrer des vid\u00e9os pour une meilleure \u00e9valuation. Ainsi, vous pouvez nous indiquer les parties que vous souhaitez am\u00e9liorer avant l'exp\u00e9dition.<\/p>\r\n<!-- \/wp:paragraph -->\r\n\r\n<!-- wp:paragraph -->\r\n<p><strong>6) Guide d'achat des seaux \u00e0 lait <em>Chine<\/em><\/strong>-En fonction de votre demande, nous pouvons vous proposer un prix EXW, FOB, CIF ou DDP. Nos agents maritimes proposent des tarifs avantageux, ce qui vous permet d'\u00e9conomiser davantage ! Si vous avez vos propres agents maritimes, vous pouvez \u00e9galement les nommer.<\/p>\r\n<!-- \/wp:paragraph -->\r\n\r\n<!-- wp:paragraph -->\r\n<p>------------------------<\/p>\r\n<!-- \/wp:paragraph -->\r\n<h3><span style=\"color: #ed1c24;\"><b>Envoyez-nous un message, nous parlerons des d\u00e9tails.<\/b><\/span><\/h3>\r\n<p>&nbsp;<\/p>\r\n<h3><a href=\"https:\/\/youtu.be\/9INHbf257ho\">Vid\u00e9o du produit :<\/a><\/h3>\r\n<h4 style=\"text-align: center;\">\u00a0<\/h4>","protected":false},"excerpt":{"rendered":"<p data-spm-anchor-id=\"a2700.details.0.i28.1dd71739RiFUOv\">Ce porte-serviettes a un motif corail. Il peut \u00eatre utilis\u00e9 pour servir des serviettes aux invit\u00e9s. Demandez librement \u00e0 notre repr\u00e9sentant des ventes et nous vous proposerons notre meilleur prix.<\/p>\n<p><strong>Caract\u00e9ristiques :<\/strong><\/p>\n<ul>\n<li>Fabrication exquise : robuste, haute brillance, aspect artistique.<\/li>\n<li>Largement utilis\u00e9 dans diverses applications : mariages, banquets, pique-niques, anniversaires, f\u00eates, etc.<\/li>\n<li>Bord lisse : pas de rayures.<\/li>\n<li>Facile \u00e0 nettoyer : Nettoyer avec un d\u00e9tergent et essuyer.<\/li>\n<\/ul>\n<p>\u00a0 <strong>\u00a0MOQ : 10pcs par commande (accepte les articles mixtes)<\/strong> <strong>\u00a0EX Prix d'usine : environ <span style=\"color: #ff0000;\">7.9USD<\/span><\/strong><\/p>","protected":false},"featured_media":7187,"template":"","meta":{"_seopress_robots_primary_cat":"none","_editorskit_title_hidden":false,"_editorskit_reading_time":0,"_editorskit_is_block_options_detached":false,"_editorskit_block_options_position":"{}","_editorskit_typography_data":[],"_editorskit_blocks_typography":""},"product_cat":[50],"product_tag":[164],"class_list":["post-6522","product","type-product","status-publish","has-post-thumbnail","hentry","product_cat-buffet-ware-buffet-display","product_tag-napkin-box-holder"],"yoast_head":"<!-- This site is optimized with the Yoast SEO plugin v21.4 - https:\/\/yoast.com\/wordpress\/plugins\/seo\/ -->\n<title>Stainless Steel Napkin Holder<\/title>\n<meta name=\"description\" content=\"We produce Stainless Steel Napkin Holder from standard to custom sizes, from tiny to giant.\u00a0 Standard sizes molds and many exclusive molds.\" \/>\n<meta name=\"robots\" content=\"index, follow, max-snippet:-1, max-image-preview:large, max-video-preview:-1\" \/>\n<link rel=\"canonical\" href=\"https:\/\/jm-xiangsheng.com\/fr\/product\/commercial-kitchenware\/buffet-ware-buffet-display\/stainless-steel-napkin-holder-ts100\/\" \/>\n<meta property=\"og:locale\" content=\"fr_FR\" \/>\n<meta property=\"og:type\" content=\"article\" \/>\n<meta property=\"og:title\" content=\"Stainless Steel Napkin Holder\" \/>\n<meta property=\"og:description\" content=\"We produce Stainless Steel Napkin Holder from standard to custom sizes, from tiny to giant.\u00a0 Standard sizes molds and many exclusive molds.\" \/>\n<meta property=\"og:url\" content=\"https:\/\/jm-xiangsheng.com\/fr\/product\/commercial-kitchenware\/buffet-ware-buffet-display\/stainless-steel-napkin-holder-ts100\/\" \/>\n<meta property=\"og:site_name\" content=\"Xiangsheng - China factory of stainless steel products\" \/>\n<meta property=\"article:modified_time\" content=\"2025-03-31T08:36:46+00:00\" \/>\n<meta property=\"og:image\" content=\"http:\/\/jm-xiangsheng.com\/wp-content\/uploads\/2022\/08\/1-4-23.jpg\" \/>\n\t<meta property=\"og:image:width\" content=\"750\" \/>\n\t<meta property=\"og:image:height\" content=\"750\" \/>\n\t<meta property=\"og:image:type\" content=\"image\/jpeg\" \/>\n<meta name=\"twitter:card\" content=\"summary_large_image\" \/>\n<meta name=\"twitter:label1\" content=\"Dur\u00e9e de lecture estim\u00e9e\" \/>\n\t<meta name=\"twitter:data1\" content=\"2 minutes\" \/>\n<script type=\"application\/ld+json\" class=\"yoast-schema-graph\">{\"@context\":\"https:\/\/schema.org\",\"@graph\":[{\"@type\":\"WebPage\",\"@id\":\"https:\/\/jm-xiangsheng.com\/product\/commercial-kitchenware\/buffet-ware-buffet-display\/stainless-steel-napkin-holder-ts100\/\",\"url\":\"https:\/\/jm-xiangsheng.com\/product\/commercial-kitchenware\/buffet-ware-buffet-display\/stainless-steel-napkin-holder-ts100\/\",\"name\":\"Stainless Steel Napkin Holder\",\"isPartOf\":{\"@id\":\"https:\/\/jm-xiangsheng.com\/#website\"},\"datePublished\":\"2022-08-16T02:54:58+00:00\",\"dateModified\":\"2025-03-31T08:36:46+00:00\",\"description\":\"We produce Stainless Steel Napkin Holder from standard to custom sizes, from tiny to giant.\u00a0 Standard sizes molds and many exclusive molds.\",\"breadcrumb\":{\"@id\":\"https:\/\/jm-xiangsheng.com\/product\/commercial-kitchenware\/buffet-ware-buffet-display\/stainless-steel-napkin-holder-ts100\/#breadcrumb\"},\"inLanguage\":\"fr-FR\",\"potentialAction\":[{\"@type\":\"ReadAction\",\"target\":[\"https:\/\/jm-xiangsheng.com\/product\/commercial-kitchenware\/buffet-ware-buffet-display\/stainless-steel-napkin-holder-ts100\/\"]}]},{\"@type\":\"BreadcrumbList\",\"@id\":\"https:\/\/jm-xiangsheng.com\/product\/commercial-kitchenware\/buffet-ware-buffet-display\/stainless-steel-napkin-holder-ts100\/#breadcrumb\",\"itemListElement\":[{\"@type\":\"ListItem\",\"position\":1,\"name\":\"Home\",\"item\":\"https:\/\/jm-xiangsheng.com\/\"},{\"@type\":\"ListItem\",\"position\":2,\"name\":\"Product\",\"item\":\"https:\/\/jm-xiangsheng.com\/products\/\"},{\"@type\":\"ListItem\",\"position\":3,\"name\":\"Commercial kitchenware\",\"item\":\"https:\/\/jm-xiangsheng.com\/product-category\/commercial-kitchenware\/\"},{\"@type\":\"ListItem\",\"position\":4,\"name\":\"Buffet ware &amp; buffet display\",\"item\":\"https:\/\/jm-xiangsheng.com\/product-category\/commercial-kitchenware\/buffet-ware-buffet-display\/\"},{\"@type\":\"ListItem\",\"position\":5,\"name\":\"Stainless Steel Napkin Holder TS100\"}]},{\"@type\":\"WebSite\",\"@id\":\"https:\/\/jm-xiangsheng.com\/#website\",\"url\":\"https:\/\/jm-xiangsheng.com\/\",\"name\":\"Xiangsheng - China factory of stainless steel products\",\"description\":\"20 years factory\",\"publisher\":{\"@id\":\"https:\/\/jm-xiangsheng.com\/#organization\"},\"potentialAction\":[{\"@type\":\"SearchAction\",\"target\":{\"@type\":\"EntryPoint\",\"urlTemplate\":\"https:\/\/jm-xiangsheng.com\/?s={search_term_string}\"},\"query-input\":\"required name=search_term_string\"}],\"inLanguage\":\"fr-FR\"},{\"@type\":\"Organization\",\"@id\":\"https:\/\/jm-xiangsheng.com\/#organization\",\"name\":\"Xiangsheng - China factory of stainless steel products\",\"url\":\"https:\/\/jm-xiangsheng.com\/\",\"logo\":{\"@type\":\"ImageObject\",\"inLanguage\":\"fr-FR\",\"@id\":\"https:\/\/jm-xiangsheng.com\/#\/schema\/logo\/image\/\",\"url\":\"https:\/\/jm-xiangsheng.com\/wp-content\/uploads\/2024\/05\/cropped-\u672a\u6807\u9898-3-\u62f7\u8d1d.png\",\"contentUrl\":\"https:\/\/jm-xiangsheng.com\/wp-content\/uploads\/2024\/05\/cropped-\u672a\u6807\u9898-3-\u62f7\u8d1d.png\",\"width\":490,\"height\":140,\"caption\":\"Xiangsheng - China factory of stainless steel products\"},\"image\":{\"@id\":\"https:\/\/jm-xiangsheng.com\/#\/schema\/logo\/image\/\"}}]}<\/script>\n<!-- \/ Yoast SEO plugin. -->","yoast_head_json":{"title":"Stainless Steel Napkin Holder","description":"We produce Stainless Steel Napkin Holder from standard to custom sizes, from tiny to giant.\u00a0 Standard sizes molds and many exclusive molds.","robots":{"index":"index","follow":"follow","max-snippet":"max-snippet:-1","max-image-preview":"max-image-preview:large","max-video-preview":"max-video-preview:-1"},"canonical":"https:\/\/jm-xiangsheng.com\/fr\/product\/commercial-kitchenware\/buffet-ware-buffet-display\/stainless-steel-napkin-holder-ts100\/","og_locale":"fr_FR","og_type":"article","og_title":"Stainless Steel Napkin Holder","og_description":"We produce Stainless Steel Napkin Holder from standard to custom sizes, from tiny to giant.\u00a0 Standard sizes molds and many exclusive molds.","og_url":"https:\/\/jm-xiangsheng.com\/fr\/product\/commercial-kitchenware\/buffet-ware-buffet-display\/stainless-steel-napkin-holder-ts100\/","og_site_name":"Xiangsheng - China factory of stainless steel products","article_modified_time":"2025-03-31T08:36:46+00:00","og_image":[{"width":750,"height":750,"url":"http:\/\/jm-xiangsheng.com\/wp-content\/uploads\/2022\/08\/1-4-23.jpg","type":"image\/jpeg"}],"twitter_card":"summary_large_image","twitter_misc":{"Dur\u00e9e de lecture estim\u00e9e":"2 minutes"},"schema":{"@context":"https:\/\/schema.org","@graph":[{"@type":"WebPage","@id":"https:\/\/jm-xiangsheng.com\/product\/commercial-kitchenware\/buffet-ware-buffet-display\/stainless-steel-napkin-holder-ts100\/","url":"https:\/\/jm-xiangsheng.com\/product\/commercial-kitchenware\/buffet-ware-buffet-display\/stainless-steel-napkin-holder-ts100\/","name":"Stainless Steel Napkin Holder","isPartOf":{"@id":"https:\/\/jm-xiangsheng.com\/#website"},"datePublished":"2022-08-16T02:54:58+00:00","dateModified":"2025-03-31T08:36:46+00:00","description":"We produce Stainless Steel Napkin Holder from standard to custom sizes, from tiny to giant.\u00a0 Standard sizes molds and many exclusive molds.","breadcrumb":{"@id":"https:\/\/jm-xiangsheng.com\/product\/commercial-kitchenware\/buffet-ware-buffet-display\/stainless-steel-napkin-holder-ts100\/#breadcrumb"},"inLanguage":"fr-FR","potentialAction":[{"@type":"ReadAction","target":["https:\/\/jm-xiangsheng.com\/product\/commercial-kitchenware\/buffet-ware-buffet-display\/stainless-steel-napkin-holder-ts100\/"]}]},{"@type":"BreadcrumbList","@id":"https:\/\/jm-xiangsheng.com\/product\/commercial-kitchenware\/buffet-ware-buffet-display\/stainless-steel-napkin-holder-ts100\/#breadcrumb","itemListElement":[{"@type":"ListItem","position":1,"name":"Home","item":"https:\/\/jm-xiangsheng.com\/"},{"@type":"ListItem","position":2,"name":"Product","item":"https:\/\/jm-xiangsheng.com\/products\/"},{"@type":"ListItem","position":3,"name":"Commercial kitchenware","item":"https:\/\/jm-xiangsheng.com\/product-category\/commercial-kitchenware\/"},{"@type":"ListItem","position":4,"name":"Buffet ware &amp; buffet display","item":"https:\/\/jm-xiangsheng.com\/product-category\/commercial-kitchenware\/buffet-ware-buffet-display\/"},{"@type":"ListItem","position":5,"name":"Stainless Steel Napkin Holder TS100"}]},{"@type":"WebSite","@id":"https:\/\/jm-xiangsheng.com\/#website","url":"https:\/\/jm-xiangsheng.com\/","name":"Xiangsheng - China factory of stainless steel products","description":"20 years factory","publisher":{"@id":"https:\/\/jm-xiangsheng.com\/#organization"},"potentialAction":[{"@type":"SearchAction","target":{"@type":"EntryPoint","urlTemplate":"https:\/\/jm-xiangsheng.com\/?s={search_term_string}"},"query-input":"required name=search_term_string"}],"inLanguage":"fr-FR"},{"@type":"Organization","@id":"https:\/\/jm-xiangsheng.com\/#organization","name":"Xiangsheng - China factory of stainless steel products","url":"https:\/\/jm-xiangsheng.com\/","logo":{"@type":"ImageObject","inLanguage":"fr-FR","@id":"https:\/\/jm-xiangsheng.com\/#\/schema\/logo\/image\/","url":"https:\/\/jm-xiangsheng.com\/wp-content\/uploads\/2024\/05\/cropped-\u672a\u6807\u9898-3-\u62f7\u8d1d.png","contentUrl":"https:\/\/jm-xiangsheng.com\/wp-content\/uploads\/2024\/05\/cropped-\u672a\u6807\u9898-3-\u62f7\u8d1d.png","width":490,"height":140,"caption":"Xiangsheng - China factory of stainless steel products"},"image":{"@id":"https:\/\/jm-xiangsheng.com\/#\/schema\/logo\/image\/"}}]}},"_links":{"self":[{"href":"https:\/\/jm-xiangsheng.com\/fr\/wp-json\/wp\/v2\/product\/6522","targetHints":{"allow":["GET"]}}],"collection":[{"href":"https:\/\/jm-xiangsheng.com\/fr\/wp-json\/wp\/v2\/product"}],"about":[{"href":"https:\/\/jm-xiangsheng.com\/fr\/wp-json\/wp\/v2\/types\/product"}],"wp:featuredmedia":[{"embeddable":true,"href":"https:\/\/jm-xiangsheng.com\/fr\/wp-json\/wp\/v2\/media\/7187"}],"wp:attachment":[{"href":"https:\/\/jm-xiangsheng.com\/fr\/wp-json\/wp\/v2\/media?parent=6522"}],"wp:term":[{"taxonomy":"product_cat","embeddable":true,"href":"https:\/\/jm-xiangsheng.com\/fr\/wp-json\/wp\/v2\/product_cat?post=6522"},{"taxonomy":"product_tag","embeddable":true,"href":"https:\/\/jm-xiangsheng.com\/fr\/wp-json\/wp\/v2\/product_tag?post=6522"}],"curies":[{"name":"wp","href":"https:\/\/api.w.org\/{rel}","templated":true}]}}