{"id":6025,"date":"2022-08-11T11:47:50","date_gmt":"2022-08-11T03:47:50","guid":{"rendered":"https:\/\/jm-xiangsheng.com\/?post_type=product&#038;p=6025"},"modified":"2025-03-27T10:13:50","modified_gmt":"2025-03-27T02:13:50","slug":"sapele-wood-juice-dispenser-2","status":"publish","type":"product","link":"https:\/\/jm-xiangsheng.com\/fr\/produit\/commercial-kitchenware\/juice-dispenser\/sapele-wood-juice-dispenser-2\/","title":{"rendered":"Distributeur de jus de fruits en bois de sapelli"},"content":{"rendered":"<div>\r\n\r\nCher client, Nous produisons des distributeurs de jus de fruits en bois de sapelli de tailles standard \u00e0 personnalis\u00e9es, du plus petit au plus grand.  Nous disposons de moules de taille standard et de nombreux moules exclusifs. Nous pouvons \u00e9galement personnaliser pour vous !!!\r\n\r\n<span style=\"color: #ed1c24;\"><b>Envoyez-nous un message, nous parlerons des d\u00e9tails.<\/b><\/span>\r\n\r\n&nbsp;\r\n\r\n<strong data-spm-anchor-id=\"a2700.wholesale.0.i21.7e915d290FFWqg\">Mat\u00e9riau :\u00a0<\/strong>Acier inoxydable + bois de sapelli + PC\r\n\r\n<\/div>\r\n<div>\r\n\r\n<strong>Couverture :<\/strong>\u00a0Acier inoxydable 201\r\n<div><strong>Le corps :\u00a0<\/strong>PC tr\u00e8s transparent, de qualit\u00e9 alimentaire.<\/div>\r\n<div data-spm-anchor-id=\"a2700.wholesale.0.i20.7e915d290FFWqg\"><strong>Tuyau de stockage de glace :<\/strong>\u00a0<strong><span style=\"color: #ff0000;\">Acier inoxydable 304<\/span><\/strong>\u00e9paisseur de 0,8 mm.\r\n<strong>Robinet :\u00a0<\/strong>Placage cuivre-zinc. Utilisation s\u00fbre, anti-goutte, facile \u00e0 utiliser, pas de fuite.<\/div>\r\n<\/div>\r\n<div data-spm-anchor-id=\"a2700.wholesale.0.i20.7e915d290FFWqg\"><\/div>\r\n<div data-spm-anchor-id=\"a2700.wholesale.0.i20.7e915d290FFWqg\">\r\n\r\n\u00a0 ---------------------------------------------\r\n<h4 style=\"text-align: center;\"><!-- \/wp:post-content --><!-- wp:heading {\"editorskit_typography\":{\"family\":\"\",\"name\":\"\",\"weight\":\"\"}} --><\/h4>\r\n<h2 class=\"wp-block-heading\"><strong><a class=\"ek-link\" href=\"https:\/\/jm-xiangsheng.com\/fr\/about-xiangsheng\/\">Xiangsheng\u00a0<em>Usine<\/em><\/a><\/strong><\/h2>\r\n<h4 style=\"text-align: center;\"><!-- \/wp:heading --><!-- wp:paragraph --><\/h4>\r\nXiangsheng est un leader\u00a0<strong>20 ans <em>usine<\/em> production d'un distributeur de jus de fruits en acier inoxydable <\/strong>bas\u00e9 \u00e0\u00a0<em>Chine<\/em>. Vous trouverez ci-dessous nos 7 principales valeurs. Si vous \u00eates int\u00e9ress\u00e9 par l'importation de stocks de pommes de terre, n'h\u00e9sitez pas \u00e0 nous contacter.\u00a0<strong>CONTACT<\/strong>\u00a0nous.\r\n<h4 style=\"text-align: center;\"><!-- \/wp:paragraph --><!-- wp:spacer {\"height\":\"41px\",\"editorskit_typography\":{\"family\":\"\",\"name\":\"\",\"weight\":\"\"}} --><\/h4>\r\n<div class=\"wp-block-spacer\" aria-hidden=\"true\"><\/div>\r\n<h4 style=\"text-align: center;\"><!-- \/wp:spacer --><!-- wp:paragraph --><\/h4>\r\n<strong>1) Ing\u00e9nieur Assistance technique<\/strong>-Types de mat\u00e9riaux, styles, dessins.\r\n<h4 style=\"text-align: center;\"><!-- \/wp:paragraph --><!-- wp:paragraph --><\/h4>\r\n<strong>2) Echantillons disponibles, prix de gros comp\u00e9titifs<\/strong>- Les \u00e9chantillons sont accept\u00e9s, et \u00e0 partir de 20 pi\u00e8ces, nous offrons un service de premi\u00e8re main.<em>usine<\/em>\u00a0prix, pas d'interm\u00e9diaire !\r\n<h4 style=\"text-align: center;\"><!-- \/wp:paragraph --><!-- wp:paragraph --><\/h4>\r\n<strong>4) Rapport d'essai<\/strong>Mat\u00e9riau en acier inoxydable -201 ou 304, test\u00e9 par SGS.\r\n<h4 style=\"text-align: center;\"><!-- \/wp:paragraph --><!-- wp:paragraph --><\/h4>\r\n<strong>5) Photos des produits<\/strong>-Ne vous sentez jamais impuissant en mati\u00e8re de marketing ! Nous vous fournirons des photos si vous le souhaitez.\r\n<h4 style=\"text-align: center;\"><!-- \/wp:paragraph --><!-- wp:paragraph --><\/h4>\r\n<strong>6) Vid\u00e9os d'inspection<\/strong>-Une fois les produits finis, nous pouvons vous pr\u00e9senter des vid\u00e9os pour une meilleure \u00e9valuation.\r\n<h4 style=\"text-align: center;\"><!-- \/wp:paragraph --><!-- wp:paragraph --><\/h4>\r\n<strong>7) Guide d'achat des seaux \u00e0 lait\u00a0<em>Chine<\/em><\/strong>-En fonction de votre demande, nous pouvons vous proposer un prix EXW, FOB, CIF ou DDP. Nos agents maritimes proposent des tarifs avantageux, ce qui vous permet d'\u00e9conomiser davantage !\r\n<h4 style=\"text-align: center;\"><!-- \/wp:paragraph --><!-- wp:paragraph --><\/h4>\r\n------------------------\r\n<h4 style=\"text-align: center;\"><!-- \/wp:paragraph --><\/h4>\r\n<h3><span style=\"color: #ed1c24;\"><b>Envoyez-nous un message, nous parlerons des d\u00e9tails.<\/b><\/span><\/h3>\r\n&nbsp;\r\n<h2 data-line-height=\"xs\"><a href=\"https:\/\/youtu.be\/kXv4CPRm6k8\">Vid\u00e9o (distributeur de jus) :<\/a><\/h2>\r\n<\/div>\r\n<div data-spm-anchor-id=\"a2700.wholesale.0.i20.7e915d290FFWqg\"><\/div>\r\n<div data-spm-anchor-id=\"a2700.wholesale.0.i20.7e915d290FFWqg\"><\/div>","protected":false},"excerpt":{"rendered":"<p><span style=\"color: #808080;\">Distributeur de jus de fruits avec base en bois de Sapele. Il peut \u00eatre utilis\u00e9 pour servir les invit\u00e9s et garder les boissons froides. Demandez-nous librement et nous vous proposerons notre meilleur prix.<\/span><\/p>\n<p><strong>Caract\u00e9ristiques :<\/strong><\/p>\n<ul>\n<li>Base en bois de sapelli : haute technologie et haut de gamme<\/li>\n<li>Largement utilis\u00e9 dans diverses applications : restaurants, h\u00f4tels, mariages, banquets, pique-niques, anniversaires, f\u00eates, etc.<\/li>\n<li>Facile \u00e0 utiliser : toutes les pi\u00e8ces sont assembl\u00e9es en 3 minutes.<\/li>\n<li>Facile \u00e0 nettoyer : r\u00e9cipient \u00e0 boisson amovible et base en bois, facile \u00e0 nettoyer.<\/li>\n<\/ul>\n<p>&nbsp;<\/p>\n<p><strong>MOQ : 10pcs par commande (accepte les articles mixtes)<\/strong><\/p>\n<p><strong>EX Prix d'usine : environ<span style=\"color: #ff0000;\"> 99USD<\/span> ( 1 set)<\/strong><\/p>","protected":false},"featured_media":6026,"template":"","meta":{"_seopress_robots_primary_cat":"none","_editorskit_title_hidden":false,"_editorskit_reading_time":0,"_editorskit_is_block_options_detached":false,"_editorskit_block_options_position":"{}","_editorskit_typography_data":[],"_editorskit_blocks_typography":""},"product_cat":[49],"product_tag":[],"class_list":["post-6025","product","type-product","status-publish","has-post-thumbnail","hentry","product_cat-juice-dispenser"],"yoast_head":"<!-- This site is optimized with the Yoast SEO plugin v21.4 - https:\/\/yoast.com\/wordpress\/plugins\/seo\/ -->\n<title>Sapele Wood Juice Dispenser<\/title>\n<meta name=\"description\" content=\"We produce Sapele Wood Juice Dispenser from standard to custom sizes, from tiny to giant.\u00a0 Standard sizes molds and many exclusive molds.\" \/>\n<meta name=\"robots\" content=\"index, follow, max-snippet:-1, max-image-preview:large, max-video-preview:-1\" \/>\n<link rel=\"canonical\" href=\"https:\/\/jm-xiangsheng.com\/fr\/product\/commercial-kitchenware\/juice-dispenser\/sapele-wood-juice-dispenser-2\/\" \/>\n<meta property=\"og:locale\" content=\"fr_FR\" \/>\n<meta property=\"og:type\" content=\"article\" \/>\n<meta property=\"og:title\" content=\"Sapele Wood Juice Dispenser\" \/>\n<meta property=\"og:description\" content=\"We produce Sapele Wood Juice Dispenser from standard to custom sizes, from tiny to giant.\u00a0 Standard sizes molds and many exclusive molds.\" \/>\n<meta property=\"og:url\" content=\"https:\/\/jm-xiangsheng.com\/fr\/product\/commercial-kitchenware\/juice-dispenser\/sapele-wood-juice-dispenser-2\/\" \/>\n<meta property=\"og:site_name\" content=\"Xiangsheng - China factory of stainless steel products\" \/>\n<meta property=\"article:modified_time\" content=\"2025-03-27T02:13:50+00:00\" \/>\n<meta property=\"og:image\" content=\"http:\/\/jm-xiangsheng.com\/wp-content\/uploads\/2022\/08\/1-8.jpg\" \/>\n\t<meta property=\"og:image:width\" content=\"750\" \/>\n\t<meta property=\"og:image:height\" content=\"750\" \/>\n\t<meta property=\"og:image:type\" content=\"image\/jpeg\" \/>\n<meta name=\"twitter:card\" content=\"summary_large_image\" \/>\n<meta name=\"twitter:label1\" content=\"Dur\u00e9e de lecture estim\u00e9e\" \/>\n\t<meta name=\"twitter:data1\" content=\"1 minute\" \/>\n<script type=\"application\/ld+json\" class=\"yoast-schema-graph\">{\"@context\":\"https:\/\/schema.org\",\"@graph\":[{\"@type\":\"WebPage\",\"@id\":\"https:\/\/jm-xiangsheng.com\/product\/commercial-kitchenware\/juice-dispenser\/sapele-wood-juice-dispenser-2\/\",\"url\":\"https:\/\/jm-xiangsheng.com\/product\/commercial-kitchenware\/juice-dispenser\/sapele-wood-juice-dispenser-2\/\",\"name\":\"Sapele Wood Juice Dispenser\",\"isPartOf\":{\"@id\":\"https:\/\/jm-xiangsheng.com\/#website\"},\"datePublished\":\"2022-08-11T03:47:50+00:00\",\"dateModified\":\"2025-03-27T02:13:50+00:00\",\"description\":\"We produce Sapele Wood Juice Dispenser from standard to custom sizes, from tiny to giant.\u00a0 Standard sizes molds and many exclusive molds.\",\"breadcrumb\":{\"@id\":\"https:\/\/jm-xiangsheng.com\/product\/commercial-kitchenware\/juice-dispenser\/sapele-wood-juice-dispenser-2\/#breadcrumb\"},\"inLanguage\":\"fr-FR\",\"potentialAction\":[{\"@type\":\"ReadAction\",\"target\":[\"https:\/\/jm-xiangsheng.com\/product\/commercial-kitchenware\/juice-dispenser\/sapele-wood-juice-dispenser-2\/\"]}]},{\"@type\":\"BreadcrumbList\",\"@id\":\"https:\/\/jm-xiangsheng.com\/product\/commercial-kitchenware\/juice-dispenser\/sapele-wood-juice-dispenser-2\/#breadcrumb\",\"itemListElement\":[{\"@type\":\"ListItem\",\"position\":1,\"name\":\"Home\",\"item\":\"https:\/\/jm-xiangsheng.com\/\"},{\"@type\":\"ListItem\",\"position\":2,\"name\":\"Product\",\"item\":\"https:\/\/jm-xiangsheng.com\/products\/\"},{\"@type\":\"ListItem\",\"position\":3,\"name\":\"Commercial kitchenware\",\"item\":\"https:\/\/jm-xiangsheng.com\/product-category\/commercial-kitchenware\/\"},{\"@type\":\"ListItem\",\"position\":4,\"name\":\"Juice dispenser\",\"item\":\"https:\/\/jm-xiangsheng.com\/product-category\/commercial-kitchenware\/juice-dispenser\/\"},{\"@type\":\"ListItem\",\"position\":5,\"name\":\"Sapele Wood Juice Dispenser\"}]},{\"@type\":\"WebSite\",\"@id\":\"https:\/\/jm-xiangsheng.com\/#website\",\"url\":\"https:\/\/jm-xiangsheng.com\/\",\"name\":\"Xiangsheng - China factory of stainless steel products\",\"description\":\"20 years factory\",\"publisher\":{\"@id\":\"https:\/\/jm-xiangsheng.com\/#organization\"},\"potentialAction\":[{\"@type\":\"SearchAction\",\"target\":{\"@type\":\"EntryPoint\",\"urlTemplate\":\"https:\/\/jm-xiangsheng.com\/?s={search_term_string}\"},\"query-input\":\"required name=search_term_string\"}],\"inLanguage\":\"fr-FR\"},{\"@type\":\"Organization\",\"@id\":\"https:\/\/jm-xiangsheng.com\/#organization\",\"name\":\"Xiangsheng - China factory of stainless steel products\",\"url\":\"https:\/\/jm-xiangsheng.com\/\",\"logo\":{\"@type\":\"ImageObject\",\"inLanguage\":\"fr-FR\",\"@id\":\"https:\/\/jm-xiangsheng.com\/#\/schema\/logo\/image\/\",\"url\":\"https:\/\/jm-xiangsheng.com\/wp-content\/uploads\/2024\/05\/cropped-\u672a\u6807\u9898-3-\u62f7\u8d1d.png\",\"contentUrl\":\"https:\/\/jm-xiangsheng.com\/wp-content\/uploads\/2024\/05\/cropped-\u672a\u6807\u9898-3-\u62f7\u8d1d.png\",\"width\":490,\"height\":140,\"caption\":\"Xiangsheng - China factory of stainless steel products\"},\"image\":{\"@id\":\"https:\/\/jm-xiangsheng.com\/#\/schema\/logo\/image\/\"}}]}<\/script>\n<!-- \/ Yoast SEO plugin. -->","yoast_head_json":{"title":"Sapele Wood Juice Dispenser","description":"We produce Sapele Wood Juice Dispenser from standard to custom sizes, from tiny to giant.\u00a0 Standard sizes molds and many exclusive molds.","robots":{"index":"index","follow":"follow","max-snippet":"max-snippet:-1","max-image-preview":"max-image-preview:large","max-video-preview":"max-video-preview:-1"},"canonical":"https:\/\/jm-xiangsheng.com\/fr\/product\/commercial-kitchenware\/juice-dispenser\/sapele-wood-juice-dispenser-2\/","og_locale":"fr_FR","og_type":"article","og_title":"Sapele Wood Juice Dispenser","og_description":"We produce Sapele Wood Juice Dispenser from standard to custom sizes, from tiny to giant.\u00a0 Standard sizes molds and many exclusive molds.","og_url":"https:\/\/jm-xiangsheng.com\/fr\/product\/commercial-kitchenware\/juice-dispenser\/sapele-wood-juice-dispenser-2\/","og_site_name":"Xiangsheng - China factory of stainless steel products","article_modified_time":"2025-03-27T02:13:50+00:00","og_image":[{"width":750,"height":750,"url":"http:\/\/jm-xiangsheng.com\/wp-content\/uploads\/2022\/08\/1-8.jpg","type":"image\/jpeg"}],"twitter_card":"summary_large_image","twitter_misc":{"Dur\u00e9e de lecture estim\u00e9e":"1 minute"},"schema":{"@context":"https:\/\/schema.org","@graph":[{"@type":"WebPage","@id":"https:\/\/jm-xiangsheng.com\/product\/commercial-kitchenware\/juice-dispenser\/sapele-wood-juice-dispenser-2\/","url":"https:\/\/jm-xiangsheng.com\/product\/commercial-kitchenware\/juice-dispenser\/sapele-wood-juice-dispenser-2\/","name":"Sapele Wood Juice Dispenser","isPartOf":{"@id":"https:\/\/jm-xiangsheng.com\/#website"},"datePublished":"2022-08-11T03:47:50+00:00","dateModified":"2025-03-27T02:13:50+00:00","description":"We produce Sapele Wood Juice Dispenser from standard to custom sizes, from tiny to giant.\u00a0 Standard sizes molds and many exclusive molds.","breadcrumb":{"@id":"https:\/\/jm-xiangsheng.com\/product\/commercial-kitchenware\/juice-dispenser\/sapele-wood-juice-dispenser-2\/#breadcrumb"},"inLanguage":"fr-FR","potentialAction":[{"@type":"ReadAction","target":["https:\/\/jm-xiangsheng.com\/product\/commercial-kitchenware\/juice-dispenser\/sapele-wood-juice-dispenser-2\/"]}]},{"@type":"BreadcrumbList","@id":"https:\/\/jm-xiangsheng.com\/product\/commercial-kitchenware\/juice-dispenser\/sapele-wood-juice-dispenser-2\/#breadcrumb","itemListElement":[{"@type":"ListItem","position":1,"name":"Home","item":"https:\/\/jm-xiangsheng.com\/"},{"@type":"ListItem","position":2,"name":"Product","item":"https:\/\/jm-xiangsheng.com\/products\/"},{"@type":"ListItem","position":3,"name":"Commercial kitchenware","item":"https:\/\/jm-xiangsheng.com\/product-category\/commercial-kitchenware\/"},{"@type":"ListItem","position":4,"name":"Juice dispenser","item":"https:\/\/jm-xiangsheng.com\/product-category\/commercial-kitchenware\/juice-dispenser\/"},{"@type":"ListItem","position":5,"name":"Sapele Wood Juice Dispenser"}]},{"@type":"WebSite","@id":"https:\/\/jm-xiangsheng.com\/#website","url":"https:\/\/jm-xiangsheng.com\/","name":"Xiangsheng - China factory of stainless steel products","description":"20 years factory","publisher":{"@id":"https:\/\/jm-xiangsheng.com\/#organization"},"potentialAction":[{"@type":"SearchAction","target":{"@type":"EntryPoint","urlTemplate":"https:\/\/jm-xiangsheng.com\/?s={search_term_string}"},"query-input":"required name=search_term_string"}],"inLanguage":"fr-FR"},{"@type":"Organization","@id":"https:\/\/jm-xiangsheng.com\/#organization","name":"Xiangsheng - China factory of stainless steel products","url":"https:\/\/jm-xiangsheng.com\/","logo":{"@type":"ImageObject","inLanguage":"fr-FR","@id":"https:\/\/jm-xiangsheng.com\/#\/schema\/logo\/image\/","url":"https:\/\/jm-xiangsheng.com\/wp-content\/uploads\/2024\/05\/cropped-\u672a\u6807\u9898-3-\u62f7\u8d1d.png","contentUrl":"https:\/\/jm-xiangsheng.com\/wp-content\/uploads\/2024\/05\/cropped-\u672a\u6807\u9898-3-\u62f7\u8d1d.png","width":490,"height":140,"caption":"Xiangsheng - China factory of stainless steel products"},"image":{"@id":"https:\/\/jm-xiangsheng.com\/#\/schema\/logo\/image\/"}}]}},"_links":{"self":[{"href":"https:\/\/jm-xiangsheng.com\/fr\/wp-json\/wp\/v2\/product\/6025","targetHints":{"allow":["GET"]}}],"collection":[{"href":"https:\/\/jm-xiangsheng.com\/fr\/wp-json\/wp\/v2\/product"}],"about":[{"href":"https:\/\/jm-xiangsheng.com\/fr\/wp-json\/wp\/v2\/types\/product"}],"wp:featuredmedia":[{"embeddable":true,"href":"https:\/\/jm-xiangsheng.com\/fr\/wp-json\/wp\/v2\/media\/6026"}],"wp:attachment":[{"href":"https:\/\/jm-xiangsheng.com\/fr\/wp-json\/wp\/v2\/media?parent=6025"}],"wp:term":[{"taxonomy":"product_cat","embeddable":true,"href":"https:\/\/jm-xiangsheng.com\/fr\/wp-json\/wp\/v2\/product_cat?post=6025"},{"taxonomy":"product_tag","embeddable":true,"href":"https:\/\/jm-xiangsheng.com\/fr\/wp-json\/wp\/v2\/product_tag?post=6025"}],"curies":[{"name":"wp","href":"https:\/\/api.w.org\/{rel}","templated":true}]}}