{"id":5856,"date":"2022-08-10T11:02:40","date_gmt":"2022-08-10T03:02:40","guid":{"rendered":"https:\/\/jm-xiangsheng.com\/?post_type=product&#038;p=5856"},"modified":"2025-03-26T17:31:36","modified_gmt":"2025-03-26T09:31:36","slug":"european-style-stainless-steel-gastronorm-gn-pan","status":"publish","type":"product","link":"https:\/\/jm-xiangsheng.com\/fr\/produit\/commercial-kitchenware\/gn-pan\/european-style-stainless-steel-gastronorm-gn-pan\/","title":{"rendered":"Bac GN gastronorme en acier inoxydable de style europ\u00e9en"},"content":{"rendered":"<p>Cher client, nous produisons des moules GN Pan de tailles standard \u00e0 personnalis\u00e9es, du plus petit au plus grand.  Nous disposons de moules de taille standard et de nombreux moules exclusifs. Nous pouvons \u00e9galement les personnaliser pour vous !!! <span style=\"color: #ed1c24;\"><b>Envoyez-nous un message, nous parlerons des d\u00e9tails.<\/b><\/span> \u00a0<\/p>\r\n<p data-spm-anchor-id=\"a2700.details.0.i27.707433a3mQsrjc\"><strong>Styles :<\/strong> Styles europ\u00e9ens<\/p>\r\n<p data-spm-anchor-id=\"a2700.details.0.i29.707433a3mQsrjc\"><strong>Mat\u00e9riau :<\/strong>\u00a0Inox 201 avec surface galvanis\u00e9e<\/p>\r\n<p data-spm-anchor-id=\"a2700.details.0.i30.707433a3mQsrjc\"><strong>Dimensions de la casserole et du couvercle :<\/strong>\u00a01\/1, 1\/2, 1\/3, 1\/4, 1\/6, 1\/9<\/p>\r\n<p data-spm-anchor-id=\"a2700.details.0.i30.707433a3mQsrjc\"><strong>Options :\u00a0<\/strong>Couvercle avec trou lat\u00e9ral, bac avec petits trous, sur mesure acceptable<\/p>\r\n<p data-spm-anchor-id=\"a2700.details.0.i30.707433a3mQsrjc\">\u00a0<\/p>\r\n<h3>Pour en savoir plus sur la marmite GN en acier inoxydable de style europ\u00e9en, vous pouvez lire les articles ci-dessous :<\/h3>\r\n<p>&nbsp;<\/p>\r\n<ol>\r\n<li><a href=\"https:\/\/jm-xiangsheng.com\/fr\/what-is-the-difference-between-american-and-european-styles-gn-pans\/\">Quelle est la diff\u00e9rence entre les fours GN de style am\u00e9ricain et europ\u00e9en ?<\/a><\/li>\r\n<li><a href=\"https:\/\/jm-xiangsheng.com\/fr\/gastronorm-pans-sizing-sourcing-guide\/\">Guide de dimensionnement et d'approvisionnement des po\u00eales gastronormes<\/a><\/li>\r\n<\/ol>\r\n<p>&nbsp;<\/p>\r\n<h4 style=\"text-align: center;\"><\/h4>\r\n<p>---------------------------------------------<\/p>\r\n<h4 style=\"text-align: center;\">\r\n\r\n<h2 class=\"wp-block-heading has-ek-typography\" style=\"\"><strong><a class=\"ek-link\" href=\"https:\/\/jm-xiangsheng.com\/fr\/about-xiangsheng\/\">Xiangsheng\u00a0<em>Usine<\/em><\/a><\/strong><\/h2>\r\n\r\n<\/h4>\r\n<p>Xiangsheng est une usine \u00e9tablie en <strong>2005<\/strong> avec une grande exp\u00e9rience,<strong>\u00a0la fabrication de produits en acier inoxydable<\/strong>\u00a0bas\u00e9 \u00e0\u00a0<em>Chine<\/em>. Vous trouverez ci-dessous nos 7 principales valeurs. Si vous \u00eates int\u00e9ress\u00e9 par l'importation de stocks de pommes de terre, n'h\u00e9sitez pas \u00e0 nous contacter.\u00a0<strong>CONTACT<\/strong>\u00a0nous.<\/p>\r\n<h4 style=\"text-align: center;\">\r\n\r\n<div class=\"wp-block-spacer has-ek-typography\" aria-hidden=\"true\" style=\"\">\u00a0<\/div>\r\n\r\n<\/h4>\r\n<p><strong>1) Ing\u00e9nieur Assistance technique<\/strong>-Types de mat\u00e9riaux, styles, dessins.<\/p>\r\n<h4 style=\"text-align: center;\">\r\n\r\n<\/h4>\r\n<p><strong>2) Echantillons disponibles, prix de gros comp\u00e9titifs<\/strong>- Les \u00e9chantillons sont accept\u00e9s, et \u00e0 partir de 20 pi\u00e8ces, nous offrons un service de premi\u00e8re main.<em>usine<\/em>\u00a0prix, pas d'interm\u00e9diaire !<\/p>\r\n<h4 style=\"text-align: center;\">\r\n\r\n<\/h4>\r\n<p><strong>4) Rapport d'essai<\/strong>Mat\u00e9riau en acier inoxydable -201 ou 304, test\u00e9 par SGS.<\/p>\r\n<h4 style=\"text-align: center;\">\r\n\r\n<\/h4>\r\n<p><strong>5) Photos des produits<\/strong>-Ne vous sentez jamais impuissant en mati\u00e8re de marketing ! Nous vous fournirons des photos si vous le souhaitez.<\/p>\r\n<h4 style=\"text-align: center;\">\r\n\r\n<\/h4>\r\n<p><strong>6) Vid\u00e9os d'inspection<\/strong>-Une fois les produits finis, nous pouvons vous pr\u00e9senter des vid\u00e9os pour une meilleure \u00e9valuation.<\/p>\r\n<h4 style=\"text-align: center;\">\r\n\r\n<\/h4>\r\n<p><strong>7) Guide d'achat des seaux \u00e0 lait\u00a0<em>Chine<\/em><\/strong>-En fonction de votre demande, nous pouvons vous proposer un prix EXW, FOB, CIF ou DDP. Nos agents maritimes proposent des tarifs avantageux, ce qui vous permet d'\u00e9conomiser davantage !<\/p>\r\n<h4 style=\"text-align: center;\">\r\n\r\n<\/h4>\r\n<p>------------------------<\/p>\r\n<h4 style=\"text-align: center;\"><\/h4>\r\n<h3><span style=\"color: #ed1c24;\"><b>Envoyez-nous un message, nous parlerons des d\u00e9tails.<\/b><\/span><\/h3>\r\n<p>&nbsp;<\/p>\r\n<h3><a href=\"https:\/\/www.youtube.com\/watch?v=KHLxhpp0pVw\">Vid\u00e9o du produit :<\/a><\/h3>","protected":false},"excerpt":{"rendered":"<p>Notre po\u00eale Gn est fabriqu\u00e9e en acier inoxydable \u00e9pais et de haute qualit\u00e9, con\u00e7u pour durer. Elle peut \u00eatre utilis\u00e9e pour cuisiner, stocker, garder les aliments chauds\/froids et servir. <strong>Caract\u00e9ristiques :<\/strong><\/p>\n<ul>\n<li>Mod\u00e8les europ\u00e9ens : conception anti-brouillage, avec des raidisseurs pour \u00e9viter que les pi\u00e8ces ne se collent l'une \u00e0 l'autre.<\/li>\n<li>Largement utilis\u00e9 dans diverses applications : m\u00e9nage, cuisine commerciale, \u00e9v\u00e9nements, magasin de glaces, etc.<\/li>\n<li>Facile \u00e0 ranger : la m\u00eame taille peut \u00eatre empil\u00e9e, ce qui permet d'\u00e9conomiser de l'espace lorsqu'elle n'est pas utilis\u00e9e.<\/li>\n<li>Facile \u00e0 nettoyer : Nettoyer avec un d\u00e9tergent et essuyer.<\/li>\n<\/ul>\n<p>\u00a0 <strong>\u00a0MOQ : 100pcs par commande (accepte les articles mixtes)<\/strong><\/p>","protected":false},"featured_media":8818,"template":"","meta":{"_seopress_robots_primary_cat":"none","_editorskit_title_hidden":false,"_editorskit_reading_time":0,"_editorskit_is_block_options_detached":false,"_editorskit_block_options_position":"{}","_editorskit_typography_data":[],"_editorskit_blocks_typography":""},"product_cat":[38],"product_tag":[157],"class_list":["post-5856","product","type-product","status-publish","has-post-thumbnail","hentry","product_cat-gn-pan","product_tag-european-gn-pan"],"yoast_head":"<!-- This site is optimized with the Yoast SEO plugin v21.4 - https:\/\/yoast.com\/wordpress\/plugins\/seo\/ -->\n<title>GN Pan<\/title>\n<meta name=\"description\" content=\"We produce GN Pan from standard to custom sizes, from tiny to giant.\u00a0 Standard sizes molds and many exclusive molds. We can also customize for you!!!\" \/>\n<meta name=\"robots\" content=\"index, follow, max-snippet:-1, max-image-preview:large, max-video-preview:-1\" \/>\n<link rel=\"canonical\" href=\"https:\/\/jm-xiangsheng.com\/fr\/product\/commercial-kitchenware\/gn-pan\/european-style-stainless-steel-gastronorm-gn-pan\/\" \/>\n<meta property=\"og:locale\" content=\"fr_FR\" \/>\n<meta property=\"og:type\" content=\"article\" \/>\n<meta property=\"og:title\" content=\"GN Pan\" \/>\n<meta property=\"og:description\" content=\"We produce GN Pan from standard to custom sizes, from tiny to giant.\u00a0 Standard sizes molds and many exclusive molds. We can also customize for you!!!\" \/>\n<meta property=\"og:url\" content=\"https:\/\/jm-xiangsheng.com\/fr\/product\/commercial-kitchenware\/gn-pan\/european-style-stainless-steel-gastronorm-gn-pan\/\" \/>\n<meta property=\"og:site_name\" content=\"Xiangsheng - China factory of stainless steel products\" \/>\n<meta property=\"article:modified_time\" content=\"2025-03-26T09:31:36+00:00\" \/>\n<meta property=\"og:image\" content=\"http:\/\/jm-xiangsheng.com\/wp-content\/uploads\/2022\/08\/European-gn-pan-3.jpg\" \/>\n\t<meta property=\"og:image:width\" content=\"750\" \/>\n\t<meta property=\"og:image:height\" content=\"750\" \/>\n\t<meta property=\"og:image:type\" content=\"image\/jpeg\" \/>\n<meta name=\"twitter:card\" content=\"summary_large_image\" \/>\n<meta name=\"twitter:label1\" content=\"Dur\u00e9e de lecture estim\u00e9e\" \/>\n\t<meta name=\"twitter:data1\" content=\"2 minutes\" \/>\n<script type=\"application\/ld+json\" class=\"yoast-schema-graph\">{\"@context\":\"https:\/\/schema.org\",\"@graph\":[{\"@type\":\"WebPage\",\"@id\":\"https:\/\/jm-xiangsheng.com\/product\/commercial-kitchenware\/gn-pan\/european-style-stainless-steel-gastronorm-gn-pan\/\",\"url\":\"https:\/\/jm-xiangsheng.com\/product\/commercial-kitchenware\/gn-pan\/european-style-stainless-steel-gastronorm-gn-pan\/\",\"name\":\"GN Pan\",\"isPartOf\":{\"@id\":\"https:\/\/jm-xiangsheng.com\/#website\"},\"datePublished\":\"2022-08-10T03:02:40+00:00\",\"dateModified\":\"2025-03-26T09:31:36+00:00\",\"description\":\"We produce GN Pan from standard to custom sizes, from tiny to giant.\u00a0 Standard sizes molds and many exclusive molds. We can also customize for you!!!\",\"breadcrumb\":{\"@id\":\"https:\/\/jm-xiangsheng.com\/product\/commercial-kitchenware\/gn-pan\/european-style-stainless-steel-gastronorm-gn-pan\/#breadcrumb\"},\"inLanguage\":\"fr-FR\",\"potentialAction\":[{\"@type\":\"ReadAction\",\"target\":[\"https:\/\/jm-xiangsheng.com\/product\/commercial-kitchenware\/gn-pan\/european-style-stainless-steel-gastronorm-gn-pan\/\"]}]},{\"@type\":\"BreadcrumbList\",\"@id\":\"https:\/\/jm-xiangsheng.com\/product\/commercial-kitchenware\/gn-pan\/european-style-stainless-steel-gastronorm-gn-pan\/#breadcrumb\",\"itemListElement\":[{\"@type\":\"ListItem\",\"position\":1,\"name\":\"Home\",\"item\":\"https:\/\/jm-xiangsheng.com\/\"},{\"@type\":\"ListItem\",\"position\":2,\"name\":\"Product\",\"item\":\"https:\/\/jm-xiangsheng.com\/products\/\"},{\"@type\":\"ListItem\",\"position\":3,\"name\":\"Commercial kitchenware\",\"item\":\"https:\/\/jm-xiangsheng.com\/product-category\/commercial-kitchenware\/\"},{\"@type\":\"ListItem\",\"position\":4,\"name\":\"GN Pan\",\"item\":\"https:\/\/jm-xiangsheng.com\/product-category\/commercial-kitchenware\/gn-pan\/\"},{\"@type\":\"ListItem\",\"position\":5,\"name\":\"European style stainless steel gastronorm GN Pan\"}]},{\"@type\":\"WebSite\",\"@id\":\"https:\/\/jm-xiangsheng.com\/#website\",\"url\":\"https:\/\/jm-xiangsheng.com\/\",\"name\":\"Xiangsheng - China factory of stainless steel products\",\"description\":\"20 years factory\",\"publisher\":{\"@id\":\"https:\/\/jm-xiangsheng.com\/#organization\"},\"potentialAction\":[{\"@type\":\"SearchAction\",\"target\":{\"@type\":\"EntryPoint\",\"urlTemplate\":\"https:\/\/jm-xiangsheng.com\/?s={search_term_string}\"},\"query-input\":\"required name=search_term_string\"}],\"inLanguage\":\"fr-FR\"},{\"@type\":\"Organization\",\"@id\":\"https:\/\/jm-xiangsheng.com\/#organization\",\"name\":\"Xiangsheng - China factory of stainless steel products\",\"url\":\"https:\/\/jm-xiangsheng.com\/\",\"logo\":{\"@type\":\"ImageObject\",\"inLanguage\":\"fr-FR\",\"@id\":\"https:\/\/jm-xiangsheng.com\/#\/schema\/logo\/image\/\",\"url\":\"https:\/\/jm-xiangsheng.com\/wp-content\/uploads\/2024\/05\/cropped-\u672a\u6807\u9898-3-\u62f7\u8d1d.png\",\"contentUrl\":\"https:\/\/jm-xiangsheng.com\/wp-content\/uploads\/2024\/05\/cropped-\u672a\u6807\u9898-3-\u62f7\u8d1d.png\",\"width\":490,\"height\":140,\"caption\":\"Xiangsheng - China factory of stainless steel products\"},\"image\":{\"@id\":\"https:\/\/jm-xiangsheng.com\/#\/schema\/logo\/image\/\"}}]}<\/script>\n<!-- \/ Yoast SEO plugin. -->","yoast_head_json":{"title":"GN Pan","description":"We produce GN Pan from standard to custom sizes, from tiny to giant.\u00a0 Standard sizes molds and many exclusive molds. We can also customize for you!!!","robots":{"index":"index","follow":"follow","max-snippet":"max-snippet:-1","max-image-preview":"max-image-preview:large","max-video-preview":"max-video-preview:-1"},"canonical":"https:\/\/jm-xiangsheng.com\/fr\/product\/commercial-kitchenware\/gn-pan\/european-style-stainless-steel-gastronorm-gn-pan\/","og_locale":"fr_FR","og_type":"article","og_title":"GN Pan","og_description":"We produce GN Pan from standard to custom sizes, from tiny to giant.\u00a0 Standard sizes molds and many exclusive molds. We can also customize for you!!!","og_url":"https:\/\/jm-xiangsheng.com\/fr\/product\/commercial-kitchenware\/gn-pan\/european-style-stainless-steel-gastronorm-gn-pan\/","og_site_name":"Xiangsheng - China factory of stainless steel products","article_modified_time":"2025-03-26T09:31:36+00:00","og_image":[{"width":750,"height":750,"url":"http:\/\/jm-xiangsheng.com\/wp-content\/uploads\/2022\/08\/European-gn-pan-3.jpg","type":"image\/jpeg"}],"twitter_card":"summary_large_image","twitter_misc":{"Dur\u00e9e de lecture estim\u00e9e":"2 minutes"},"schema":{"@context":"https:\/\/schema.org","@graph":[{"@type":"WebPage","@id":"https:\/\/jm-xiangsheng.com\/product\/commercial-kitchenware\/gn-pan\/european-style-stainless-steel-gastronorm-gn-pan\/","url":"https:\/\/jm-xiangsheng.com\/product\/commercial-kitchenware\/gn-pan\/european-style-stainless-steel-gastronorm-gn-pan\/","name":"GN Pan","isPartOf":{"@id":"https:\/\/jm-xiangsheng.com\/#website"},"datePublished":"2022-08-10T03:02:40+00:00","dateModified":"2025-03-26T09:31:36+00:00","description":"We produce GN Pan from standard to custom sizes, from tiny to giant.\u00a0 Standard sizes molds and many exclusive molds. We can also customize for you!!!","breadcrumb":{"@id":"https:\/\/jm-xiangsheng.com\/product\/commercial-kitchenware\/gn-pan\/european-style-stainless-steel-gastronorm-gn-pan\/#breadcrumb"},"inLanguage":"fr-FR","potentialAction":[{"@type":"ReadAction","target":["https:\/\/jm-xiangsheng.com\/product\/commercial-kitchenware\/gn-pan\/european-style-stainless-steel-gastronorm-gn-pan\/"]}]},{"@type":"BreadcrumbList","@id":"https:\/\/jm-xiangsheng.com\/product\/commercial-kitchenware\/gn-pan\/european-style-stainless-steel-gastronorm-gn-pan\/#breadcrumb","itemListElement":[{"@type":"ListItem","position":1,"name":"Home","item":"https:\/\/jm-xiangsheng.com\/"},{"@type":"ListItem","position":2,"name":"Product","item":"https:\/\/jm-xiangsheng.com\/products\/"},{"@type":"ListItem","position":3,"name":"Commercial kitchenware","item":"https:\/\/jm-xiangsheng.com\/product-category\/commercial-kitchenware\/"},{"@type":"ListItem","position":4,"name":"GN Pan","item":"https:\/\/jm-xiangsheng.com\/product-category\/commercial-kitchenware\/gn-pan\/"},{"@type":"ListItem","position":5,"name":"European style stainless steel gastronorm GN Pan"}]},{"@type":"WebSite","@id":"https:\/\/jm-xiangsheng.com\/#website","url":"https:\/\/jm-xiangsheng.com\/","name":"Xiangsheng - China factory of stainless steel products","description":"20 years factory","publisher":{"@id":"https:\/\/jm-xiangsheng.com\/#organization"},"potentialAction":[{"@type":"SearchAction","target":{"@type":"EntryPoint","urlTemplate":"https:\/\/jm-xiangsheng.com\/?s={search_term_string}"},"query-input":"required name=search_term_string"}],"inLanguage":"fr-FR"},{"@type":"Organization","@id":"https:\/\/jm-xiangsheng.com\/#organization","name":"Xiangsheng - China factory of stainless steel products","url":"https:\/\/jm-xiangsheng.com\/","logo":{"@type":"ImageObject","inLanguage":"fr-FR","@id":"https:\/\/jm-xiangsheng.com\/#\/schema\/logo\/image\/","url":"https:\/\/jm-xiangsheng.com\/wp-content\/uploads\/2024\/05\/cropped-\u672a\u6807\u9898-3-\u62f7\u8d1d.png","contentUrl":"https:\/\/jm-xiangsheng.com\/wp-content\/uploads\/2024\/05\/cropped-\u672a\u6807\u9898-3-\u62f7\u8d1d.png","width":490,"height":140,"caption":"Xiangsheng - China factory of stainless steel products"},"image":{"@id":"https:\/\/jm-xiangsheng.com\/#\/schema\/logo\/image\/"}}]}},"_links":{"self":[{"href":"https:\/\/jm-xiangsheng.com\/fr\/wp-json\/wp\/v2\/product\/5856","targetHints":{"allow":["GET"]}}],"collection":[{"href":"https:\/\/jm-xiangsheng.com\/fr\/wp-json\/wp\/v2\/product"}],"about":[{"href":"https:\/\/jm-xiangsheng.com\/fr\/wp-json\/wp\/v2\/types\/product"}],"wp:featuredmedia":[{"embeddable":true,"href":"https:\/\/jm-xiangsheng.com\/fr\/wp-json\/wp\/v2\/media\/8818"}],"wp:attachment":[{"href":"https:\/\/jm-xiangsheng.com\/fr\/wp-json\/wp\/v2\/media?parent=5856"}],"wp:term":[{"taxonomy":"product_cat","embeddable":true,"href":"https:\/\/jm-xiangsheng.com\/fr\/wp-json\/wp\/v2\/product_cat?post=5856"},{"taxonomy":"product_tag","embeddable":true,"href":"https:\/\/jm-xiangsheng.com\/fr\/wp-json\/wp\/v2\/product_tag?post=5856"}],"curies":[{"name":"wp","href":"https:\/\/api.w.org\/{rel}","templated":true}]}}