{"id":15471,"date":"2025-06-11T16:30:43","date_gmt":"2025-06-11T08:30:43","guid":{"rendered":"https:\/\/jm-xiangsheng.com\/?post_type=product&#038;p=15471"},"modified":"2025-06-11T16:54:28","modified_gmt":"2025-06-11T08:54:28","slug":"stainless-steel-planter-box","status":"publish","type":"product","link":"https:\/\/jm-xiangsheng.com\/fr\/produit\/decoration-planter-pot\/stainless-steel-planter-box\/","title":{"rendered":"Jardini\u00e8re en acier inoxydable"},"content":{"rendered":"<p>Cher client, nous sommes une usine \u00e9tablie en <strong>2005<\/strong> avec une grande exp\u00e9rience dans la production de bacs \u00e0 plantes en acier inoxydable, de tailles standard \u00e0 personnalis\u00e9es, de minuscules \u00e0 gigantesques.  Moules de taille standard et nombreux moules exclusifs. Diff\u00e9rentes couleurs et logos sont accept\u00e9s. Nous pouvons personnaliser pour vous !!! Nos jardini\u00e8res en acier inoxydable peuvent \u00eatre \u00e9quip\u00e9es de roues pour \u00eatre d\u00e9plac\u00e9es.<\/p>\r\n<p><span style=\"color: #ed1c24;\"><b>V\u00e9rifier les d\u00e9tails dans Informations suppl\u00e9mentaires!\u2191\u2191\u2191\u2191<\/b><\/span><\/p>\r\n<h4 style=\"text-align: center;\"><\/h4>\r\n<p>---------------------------------------------<\/p>\r\n<h4 style=\"text-align: center;\">\r\n\r\n<h2 class=\"wp-block-heading has-ek-typography\" style=\"\"><strong><a class=\"ek-link\" href=\"https:\/\/jm-xiangsheng.com\/fr\/about-xiangsheng\/\">Xiangsheng\u00a0<em>Usine<\/em><\/a><\/strong><\/h2>\r\n\r\n<\/h4>\r\n<p>Xiangsheng est un leader\u00a0<strong>19 ans\u00a0<em>usine<\/em>\u00a0la fabrication de produits en acier inoxydable<\/strong>\u00a0bas\u00e9 \u00e0\u00a0<em>Chine<\/em>. Vous trouverez ci-dessous nos 7 principales valeurs. Si vous \u00eates int\u00e9ress\u00e9 par l'importation de stocks de pommes de terre, n'h\u00e9sitez pas \u00e0 nous contacter.\u00a0<strong>CONTACT<\/strong>\u00a0nous.<\/p>\r\n<h4 style=\"text-align: center;\">\r\n\r\n<div class=\"wp-block-spacer has-ek-typography\" aria-hidden=\"true\" style=\"\">\u00a0<\/div>\r\n\r\n<\/h4>\r\n<p><strong>1) Ing\u00e9nieur Assistance technique<\/strong>-Types de mat\u00e9riaux, styles, dessins.<\/p>\r\n<p>\r\n\r\n<\/p>\r\n<p><strong>2) Echantillons disponibles, prix de gros comp\u00e9titifs<\/strong>- Les \u00e9chantillons sont accept\u00e9s, et \u00e0 partir de 20 pi\u00e8ces, nous offrons un service de premi\u00e8re main.<em>usine<\/em>\u00a0prix, pas d'interm\u00e9diaire !<\/p>\r\n<p>\r\n\r\n<\/p>\r\n<p><strong>3) Rapport d'essai<\/strong>Mat\u00e9riau en acier inoxydable -201 ou 304, test\u00e9 par SGS.<\/p>\r\n<p>\r\n\r\n<\/p>\r\n<p><strong>4) Photos des produits<\/strong>-Ne vous sentez jamais d\u00e9munis en mati\u00e8re de marketing ! Nous vous fournirons des photos si vous le souhaitez. Lorsque nous fabriquons le produit, nous prenons \u00e9galement des photos pour vous, afin que vous puissiez conna\u00eetre l'\u00e9tat d'avancement. Ainsi, si vous rencontrez des probl\u00e8mes, vous pouvez nous en faire part avant de commettre de grosses erreurs.<\/p>\r\n<p>\r\n\r\n<\/p>\r\n<p><strong>5) Vid\u00e9os d'inspection<\/strong>-Une fois les marchandises termin\u00e9es, nous pouvons vous montrer des vid\u00e9os pour une meilleure \u00e9valuation. Ainsi, vous pouvez nous indiquer les parties que vous souhaitez am\u00e9liorer avant l'exp\u00e9dition.<\/p>\r\n<p>\r\n\r\n<\/p>\r\n<p><strong>6) Guide d'achat des seaux \u00e0 lait <em>Chine<\/em><\/strong>-En fonction de votre demande, nous pouvons vous proposer un prix EXW, FOB, CIF ou DDP. Nos agents maritimes proposent des tarifs avantageux, ce qui vous permet d'\u00e9conomiser davantage ! Si vous avez vos propres agents maritimes, vous pouvez \u00e9galement les nommer.<\/p>\r\n<h4 style=\"text-align: center;\">\r\n\r\n<\/h4>\r\n<p>------------------------<\/p>\r\n<h4 style=\"text-align: center;\"><\/h4>\r\n<h3><span style=\"color: #ed1c24;\"><b>Envoyez-nous un message, nous parlerons des d\u00e9tails.<\/b><\/span><\/h3>\r\n<p>&nbsp;<\/p>\r\n<h3><a href=\"https:\/\/youtu.be\/SzCNuM-gugY\">Vid\u00e9o du produit :<\/a><\/h3>","protected":false},"excerpt":{"rendered":"<p><span style=\"color: #808080;\">Fabrique OEM ODM de jardini\u00e8res de fleurs de grande taille. Elle est utilis\u00e9e pour la d\u00e9coration int\u00e9rieure ou ext\u00e9rieure.<\/span> <strong><span style=\"color: #000080;\">Caract\u00e9ristiques :<\/span><\/strong><\/p>\n<ul>\n<li>Acier inoxydable v\u00e9ritable\uff1aMat\u00e9riau de qualit\u00e9 alimentaire antirouille et anticorrosion<\/li>\n<li>Largement utilis\u00e9 dans diverses applications : maison, ext\u00e9rieur, concerts, mariages, f\u00eates, etc.<\/li>\n<li>Diverses couleurs de surface : peinture color\u00e9e<\/li>\n<li>Roues en option : Facile \u00e0 d\u00e9placer gr\u00e2ce aux roues<\/li>\n<li>Facile \u00e0 nettoyer : Nettoyer avec un d\u00e9tergent et essuyer.<\/li>\n<\/ul>\n<p>\u00a0 <span style=\"color: #000000;\"><strong>MOQ : 50 pi\u00e8ces par commande<\/strong><\/span><\/p>\n<div class=\"product-short-description\"><strong><span style=\"color: #000000;\">Gamme de prix :<span style=\"color: #ff0000;\">15-45USD<\/span> (N'h\u00e9sitez pas \u00e0 demander un devis d\u00e9taill\u00e9)<\/span><\/strong><\/div>","protected":false},"featured_media":15472,"template":"","meta":{"_seopress_robots_primary_cat":"none","_editorskit_title_hidden":false,"_editorskit_reading_time":0,"_editorskit_is_block_options_detached":false,"_editorskit_block_options_position":"{}","_editorskit_typography_data":[],"_editorskit_blocks_typography":""},"product_cat":[158],"product_tag":[111,1231],"class_list":["post-15471","product","type-product","status-publish","has-post-thumbnail","hentry","product_cat-decoration-planter-pot","product_tag-flower-pot","product_tag-planter-box"],"yoast_head":"<!-- This site is optimized with the Yoast SEO plugin v21.4 - https:\/\/yoast.com\/wordpress\/plugins\/seo\/ -->\n<title>Stainless Steel Planter Box<\/title>\n<meta name=\"description\" content=\"we produce Planter Box from standard to custom sizes, from tiny to giant.\u00a0 Standard sizes molds and many exclusive molds. We can customize for you!!!\" \/>\n<meta name=\"robots\" content=\"index, follow, max-snippet:-1, max-image-preview:large, max-video-preview:-1\" \/>\n<link rel=\"canonical\" href=\"https:\/\/jm-xiangsheng.com\/fr\/product\/decoration-planter-pot\/stainless-steel-planter-box\/\" \/>\n<meta property=\"og:locale\" content=\"fr_FR\" \/>\n<meta property=\"og:type\" content=\"article\" \/>\n<meta property=\"og:title\" content=\"Stainless Steel Planter Box\" \/>\n<meta property=\"og:description\" content=\"we produce Planter Box from standard to custom sizes, from tiny to giant.\u00a0 Standard sizes molds and many exclusive molds. We can customize for you!!!\" \/>\n<meta property=\"og:url\" content=\"https:\/\/jm-xiangsheng.com\/fr\/product\/decoration-planter-pot\/stainless-steel-planter-box\/\" \/>\n<meta property=\"og:site_name\" content=\"Xiangsheng - China factory of stainless steel products\" \/>\n<meta property=\"article:modified_time\" content=\"2025-06-11T08:54:28+00:00\" \/>\n<meta property=\"og:image\" content=\"http:\/\/jm-xiangsheng.com\/wp-content\/uploads\/2025\/06\/\u653e\u7f6e\u53c2\u8003\u56fe\u548c\u79cd\u690d\u82b1\u6735-1.png\" \/>\n\t<meta property=\"og:image:width\" content=\"1024\" \/>\n\t<meta property=\"og:image:height\" content=\"1024\" \/>\n\t<meta property=\"og:image:type\" content=\"image\/png\" \/>\n<meta name=\"twitter:card\" content=\"summary_large_image\" \/>\n<meta name=\"twitter:label1\" content=\"Dur\u00e9e de lecture estim\u00e9e\" \/>\n\t<meta name=\"twitter:data1\" content=\"2 minutes\" \/>\n<script type=\"application\/ld+json\" class=\"yoast-schema-graph\">{\"@context\":\"https:\/\/schema.org\",\"@graph\":[{\"@type\":\"WebPage\",\"@id\":\"https:\/\/jm-xiangsheng.com\/product\/decoration-planter-pot\/stainless-steel-planter-box\/\",\"url\":\"https:\/\/jm-xiangsheng.com\/product\/decoration-planter-pot\/stainless-steel-planter-box\/\",\"name\":\"Stainless Steel Planter Box\",\"isPartOf\":{\"@id\":\"https:\/\/jm-xiangsheng.com\/#website\"},\"datePublished\":\"2025-06-11T08:30:43+00:00\",\"dateModified\":\"2025-06-11T08:54:28+00:00\",\"description\":\"we produce Planter Box from standard to custom sizes, from tiny to giant.\u00a0 Standard sizes molds and many exclusive molds. We can customize for you!!!\",\"breadcrumb\":{\"@id\":\"https:\/\/jm-xiangsheng.com\/product\/decoration-planter-pot\/stainless-steel-planter-box\/#breadcrumb\"},\"inLanguage\":\"fr-FR\",\"potentialAction\":[{\"@type\":\"ReadAction\",\"target\":[\"https:\/\/jm-xiangsheng.com\/product\/decoration-planter-pot\/stainless-steel-planter-box\/\"]}]},{\"@type\":\"BreadcrumbList\",\"@id\":\"https:\/\/jm-xiangsheng.com\/product\/decoration-planter-pot\/stainless-steel-planter-box\/#breadcrumb\",\"itemListElement\":[{\"@type\":\"ListItem\",\"position\":1,\"name\":\"Home\",\"item\":\"https:\/\/jm-xiangsheng.com\/\"},{\"@type\":\"ListItem\",\"position\":2,\"name\":\"Product\",\"item\":\"https:\/\/jm-xiangsheng.com\/products\/\"},{\"@type\":\"ListItem\",\"position\":3,\"name\":\"Decoration Planter pot\",\"item\":\"https:\/\/jm-xiangsheng.com\/product-category\/decoration-planter-pot\/\"},{\"@type\":\"ListItem\",\"position\":4,\"name\":\"Stainless Steel Planter Box\"}]},{\"@type\":\"WebSite\",\"@id\":\"https:\/\/jm-xiangsheng.com\/#website\",\"url\":\"https:\/\/jm-xiangsheng.com\/\",\"name\":\"Xiangsheng - China factory of stainless steel products\",\"description\":\"20 years factory\",\"publisher\":{\"@id\":\"https:\/\/jm-xiangsheng.com\/#organization\"},\"potentialAction\":[{\"@type\":\"SearchAction\",\"target\":{\"@type\":\"EntryPoint\",\"urlTemplate\":\"https:\/\/jm-xiangsheng.com\/?s={search_term_string}\"},\"query-input\":\"required name=search_term_string\"}],\"inLanguage\":\"fr-FR\"},{\"@type\":\"Organization\",\"@id\":\"https:\/\/jm-xiangsheng.com\/#organization\",\"name\":\"Xiangsheng - China factory of stainless steel products\",\"url\":\"https:\/\/jm-xiangsheng.com\/\",\"logo\":{\"@type\":\"ImageObject\",\"inLanguage\":\"fr-FR\",\"@id\":\"https:\/\/jm-xiangsheng.com\/#\/schema\/logo\/image\/\",\"url\":\"https:\/\/jm-xiangsheng.com\/wp-content\/uploads\/2024\/05\/cropped-\u672a\u6807\u9898-3-\u62f7\u8d1d.png\",\"contentUrl\":\"https:\/\/jm-xiangsheng.com\/wp-content\/uploads\/2024\/05\/cropped-\u672a\u6807\u9898-3-\u62f7\u8d1d.png\",\"width\":490,\"height\":140,\"caption\":\"Xiangsheng - China factory of stainless steel products\"},\"image\":{\"@id\":\"https:\/\/jm-xiangsheng.com\/#\/schema\/logo\/image\/\"}}]}<\/script>\n<!-- \/ Yoast SEO plugin. -->","yoast_head_json":{"title":"Stainless Steel Planter Box","description":"we produce Planter Box from standard to custom sizes, from tiny to giant.\u00a0 Standard sizes molds and many exclusive molds. We can customize for you!!!","robots":{"index":"index","follow":"follow","max-snippet":"max-snippet:-1","max-image-preview":"max-image-preview:large","max-video-preview":"max-video-preview:-1"},"canonical":"https:\/\/jm-xiangsheng.com\/fr\/product\/decoration-planter-pot\/stainless-steel-planter-box\/","og_locale":"fr_FR","og_type":"article","og_title":"Stainless Steel Planter Box","og_description":"we produce Planter Box from standard to custom sizes, from tiny to giant.\u00a0 Standard sizes molds and many exclusive molds. We can customize for you!!!","og_url":"https:\/\/jm-xiangsheng.com\/fr\/product\/decoration-planter-pot\/stainless-steel-planter-box\/","og_site_name":"Xiangsheng - China factory of stainless steel products","article_modified_time":"2025-06-11T08:54:28+00:00","og_image":[{"width":1024,"height":1024,"url":"http:\/\/jm-xiangsheng.com\/wp-content\/uploads\/2025\/06\/\u653e\u7f6e\u53c2\u8003\u56fe\u548c\u79cd\u690d\u82b1\u6735-1.png","type":"image\/png"}],"twitter_card":"summary_large_image","twitter_misc":{"Dur\u00e9e de lecture estim\u00e9e":"2 minutes"},"schema":{"@context":"https:\/\/schema.org","@graph":[{"@type":"WebPage","@id":"https:\/\/jm-xiangsheng.com\/product\/decoration-planter-pot\/stainless-steel-planter-box\/","url":"https:\/\/jm-xiangsheng.com\/product\/decoration-planter-pot\/stainless-steel-planter-box\/","name":"Stainless Steel Planter Box","isPartOf":{"@id":"https:\/\/jm-xiangsheng.com\/#website"},"datePublished":"2025-06-11T08:30:43+00:00","dateModified":"2025-06-11T08:54:28+00:00","description":"we produce Planter Box from standard to custom sizes, from tiny to giant.\u00a0 Standard sizes molds and many exclusive molds. We can customize for you!!!","breadcrumb":{"@id":"https:\/\/jm-xiangsheng.com\/product\/decoration-planter-pot\/stainless-steel-planter-box\/#breadcrumb"},"inLanguage":"fr-FR","potentialAction":[{"@type":"ReadAction","target":["https:\/\/jm-xiangsheng.com\/product\/decoration-planter-pot\/stainless-steel-planter-box\/"]}]},{"@type":"BreadcrumbList","@id":"https:\/\/jm-xiangsheng.com\/product\/decoration-planter-pot\/stainless-steel-planter-box\/#breadcrumb","itemListElement":[{"@type":"ListItem","position":1,"name":"Home","item":"https:\/\/jm-xiangsheng.com\/"},{"@type":"ListItem","position":2,"name":"Product","item":"https:\/\/jm-xiangsheng.com\/products\/"},{"@type":"ListItem","position":3,"name":"Decoration Planter pot","item":"https:\/\/jm-xiangsheng.com\/product-category\/decoration-planter-pot\/"},{"@type":"ListItem","position":4,"name":"Stainless Steel Planter Box"}]},{"@type":"WebSite","@id":"https:\/\/jm-xiangsheng.com\/#website","url":"https:\/\/jm-xiangsheng.com\/","name":"Xiangsheng - China factory of stainless steel products","description":"20 years factory","publisher":{"@id":"https:\/\/jm-xiangsheng.com\/#organization"},"potentialAction":[{"@type":"SearchAction","target":{"@type":"EntryPoint","urlTemplate":"https:\/\/jm-xiangsheng.com\/?s={search_term_string}"},"query-input":"required name=search_term_string"}],"inLanguage":"fr-FR"},{"@type":"Organization","@id":"https:\/\/jm-xiangsheng.com\/#organization","name":"Xiangsheng - China factory of stainless steel products","url":"https:\/\/jm-xiangsheng.com\/","logo":{"@type":"ImageObject","inLanguage":"fr-FR","@id":"https:\/\/jm-xiangsheng.com\/#\/schema\/logo\/image\/","url":"https:\/\/jm-xiangsheng.com\/wp-content\/uploads\/2024\/05\/cropped-\u672a\u6807\u9898-3-\u62f7\u8d1d.png","contentUrl":"https:\/\/jm-xiangsheng.com\/wp-content\/uploads\/2024\/05\/cropped-\u672a\u6807\u9898-3-\u62f7\u8d1d.png","width":490,"height":140,"caption":"Xiangsheng - China factory of stainless steel products"},"image":{"@id":"https:\/\/jm-xiangsheng.com\/#\/schema\/logo\/image\/"}}]}},"_links":{"self":[{"href":"https:\/\/jm-xiangsheng.com\/fr\/wp-json\/wp\/v2\/product\/15471","targetHints":{"allow":["GET"]}}],"collection":[{"href":"https:\/\/jm-xiangsheng.com\/fr\/wp-json\/wp\/v2\/product"}],"about":[{"href":"https:\/\/jm-xiangsheng.com\/fr\/wp-json\/wp\/v2\/types\/product"}],"wp:featuredmedia":[{"embeddable":true,"href":"https:\/\/jm-xiangsheng.com\/fr\/wp-json\/wp\/v2\/media\/15472"}],"wp:attachment":[{"href":"https:\/\/jm-xiangsheng.com\/fr\/wp-json\/wp\/v2\/media?parent=15471"}],"wp:term":[{"taxonomy":"product_cat","embeddable":true,"href":"https:\/\/jm-xiangsheng.com\/fr\/wp-json\/wp\/v2\/product_cat?post=15471"},{"taxonomy":"product_tag","embeddable":true,"href":"https:\/\/jm-xiangsheng.com\/fr\/wp-json\/wp\/v2\/product_tag?post=15471"}],"curies":[{"name":"wp","href":"https:\/\/api.w.org\/{rel}","templated":true}]}}