{"id":14527,"date":"2024-11-22T11:21:58","date_gmt":"2024-11-22T03:21:58","guid":{"rendered":"https:\/\/jm-xiangsheng.com\/?post_type=product&#038;p=14527"},"modified":"2025-03-25T17:12:10","modified_gmt":"2025-03-25T09:12:10","slug":"stainless-steel-stock-pot-with-compound-bottom","status":"publish","type":"product","link":"https:\/\/jm-xiangsheng.com\/fr\/produit\/commercial-kitchenware\/commercial-pot-barrel\/stainless-steel-stock-pot-with-compound-bottom\/","title":{"rendered":"Marmite en acier inoxydable avec fond compos\u00e9"},"content":{"rendered":"<p>Cher client, nous sommes une usine qui produit depuis 19 ans des pots en acier inoxydable de taille standard ou personnalis\u00e9e, du plus petit au plus grand.  Nous disposons de moules de taille standard et de nombreux moules exclusifs. Nous pouvons personnaliser pour vous !!! \u00a0<\/p>\r\n<p><span style=\"color: #ed1c24;\"><b>V\u00e9rifier les d\u00e9tails dans Informations suppl\u00e9mentaires!\u2191\u2191\u2191\u2191<\/b><\/span><\/p>\r\n<h3>Pour en savoir plus sur la marmite en acier inoxydable, vous pouvez lire les articles ci-dessous :<\/h3>\r\n<ol>\r\n<li><a href=\"https:\/\/jm-xiangsheng.com\/fr\/the-ultimate-guide-to-stainless-steel-commercial-stock-pot%ef%bc%9aeverything-you-need-to-know\/\">Le guide ultime de la marmite commerciale en acier inoxydable\uff1aTout ce que vous devez savoir<\/a><\/li>\r\n<li><a href=\"https:\/\/jm-xiangsheng.com\/fr\/how-are-stock-pots-using-across-various-groups-of-people-and-occasions\/\">Comment les pots de fleurs sont-ils utilis\u00e9s par diff\u00e9rents groupes de personnes et en diverses occasions ?<\/a><\/li>\r\n<li><a href=\"https:\/\/jm-xiangsheng.com\/fr\/why-commercial-stock-pot-come-with-compound-bottom\/\">Pourquoi les marmites commerciales sont-elles dot\u00e9es d'un fond compos\u00e9 ?<\/a><\/li>\r\n<\/ol>\r\n<p>&nbsp;<\/p>\r\n\r\n<p>---------------------------------------------<\/p>\r\n\r\n\r\n<h2 class=\"wp-block-heading has-ek-typography\" style=\"\"><strong><a class=\"ek-link\" href=\"https:\/\/jm-xiangsheng.com\/fr\/about-xiangsheng\/\">Xiangsheng\u00a0<em>Usine<\/em><\/a><\/strong><\/h2>\r\n\r\n\r\n<p>Xiangsheng est une usine \u00e9tablie en <strong>2005<\/strong> avec une grande exp\u00e9rience,<strong>\u00a0production d'une marmite en acier inoxydable<\/strong>\u00a0bas\u00e9 \u00e0\u00a0<em>Chine<\/em>. Vous trouverez ci-dessous nos 7 principales valeurs. Si vous \u00eates int\u00e9ress\u00e9 par l'importation de stocks de pommes de terre, n'h\u00e9sitez pas \u00e0 nous contacter.\u00a0<strong>CONTACT<\/strong>\u00a0nous.<\/p>\r\n\r\n\r\n<div class=\"wp-block-spacer has-ek-typography\" aria-hidden=\"true\" style=\"\">\u00a0<\/div>\r\n\r\n\r\n<p><strong>1) Ing\u00e9nieur Assistance technique<\/strong>-Types de mat\u00e9riaux, styles, dessins.<\/p>\r\n\r\n\r\n\r\n<p><strong>2) Echantillons disponibles, prix de gros comp\u00e9titifs<\/strong>- Les \u00e9chantillons sont accept\u00e9s, et \u00e0 partir de 20 pi\u00e8ces, nous offrons un service de premi\u00e8re main.<em>usine<\/em>\u00a0prix, pas d'interm\u00e9diaire !<\/p>\r\n\r\n\r\n\r\n<p><strong>4) Rapport d'essai<\/strong>Mat\u00e9riau en acier inoxydable -201 ou 304, test\u00e9 par SGS.<\/p>\r\n\r\n\r\n\r\n<p><strong>5) Photos des produits<\/strong>-Ne vous sentez jamais impuissant en mati\u00e8re de marketing ! Nous vous fournirons des photos si vous le souhaitez.<\/p>\r\n\r\n\r\n\r\n<p><strong>6) Vid\u00e9os d'inspection<\/strong>-Une fois les produits finis, nous pouvons vous pr\u00e9senter des vid\u00e9os pour une meilleure \u00e9valuation.<\/p>\r\n\r\n\r\n\r\n<p><strong>7) Guide d'achat des seaux \u00e0 lait\u00a0<em>Chine<\/em><\/strong>-En fonction de votre demande, nous pouvons vous proposer un prix EXW, FOB, CIF ou DDP. Nos agents maritimes proposent des tarifs avantageux, ce qui vous permet d'\u00e9conomiser davantage !<\/p>\r\n\r\n\r\n\r\n<p>------------------------ \u00a0<\/p>\r\n\r\n<h3><span style=\"color: #ed1c24;\"><b>Envoyez-nous un message, nous parlerons des d\u00e9tails.<\/b><\/span> \u00a0<\/h3>\r\n<p>&nbsp;<\/p>\r\n<h3><a href=\"https:\/\/www.youtube.com\/watch?v=rKde6Fzz5kI\">Vid\u00e9o du produit :<\/a><\/h3>","protected":false},"excerpt":{"rendered":"<p><span style=\"color: #808080;\">Fabrique de marmites en acier inoxydable OEM ODM. La marmite est utilis\u00e9e pour la cuisson des aliments dans les cuisines commerciales ou \u00e0 la maison.<\/span><\/p>\n<p><strong><span style=\"color: #000080;\">Caract\u00e9ristiques :<\/span><\/strong><\/p>\n<ul>\n<li>Acier inoxydable v\u00e9ritable\uff1aMat\u00e9riau de qualit\u00e9 alimentaire antirouille et anticorrosion<\/li>\n<li>Bon pour la cuisine : Distribution efficace de la chaleur dans le fond compos\u00e9<\/li>\n<li>Plusieurs tailles : Capacit\u00e9 variable pour r\u00e9pondre \u00e0 diff\u00e9rents besoins<\/li>\n<li>Facile \u00e0 nettoyer : Nettoyer avec un d\u00e9tergent et essuyer.<\/li>\n<li>Fond compos\u00e9 : Chauffage rapide et homog\u00e8ne<\/li>\n<\/ul>\n<p>\u00a0 <strong>MOQ : 20 pi\u00e8ces par commande<\/strong><\/p>\n<div class=\"product-short-description\"><strong>Gamme de prix : <span style=\"color: #ff0000;\">15-65USD<\/span> (N'h\u00e9sitez pas \u00e0 demander un devis d\u00e9taill\u00e9)<\/strong><\/div>\n<div class=\"yith-ywraq-add-to-quote add-to-quote-104 near-add-to-cart\">\u00a0<\/div>","protected":false},"featured_media":14528,"template":"","meta":{"_seopress_robots_primary_cat":"none","_editorskit_title_hidden":false,"_editorskit_reading_time":0,"_editorskit_is_block_options_detached":false,"_editorskit_block_options_position":"{}","_editorskit_typography_data":[],"_editorskit_blocks_typography":""},"product_cat":[36],"product_tag":[96],"class_list":["post-14527","product","type-product","status-publish","has-post-thumbnail","hentry","product_cat-commercial-pot-barrel","product_tag-stock-pot"],"yoast_head":"<!-- This site is optimized with the Yoast SEO plugin v21.4 - https:\/\/yoast.com\/wordpress\/plugins\/seo\/ -->\n<title>Stainless Steel Stock Pot<\/title>\n<meta name=\"description\" content=\"We produce Stainless Steel stock pot from standard to custom sizes, from tiny to giant.\u00a0 Standard sizes molds and many exclusive molds.\" \/>\n<meta name=\"robots\" content=\"index, follow, max-snippet:-1, max-image-preview:large, max-video-preview:-1\" \/>\n<link rel=\"canonical\" href=\"https:\/\/jm-xiangsheng.com\/fr\/product\/commercial-kitchenware\/commercial-pot-barrel\/stainless-steel-stock-pot-with-compound-bottom\/\" \/>\n<meta property=\"og:locale\" content=\"fr_FR\" \/>\n<meta property=\"og:type\" content=\"article\" \/>\n<meta property=\"og:title\" content=\"Stainless Steel Stock Pot\" \/>\n<meta property=\"og:description\" content=\"We produce Stainless Steel stock pot from standard to custom sizes, from tiny to giant.\u00a0 Standard sizes molds and many exclusive molds.\" \/>\n<meta property=\"og:url\" content=\"https:\/\/jm-xiangsheng.com\/fr\/product\/commercial-kitchenware\/commercial-pot-barrel\/stainless-steel-stock-pot-with-compound-bottom\/\" \/>\n<meta property=\"og:site_name\" content=\"Xiangsheng - China factory of stainless steel products\" \/>\n<meta property=\"article:modified_time\" content=\"2025-03-25T09:12:10+00:00\" \/>\n<meta property=\"og:image\" content=\"http:\/\/jm-xiangsheng.com\/wp-content\/uploads\/2024\/11\/1-74.jpg\" \/>\n\t<meta property=\"og:image:width\" content=\"750\" \/>\n\t<meta property=\"og:image:height\" content=\"750\" \/>\n\t<meta property=\"og:image:type\" content=\"image\/jpeg\" \/>\n<meta name=\"twitter:card\" content=\"summary_large_image\" \/>\n<meta name=\"twitter:label1\" content=\"Dur\u00e9e de lecture estim\u00e9e\" \/>\n\t<meta name=\"twitter:data1\" content=\"2 minutes\" \/>\n<script type=\"application\/ld+json\" class=\"yoast-schema-graph\">{\"@context\":\"https:\/\/schema.org\",\"@graph\":[{\"@type\":\"WebPage\",\"@id\":\"https:\/\/jm-xiangsheng.com\/product\/commercial-kitchenware\/commercial-pot-barrel\/stainless-steel-stock-pot-with-compound-bottom\/\",\"url\":\"https:\/\/jm-xiangsheng.com\/product\/commercial-kitchenware\/commercial-pot-barrel\/stainless-steel-stock-pot-with-compound-bottom\/\",\"name\":\"Stainless Steel Stock Pot\",\"isPartOf\":{\"@id\":\"https:\/\/jm-xiangsheng.com\/#website\"},\"datePublished\":\"2024-11-22T03:21:58+00:00\",\"dateModified\":\"2025-03-25T09:12:10+00:00\",\"description\":\"We produce Stainless Steel stock pot from standard to custom sizes, from tiny to giant.\u00a0 Standard sizes molds and many exclusive molds.\",\"breadcrumb\":{\"@id\":\"https:\/\/jm-xiangsheng.com\/product\/commercial-kitchenware\/commercial-pot-barrel\/stainless-steel-stock-pot-with-compound-bottom\/#breadcrumb\"},\"inLanguage\":\"fr-FR\",\"potentialAction\":[{\"@type\":\"ReadAction\",\"target\":[\"https:\/\/jm-xiangsheng.com\/product\/commercial-kitchenware\/commercial-pot-barrel\/stainless-steel-stock-pot-with-compound-bottom\/\"]}]},{\"@type\":\"BreadcrumbList\",\"@id\":\"https:\/\/jm-xiangsheng.com\/product\/commercial-kitchenware\/commercial-pot-barrel\/stainless-steel-stock-pot-with-compound-bottom\/#breadcrumb\",\"itemListElement\":[{\"@type\":\"ListItem\",\"position\":1,\"name\":\"Home\",\"item\":\"https:\/\/jm-xiangsheng.com\/\"},{\"@type\":\"ListItem\",\"position\":2,\"name\":\"Product\",\"item\":\"https:\/\/jm-xiangsheng.com\/products\/\"},{\"@type\":\"ListItem\",\"position\":3,\"name\":\"Commercial kitchenware\",\"item\":\"https:\/\/jm-xiangsheng.com\/product-category\/commercial-kitchenware\/\"},{\"@type\":\"ListItem\",\"position\":4,\"name\":\"Commercial Pot &amp; Barrel\",\"item\":\"https:\/\/jm-xiangsheng.com\/product-category\/commercial-kitchenware\/commercial-pot-barrel\/\"},{\"@type\":\"ListItem\",\"position\":5,\"name\":\"Stainless Steel Stock Pot With Compound Bottom\"}]},{\"@type\":\"WebSite\",\"@id\":\"https:\/\/jm-xiangsheng.com\/#website\",\"url\":\"https:\/\/jm-xiangsheng.com\/\",\"name\":\"Xiangsheng - China factory of stainless steel products\",\"description\":\"20 years factory\",\"publisher\":{\"@id\":\"https:\/\/jm-xiangsheng.com\/#organization\"},\"potentialAction\":[{\"@type\":\"SearchAction\",\"target\":{\"@type\":\"EntryPoint\",\"urlTemplate\":\"https:\/\/jm-xiangsheng.com\/?s={search_term_string}\"},\"query-input\":\"required name=search_term_string\"}],\"inLanguage\":\"fr-FR\"},{\"@type\":\"Organization\",\"@id\":\"https:\/\/jm-xiangsheng.com\/#organization\",\"name\":\"Xiangsheng - China factory of stainless steel products\",\"url\":\"https:\/\/jm-xiangsheng.com\/\",\"logo\":{\"@type\":\"ImageObject\",\"inLanguage\":\"fr-FR\",\"@id\":\"https:\/\/jm-xiangsheng.com\/#\/schema\/logo\/image\/\",\"url\":\"https:\/\/jm-xiangsheng.com\/wp-content\/uploads\/2024\/05\/cropped-\u672a\u6807\u9898-3-\u62f7\u8d1d.png\",\"contentUrl\":\"https:\/\/jm-xiangsheng.com\/wp-content\/uploads\/2024\/05\/cropped-\u672a\u6807\u9898-3-\u62f7\u8d1d.png\",\"width\":490,\"height\":140,\"caption\":\"Xiangsheng - China factory of stainless steel products\"},\"image\":{\"@id\":\"https:\/\/jm-xiangsheng.com\/#\/schema\/logo\/image\/\"}}]}<\/script>\n<!-- \/ Yoast SEO plugin. -->","yoast_head_json":{"title":"Stainless Steel Stock Pot","description":"We produce Stainless Steel stock pot from standard to custom sizes, from tiny to giant.\u00a0 Standard sizes molds and many exclusive molds.","robots":{"index":"index","follow":"follow","max-snippet":"max-snippet:-1","max-image-preview":"max-image-preview:large","max-video-preview":"max-video-preview:-1"},"canonical":"https:\/\/jm-xiangsheng.com\/fr\/product\/commercial-kitchenware\/commercial-pot-barrel\/stainless-steel-stock-pot-with-compound-bottom\/","og_locale":"fr_FR","og_type":"article","og_title":"Stainless Steel Stock Pot","og_description":"We produce Stainless Steel stock pot from standard to custom sizes, from tiny to giant.\u00a0 Standard sizes molds and many exclusive molds.","og_url":"https:\/\/jm-xiangsheng.com\/fr\/product\/commercial-kitchenware\/commercial-pot-barrel\/stainless-steel-stock-pot-with-compound-bottom\/","og_site_name":"Xiangsheng - China factory of stainless steel products","article_modified_time":"2025-03-25T09:12:10+00:00","og_image":[{"width":750,"height":750,"url":"http:\/\/jm-xiangsheng.com\/wp-content\/uploads\/2024\/11\/1-74.jpg","type":"image\/jpeg"}],"twitter_card":"summary_large_image","twitter_misc":{"Dur\u00e9e de lecture estim\u00e9e":"2 minutes"},"schema":{"@context":"https:\/\/schema.org","@graph":[{"@type":"WebPage","@id":"https:\/\/jm-xiangsheng.com\/product\/commercial-kitchenware\/commercial-pot-barrel\/stainless-steel-stock-pot-with-compound-bottom\/","url":"https:\/\/jm-xiangsheng.com\/product\/commercial-kitchenware\/commercial-pot-barrel\/stainless-steel-stock-pot-with-compound-bottom\/","name":"Stainless Steel Stock Pot","isPartOf":{"@id":"https:\/\/jm-xiangsheng.com\/#website"},"datePublished":"2024-11-22T03:21:58+00:00","dateModified":"2025-03-25T09:12:10+00:00","description":"We produce Stainless Steel stock pot from standard to custom sizes, from tiny to giant.\u00a0 Standard sizes molds and many exclusive molds.","breadcrumb":{"@id":"https:\/\/jm-xiangsheng.com\/product\/commercial-kitchenware\/commercial-pot-barrel\/stainless-steel-stock-pot-with-compound-bottom\/#breadcrumb"},"inLanguage":"fr-FR","potentialAction":[{"@type":"ReadAction","target":["https:\/\/jm-xiangsheng.com\/product\/commercial-kitchenware\/commercial-pot-barrel\/stainless-steel-stock-pot-with-compound-bottom\/"]}]},{"@type":"BreadcrumbList","@id":"https:\/\/jm-xiangsheng.com\/product\/commercial-kitchenware\/commercial-pot-barrel\/stainless-steel-stock-pot-with-compound-bottom\/#breadcrumb","itemListElement":[{"@type":"ListItem","position":1,"name":"Home","item":"https:\/\/jm-xiangsheng.com\/"},{"@type":"ListItem","position":2,"name":"Product","item":"https:\/\/jm-xiangsheng.com\/products\/"},{"@type":"ListItem","position":3,"name":"Commercial kitchenware","item":"https:\/\/jm-xiangsheng.com\/product-category\/commercial-kitchenware\/"},{"@type":"ListItem","position":4,"name":"Commercial Pot &amp; Barrel","item":"https:\/\/jm-xiangsheng.com\/product-category\/commercial-kitchenware\/commercial-pot-barrel\/"},{"@type":"ListItem","position":5,"name":"Stainless Steel Stock Pot With Compound Bottom"}]},{"@type":"WebSite","@id":"https:\/\/jm-xiangsheng.com\/#website","url":"https:\/\/jm-xiangsheng.com\/","name":"Xiangsheng - China factory of stainless steel products","description":"20 years factory","publisher":{"@id":"https:\/\/jm-xiangsheng.com\/#organization"},"potentialAction":[{"@type":"SearchAction","target":{"@type":"EntryPoint","urlTemplate":"https:\/\/jm-xiangsheng.com\/?s={search_term_string}"},"query-input":"required name=search_term_string"}],"inLanguage":"fr-FR"},{"@type":"Organization","@id":"https:\/\/jm-xiangsheng.com\/#organization","name":"Xiangsheng - China factory of stainless steel products","url":"https:\/\/jm-xiangsheng.com\/","logo":{"@type":"ImageObject","inLanguage":"fr-FR","@id":"https:\/\/jm-xiangsheng.com\/#\/schema\/logo\/image\/","url":"https:\/\/jm-xiangsheng.com\/wp-content\/uploads\/2024\/05\/cropped-\u672a\u6807\u9898-3-\u62f7\u8d1d.png","contentUrl":"https:\/\/jm-xiangsheng.com\/wp-content\/uploads\/2024\/05\/cropped-\u672a\u6807\u9898-3-\u62f7\u8d1d.png","width":490,"height":140,"caption":"Xiangsheng - China factory of stainless steel products"},"image":{"@id":"https:\/\/jm-xiangsheng.com\/#\/schema\/logo\/image\/"}}]}},"_links":{"self":[{"href":"https:\/\/jm-xiangsheng.com\/fr\/wp-json\/wp\/v2\/product\/14527","targetHints":{"allow":["GET"]}}],"collection":[{"href":"https:\/\/jm-xiangsheng.com\/fr\/wp-json\/wp\/v2\/product"}],"about":[{"href":"https:\/\/jm-xiangsheng.com\/fr\/wp-json\/wp\/v2\/types\/product"}],"wp:featuredmedia":[{"embeddable":true,"href":"https:\/\/jm-xiangsheng.com\/fr\/wp-json\/wp\/v2\/media\/14528"}],"wp:attachment":[{"href":"https:\/\/jm-xiangsheng.com\/fr\/wp-json\/wp\/v2\/media?parent=14527"}],"wp:term":[{"taxonomy":"product_cat","embeddable":true,"href":"https:\/\/jm-xiangsheng.com\/fr\/wp-json\/wp\/v2\/product_cat?post=14527"},{"taxonomy":"product_tag","embeddable":true,"href":"https:\/\/jm-xiangsheng.com\/fr\/wp-json\/wp\/v2\/product_tag?post=14527"}],"curies":[{"name":"wp","href":"https:\/\/api.w.org\/{rel}","templated":true}]}}