{"id":14524,"date":"2024-11-21T16:29:02","date_gmt":"2024-11-21T08:29:02","guid":{"rendered":"https:\/\/jm-xiangsheng.com\/?post_type=product&#038;p=14524"},"modified":"2025-03-25T17:14:02","modified_gmt":"2025-03-25T09:14:02","slug":"two-layer-stainless-steel-dinning-cart","status":"publish","type":"product","link":"https:\/\/jm-xiangsheng.com\/fr\/produit\/commercial-kitchenware\/stainless-steel-trolleys-carts\/two-layer-stainless-steel-dinning-cart\/","title":{"rendered":"Chariot de salle \u00e0 manger \u00e0 deux \u00e9tages en acier inoxydable"},"content":{"rendered":"<p>Cher client, nous produisons des chariots de salle \u00e0 manger en acier inoxydable de tailles standard \u00e0 personnalis\u00e9es, de minuscules \u00e0 gigantesques.  Nous disposons de moules de taille standard et de nombreux moules exclusifs. Nous pouvons \u00e9galement personnaliser pour vous !!! <span style=\"color: #ed1c24;\"><b>Envoyez-nous un message, nous parlerons des d\u00e9tails.<\/b><\/span> \u00a0<\/p>\r\n<p>Mat\u00e9riau : acier inoxydable 201<\/p>\r\n<p>Surface : polissage.<\/p>\r\n<p>Tube carr\u00e9 : Dia25*\u00e9paisseur 0,8mm, plateau avec autocollant anti-bruit<\/p>\r\n<p>Roues : Roues muettes de 4 pouces en TPR (dia 100mm), 2 avec frein. Toutes avec protections de roues<\/p>\r\n<p>Emballage : sac en poly\u00e9thyl\u00e8ne, carton standard d'exportation \u00e0 5 couches<\/p>\r\n<p>---------------------------------------------<\/p>\r\n<h4 style=\"text-align: center;\"><!-- \/wp:post-content -->\r\n\r\n<!-- wp:heading {\"editorskit_typography\":{\"family\":\"\",\"name\":\"\",\"weight\":\"\"}} --><\/h4>\r\n<h2 class=\"wp-block-heading\"><strong><a class=\"ek-link\" href=\"https:\/\/jm-xiangsheng.com\/fr\/about-xiangsheng\/\">Xiangsheng\u00a0<em>Usine<\/em><\/a><\/strong><\/h2>\r\n<h4 style=\"text-align: center;\"><!-- \/wp:heading -->\r\n\r\n<!-- wp:paragraph --><\/h4>\r\n<p>Xiangsheng est une usine \u00e9tablie en <strong>2005<\/strong> avec une grande exp\u00e9rience, <strong>produisant un chariot de salle \u00e0 manger en acier inoxydable<\/strong>\u00a0bas\u00e9 \u00e0\u00a0<em>Chine<\/em>. Vous trouverez ci-dessous nos 7 principales valeurs. Si vous \u00eates int\u00e9ress\u00e9 par l'importation de stocks de pommes de terre, n'h\u00e9sitez pas \u00e0 nous contacter.\u00a0<strong>CONTACT<\/strong>\u00a0nous.<\/p>\r\n<h4 style=\"text-align: center;\"><!-- \/wp:paragraph -->\r\n\r\n<!-- wp:spacer {\"height\":\"41px\",\"editorskit_typography\":{\"family\":\"\",\"name\":\"\",\"weight\":\"\"}} --><\/h4>\r\n<div class=\"wp-block-spacer\" aria-hidden=\"true\">\u00a0<\/div>\r\n<h4 style=\"text-align: center;\"><!-- \/wp:spacer -->\r\n\r\n<!-- wp:paragraph --><\/h4>\r\n<p><strong>1) Ing\u00e9nieur Assistance technique<\/strong>-Types de mat\u00e9riaux, styles, dessins.<\/p>\r\n<h4 style=\"text-align: center;\"><!-- \/wp:paragraph -->\r\n\r\n<!-- wp:paragraph --><\/h4>\r\n<p><strong>2) Echantillons disponibles, prix de gros comp\u00e9titifs<\/strong>- Les \u00e9chantillons sont accept\u00e9s, et \u00e0 partir de 20 pi\u00e8ces, nous offrons un service de premi\u00e8re main.<em>usine<\/em>\u00a0prix, pas d'interm\u00e9diaire !<\/p>\r\n<h4 style=\"text-align: center;\"><!-- \/wp:paragraph -->\r\n\r\n<!-- wp:paragraph --><\/h4>\r\n<p><strong>4) Rapport d'essai<\/strong>Mat\u00e9riau en acier inoxydable -201 ou 304, test\u00e9 par SGS.<\/p>\r\n<h4 style=\"text-align: center;\"><!-- \/wp:paragraph -->\r\n\r\n<!-- wp:paragraph --><\/h4>\r\n<p><strong>5) Photos des produits<\/strong>-Ne vous sentez jamais impuissant en mati\u00e8re de marketing ! Nous vous fournirons des photos si vous le souhaitez.<\/p>\r\n<h4 style=\"text-align: center;\"><!-- \/wp:paragraph -->\r\n\r\n<!-- wp:paragraph --><\/h4>\r\n<p><strong>6) Vid\u00e9os d'inspection<\/strong>-Une fois les produits finis, nous pouvons vous pr\u00e9senter des vid\u00e9os pour une meilleure \u00e9valuation.<\/p>\r\n<h4 style=\"text-align: center;\"><!-- \/wp:paragraph -->\r\n\r\n<!-- wp:paragraph --><\/h4>\r\n<p><strong>7) Guide d'achat des seaux \u00e0 lait\u00a0<em>Chine<\/em><\/strong>-En fonction de votre demande, nous pouvons vous proposer un prix EXW, FOB, CIF ou DDP. Nos agents maritimes proposent des tarifs avantageux, ce qui vous permet d'\u00e9conomiser davantage !<\/p>\r\n<h4 style=\"text-align: center;\"><!-- \/wp:paragraph -->\r\n\r\n<!-- wp:paragraph --><\/h4>\r\n<p>------------------------<\/p>\r\n<h4 style=\"text-align: center;\"><!-- \/wp:paragraph --><\/h4>\r\n<h3><span style=\"color: #ed1c24;\"><b>Envoyez-nous un message, nous parlerons des d\u00e9tails.<\/b><\/span><\/h3>\r\n<p>&nbsp;<\/p>\r\n<h3><a href=\"https:\/\/youtu.be\/MxmHsxeUuZE\">Vid\u00e9o du produit :<\/a><\/h3>","protected":false},"excerpt":{"rendered":"<p><span style=\"color: #808080;\">Chariot \u00e0 roulettes en acier inoxydable fourni directement par l'usine. Ce chariot est fabriqu\u00e9 en acier inoxydable de forte \u00e9paisseur (0.6 ou 0.8mm), il est capable de transporter en douceur jusqu'\u00e0 <strong>330 livres<\/strong>.<\/span> <strong>Caract\u00e9ristiques :<\/strong><\/p>\n<ul>\n<li>V\u00e9ritable acier inoxydable\uff1a antirouille et anticorrosion<\/li>\n<li>Large application : Restaurant, cuisine, bureau \u00e0 domicile, salle \u00e0 manger, garage.<\/li>\n<li>Plusieurs tailles : moyenne et grande<\/li>\n<li>Facile \u00e0 nettoyer : Nettoyer avec un d\u00e9tergent et essuyer.<\/li>\n<\/ul>\n<p>\u00a0 <strong>MOQ : 20 pi\u00e8ces par commande<\/strong><\/p>\n<div class=\"product-short-description\"><strong>Gamme de prix :<span style=\"color: #ff0000;\">40USD<\/span> (N'h\u00e9sitez pas \u00e0 demander un devis d\u00e9taill\u00e9)<\/strong><\/div>","protected":false},"featured_media":14525,"template":"","meta":{"_seopress_robots_primary_cat":"none","_editorskit_title_hidden":false,"_editorskit_reading_time":0,"_editorskit_is_block_options_detached":false,"_editorskit_block_options_position":"{}","_editorskit_typography_data":[],"_editorskit_blocks_typography":""},"product_cat":[37],"product_tag":[],"class_list":["post-14524","product","type-product","status-publish","has-post-thumbnail","hentry","product_cat-stainless-steel-trolleys-carts"],"yoast_head":"<!-- This site is optimized with the Yoast SEO plugin v21.4 - https:\/\/yoast.com\/wordpress\/plugins\/seo\/ -->\n<title>Stainless Steel Dinning Cart<\/title>\n<meta name=\"description\" content=\"we produce Stainless Steel Dinning Cart from standard to custom sizes, from tiny to giant.\u00a0 Standard sizes molds and many exclusive molds.\" \/>\n<meta name=\"robots\" content=\"index, follow, max-snippet:-1, max-image-preview:large, max-video-preview:-1\" \/>\n<link rel=\"canonical\" href=\"https:\/\/jm-xiangsheng.com\/fr\/product\/commercial-kitchenware\/stainless-steel-trolleys-carts\/two-layer-stainless-steel-dinning-cart\/\" \/>\n<meta property=\"og:locale\" content=\"fr_FR\" \/>\n<meta property=\"og:type\" content=\"article\" \/>\n<meta property=\"og:title\" content=\"Stainless Steel Dinning Cart\" \/>\n<meta property=\"og:description\" content=\"we produce Stainless Steel Dinning Cart from standard to custom sizes, from tiny to giant.\u00a0 Standard sizes molds and many exclusive molds.\" \/>\n<meta property=\"og:url\" content=\"https:\/\/jm-xiangsheng.com\/fr\/product\/commercial-kitchenware\/stainless-steel-trolleys-carts\/two-layer-stainless-steel-dinning-cart\/\" \/>\n<meta property=\"og:site_name\" content=\"Xiangsheng - China factory of stainless steel products\" \/>\n<meta property=\"article:modified_time\" content=\"2025-03-25T09:14:02+00:00\" \/>\n<meta property=\"og:image\" content=\"http:\/\/jm-xiangsheng.com\/wp-content\/uploads\/2024\/11\/Logo4.jpg\" \/>\n\t<meta property=\"og:image:width\" content=\"1000\" \/>\n\t<meta property=\"og:image:height\" content=\"1000\" \/>\n\t<meta property=\"og:image:type\" content=\"image\/jpeg\" \/>\n<meta name=\"twitter:card\" content=\"summary_large_image\" \/>\n<meta name=\"twitter:label1\" content=\"Dur\u00e9e de lecture estim\u00e9e\" \/>\n\t<meta name=\"twitter:data1\" content=\"1 minute\" \/>\n<script type=\"application\/ld+json\" class=\"yoast-schema-graph\">{\"@context\":\"https:\/\/schema.org\",\"@graph\":[{\"@type\":\"WebPage\",\"@id\":\"https:\/\/jm-xiangsheng.com\/product\/commercial-kitchenware\/stainless-steel-trolleys-carts\/two-layer-stainless-steel-dinning-cart\/\",\"url\":\"https:\/\/jm-xiangsheng.com\/product\/commercial-kitchenware\/stainless-steel-trolleys-carts\/two-layer-stainless-steel-dinning-cart\/\",\"name\":\"Stainless Steel Dinning Cart\",\"isPartOf\":{\"@id\":\"https:\/\/jm-xiangsheng.com\/#website\"},\"datePublished\":\"2024-11-21T08:29:02+00:00\",\"dateModified\":\"2025-03-25T09:14:02+00:00\",\"description\":\"we produce Stainless Steel Dinning Cart from standard to custom sizes, from tiny to giant.\u00a0 Standard sizes molds and many exclusive molds.\",\"breadcrumb\":{\"@id\":\"https:\/\/jm-xiangsheng.com\/product\/commercial-kitchenware\/stainless-steel-trolleys-carts\/two-layer-stainless-steel-dinning-cart\/#breadcrumb\"},\"inLanguage\":\"fr-FR\",\"potentialAction\":[{\"@type\":\"ReadAction\",\"target\":[\"https:\/\/jm-xiangsheng.com\/product\/commercial-kitchenware\/stainless-steel-trolleys-carts\/two-layer-stainless-steel-dinning-cart\/\"]}]},{\"@type\":\"BreadcrumbList\",\"@id\":\"https:\/\/jm-xiangsheng.com\/product\/commercial-kitchenware\/stainless-steel-trolleys-carts\/two-layer-stainless-steel-dinning-cart\/#breadcrumb\",\"itemListElement\":[{\"@type\":\"ListItem\",\"position\":1,\"name\":\"Home\",\"item\":\"https:\/\/jm-xiangsheng.com\/\"},{\"@type\":\"ListItem\",\"position\":2,\"name\":\"Product\",\"item\":\"https:\/\/jm-xiangsheng.com\/products\/\"},{\"@type\":\"ListItem\",\"position\":3,\"name\":\"Commercial kitchenware\",\"item\":\"https:\/\/jm-xiangsheng.com\/product-category\/commercial-kitchenware\/\"},{\"@type\":\"ListItem\",\"position\":4,\"name\":\"Trolley &amp; cart\",\"item\":\"https:\/\/jm-xiangsheng.com\/product-category\/commercial-kitchenware\/stainless-steel-trolleys-carts\/\"},{\"@type\":\"ListItem\",\"position\":5,\"name\":\"Two-Layer Stainless Steel Dinning Cart\"}]},{\"@type\":\"WebSite\",\"@id\":\"https:\/\/jm-xiangsheng.com\/#website\",\"url\":\"https:\/\/jm-xiangsheng.com\/\",\"name\":\"Xiangsheng - China factory of stainless steel products\",\"description\":\"20 years factory\",\"publisher\":{\"@id\":\"https:\/\/jm-xiangsheng.com\/#organization\"},\"potentialAction\":[{\"@type\":\"SearchAction\",\"target\":{\"@type\":\"EntryPoint\",\"urlTemplate\":\"https:\/\/jm-xiangsheng.com\/?s={search_term_string}\"},\"query-input\":\"required name=search_term_string\"}],\"inLanguage\":\"fr-FR\"},{\"@type\":\"Organization\",\"@id\":\"https:\/\/jm-xiangsheng.com\/#organization\",\"name\":\"Xiangsheng - China factory of stainless steel products\",\"url\":\"https:\/\/jm-xiangsheng.com\/\",\"logo\":{\"@type\":\"ImageObject\",\"inLanguage\":\"fr-FR\",\"@id\":\"https:\/\/jm-xiangsheng.com\/#\/schema\/logo\/image\/\",\"url\":\"https:\/\/jm-xiangsheng.com\/wp-content\/uploads\/2024\/05\/cropped-\u672a\u6807\u9898-3-\u62f7\u8d1d.png\",\"contentUrl\":\"https:\/\/jm-xiangsheng.com\/wp-content\/uploads\/2024\/05\/cropped-\u672a\u6807\u9898-3-\u62f7\u8d1d.png\",\"width\":490,\"height\":140,\"caption\":\"Xiangsheng - China factory of stainless steel products\"},\"image\":{\"@id\":\"https:\/\/jm-xiangsheng.com\/#\/schema\/logo\/image\/\"}}]}<\/script>\n<!-- \/ Yoast SEO plugin. -->","yoast_head_json":{"title":"Stainless Steel Dinning Cart","description":"we produce Stainless Steel Dinning Cart from standard to custom sizes, from tiny to giant.\u00a0 Standard sizes molds and many exclusive molds.","robots":{"index":"index","follow":"follow","max-snippet":"max-snippet:-1","max-image-preview":"max-image-preview:large","max-video-preview":"max-video-preview:-1"},"canonical":"https:\/\/jm-xiangsheng.com\/fr\/product\/commercial-kitchenware\/stainless-steel-trolleys-carts\/two-layer-stainless-steel-dinning-cart\/","og_locale":"fr_FR","og_type":"article","og_title":"Stainless Steel Dinning Cart","og_description":"we produce Stainless Steel Dinning Cart from standard to custom sizes, from tiny to giant.\u00a0 Standard sizes molds and many exclusive molds.","og_url":"https:\/\/jm-xiangsheng.com\/fr\/product\/commercial-kitchenware\/stainless-steel-trolleys-carts\/two-layer-stainless-steel-dinning-cart\/","og_site_name":"Xiangsheng - China factory of stainless steel products","article_modified_time":"2025-03-25T09:14:02+00:00","og_image":[{"width":1000,"height":1000,"url":"http:\/\/jm-xiangsheng.com\/wp-content\/uploads\/2024\/11\/Logo4.jpg","type":"image\/jpeg"}],"twitter_card":"summary_large_image","twitter_misc":{"Dur\u00e9e de lecture estim\u00e9e":"1 minute"},"schema":{"@context":"https:\/\/schema.org","@graph":[{"@type":"WebPage","@id":"https:\/\/jm-xiangsheng.com\/product\/commercial-kitchenware\/stainless-steel-trolleys-carts\/two-layer-stainless-steel-dinning-cart\/","url":"https:\/\/jm-xiangsheng.com\/product\/commercial-kitchenware\/stainless-steel-trolleys-carts\/two-layer-stainless-steel-dinning-cart\/","name":"Stainless Steel Dinning Cart","isPartOf":{"@id":"https:\/\/jm-xiangsheng.com\/#website"},"datePublished":"2024-11-21T08:29:02+00:00","dateModified":"2025-03-25T09:14:02+00:00","description":"we produce Stainless Steel Dinning Cart from standard to custom sizes, from tiny to giant.\u00a0 Standard sizes molds and many exclusive molds.","breadcrumb":{"@id":"https:\/\/jm-xiangsheng.com\/product\/commercial-kitchenware\/stainless-steel-trolleys-carts\/two-layer-stainless-steel-dinning-cart\/#breadcrumb"},"inLanguage":"fr-FR","potentialAction":[{"@type":"ReadAction","target":["https:\/\/jm-xiangsheng.com\/product\/commercial-kitchenware\/stainless-steel-trolleys-carts\/two-layer-stainless-steel-dinning-cart\/"]}]},{"@type":"BreadcrumbList","@id":"https:\/\/jm-xiangsheng.com\/product\/commercial-kitchenware\/stainless-steel-trolleys-carts\/two-layer-stainless-steel-dinning-cart\/#breadcrumb","itemListElement":[{"@type":"ListItem","position":1,"name":"Home","item":"https:\/\/jm-xiangsheng.com\/"},{"@type":"ListItem","position":2,"name":"Product","item":"https:\/\/jm-xiangsheng.com\/products\/"},{"@type":"ListItem","position":3,"name":"Commercial kitchenware","item":"https:\/\/jm-xiangsheng.com\/product-category\/commercial-kitchenware\/"},{"@type":"ListItem","position":4,"name":"Trolley &amp; cart","item":"https:\/\/jm-xiangsheng.com\/product-category\/commercial-kitchenware\/stainless-steel-trolleys-carts\/"},{"@type":"ListItem","position":5,"name":"Two-Layer Stainless Steel Dinning Cart"}]},{"@type":"WebSite","@id":"https:\/\/jm-xiangsheng.com\/#website","url":"https:\/\/jm-xiangsheng.com\/","name":"Xiangsheng - China factory of stainless steel products","description":"20 years factory","publisher":{"@id":"https:\/\/jm-xiangsheng.com\/#organization"},"potentialAction":[{"@type":"SearchAction","target":{"@type":"EntryPoint","urlTemplate":"https:\/\/jm-xiangsheng.com\/?s={search_term_string}"},"query-input":"required name=search_term_string"}],"inLanguage":"fr-FR"},{"@type":"Organization","@id":"https:\/\/jm-xiangsheng.com\/#organization","name":"Xiangsheng - China factory of stainless steel products","url":"https:\/\/jm-xiangsheng.com\/","logo":{"@type":"ImageObject","inLanguage":"fr-FR","@id":"https:\/\/jm-xiangsheng.com\/#\/schema\/logo\/image\/","url":"https:\/\/jm-xiangsheng.com\/wp-content\/uploads\/2024\/05\/cropped-\u672a\u6807\u9898-3-\u62f7\u8d1d.png","contentUrl":"https:\/\/jm-xiangsheng.com\/wp-content\/uploads\/2024\/05\/cropped-\u672a\u6807\u9898-3-\u62f7\u8d1d.png","width":490,"height":140,"caption":"Xiangsheng - China factory of stainless steel products"},"image":{"@id":"https:\/\/jm-xiangsheng.com\/#\/schema\/logo\/image\/"}}]}},"_links":{"self":[{"href":"https:\/\/jm-xiangsheng.com\/fr\/wp-json\/wp\/v2\/product\/14524","targetHints":{"allow":["GET"]}}],"collection":[{"href":"https:\/\/jm-xiangsheng.com\/fr\/wp-json\/wp\/v2\/product"}],"about":[{"href":"https:\/\/jm-xiangsheng.com\/fr\/wp-json\/wp\/v2\/types\/product"}],"wp:featuredmedia":[{"embeddable":true,"href":"https:\/\/jm-xiangsheng.com\/fr\/wp-json\/wp\/v2\/media\/14525"}],"wp:attachment":[{"href":"https:\/\/jm-xiangsheng.com\/fr\/wp-json\/wp\/v2\/media?parent=14524"}],"wp:term":[{"taxonomy":"product_cat","embeddable":true,"href":"https:\/\/jm-xiangsheng.com\/fr\/wp-json\/wp\/v2\/product_cat?post=14524"},{"taxonomy":"product_tag","embeddable":true,"href":"https:\/\/jm-xiangsheng.com\/fr\/wp-json\/wp\/v2\/product_tag?post=14524"}],"curies":[{"name":"wp","href":"https:\/\/api.w.org\/{rel}","templated":true}]}}