{"id":12806,"date":"2023-11-15T15:16:48","date_gmt":"2023-11-15T07:16:48","guid":{"rendered":"https:\/\/jm-xiangsheng.com\/?post_type=product&#038;p=12806"},"modified":"2025-04-02T10:41:09","modified_gmt":"2025-04-02T02:41:09","slug":"multiple-use-stainless-steel-sink-with-single-basin-dishwasher-washbasin-58x43x21cm","status":"publish","type":"product","link":"https:\/\/jm-xiangsheng.com\/fr\/produit\/kitchen-sink\/multiple-use-stainless-steel-sink-with-single-basin-dishwasher-washbasin-58x43x21cm\/","title":{"rendered":"\u00c9vier en acier inoxydable \u00e0 usages multiples avec cuve unique, lave-vaisselle Lavabo 58x43x21cm"},"content":{"rendered":"<p>Cher client, nous sommes une entreprise cr\u00e9\u00e9e en 2005 qui produit des \u00e9viers de cuisine. Nous pouvons offrir une large gamme d'\u00e9viers de cuisine de diff\u00e9rentes tailles et conceptions, ainsi que des sc\u00e9narios d'utilisation pour r\u00e9pondre \u00e0 la demande des clients. Pour la plupart des mod\u00e8les, nous disposons d'un stock important et sommes pr\u00eats \u00e0 exp\u00e9dier.   ---------------------------------------------<\/p>\r\n<!-- \/wp:post-content -->\r\n\r\n<!-- wp:heading {\"editorskit_typography\":{\"family\":\"\",\"name\":\"\",\"weight\":\"\"}} -->\r\n<h2 class=\"wp-block-heading\"><strong><a class=\"ek-link\" href=\"https:\/\/jm-xiangsheng.com\/fr\/about-xiangsheng\/\">Xiangsheng\u00a0<em>Usine<\/em><\/a><\/strong><\/h2>\r\n<!-- \/wp:heading -->\r\n\r\n<!-- wp:paragraph -->\r\n<p>Xiangsheng est une usine \u00e9tablie en <strong>2005<\/strong> avec une grande exp\u00e9rience, <strong>production d'un \u00e9vier Kithchen en acier inoxydable <\/strong>bas\u00e9 \u00e0\u00a0<em>Chine<\/em>. Vous trouverez ci-dessous nos 7 principales valeurs. Si vous \u00eates int\u00e9ress\u00e9 par l'importation de stocks de pommes de terre, n'h\u00e9sitez pas \u00e0 nous contacter.\u00a0<strong>CONTACT<\/strong>\u00a0nous.<\/p>\r\n<!-- \/wp:paragraph -->\r\n\r\n<!-- wp:spacer {\"height\":\"41px\",\"editorskit_typography\":{\"family\":\"\",\"name\":\"\",\"weight\":\"\"}} -->\r\n<div class=\"wp-block-spacer\" aria-hidden=\"true\">\u00a0<\/div>\r\n<!-- \/wp:spacer -->\r\n\r\n<!-- wp:paragraph -->\r\n<p><strong>1) Ing\u00e9nieur Assistance technique<\/strong>-Types de mat\u00e9riaux, styles, dessins.<\/p>\r\n<!-- \/wp:paragraph -->\r\n\r\n<!-- wp:paragraph -->\r\n<p><strong>2) Echantillons disponibles, prix de gros comp\u00e9titifs<\/strong>- Les \u00e9chantillons sont accept\u00e9s, et \u00e0 partir de 20 pi\u00e8ces, nous offrons un service de premi\u00e8re main.<em>usine<\/em>\u00a0prix, pas d'interm\u00e9diaire !<\/p>\r\n<!-- \/wp:paragraph -->\r\n\r\n<!-- wp:paragraph -->\r\n<p><strong>3) Rapport d'essai<\/strong>Mat\u00e9riau en acier inoxydable -201 ou 304, test\u00e9 par SGS.<\/p>\r\n<!-- \/wp:paragraph -->\r\n\r\n<!-- wp:paragraph -->\r\n<p><strong>4) Photos des produits<\/strong>-Ne vous sentez jamais d\u00e9munis en mati\u00e8re de marketing ! Nous vous fournirons des photos si vous le souhaitez. Lorsque nous fabriquons le produit, nous prenons \u00e9galement des photos pour vous, afin que vous puissiez conna\u00eetre l'\u00e9tat d'avancement. Ainsi, si vous rencontrez des probl\u00e8mes, vous pouvez nous en faire part avant de commettre de grosses erreurs.<\/p>\r\n<!-- \/wp:paragraph -->\r\n\r\n<!-- wp:paragraph -->\r\n<p><strong>5) Vid\u00e9os d'inspection<\/strong>-Une fois les marchandises termin\u00e9es, nous pouvons vous montrer des vid\u00e9os pour une meilleure \u00e9valuation. Ainsi, vous pouvez nous indiquer les parties que vous souhaitez am\u00e9liorer avant l'exp\u00e9dition.<\/p>\r\n<!-- \/wp:paragraph -->\r\n\r\n<!-- wp:paragraph -->\r\n<p><strong>6) Guide d'achat des seaux \u00e0 lait <em>Chine<\/em><\/strong>-En fonction de votre demande, nous pouvons vous proposer un prix EXW, FOB, CIF ou DDP. Nos agents maritimes proposent des tarifs avantageux, ce qui vous permet d'\u00e9conomiser davantage ! Si vous avez vos propres agents maritimes, vous pouvez \u00e9galement les nommer.<\/p>\r\n<!-- \/wp:paragraph -->\r\n\r\n<!-- wp:paragraph -->\r\n<p>------------------------<\/p>\r\n<!-- \/wp:paragraph -->\r\n<h3><span style=\"color: #ed1c24;\"><b>Envoyez-nous un message, nous parlerons des d\u00e9tails.<\/b><\/span><\/h3>\r\n<p>&nbsp;<\/p>\r\n<h3><a href=\"https:\/\/www.youtube.com\/watch?v=ZoW37UUfQ8o\">Vid\u00e9o du produit :<\/a><\/h3>","protected":false},"excerpt":{"rendered":"<p>Petit \u00e9vier de cuisine \u00e0 cuve unique, en acier inoxydable SUS 304 de haute qualit\u00e9 (0,7 mm), robinets de cuisine et syst\u00e8me d'\u00e9vacuation assortis, au choix. <strong>Caract\u00e9ristiques principales :<\/strong><\/p>\n<ol>\n<li>Acier inoxydable 201\/ 304 de haute qualit\u00e9 : R\u00e9sistance \u00e0 l'usure et pr\u00e9vention de la corrosion<\/li>\n<li>Taille ext\u00e9rieure : 580*430*210mm, Taille du trou int\u00e9rieur : Dia 110mm<\/li>\n<li>\u00c9conomique et pratique : Prix comp\u00e9titif offert par l'usine<\/li>\n<li>Facile \u00e0 nettoyer : Nettoyer avec un d\u00e9tergent et essuyer.<\/li>\n<\/ol>","protected":false},"featured_media":12942,"template":"","meta":{"_seopress_robots_primary_cat":"none","_editorskit_title_hidden":false,"_editorskit_reading_time":0,"_editorskit_is_block_options_detached":false,"_editorskit_block_options_position":"{}","_editorskit_typography_data":[],"_editorskit_blocks_typography":""},"product_cat":[89],"product_tag":[],"class_list":["post-12806","product","type-product","status-publish","has-post-thumbnail","hentry","product_cat-kitchen-sink"],"yoast_head":"<!-- This site is optimized with the Yoast SEO plugin v21.4 - https:\/\/yoast.com\/wordpress\/plugins\/seo\/ -->\n<title>Kitchen Sink, Single Bowl Stainless Steel Sink - Xiangsheng<\/title>\n<meta name=\"description\" content=\"We are a 18-years factory\u00a0 produce Kitchen Stainless Steel Sink from standard to custom sizes, from tiny to giant. We can customized for you!\" \/>\n<meta name=\"robots\" content=\"index, follow, max-snippet:-1, max-image-preview:large, max-video-preview:-1\" \/>\n<link rel=\"canonical\" href=\"https:\/\/jm-xiangsheng.com\/fr\/product\/kitchen-sink\/multiple-use-stainless-steel-sink-with-single-basin-dishwasher-washbasin-58x43x21cm\/\" \/>\n<meta property=\"og:locale\" content=\"fr_FR\" \/>\n<meta property=\"og:type\" content=\"article\" \/>\n<meta property=\"og:title\" content=\"Kitchen Sink, Single Bowl Stainless Steel Sink - Xiangsheng\" \/>\n<meta property=\"og:description\" content=\"We are a 18-years factory\u00a0 produce Kitchen Stainless Steel Sink from standard to custom sizes, from tiny to giant. We can customized for you!\" \/>\n<meta property=\"og:url\" content=\"https:\/\/jm-xiangsheng.com\/fr\/product\/kitchen-sink\/multiple-use-stainless-steel-sink-with-single-basin-dishwasher-washbasin-58x43x21cm\/\" \/>\n<meta property=\"og:site_name\" content=\"Xiangsheng - China factory of stainless steel products\" \/>\n<meta property=\"article:modified_time\" content=\"2025-04-02T02:41:09+00:00\" \/>\n<meta property=\"og:image\" content=\"http:\/\/jm-xiangsheng.com\/wp-content\/uploads\/2023\/11\/5843-4.jpg\" \/>\n\t<meta property=\"og:image:width\" content=\"1000\" \/>\n\t<meta property=\"og:image:height\" content=\"1000\" \/>\n\t<meta property=\"og:image:type\" content=\"image\/jpeg\" \/>\n<meta name=\"twitter:card\" content=\"summary_large_image\" \/>\n<meta name=\"twitter:label1\" content=\"Dur\u00e9e de lecture estim\u00e9e\" \/>\n\t<meta name=\"twitter:data1\" content=\"2 minutes\" \/>\n<script type=\"application\/ld+json\" class=\"yoast-schema-graph\">{\"@context\":\"https:\/\/schema.org\",\"@graph\":[{\"@type\":\"WebPage\",\"@id\":\"https:\/\/jm-xiangsheng.com\/product\/kitchen-sink\/multiple-use-stainless-steel-sink-with-single-basin-dishwasher-washbasin-58x43x21cm\/\",\"url\":\"https:\/\/jm-xiangsheng.com\/product\/kitchen-sink\/multiple-use-stainless-steel-sink-with-single-basin-dishwasher-washbasin-58x43x21cm\/\",\"name\":\"Kitchen Sink, Single Bowl Stainless Steel Sink - Xiangsheng\",\"isPartOf\":{\"@id\":\"https:\/\/jm-xiangsheng.com\/#website\"},\"datePublished\":\"2023-11-15T07:16:48+00:00\",\"dateModified\":\"2025-04-02T02:41:09+00:00\",\"description\":\"We are a 18-years factory\u00a0 produce Kitchen Stainless Steel Sink from standard to custom sizes, from tiny to giant. We can customized for you!\",\"breadcrumb\":{\"@id\":\"https:\/\/jm-xiangsheng.com\/product\/kitchen-sink\/multiple-use-stainless-steel-sink-with-single-basin-dishwasher-washbasin-58x43x21cm\/#breadcrumb\"},\"inLanguage\":\"fr-FR\",\"potentialAction\":[{\"@type\":\"ReadAction\",\"target\":[\"https:\/\/jm-xiangsheng.com\/product\/kitchen-sink\/multiple-use-stainless-steel-sink-with-single-basin-dishwasher-washbasin-58x43x21cm\/\"]}]},{\"@type\":\"BreadcrumbList\",\"@id\":\"https:\/\/jm-xiangsheng.com\/product\/kitchen-sink\/multiple-use-stainless-steel-sink-with-single-basin-dishwasher-washbasin-58x43x21cm\/#breadcrumb\",\"itemListElement\":[{\"@type\":\"ListItem\",\"position\":1,\"name\":\"Home\",\"item\":\"https:\/\/jm-xiangsheng.com\/\"},{\"@type\":\"ListItem\",\"position\":2,\"name\":\"Product\",\"item\":\"https:\/\/jm-xiangsheng.com\/products\/\"},{\"@type\":\"ListItem\",\"position\":3,\"name\":\"Kitchen Sink\",\"item\":\"https:\/\/jm-xiangsheng.com\/product-category\/kitchen-sink\/\"},{\"@type\":\"ListItem\",\"position\":4,\"name\":\"Multiple Use Stainless Steel Sink with Single basin, Dishwasher Washbasin 58x43x21cm\"}]},{\"@type\":\"WebSite\",\"@id\":\"https:\/\/jm-xiangsheng.com\/#website\",\"url\":\"https:\/\/jm-xiangsheng.com\/\",\"name\":\"Xiangsheng - China factory of stainless steel products\",\"description\":\"20 years factory\",\"publisher\":{\"@id\":\"https:\/\/jm-xiangsheng.com\/#organization\"},\"potentialAction\":[{\"@type\":\"SearchAction\",\"target\":{\"@type\":\"EntryPoint\",\"urlTemplate\":\"https:\/\/jm-xiangsheng.com\/?s={search_term_string}\"},\"query-input\":\"required name=search_term_string\"}],\"inLanguage\":\"fr-FR\"},{\"@type\":\"Organization\",\"@id\":\"https:\/\/jm-xiangsheng.com\/#organization\",\"name\":\"Xiangsheng - China factory of stainless steel products\",\"url\":\"https:\/\/jm-xiangsheng.com\/\",\"logo\":{\"@type\":\"ImageObject\",\"inLanguage\":\"fr-FR\",\"@id\":\"https:\/\/jm-xiangsheng.com\/#\/schema\/logo\/image\/\",\"url\":\"https:\/\/jm-xiangsheng.com\/wp-content\/uploads\/2024\/05\/cropped-\u672a\u6807\u9898-3-\u62f7\u8d1d.png\",\"contentUrl\":\"https:\/\/jm-xiangsheng.com\/wp-content\/uploads\/2024\/05\/cropped-\u672a\u6807\u9898-3-\u62f7\u8d1d.png\",\"width\":490,\"height\":140,\"caption\":\"Xiangsheng - China factory of stainless steel products\"},\"image\":{\"@id\":\"https:\/\/jm-xiangsheng.com\/#\/schema\/logo\/image\/\"}}]}<\/script>\n<!-- \/ Yoast SEO plugin. -->","yoast_head_json":{"title":"Kitchen Sink, Single Bowl Stainless Steel Sink - Xiangsheng","description":"We are a 18-years factory\u00a0 produce Kitchen Stainless Steel Sink from standard to custom sizes, from tiny to giant. We can customized for you!","robots":{"index":"index","follow":"follow","max-snippet":"max-snippet:-1","max-image-preview":"max-image-preview:large","max-video-preview":"max-video-preview:-1"},"canonical":"https:\/\/jm-xiangsheng.com\/fr\/product\/kitchen-sink\/multiple-use-stainless-steel-sink-with-single-basin-dishwasher-washbasin-58x43x21cm\/","og_locale":"fr_FR","og_type":"article","og_title":"Kitchen Sink, Single Bowl Stainless Steel Sink - Xiangsheng","og_description":"We are a 18-years factory\u00a0 produce Kitchen Stainless Steel Sink from standard to custom sizes, from tiny to giant. We can customized for you!","og_url":"https:\/\/jm-xiangsheng.com\/fr\/product\/kitchen-sink\/multiple-use-stainless-steel-sink-with-single-basin-dishwasher-washbasin-58x43x21cm\/","og_site_name":"Xiangsheng - China factory of stainless steel products","article_modified_time":"2025-04-02T02:41:09+00:00","og_image":[{"width":1000,"height":1000,"url":"http:\/\/jm-xiangsheng.com\/wp-content\/uploads\/2023\/11\/5843-4.jpg","type":"image\/jpeg"}],"twitter_card":"summary_large_image","twitter_misc":{"Dur\u00e9e de lecture estim\u00e9e":"2 minutes"},"schema":{"@context":"https:\/\/schema.org","@graph":[{"@type":"WebPage","@id":"https:\/\/jm-xiangsheng.com\/product\/kitchen-sink\/multiple-use-stainless-steel-sink-with-single-basin-dishwasher-washbasin-58x43x21cm\/","url":"https:\/\/jm-xiangsheng.com\/product\/kitchen-sink\/multiple-use-stainless-steel-sink-with-single-basin-dishwasher-washbasin-58x43x21cm\/","name":"Kitchen Sink, Single Bowl Stainless Steel Sink - Xiangsheng","isPartOf":{"@id":"https:\/\/jm-xiangsheng.com\/#website"},"datePublished":"2023-11-15T07:16:48+00:00","dateModified":"2025-04-02T02:41:09+00:00","description":"We are a 18-years factory\u00a0 produce Kitchen Stainless Steel Sink from standard to custom sizes, from tiny to giant. We can customized for you!","breadcrumb":{"@id":"https:\/\/jm-xiangsheng.com\/product\/kitchen-sink\/multiple-use-stainless-steel-sink-with-single-basin-dishwasher-washbasin-58x43x21cm\/#breadcrumb"},"inLanguage":"fr-FR","potentialAction":[{"@type":"ReadAction","target":["https:\/\/jm-xiangsheng.com\/product\/kitchen-sink\/multiple-use-stainless-steel-sink-with-single-basin-dishwasher-washbasin-58x43x21cm\/"]}]},{"@type":"BreadcrumbList","@id":"https:\/\/jm-xiangsheng.com\/product\/kitchen-sink\/multiple-use-stainless-steel-sink-with-single-basin-dishwasher-washbasin-58x43x21cm\/#breadcrumb","itemListElement":[{"@type":"ListItem","position":1,"name":"Home","item":"https:\/\/jm-xiangsheng.com\/"},{"@type":"ListItem","position":2,"name":"Product","item":"https:\/\/jm-xiangsheng.com\/products\/"},{"@type":"ListItem","position":3,"name":"Kitchen Sink","item":"https:\/\/jm-xiangsheng.com\/product-category\/kitchen-sink\/"},{"@type":"ListItem","position":4,"name":"Multiple Use Stainless Steel Sink with Single basin, Dishwasher Washbasin 58x43x21cm"}]},{"@type":"WebSite","@id":"https:\/\/jm-xiangsheng.com\/#website","url":"https:\/\/jm-xiangsheng.com\/","name":"Xiangsheng - China factory of stainless steel products","description":"20 years factory","publisher":{"@id":"https:\/\/jm-xiangsheng.com\/#organization"},"potentialAction":[{"@type":"SearchAction","target":{"@type":"EntryPoint","urlTemplate":"https:\/\/jm-xiangsheng.com\/?s={search_term_string}"},"query-input":"required name=search_term_string"}],"inLanguage":"fr-FR"},{"@type":"Organization","@id":"https:\/\/jm-xiangsheng.com\/#organization","name":"Xiangsheng - China factory of stainless steel products","url":"https:\/\/jm-xiangsheng.com\/","logo":{"@type":"ImageObject","inLanguage":"fr-FR","@id":"https:\/\/jm-xiangsheng.com\/#\/schema\/logo\/image\/","url":"https:\/\/jm-xiangsheng.com\/wp-content\/uploads\/2024\/05\/cropped-\u672a\u6807\u9898-3-\u62f7\u8d1d.png","contentUrl":"https:\/\/jm-xiangsheng.com\/wp-content\/uploads\/2024\/05\/cropped-\u672a\u6807\u9898-3-\u62f7\u8d1d.png","width":490,"height":140,"caption":"Xiangsheng - China factory of stainless steel products"},"image":{"@id":"https:\/\/jm-xiangsheng.com\/#\/schema\/logo\/image\/"}}]}},"_links":{"self":[{"href":"https:\/\/jm-xiangsheng.com\/fr\/wp-json\/wp\/v2\/product\/12806","targetHints":{"allow":["GET"]}}],"collection":[{"href":"https:\/\/jm-xiangsheng.com\/fr\/wp-json\/wp\/v2\/product"}],"about":[{"href":"https:\/\/jm-xiangsheng.com\/fr\/wp-json\/wp\/v2\/types\/product"}],"wp:featuredmedia":[{"embeddable":true,"href":"https:\/\/jm-xiangsheng.com\/fr\/wp-json\/wp\/v2\/media\/12942"}],"wp:attachment":[{"href":"https:\/\/jm-xiangsheng.com\/fr\/wp-json\/wp\/v2\/media?parent=12806"}],"wp:term":[{"taxonomy":"product_cat","embeddable":true,"href":"https:\/\/jm-xiangsheng.com\/fr\/wp-json\/wp\/v2\/product_cat?post=12806"},{"taxonomy":"product_tag","embeddable":true,"href":"https:\/\/jm-xiangsheng.com\/fr\/wp-json\/wp\/v2\/product_tag?post=12806"}],"curies":[{"name":"wp","href":"https:\/\/api.w.org\/{rel}","templated":true}]}}