{"id":12747,"date":"2023-11-10T15:40:35","date_gmt":"2023-11-10T07:40:35","guid":{"rendered":"https:\/\/jm-xiangsheng.com\/?post_type=product&#038;p=12747"},"modified":"2025-04-02T10:23:34","modified_gmt":"2025-04-02T02:23:34","slug":"home-brew-stainless-steel-punch-hole-basket-2","status":"publish","type":"product","link":"https:\/\/jm-xiangsheng.com\/fr\/produit\/homebrew\/home-brew-stainless-steel-punch-hole-basket-2\/","title":{"rendered":"Panier \u00e0 trous en acier inoxydable Home Brew"},"content":{"rendered":"Mon cher client, vous \u00eates \u00e0 la recherche d'un produit de qualit\u00e9 sup\u00e9rieure, personnalis\u00e9 et de fabrication professionnelle pour Homebrew kettle Stainless Steel Punch Hole Basket ?\r\n\r\nC'est une chance que nous nous soyons trouv\u00e9s, nous sommes...\u00a0<strong>Fabricant n\u00b0 1<\/strong>\u00a0dans le domaine du homebrew. Notre solution globale comprend la conception, l'ing\u00e9nierie, la fabrication, le lancement et l'exp\u00e9dition en une seule \u00e9tape.\r\n\r\nAvez-vous besoin d'une assistance technique ? Voulez-vous que la conception OEM soit ex\u00e9cut\u00e9e facilement ?\r\n\r\n<b>Envoyez-nous un message, nous parlerons des d\u00e9tails.<\/b>\r\n\r\n&nbsp;\r\n\r\n---------------------------------------------\r\n\r\n<!-- \/wp:post-content --><!-- wp:heading {\"editorskit_typography\":{\"family\":\"\",\"name\":\"\",\"weight\":\"\"}} -->\r\n<h2 class=\"wp-block-heading\"><strong><a class=\"ek-link\" href=\"https:\/\/jm-xiangsheng.com\/fr\/about-xiangsheng\/\">Xiangsheng\u00a0<em>Usine<\/em><\/a><\/strong><\/h2>\r\n<!-- \/wp:heading --><!-- wp:paragraph -->\r\n\r\nXiangsheng est une usine \u00e9tablie en <strong>2005<\/strong> avec une grande exp\u00e9rience, <strong>production de paniers \u00e0 trous en acier inoxydable<\/strong>\u00a0bas\u00e9 \u00e0\u00a0<em>Chine<\/em>. Vous trouverez ci-dessous nos 7 principales valeurs. Si vous \u00eates int\u00e9ress\u00e9 par l'importation de stocks de pommes de terre, n'h\u00e9sitez pas \u00e0 nous contacter.\u00a0<strong>CONTACT<\/strong>\u00a0nous.\r\n\r\n<!-- \/wp:paragraph --><!-- wp:spacer {\"height\":\"41px\",\"editorskit_typography\":{\"family\":\"\",\"name\":\"\",\"weight\":\"\"}} -->\r\n<div class=\"wp-block-spacer\" aria-hidden=\"true\"><\/div>\r\n<!-- \/wp:spacer --><!-- wp:paragraph -->\r\n\r\n<strong>1) Ing\u00e9nieur Assistance technique<\/strong>-Types de mat\u00e9riaux, styles, dessins.\r\n\r\n<!-- \/wp:paragraph --><!-- wp:paragraph -->\r\n\r\n<strong>2) Echantillons disponibles, prix de gros comp\u00e9titifs<\/strong>- Les \u00e9chantillons sont accept\u00e9s, et \u00e0 partir de 20 pi\u00e8ces, nous offrons un service de premi\u00e8re main.<em>usine<\/em>\u00a0prix, pas d'interm\u00e9diaire !\r\n\r\n<!-- \/wp:paragraph --><!-- wp:paragraph -->\r\n\r\n<strong>3) Rapport d'essai<\/strong>Mat\u00e9riau en acier inoxydable -201 ou 304, test\u00e9 par SGS.\r\n\r\n<!-- \/wp:paragraph --><!-- wp:paragraph -->\r\n\r\n<strong>4) Photos des produits<\/strong>-Ne vous sentez jamais d\u00e9munis en mati\u00e8re de marketing ! Nous vous fournirons des photos si vous le souhaitez. Lorsque nous fabriquons le produit, nous prenons \u00e9galement des photos pour vous, afin que vous puissiez conna\u00eetre l'\u00e9tat d'avancement. Ainsi, si vous rencontrez des probl\u00e8mes, vous pouvez nous en faire part avant de commettre de grosses erreurs.\r\n\r\n<!-- \/wp:paragraph --><!-- wp:paragraph -->\r\n\r\n<strong>5) Vid\u00e9os d'inspection<\/strong>-Une fois les marchandises termin\u00e9es, nous pouvons vous montrer des vid\u00e9os pour une meilleure \u00e9valuation. Ainsi, vous pouvez nous indiquer les parties que vous souhaitez am\u00e9liorer avant l'exp\u00e9dition.\r\n\r\n<!-- \/wp:paragraph --><!-- wp:paragraph -->\r\n\r\n<strong>6) Guide d'achat des seaux \u00e0 lait <em>Chine<\/em><\/strong>-En fonction de votre demande, nous pouvons vous proposer un prix EXW, FOB, CIF ou DDP. Nos agents maritimes proposent des tarifs avantageux, ce qui vous permet d'\u00e9conomiser davantage ! Si vous avez vos propres agents maritimes, vous pouvez \u00e9galement les nommer.\r\n\r\n<!-- \/wp:paragraph --><!-- wp:paragraph -->\r\n\r\n------------------------\r\n\r\n<!-- \/wp:paragraph -->\r\n<h3><span style=\"color: #ed1c24;\"><b>Envoyez-nous un message, nous parlerons des d\u00e9tails.<\/b><\/span><\/h3>\r\n&nbsp;\r\n<h3><a href=\"https:\/\/www.youtube.com\/watch?v=ZoW37UUfQ8o\">Vid\u00e9o du produit :<\/a><\/h3>","protected":false},"excerpt":{"rendered":"<p><span style=\"color: #808080;\">Fabrique OEM ODM 1GAL-60 gallon homebrew basket. Nous travaillons avec les plus grandes marques dans le monde entier.<\/span><\/p>\n<p><strong><span style=\"color: #000080;\">Caract\u00e9ristiques :<\/span><\/strong><\/p>\n<ul>\n<li>Acier inoxydable v\u00e9ritable\uff1aMat\u00e9riau de qualit\u00e9 alimentaire antirouille et anticorrosion<\/li>\n<li>Trou perfor\u00e9 : bon pour le filtrage<\/li>\n<li>Avec des pieds : capable de se tenir debout \u00e0 l'int\u00e9rieur de la bouilloire<\/li>\n<li>Facile \u00e0 nettoyer : Nettoyer avec un d\u00e9tergent et essuyer.<\/li>\n<\/ul>\n<p>&nbsp;<\/p>\n<div class=\"product-short-description\">\n<p><strong>MOQ\uff1a20pcs par commande<\/strong><\/p>\n<\/div>\n<p><strong>Gamme de prix : <span style=\"color: #ff0000;\">10-60USD<\/span> (N'h\u00e9sitez pas \u00e0 demander un devis d\u00e9taill\u00e9)<\/strong><\/p>","protected":false},"featured_media":12915,"template":"","meta":{"_seopress_robots_primary_cat":"none","_editorskit_title_hidden":false,"_editorskit_reading_time":0,"_editorskit_is_block_options_detached":false,"_editorskit_block_options_position":"{}","_editorskit_typography_data":[],"_editorskit_blocks_typography":""},"product_cat":[29],"product_tag":[],"class_list":["post-12747","product","type-product","status-publish","has-post-thumbnail","hentry","product_cat-homebrew"],"yoast_head":"<!-- This site is optimized with the Yoast SEO plugin v21.4 - https:\/\/yoast.com\/wordpress\/plugins\/seo\/ -->\n<title>Home Brew Stainless Steel Punch Hole Basket<\/title>\n<meta name=\"description\" content=\"We are a 18-years Chinese factory\u00a0produce Stainless Steel Punch Hole Basket from standard to custom sizes, from tiny to giant.\" \/>\n<meta name=\"robots\" content=\"index, follow, max-snippet:-1, max-image-preview:large, max-video-preview:-1\" \/>\n<link rel=\"canonical\" href=\"https:\/\/jm-xiangsheng.com\/fr\/product\/homebrew\/home-brew-stainless-steel-punch-hole-basket-2\/\" \/>\n<meta property=\"og:locale\" content=\"fr_FR\" \/>\n<meta property=\"og:type\" content=\"article\" \/>\n<meta property=\"og:title\" content=\"Home Brew Stainless Steel Punch Hole Basket\" \/>\n<meta property=\"og:description\" content=\"We are a 18-years Chinese factory\u00a0produce Stainless Steel Punch Hole Basket from standard to custom sizes, from tiny to giant.\" \/>\n<meta property=\"og:url\" content=\"https:\/\/jm-xiangsheng.com\/fr\/product\/homebrew\/home-brew-stainless-steel-punch-hole-basket-2\/\" \/>\n<meta property=\"og:site_name\" content=\"Xiangsheng - China factory of stainless steel products\" \/>\n<meta property=\"article:modified_time\" content=\"2025-04-02T02:23:34+00:00\" \/>\n<meta property=\"og:image\" content=\"http:\/\/jm-xiangsheng.com\/wp-content\/uploads\/2023\/11\/\u5b98\u7f51\u4e3b\u56fe1-3.jpg\" \/>\n\t<meta property=\"og:image:width\" content=\"1000\" \/>\n\t<meta property=\"og:image:height\" content=\"1000\" \/>\n\t<meta property=\"og:image:type\" content=\"image\/jpeg\" \/>\n<meta name=\"twitter:card\" content=\"summary_large_image\" \/>\n<meta name=\"twitter:label1\" content=\"Dur\u00e9e de lecture estim\u00e9e\" \/>\n\t<meta name=\"twitter:data1\" content=\"2 minutes\" \/>\n<script type=\"application\/ld+json\" class=\"yoast-schema-graph\">{\"@context\":\"https:\/\/schema.org\",\"@graph\":[{\"@type\":\"WebPage\",\"@id\":\"https:\/\/jm-xiangsheng.com\/product\/homebrew\/home-brew-stainless-steel-punch-hole-basket-2\/\",\"url\":\"https:\/\/jm-xiangsheng.com\/product\/homebrew\/home-brew-stainless-steel-punch-hole-basket-2\/\",\"name\":\"Home Brew Stainless Steel Punch Hole Basket\",\"isPartOf\":{\"@id\":\"https:\/\/jm-xiangsheng.com\/#website\"},\"datePublished\":\"2023-11-10T07:40:35+00:00\",\"dateModified\":\"2025-04-02T02:23:34+00:00\",\"description\":\"We are a 18-years Chinese factory\u00a0produce Stainless Steel Punch Hole Basket from standard to custom sizes, from tiny to giant.\",\"breadcrumb\":{\"@id\":\"https:\/\/jm-xiangsheng.com\/product\/homebrew\/home-brew-stainless-steel-punch-hole-basket-2\/#breadcrumb\"},\"inLanguage\":\"fr-FR\",\"potentialAction\":[{\"@type\":\"ReadAction\",\"target\":[\"https:\/\/jm-xiangsheng.com\/product\/homebrew\/home-brew-stainless-steel-punch-hole-basket-2\/\"]}]},{\"@type\":\"BreadcrumbList\",\"@id\":\"https:\/\/jm-xiangsheng.com\/product\/homebrew\/home-brew-stainless-steel-punch-hole-basket-2\/#breadcrumb\",\"itemListElement\":[{\"@type\":\"ListItem\",\"position\":1,\"name\":\"Home\",\"item\":\"https:\/\/jm-xiangsheng.com\/\"},{\"@type\":\"ListItem\",\"position\":2,\"name\":\"Product\",\"item\":\"https:\/\/jm-xiangsheng.com\/products\/\"},{\"@type\":\"ListItem\",\"position\":3,\"name\":\"Homebrew\",\"item\":\"https:\/\/jm-xiangsheng.com\/product-category\/homebrew\/\"},{\"@type\":\"ListItem\",\"position\":4,\"name\":\"Home Brew Stainless Steel Punch Hole Basket\"}]},{\"@type\":\"WebSite\",\"@id\":\"https:\/\/jm-xiangsheng.com\/#website\",\"url\":\"https:\/\/jm-xiangsheng.com\/\",\"name\":\"Xiangsheng - China factory of stainless steel products\",\"description\":\"20 years factory\",\"publisher\":{\"@id\":\"https:\/\/jm-xiangsheng.com\/#organization\"},\"potentialAction\":[{\"@type\":\"SearchAction\",\"target\":{\"@type\":\"EntryPoint\",\"urlTemplate\":\"https:\/\/jm-xiangsheng.com\/?s={search_term_string}\"},\"query-input\":\"required name=search_term_string\"}],\"inLanguage\":\"fr-FR\"},{\"@type\":\"Organization\",\"@id\":\"https:\/\/jm-xiangsheng.com\/#organization\",\"name\":\"Xiangsheng - China factory of stainless steel products\",\"url\":\"https:\/\/jm-xiangsheng.com\/\",\"logo\":{\"@type\":\"ImageObject\",\"inLanguage\":\"fr-FR\",\"@id\":\"https:\/\/jm-xiangsheng.com\/#\/schema\/logo\/image\/\",\"url\":\"https:\/\/jm-xiangsheng.com\/wp-content\/uploads\/2024\/05\/cropped-\u672a\u6807\u9898-3-\u62f7\u8d1d.png\",\"contentUrl\":\"https:\/\/jm-xiangsheng.com\/wp-content\/uploads\/2024\/05\/cropped-\u672a\u6807\u9898-3-\u62f7\u8d1d.png\",\"width\":490,\"height\":140,\"caption\":\"Xiangsheng - China factory of stainless steel products\"},\"image\":{\"@id\":\"https:\/\/jm-xiangsheng.com\/#\/schema\/logo\/image\/\"}}]}<\/script>\n<!-- \/ Yoast SEO plugin. -->","yoast_head_json":{"title":"Home Brew Stainless Steel Punch Hole Basket","description":"We are a 18-years Chinese factory\u00a0produce Stainless Steel Punch Hole Basket from standard to custom sizes, from tiny to giant.","robots":{"index":"index","follow":"follow","max-snippet":"max-snippet:-1","max-image-preview":"max-image-preview:large","max-video-preview":"max-video-preview:-1"},"canonical":"https:\/\/jm-xiangsheng.com\/fr\/product\/homebrew\/home-brew-stainless-steel-punch-hole-basket-2\/","og_locale":"fr_FR","og_type":"article","og_title":"Home Brew Stainless Steel Punch Hole Basket","og_description":"We are a 18-years Chinese factory\u00a0produce Stainless Steel Punch Hole Basket from standard to custom sizes, from tiny to giant.","og_url":"https:\/\/jm-xiangsheng.com\/fr\/product\/homebrew\/home-brew-stainless-steel-punch-hole-basket-2\/","og_site_name":"Xiangsheng - China factory of stainless steel products","article_modified_time":"2025-04-02T02:23:34+00:00","og_image":[{"width":1000,"height":1000,"url":"http:\/\/jm-xiangsheng.com\/wp-content\/uploads\/2023\/11\/\u5b98\u7f51\u4e3b\u56fe1-3.jpg","type":"image\/jpeg"}],"twitter_card":"summary_large_image","twitter_misc":{"Dur\u00e9e de lecture estim\u00e9e":"2 minutes"},"schema":{"@context":"https:\/\/schema.org","@graph":[{"@type":"WebPage","@id":"https:\/\/jm-xiangsheng.com\/product\/homebrew\/home-brew-stainless-steel-punch-hole-basket-2\/","url":"https:\/\/jm-xiangsheng.com\/product\/homebrew\/home-brew-stainless-steel-punch-hole-basket-2\/","name":"Home Brew Stainless Steel Punch Hole Basket","isPartOf":{"@id":"https:\/\/jm-xiangsheng.com\/#website"},"datePublished":"2023-11-10T07:40:35+00:00","dateModified":"2025-04-02T02:23:34+00:00","description":"We are a 18-years Chinese factory\u00a0produce Stainless Steel Punch Hole Basket from standard to custom sizes, from tiny to giant.","breadcrumb":{"@id":"https:\/\/jm-xiangsheng.com\/product\/homebrew\/home-brew-stainless-steel-punch-hole-basket-2\/#breadcrumb"},"inLanguage":"fr-FR","potentialAction":[{"@type":"ReadAction","target":["https:\/\/jm-xiangsheng.com\/product\/homebrew\/home-brew-stainless-steel-punch-hole-basket-2\/"]}]},{"@type":"BreadcrumbList","@id":"https:\/\/jm-xiangsheng.com\/product\/homebrew\/home-brew-stainless-steel-punch-hole-basket-2\/#breadcrumb","itemListElement":[{"@type":"ListItem","position":1,"name":"Home","item":"https:\/\/jm-xiangsheng.com\/"},{"@type":"ListItem","position":2,"name":"Product","item":"https:\/\/jm-xiangsheng.com\/products\/"},{"@type":"ListItem","position":3,"name":"Homebrew","item":"https:\/\/jm-xiangsheng.com\/product-category\/homebrew\/"},{"@type":"ListItem","position":4,"name":"Home Brew Stainless Steel Punch Hole Basket"}]},{"@type":"WebSite","@id":"https:\/\/jm-xiangsheng.com\/#website","url":"https:\/\/jm-xiangsheng.com\/","name":"Xiangsheng - China factory of stainless steel products","description":"20 years factory","publisher":{"@id":"https:\/\/jm-xiangsheng.com\/#organization"},"potentialAction":[{"@type":"SearchAction","target":{"@type":"EntryPoint","urlTemplate":"https:\/\/jm-xiangsheng.com\/?s={search_term_string}"},"query-input":"required name=search_term_string"}],"inLanguage":"fr-FR"},{"@type":"Organization","@id":"https:\/\/jm-xiangsheng.com\/#organization","name":"Xiangsheng - China factory of stainless steel products","url":"https:\/\/jm-xiangsheng.com\/","logo":{"@type":"ImageObject","inLanguage":"fr-FR","@id":"https:\/\/jm-xiangsheng.com\/#\/schema\/logo\/image\/","url":"https:\/\/jm-xiangsheng.com\/wp-content\/uploads\/2024\/05\/cropped-\u672a\u6807\u9898-3-\u62f7\u8d1d.png","contentUrl":"https:\/\/jm-xiangsheng.com\/wp-content\/uploads\/2024\/05\/cropped-\u672a\u6807\u9898-3-\u62f7\u8d1d.png","width":490,"height":140,"caption":"Xiangsheng - China factory of stainless steel products"},"image":{"@id":"https:\/\/jm-xiangsheng.com\/#\/schema\/logo\/image\/"}}]}},"_links":{"self":[{"href":"https:\/\/jm-xiangsheng.com\/fr\/wp-json\/wp\/v2\/product\/12747","targetHints":{"allow":["GET"]}}],"collection":[{"href":"https:\/\/jm-xiangsheng.com\/fr\/wp-json\/wp\/v2\/product"}],"about":[{"href":"https:\/\/jm-xiangsheng.com\/fr\/wp-json\/wp\/v2\/types\/product"}],"wp:featuredmedia":[{"embeddable":true,"href":"https:\/\/jm-xiangsheng.com\/fr\/wp-json\/wp\/v2\/media\/12915"}],"wp:attachment":[{"href":"https:\/\/jm-xiangsheng.com\/fr\/wp-json\/wp\/v2\/media?parent=12747"}],"wp:term":[{"taxonomy":"product_cat","embeddable":true,"href":"https:\/\/jm-xiangsheng.com\/fr\/wp-json\/wp\/v2\/product_cat?post=12747"},{"taxonomy":"product_tag","embeddable":true,"href":"https:\/\/jm-xiangsheng.com\/fr\/wp-json\/wp\/v2\/product_tag?post=12747"}],"curies":[{"name":"wp","href":"https:\/\/api.w.org\/{rel}","templated":true}]}}