{"id":12217,"date":"2023-10-27T15:58:47","date_gmt":"2023-10-27T07:58:47","guid":{"rendered":"https:\/\/jm-xiangsheng.com\/?post_type=product&#038;p=12217"},"modified":"2025-03-31T15:08:30","modified_gmt":"2025-03-31T07:08:30","slug":"stainless-steel-liquid-raw-material-storage-industrial-tank","status":"publish","type":"product","link":"https:\/\/jm-xiangsheng.com\/fr\/produit\/industrial-containers\/stainless-steel-liquid-raw-material-storage-industrial-tank\/","title":{"rendered":"R\u00e9servoir industriel en acier inoxydable pour le stockage de liquides et de mati\u00e8res premi\u00e8res"},"content":{"rendered":"<p>Cher client, le r\u00e9servoir industriel en acier inoxydable peut \u00eatre utilis\u00e9 dans diff\u00e9rentes industries, telles que l'industrie pharmaceutique sanitaire, l'industrie chimique, l'industrie alimentaire et des boissons, et l'industrie cosm\u00e9tique. Il peut \u00eatre utilis\u00e9 comme r\u00e9servoir en acier inoxydable de qualit\u00e9 industrielle, r\u00e9servoir en acier inoxydable sanitaire, conteneur pour machines, pot de stockage en acier inoxydable de qualit\u00e9 alimentaire, f\u00fbts, etc.<\/p>\r\n<p>Nous sommes une usine dot\u00e9e d'une vaste exp\u00e9rience\uff0c<em class=\"Highlight htc000d321-c0bd-4561-9d47-dae4a2a71609\">production de barils<\/em>\u00a0de la norme \u00e0 la<em class=\"Highlight htc000d321-c0bd-4561-9d47-dae4a2a71609\">\u00a0sur mesure\u00a0<\/em>tailles, de la plus petite \u00e0 la plus grande.  Nous avons des moules de taille standard et de nombreux moules exclusifs. Envoyez-nous un message, nous parlerons des d\u00e9tails. Si vous voulez un type diff\u00e9rent, nous pouvons le personnaliser pour vous !!! Nous vous fournirons la meilleure qualit\u00e9 et le meilleur service !   ---------------------------------------------<\/p>\r\n<!-- \/wp:post-content -->\r\n\r\n<!-- wp:heading {\"editorskit_typography\":{\"family\":\"\",\"name\":\"\",\"weight\":\"\"}} -->\r\n<h2 class=\"wp-block-heading\"><strong><a class=\"ek-link\" href=\"https:\/\/jm-xiangsheng.com\/fr\/about-xiangsheng\/\">Xiangsheng\u00a0<em>Usine<\/em><\/a><\/strong><\/h2>\r\n<!-- \/wp:heading -->\r\n\r\n<!-- wp:paragraph -->\r\n<p>Xiangsheng est une usine \u00e9tablie en <strong>2005<\/strong> avec une grande exp\u00e9rience, <strong>la fabrication de produits en acier inoxydable<\/strong>\u00a0bas\u00e9 \u00e0\u00a0<em>Chine<\/em>. Vous trouverez ci-dessous nos 7 principales valeurs. Si vous \u00eates int\u00e9ress\u00e9 par l'importation de stocks de pommes de terre, n'h\u00e9sitez pas \u00e0 nous contacter.\u00a0<strong>CONTACT<\/strong>\u00a0nous.<\/p>\r\n<!-- \/wp:paragraph -->\r\n\r\n<!-- wp:spacer {\"height\":\"41px\",\"editorskit_typography\":{\"family\":\"\",\"name\":\"\",\"weight\":\"\"}} -->\r\n<div class=\"wp-block-spacer\" aria-hidden=\"true\">\u00a0<\/div>\r\n<!-- \/wp:spacer -->\r\n\r\n<!-- wp:paragraph -->\r\n<p><strong>1) Ing\u00e9nieur Assistance technique<\/strong>-Types de mat\u00e9riaux, styles, dessins.<\/p>\r\n<!-- \/wp:paragraph -->\r\n\r\n<!-- wp:paragraph -->\r\n<p><strong>2) Echantillons disponibles, prix de gros comp\u00e9titifs<\/strong>- Les \u00e9chantillons sont accept\u00e9s, et \u00e0 partir de 20 pi\u00e8ces, nous offrons un service de premi\u00e8re main.<em>usine<\/em>\u00a0prix, pas d'interm\u00e9diaire !<\/p>\r\n<!-- \/wp:paragraph -->\r\n\r\n<!-- wp:paragraph -->\r\n<p><strong>3) Rapport d'essai<\/strong>Mat\u00e9riau en acier inoxydable -201 ou 304, test\u00e9 par SGS.<\/p>\r\n<!-- \/wp:paragraph -->\r\n\r\n<!-- wp:paragraph -->\r\n<p><strong>4) Photos des produits<\/strong>-Ne vous sentez jamais d\u00e9munis en mati\u00e8re de marketing ! Nous vous fournirons des photos si vous le souhaitez. Lorsque nous fabriquons le produit, nous prenons \u00e9galement des photos pour vous, afin que vous puissiez conna\u00eetre l'\u00e9tat d'avancement. Ainsi, si vous rencontrez des probl\u00e8mes, vous pouvez nous en faire part avant de commettre de grosses erreurs.<\/p>\r\n<!-- \/wp:paragraph -->\r\n\r\n<!-- wp:paragraph -->\r\n<p><strong>5) Vid\u00e9os d'inspection<\/strong>-Une fois les marchandises termin\u00e9es, nous pouvons vous montrer des vid\u00e9os pour une meilleure \u00e9valuation. Ainsi, vous pouvez nous indiquer les parties que vous souhaitez am\u00e9liorer avant l'exp\u00e9dition.<\/p>\r\n<!-- \/wp:paragraph -->\r\n\r\n<!-- wp:paragraph -->\r\n<p><strong>6) Guide d'achat des seaux \u00e0 lait <em>Chine<\/em><\/strong>-En fonction de votre demande, nous pouvons vous proposer un prix EXW, FOB, CIF ou DDP. Nos agents maritimes proposent des tarifs avantageux, ce qui vous permet d'\u00e9conomiser davantage ! Si vous avez vos propres agents maritimes, vous pouvez \u00e9galement les nommer.<\/p>\r\n<!-- \/wp:paragraph -->\r\n\r\n<!-- wp:paragraph -->\r\n<p>------------------------<\/p>\r\n<!-- \/wp:paragraph -->\r\n<h3><span style=\"color: #ed1c24;\"><b>Envoyez-nous un message, nous parlerons des d\u00e9tails.<\/b><\/span><\/h3>\r\n<p>&nbsp;<\/p>\r\n<h3><a href=\"https:\/\/www.youtube.com\/watch?v=XPmbYsM6GiQ\">Vid\u00e9o du produit :<\/a><\/h3>","protected":false},"excerpt":{"rendered":"<p><em class=\"Highlight htc000d321-c0bd-4561-9d47-dae4a2a71609\">Usine<\/em><em class=\"Highlight htc000d321-c0bd-4561-9d47-dae4a2a71609\">\u00a0OEM\u00a0<\/em><em class=\"Highlight htc000d321-c0bd-4561-9d47-dae4a2a71609\">ODM<\/em> R\u00e9servoir industriel de stockage de liquides et de mati\u00e8res premi\u00e8res de toutes tailles et sur mesure. Il existe des options de fond rond\/en pente\/avec pieds\/avec sortie. <strong>Caract\u00e9ristiques :<\/strong><\/p>\n<ul>\n<li>201\/304\/316 Acier inoxydable\uff1aMat\u00e9riau authentique et de qualit\u00e9 alimentaire antirouille et anticorrosion<\/li>\n<li>Bien con\u00e7u : Structure robuste, polissage et soudage de qualit\u00e9.<\/li>\n<li>Sanitaire et longue dur\u00e9e d'utilisation : sans danger pour les aliments. Pas d'odeur ni de toxicit\u00e9. Facile \u00e0 maintenir dans des conditions hygi\u00e9niques.<\/li>\n<\/ul>","protected":false},"featured_media":12222,"template":"","meta":{"_seopress_robots_primary_cat":"none","_editorskit_title_hidden":false,"_editorskit_reading_time":0,"_editorskit_is_block_options_detached":false,"_editorskit_block_options_position":"{}","_editorskit_typography_data":[],"_editorskit_blocks_typography":""},"product_cat":[178],"product_tag":[],"class_list":["post-12217","product","type-product","status-publish","has-post-thumbnail","hentry","product_cat-industrial-containers"],"yoast_head":"<!-- This site is optimized with the Yoast SEO plugin v21.4 - https:\/\/yoast.com\/wordpress\/plugins\/seo\/ -->\n<title>Stainless Steel Industrial Tank<\/title>\n<meta name=\"description\" content=\"We are a 18-years China factory\u00a0produce Stainless Steel Industrial Tank from standard to\u00a0custom\u00a0sizes, from tiny to giant.\u00a0\" \/>\n<meta name=\"robots\" content=\"index, follow, max-snippet:-1, max-image-preview:large, max-video-preview:-1\" \/>\n<link rel=\"canonical\" href=\"https:\/\/jm-xiangsheng.com\/fr\/product\/industrial-containers\/stainless-steel-liquid-raw-material-storage-industrial-tank\/\" \/>\n<meta property=\"og:locale\" content=\"fr_FR\" \/>\n<meta property=\"og:type\" content=\"article\" \/>\n<meta property=\"og:title\" content=\"Stainless Steel Industrial Tank\" \/>\n<meta property=\"og:description\" content=\"We are a 18-years China factory\u00a0produce Stainless Steel Industrial Tank from standard to\u00a0custom\u00a0sizes, from tiny to giant.\u00a0\" \/>\n<meta property=\"og:url\" content=\"https:\/\/jm-xiangsheng.com\/fr\/product\/industrial-containers\/stainless-steel-liquid-raw-material-storage-industrial-tank\/\" \/>\n<meta property=\"og:site_name\" content=\"Xiangsheng - China factory of stainless steel products\" \/>\n<meta property=\"article:modified_time\" content=\"2025-03-31T07:08:30+00:00\" \/>\n<meta property=\"og:image\" content=\"http:\/\/jm-xiangsheng.com\/wp-content\/uploads\/2023\/10\/conical-tank2.jpg\" \/>\n\t<meta property=\"og:image:width\" content=\"1000\" \/>\n\t<meta property=\"og:image:height\" content=\"1000\" \/>\n\t<meta property=\"og:image:type\" content=\"image\/jpeg\" \/>\n<meta name=\"twitter:card\" content=\"summary_large_image\" \/>\n<meta name=\"twitter:label1\" content=\"Dur\u00e9e de lecture estim\u00e9e\" \/>\n\t<meta name=\"twitter:data1\" content=\"2 minutes\" \/>\n<script type=\"application\/ld+json\" class=\"yoast-schema-graph\">{\"@context\":\"https:\/\/schema.org\",\"@graph\":[{\"@type\":\"WebPage\",\"@id\":\"https:\/\/jm-xiangsheng.com\/product\/industrial-containers\/stainless-steel-liquid-raw-material-storage-industrial-tank\/\",\"url\":\"https:\/\/jm-xiangsheng.com\/product\/industrial-containers\/stainless-steel-liquid-raw-material-storage-industrial-tank\/\",\"name\":\"Stainless Steel Industrial Tank\",\"isPartOf\":{\"@id\":\"https:\/\/jm-xiangsheng.com\/#website\"},\"datePublished\":\"2023-10-27T07:58:47+00:00\",\"dateModified\":\"2025-03-31T07:08:30+00:00\",\"description\":\"We are a 18-years China factory\u00a0produce Stainless Steel Industrial Tank from standard to\u00a0custom\u00a0sizes, from tiny to giant.\u00a0\",\"breadcrumb\":{\"@id\":\"https:\/\/jm-xiangsheng.com\/product\/industrial-containers\/stainless-steel-liquid-raw-material-storage-industrial-tank\/#breadcrumb\"},\"inLanguage\":\"fr-FR\",\"potentialAction\":[{\"@type\":\"ReadAction\",\"target\":[\"https:\/\/jm-xiangsheng.com\/product\/industrial-containers\/stainless-steel-liquid-raw-material-storage-industrial-tank\/\"]}]},{\"@type\":\"BreadcrumbList\",\"@id\":\"https:\/\/jm-xiangsheng.com\/product\/industrial-containers\/stainless-steel-liquid-raw-material-storage-industrial-tank\/#breadcrumb\",\"itemListElement\":[{\"@type\":\"ListItem\",\"position\":1,\"name\":\"Home\",\"item\":\"https:\/\/jm-xiangsheng.com\/\"},{\"@type\":\"ListItem\",\"position\":2,\"name\":\"Product\",\"item\":\"https:\/\/jm-xiangsheng.com\/products\/\"},{\"@type\":\"ListItem\",\"position\":3,\"name\":\"Industrial containers\",\"item\":\"https:\/\/jm-xiangsheng.com\/product-category\/industrial-containers\/\"},{\"@type\":\"ListItem\",\"position\":4,\"name\":\"Stainless steel liquid, raw material storage industrial tank\"}]},{\"@type\":\"WebSite\",\"@id\":\"https:\/\/jm-xiangsheng.com\/#website\",\"url\":\"https:\/\/jm-xiangsheng.com\/\",\"name\":\"Xiangsheng - China factory of stainless steel products\",\"description\":\"20 years factory\",\"publisher\":{\"@id\":\"https:\/\/jm-xiangsheng.com\/#organization\"},\"potentialAction\":[{\"@type\":\"SearchAction\",\"target\":{\"@type\":\"EntryPoint\",\"urlTemplate\":\"https:\/\/jm-xiangsheng.com\/?s={search_term_string}\"},\"query-input\":\"required name=search_term_string\"}],\"inLanguage\":\"fr-FR\"},{\"@type\":\"Organization\",\"@id\":\"https:\/\/jm-xiangsheng.com\/#organization\",\"name\":\"Xiangsheng - China factory of stainless steel products\",\"url\":\"https:\/\/jm-xiangsheng.com\/\",\"logo\":{\"@type\":\"ImageObject\",\"inLanguage\":\"fr-FR\",\"@id\":\"https:\/\/jm-xiangsheng.com\/#\/schema\/logo\/image\/\",\"url\":\"https:\/\/jm-xiangsheng.com\/wp-content\/uploads\/2024\/05\/cropped-\u672a\u6807\u9898-3-\u62f7\u8d1d.png\",\"contentUrl\":\"https:\/\/jm-xiangsheng.com\/wp-content\/uploads\/2024\/05\/cropped-\u672a\u6807\u9898-3-\u62f7\u8d1d.png\",\"width\":490,\"height\":140,\"caption\":\"Xiangsheng - China factory of stainless steel products\"},\"image\":{\"@id\":\"https:\/\/jm-xiangsheng.com\/#\/schema\/logo\/image\/\"}}]}<\/script>\n<!-- \/ Yoast SEO plugin. -->","yoast_head_json":{"title":"Stainless Steel Industrial Tank","description":"We are a 18-years China factory\u00a0produce Stainless Steel Industrial Tank from standard to\u00a0custom\u00a0sizes, from tiny to giant.\u00a0","robots":{"index":"index","follow":"follow","max-snippet":"max-snippet:-1","max-image-preview":"max-image-preview:large","max-video-preview":"max-video-preview:-1"},"canonical":"https:\/\/jm-xiangsheng.com\/fr\/product\/industrial-containers\/stainless-steel-liquid-raw-material-storage-industrial-tank\/","og_locale":"fr_FR","og_type":"article","og_title":"Stainless Steel Industrial Tank","og_description":"We are a 18-years China factory\u00a0produce Stainless Steel Industrial Tank from standard to\u00a0custom\u00a0sizes, from tiny to giant.\u00a0","og_url":"https:\/\/jm-xiangsheng.com\/fr\/product\/industrial-containers\/stainless-steel-liquid-raw-material-storage-industrial-tank\/","og_site_name":"Xiangsheng - China factory of stainless steel products","article_modified_time":"2025-03-31T07:08:30+00:00","og_image":[{"width":1000,"height":1000,"url":"http:\/\/jm-xiangsheng.com\/wp-content\/uploads\/2023\/10\/conical-tank2.jpg","type":"image\/jpeg"}],"twitter_card":"summary_large_image","twitter_misc":{"Dur\u00e9e de lecture estim\u00e9e":"2 minutes"},"schema":{"@context":"https:\/\/schema.org","@graph":[{"@type":"WebPage","@id":"https:\/\/jm-xiangsheng.com\/product\/industrial-containers\/stainless-steel-liquid-raw-material-storage-industrial-tank\/","url":"https:\/\/jm-xiangsheng.com\/product\/industrial-containers\/stainless-steel-liquid-raw-material-storage-industrial-tank\/","name":"Stainless Steel Industrial Tank","isPartOf":{"@id":"https:\/\/jm-xiangsheng.com\/#website"},"datePublished":"2023-10-27T07:58:47+00:00","dateModified":"2025-03-31T07:08:30+00:00","description":"We are a 18-years China factory\u00a0produce Stainless Steel Industrial Tank from standard to\u00a0custom\u00a0sizes, from tiny to giant.\u00a0","breadcrumb":{"@id":"https:\/\/jm-xiangsheng.com\/product\/industrial-containers\/stainless-steel-liquid-raw-material-storage-industrial-tank\/#breadcrumb"},"inLanguage":"fr-FR","potentialAction":[{"@type":"ReadAction","target":["https:\/\/jm-xiangsheng.com\/product\/industrial-containers\/stainless-steel-liquid-raw-material-storage-industrial-tank\/"]}]},{"@type":"BreadcrumbList","@id":"https:\/\/jm-xiangsheng.com\/product\/industrial-containers\/stainless-steel-liquid-raw-material-storage-industrial-tank\/#breadcrumb","itemListElement":[{"@type":"ListItem","position":1,"name":"Home","item":"https:\/\/jm-xiangsheng.com\/"},{"@type":"ListItem","position":2,"name":"Product","item":"https:\/\/jm-xiangsheng.com\/products\/"},{"@type":"ListItem","position":3,"name":"Industrial containers","item":"https:\/\/jm-xiangsheng.com\/product-category\/industrial-containers\/"},{"@type":"ListItem","position":4,"name":"Stainless steel liquid, raw material storage industrial tank"}]},{"@type":"WebSite","@id":"https:\/\/jm-xiangsheng.com\/#website","url":"https:\/\/jm-xiangsheng.com\/","name":"Xiangsheng - China factory of stainless steel products","description":"20 years factory","publisher":{"@id":"https:\/\/jm-xiangsheng.com\/#organization"},"potentialAction":[{"@type":"SearchAction","target":{"@type":"EntryPoint","urlTemplate":"https:\/\/jm-xiangsheng.com\/?s={search_term_string}"},"query-input":"required name=search_term_string"}],"inLanguage":"fr-FR"},{"@type":"Organization","@id":"https:\/\/jm-xiangsheng.com\/#organization","name":"Xiangsheng - China factory of stainless steel products","url":"https:\/\/jm-xiangsheng.com\/","logo":{"@type":"ImageObject","inLanguage":"fr-FR","@id":"https:\/\/jm-xiangsheng.com\/#\/schema\/logo\/image\/","url":"https:\/\/jm-xiangsheng.com\/wp-content\/uploads\/2024\/05\/cropped-\u672a\u6807\u9898-3-\u62f7\u8d1d.png","contentUrl":"https:\/\/jm-xiangsheng.com\/wp-content\/uploads\/2024\/05\/cropped-\u672a\u6807\u9898-3-\u62f7\u8d1d.png","width":490,"height":140,"caption":"Xiangsheng - China factory of stainless steel products"},"image":{"@id":"https:\/\/jm-xiangsheng.com\/#\/schema\/logo\/image\/"}}]}},"_links":{"self":[{"href":"https:\/\/jm-xiangsheng.com\/fr\/wp-json\/wp\/v2\/product\/12217","targetHints":{"allow":["GET"]}}],"collection":[{"href":"https:\/\/jm-xiangsheng.com\/fr\/wp-json\/wp\/v2\/product"}],"about":[{"href":"https:\/\/jm-xiangsheng.com\/fr\/wp-json\/wp\/v2\/types\/product"}],"wp:featuredmedia":[{"embeddable":true,"href":"https:\/\/jm-xiangsheng.com\/fr\/wp-json\/wp\/v2\/media\/12222"}],"wp:attachment":[{"href":"https:\/\/jm-xiangsheng.com\/fr\/wp-json\/wp\/v2\/media?parent=12217"}],"wp:term":[{"taxonomy":"product_cat","embeddable":true,"href":"https:\/\/jm-xiangsheng.com\/fr\/wp-json\/wp\/v2\/product_cat?post=12217"},{"taxonomy":"product_tag","embeddable":true,"href":"https:\/\/jm-xiangsheng.com\/fr\/wp-json\/wp\/v2\/product_tag?post=12217"}],"curies":[{"name":"wp","href":"https:\/\/api.w.org\/{rel}","templated":true}]}}