{"id":11923,"date":"2023-07-26T15:51:04","date_gmt":"2023-07-26T07:51:04","guid":{"rendered":"https:\/\/jm-xiangsheng.com\/?post_type=product&#038;p=11923"},"modified":"2025-03-31T16:56:07","modified_gmt":"2025-03-31T08:56:07","slug":"stainless-steel-mixing-bowls-for-knead-dough-mixing-machine","status":"publish","type":"product","link":"https:\/\/jm-xiangsheng.com\/fr\/produit\/commercial-kitchenware\/food-pan\/stainless-steel-mixing-bowls-for-knead-dough-mixing-machine\/","title":{"rendered":"Bols de m\u00e9lange en acier inoxydable pour machine \u00e0 p\u00e9trir la p\u00e2te"},"content":{"rendered":"<p>Cher client, Nous sommes une usine qui produit depuis 20 ans des bols \u00e0 m\u00e9langer en acier inoxydable de tailles standard \u00e0 personnalis\u00e9es, de minuscules \u00e0 gigantesques.  Moules de taille standard et nombreux moules exclusifs. N'h\u00e9sitez pas \u00e0 nous envoyer un message, nous discuterons des d\u00e9tails.<\/p>\r\n<p><span style=\"color: #ed1c24;\"><b>V\u00e9rifier les d\u00e9tails dans Informations suppl\u00e9mentaires!\u2191\u2191\u2191\u2191<\/b><\/span> \u00a0 ---------------------------------------------<\/p>\r\n<!-- \/wp:post-content -->\r\n\r\n<!-- wp:heading {\"editorskit_typography\":{\"family\":\"\",\"name\":\"\",\"weight\":\"\"}} -->\r\n<h2 class=\"wp-block-heading\"><strong><a class=\"ek-link\" href=\"https:\/\/jm-xiangsheng.com\/fr\/about-xiangsheng\/\">Xiangsheng\u00a0<em>Usine<\/em><\/a><\/strong><\/h2>\r\n<!-- \/wp:heading -->\r\n\r\n<!-- wp:paragraph -->\r\n<p>Xiangsheng est une usine \u00e9tablie en <strong>2005<\/strong> avec une grande exp\u00e9rience, <strong>la fabrication de produits en acier inoxydable<\/strong>\u00a0bas\u00e9 \u00e0\u00a0<em>Chine<\/em>. Vous trouverez ci-dessous nos 7 principales valeurs. Si vous \u00eates int\u00e9ress\u00e9 par l'importation de stocks de pommes de terre, n'h\u00e9sitez pas \u00e0 nous contacter.\u00a0<strong>CONTACT<\/strong>\u00a0nous.<\/p>\r\n<!-- \/wp:paragraph -->\r\n\r\n<!-- wp:spacer {\"height\":\"41px\",\"editorskit_typography\":{\"family\":\"\",\"name\":\"\",\"weight\":\"\"}} -->\r\n<div class=\"wp-block-spacer\" aria-hidden=\"true\">\u00a0<\/div>\r\n<!-- \/wp:spacer -->\r\n\r\n<!-- wp:paragraph -->\r\n<p><strong>1) Ing\u00e9nieur Assistance technique<\/strong>-Types de mat\u00e9riaux, styles, dessins.<\/p>\r\n<!-- \/wp:paragraph -->\r\n\r\n<!-- wp:paragraph -->\r\n<p><strong>2) Echantillons disponibles, prix de gros comp\u00e9titifs<\/strong>- Les \u00e9chantillons sont accept\u00e9s, et \u00e0 partir de 20 pi\u00e8ces, nous offrons un service de premi\u00e8re main.<em>usine<\/em>\u00a0prix, pas d'interm\u00e9diaire !<\/p>\r\n<!-- \/wp:paragraph -->\r\n\r\n<!-- wp:paragraph -->\r\n<p><strong>3) Rapport d'essai<\/strong>Mat\u00e9riau en acier inoxydable -201 ou 304, test\u00e9 par SGS.<\/p>\r\n<!-- \/wp:paragraph -->\r\n\r\n<!-- wp:paragraph -->\r\n<p><strong>4) Photos des produits<\/strong>-Ne vous sentez jamais d\u00e9munis en mati\u00e8re de marketing ! Nous vous fournirons des photos si vous le souhaitez. Lorsque nous fabriquons le produit, nous prenons \u00e9galement des photos pour vous, afin que vous puissiez conna\u00eetre l'\u00e9tat d'avancement. Ainsi, si vous rencontrez des probl\u00e8mes, vous pouvez nous en faire part avant de commettre de grosses erreurs.<\/p>\r\n<!-- \/wp:paragraph -->\r\n\r\n<!-- wp:paragraph -->\r\n<p><strong>5) Vid\u00e9os d'inspection<\/strong>-Une fois les marchandises termin\u00e9es, nous pouvons vous montrer des vid\u00e9os pour une meilleure \u00e9valuation. Ainsi, vous pouvez nous indiquer les parties que vous souhaitez am\u00e9liorer avant l'exp\u00e9dition.<\/p>\r\n<!-- \/wp:paragraph -->\r\n\r\n<!-- wp:paragraph -->\r\n<p><strong>6) Guide d'achat des seaux \u00e0 lait <em>Chine<\/em><\/strong>-En fonction de votre demande, nous pouvons vous proposer un prix EXW, FOB, CIF ou DDP. Nos agents maritimes proposent des tarifs avantageux, ce qui vous permet d'\u00e9conomiser davantage ! Si vous avez vos propres agents maritimes, vous pouvez \u00e9galement les nommer.<\/p>\r\n<!-- \/wp:paragraph -->\r\n\r\n<!-- wp:paragraph -->\r\n<p>------------------------<\/p>\r\n<!-- \/wp:paragraph -->\r\n<h3><span style=\"color: #ed1c24;\"><b>Envoyez-nous un message, nous parlerons des d\u00e9tails.<\/b><\/span><\/h3>\r\n<p>&nbsp;<\/p>\r\n<h3><a href=\"https:\/\/www.youtube.com\/watch?v=ZoW37UUfQ8o\">Vid\u00e9o du produit :<\/a><\/h3>","protected":false},"excerpt":{"rendered":"<div class=\"woocommerce-product-details__short-description\"><span style=\"color: #808080;\">Bols \u00e0 m\u00e9langer OEM ODM de grande taille. Il s'agit d'une forme ronde avec une bride de soudure optionnelle, utilis\u00e9e pour les machines de m\u00e9lange pour p\u00e9trir la p\u00e2te.<\/span> <strong>Caract\u00e9ristiques :<\/strong><\/p>\n<ul>\n<li>Acier inoxydable v\u00e9ritable\uff1aMat\u00e9riau de qualit\u00e9 alimentaire antirouille et anticorrosion<\/li>\n<li>Bride de soudage en option : bride de soudage personnalis\u00e9e pour votre machine \u00e0 m\u00e9langer.<\/li>\n<li>Largement utilis\u00e9 dans diverses applications : boulangeries, restaurants, usines alimentaires, etc.<\/li>\n<li>Facile \u00e0 nettoyer : Nettoyer avec un d\u00e9tergent et essuyer.<\/li>\n<\/ul>\n<p>\u00a0 <strong>MOQ : 20 pi\u00e8ces par commande<\/strong><\/p>\n<div class=\"product-short-description\"><strong>Gamme de prix : <span style=\"color: #ff0000;\">18-25USD<\/span> (N'h\u00e9sitez pas \u00e0 demander un devis d\u00e9taill\u00e9)<\/strong><\/div>\n<\/div>","protected":false},"featured_media":11925,"template":"","meta":{"_seopress_robots_primary_cat":"none","_editorskit_title_hidden":false,"_editorskit_reading_time":0,"_editorskit_is_block_options_detached":false,"_editorskit_block_options_position":"{}","_editorskit_typography_data":[],"_editorskit_blocks_typography":""},"product_cat":[178,53],"product_tag":[],"class_list":["post-11923","product","type-product","status-publish","has-post-thumbnail","hentry","product_cat-industrial-containers","product_cat-food-pan"],"yoast_head":"<!-- This site is optimized with the Yoast SEO plugin v21.4 - https:\/\/yoast.com\/wordpress\/plugins\/seo\/ -->\n<title>Stainless Steel mixing bowls<\/title>\n<meta name=\"description\" content=\"We are a 20-years Chinese factory\u00a0produce Stainless Steel mixing bowls from standard to custom sizes, from tiny to giant.\" \/>\n<meta name=\"robots\" content=\"index, follow, max-snippet:-1, max-image-preview:large, max-video-preview:-1\" \/>\n<link rel=\"canonical\" href=\"https:\/\/jm-xiangsheng.com\/fr\/product\/commercial-kitchenware\/food-pan\/stainless-steel-mixing-bowls-for-knead-dough-mixing-machine\/\" \/>\n<meta property=\"og:locale\" content=\"fr_FR\" \/>\n<meta property=\"og:type\" content=\"article\" \/>\n<meta property=\"og:title\" content=\"Stainless Steel mixing bowls\" \/>\n<meta property=\"og:description\" content=\"We are a 20-years Chinese factory\u00a0produce Stainless Steel mixing bowls from standard to custom sizes, from tiny to giant.\" \/>\n<meta property=\"og:url\" content=\"https:\/\/jm-xiangsheng.com\/fr\/product\/commercial-kitchenware\/food-pan\/stainless-steel-mixing-bowls-for-knead-dough-mixing-machine\/\" \/>\n<meta property=\"og:site_name\" content=\"Xiangsheng - China factory of stainless steel products\" \/>\n<meta property=\"article:modified_time\" content=\"2025-03-31T08:56:07+00:00\" \/>\n<meta property=\"og:image\" content=\"http:\/\/jm-xiangsheng.com\/wp-content\/uploads\/2023\/07\/\u548c\u9762\u6876\u4e3b\u56fe7.jpg\" \/>\n\t<meta property=\"og:image:width\" content=\"1000\" \/>\n\t<meta property=\"og:image:height\" content=\"1000\" \/>\n\t<meta property=\"og:image:type\" content=\"image\/jpeg\" \/>\n<meta name=\"twitter:card\" content=\"summary_large_image\" \/>\n<meta name=\"twitter:label1\" content=\"Dur\u00e9e de lecture estim\u00e9e\" \/>\n\t<meta name=\"twitter:data1\" content=\"2 minutes\" \/>\n<script type=\"application\/ld+json\" class=\"yoast-schema-graph\">{\"@context\":\"https:\/\/schema.org\",\"@graph\":[{\"@type\":\"WebPage\",\"@id\":\"https:\/\/jm-xiangsheng.com\/product\/commercial-kitchenware\/food-pan\/stainless-steel-mixing-bowls-for-knead-dough-mixing-machine\/\",\"url\":\"https:\/\/jm-xiangsheng.com\/product\/commercial-kitchenware\/food-pan\/stainless-steel-mixing-bowls-for-knead-dough-mixing-machine\/\",\"name\":\"Stainless Steel mixing bowls\",\"isPartOf\":{\"@id\":\"https:\/\/jm-xiangsheng.com\/#website\"},\"datePublished\":\"2023-07-26T07:51:04+00:00\",\"dateModified\":\"2025-03-31T08:56:07+00:00\",\"description\":\"We are a 20-years Chinese factory\u00a0produce Stainless Steel mixing bowls from standard to custom sizes, from tiny to giant.\",\"breadcrumb\":{\"@id\":\"https:\/\/jm-xiangsheng.com\/product\/commercial-kitchenware\/food-pan\/stainless-steel-mixing-bowls-for-knead-dough-mixing-machine\/#breadcrumb\"},\"inLanguage\":\"fr-FR\",\"potentialAction\":[{\"@type\":\"ReadAction\",\"target\":[\"https:\/\/jm-xiangsheng.com\/product\/commercial-kitchenware\/food-pan\/stainless-steel-mixing-bowls-for-knead-dough-mixing-machine\/\"]}]},{\"@type\":\"BreadcrumbList\",\"@id\":\"https:\/\/jm-xiangsheng.com\/product\/commercial-kitchenware\/food-pan\/stainless-steel-mixing-bowls-for-knead-dough-mixing-machine\/#breadcrumb\",\"itemListElement\":[{\"@type\":\"ListItem\",\"position\":1,\"name\":\"Home\",\"item\":\"https:\/\/jm-xiangsheng.com\/\"},{\"@type\":\"ListItem\",\"position\":2,\"name\":\"Product\",\"item\":\"https:\/\/jm-xiangsheng.com\/products\/\"},{\"@type\":\"ListItem\",\"position\":3,\"name\":\"Industrial containers\",\"item\":\"https:\/\/jm-xiangsheng.com\/product-category\/industrial-containers\/\"},{\"@type\":\"ListItem\",\"position\":4,\"name\":\"Stainless Steel mixing bowls for knead dough mixing machine\"}]},{\"@type\":\"WebSite\",\"@id\":\"https:\/\/jm-xiangsheng.com\/#website\",\"url\":\"https:\/\/jm-xiangsheng.com\/\",\"name\":\"Xiangsheng - China factory of stainless steel products\",\"description\":\"20 years factory\",\"publisher\":{\"@id\":\"https:\/\/jm-xiangsheng.com\/#organization\"},\"potentialAction\":[{\"@type\":\"SearchAction\",\"target\":{\"@type\":\"EntryPoint\",\"urlTemplate\":\"https:\/\/jm-xiangsheng.com\/?s={search_term_string}\"},\"query-input\":\"required name=search_term_string\"}],\"inLanguage\":\"fr-FR\"},{\"@type\":\"Organization\",\"@id\":\"https:\/\/jm-xiangsheng.com\/#organization\",\"name\":\"Xiangsheng - China factory of stainless steel products\",\"url\":\"https:\/\/jm-xiangsheng.com\/\",\"logo\":{\"@type\":\"ImageObject\",\"inLanguage\":\"fr-FR\",\"@id\":\"https:\/\/jm-xiangsheng.com\/#\/schema\/logo\/image\/\",\"url\":\"https:\/\/jm-xiangsheng.com\/wp-content\/uploads\/2024\/05\/cropped-\u672a\u6807\u9898-3-\u62f7\u8d1d.png\",\"contentUrl\":\"https:\/\/jm-xiangsheng.com\/wp-content\/uploads\/2024\/05\/cropped-\u672a\u6807\u9898-3-\u62f7\u8d1d.png\",\"width\":490,\"height\":140,\"caption\":\"Xiangsheng - China factory of stainless steel products\"},\"image\":{\"@id\":\"https:\/\/jm-xiangsheng.com\/#\/schema\/logo\/image\/\"}}]}<\/script>\n<!-- \/ Yoast SEO plugin. -->","yoast_head_json":{"title":"Stainless Steel mixing bowls","description":"We are a 20-years Chinese factory\u00a0produce Stainless Steel mixing bowls from standard to custom sizes, from tiny to giant.","robots":{"index":"index","follow":"follow","max-snippet":"max-snippet:-1","max-image-preview":"max-image-preview:large","max-video-preview":"max-video-preview:-1"},"canonical":"https:\/\/jm-xiangsheng.com\/fr\/product\/commercial-kitchenware\/food-pan\/stainless-steel-mixing-bowls-for-knead-dough-mixing-machine\/","og_locale":"fr_FR","og_type":"article","og_title":"Stainless Steel mixing bowls","og_description":"We are a 20-years Chinese factory\u00a0produce Stainless Steel mixing bowls from standard to custom sizes, from tiny to giant.","og_url":"https:\/\/jm-xiangsheng.com\/fr\/product\/commercial-kitchenware\/food-pan\/stainless-steel-mixing-bowls-for-knead-dough-mixing-machine\/","og_site_name":"Xiangsheng - China factory of stainless steel products","article_modified_time":"2025-03-31T08:56:07+00:00","og_image":[{"width":1000,"height":1000,"url":"http:\/\/jm-xiangsheng.com\/wp-content\/uploads\/2023\/07\/\u548c\u9762\u6876\u4e3b\u56fe7.jpg","type":"image\/jpeg"}],"twitter_card":"summary_large_image","twitter_misc":{"Dur\u00e9e de lecture estim\u00e9e":"2 minutes"},"schema":{"@context":"https:\/\/schema.org","@graph":[{"@type":"WebPage","@id":"https:\/\/jm-xiangsheng.com\/product\/commercial-kitchenware\/food-pan\/stainless-steel-mixing-bowls-for-knead-dough-mixing-machine\/","url":"https:\/\/jm-xiangsheng.com\/product\/commercial-kitchenware\/food-pan\/stainless-steel-mixing-bowls-for-knead-dough-mixing-machine\/","name":"Stainless Steel mixing bowls","isPartOf":{"@id":"https:\/\/jm-xiangsheng.com\/#website"},"datePublished":"2023-07-26T07:51:04+00:00","dateModified":"2025-03-31T08:56:07+00:00","description":"We are a 20-years Chinese factory\u00a0produce Stainless Steel mixing bowls from standard to custom sizes, from tiny to giant.","breadcrumb":{"@id":"https:\/\/jm-xiangsheng.com\/product\/commercial-kitchenware\/food-pan\/stainless-steel-mixing-bowls-for-knead-dough-mixing-machine\/#breadcrumb"},"inLanguage":"fr-FR","potentialAction":[{"@type":"ReadAction","target":["https:\/\/jm-xiangsheng.com\/product\/commercial-kitchenware\/food-pan\/stainless-steel-mixing-bowls-for-knead-dough-mixing-machine\/"]}]},{"@type":"BreadcrumbList","@id":"https:\/\/jm-xiangsheng.com\/product\/commercial-kitchenware\/food-pan\/stainless-steel-mixing-bowls-for-knead-dough-mixing-machine\/#breadcrumb","itemListElement":[{"@type":"ListItem","position":1,"name":"Home","item":"https:\/\/jm-xiangsheng.com\/"},{"@type":"ListItem","position":2,"name":"Product","item":"https:\/\/jm-xiangsheng.com\/products\/"},{"@type":"ListItem","position":3,"name":"Industrial containers","item":"https:\/\/jm-xiangsheng.com\/product-category\/industrial-containers\/"},{"@type":"ListItem","position":4,"name":"Stainless Steel mixing bowls for knead dough mixing machine"}]},{"@type":"WebSite","@id":"https:\/\/jm-xiangsheng.com\/#website","url":"https:\/\/jm-xiangsheng.com\/","name":"Xiangsheng - China factory of stainless steel products","description":"20 years factory","publisher":{"@id":"https:\/\/jm-xiangsheng.com\/#organization"},"potentialAction":[{"@type":"SearchAction","target":{"@type":"EntryPoint","urlTemplate":"https:\/\/jm-xiangsheng.com\/?s={search_term_string}"},"query-input":"required name=search_term_string"}],"inLanguage":"fr-FR"},{"@type":"Organization","@id":"https:\/\/jm-xiangsheng.com\/#organization","name":"Xiangsheng - China factory of stainless steel products","url":"https:\/\/jm-xiangsheng.com\/","logo":{"@type":"ImageObject","inLanguage":"fr-FR","@id":"https:\/\/jm-xiangsheng.com\/#\/schema\/logo\/image\/","url":"https:\/\/jm-xiangsheng.com\/wp-content\/uploads\/2024\/05\/cropped-\u672a\u6807\u9898-3-\u62f7\u8d1d.png","contentUrl":"https:\/\/jm-xiangsheng.com\/wp-content\/uploads\/2024\/05\/cropped-\u672a\u6807\u9898-3-\u62f7\u8d1d.png","width":490,"height":140,"caption":"Xiangsheng - China factory of stainless steel products"},"image":{"@id":"https:\/\/jm-xiangsheng.com\/#\/schema\/logo\/image\/"}}]}},"_links":{"self":[{"href":"https:\/\/jm-xiangsheng.com\/fr\/wp-json\/wp\/v2\/product\/11923","targetHints":{"allow":["GET"]}}],"collection":[{"href":"https:\/\/jm-xiangsheng.com\/fr\/wp-json\/wp\/v2\/product"}],"about":[{"href":"https:\/\/jm-xiangsheng.com\/fr\/wp-json\/wp\/v2\/types\/product"}],"wp:featuredmedia":[{"embeddable":true,"href":"https:\/\/jm-xiangsheng.com\/fr\/wp-json\/wp\/v2\/media\/11925"}],"wp:attachment":[{"href":"https:\/\/jm-xiangsheng.com\/fr\/wp-json\/wp\/v2\/media?parent=11923"}],"wp:term":[{"taxonomy":"product_cat","embeddable":true,"href":"https:\/\/jm-xiangsheng.com\/fr\/wp-json\/wp\/v2\/product_cat?post=11923"},{"taxonomy":"product_tag","embeddable":true,"href":"https:\/\/jm-xiangsheng.com\/fr\/wp-json\/wp\/v2\/product_tag?post=11923"}],"curies":[{"name":"wp","href":"https:\/\/api.w.org\/{rel}","templated":true}]}}