{"id":6348,"date":"2022-08-15T14:08:49","date_gmt":"2022-08-15T06:08:49","guid":{"rendered":"https:\/\/jm-xiangsheng.com\/?post_type=product&#038;p=6348"},"modified":"2025-03-31T15:13:22","modified_gmt":"2025-03-31T07:13:22","slug":"sapele-wood-bowlwood-base-set","status":"publish","type":"product","link":"https:\/\/jm-xiangsheng.com\/es\/producto\/commercial-kitchenware\/buffet-ware-buffet-display\/sapele-wood-bowlwood-base-set\/","title":{"rendered":"Set de Decoraci\u00f3n de Platos de Madera de Sapeli"},"content":{"rendered":"Estimado Cliente, Producimos Platos de Madera desde tama\u00f1os est\u00e1ndar hasta personalizados, desde peque\u00f1os hasta gigantes.  Moldes de tama\u00f1os est\u00e1ndar y muchos moldes exclusivos. \u00a1\u00a1\u00a1Tambi\u00e9n podemos personalizar para usted!!!\r\n\r\n<span style=\"color: #ed1c24;\"><b>Env\u00edenos un mensaje y hablemos de los detalles.<\/b><\/span>\r\n\r\n&nbsp;\r\n\r\nMaterial:  Bol de acero inoxidable 304, base de madera de sapeli\r\n\r\nAltura de la base de madera: 1,9 mm\r\n\r\nEmbalaje: 1 juego por caja de cart\u00f3n, bolsa de polietileno, caja de cart\u00f3n est\u00e1ndar de exportaci\u00f3n\r\n\r\n \r\n\r\n---------------------------------------------\r\n\r\n<!-- \/wp:post-content --><!-- wp:heading {\"editorskit_typography\":{\"family\":\"\",\"name\":\"\",\"weight\":\"\"}} -->\r\n<h2 class=\"wp-block-heading\"><strong><a class=\"ek-link\" href=\"https:\/\/jm-xiangsheng.com\/es\/about-xiangsheng\/\">Xiangsheng\u00a0<em>F\u00e1brica<\/em><\/a><\/strong><\/h2>\r\n<!-- \/wp:heading --><!-- wp:paragraph -->\r\n\r\nXiangsheng es una f\u00e1brica establecida en <strong>2005<\/strong> con amplia experiencia, <strong>fabricaci\u00f3n de productos de acero inoxidable<\/strong>\u00a0con sede en\u00a0<em>China<\/em>. Abajo est\u00e1n nuestros 7 valores principales. Si usted est\u00e1 interesado en la importaci\u00f3n de stock pot, no dude en\u00a0<strong>CONTACTO<\/strong>\u00a0nosotros.\r\n\r\n<!-- \/wp:paragraph --><!-- wp:spacer {\"height\":\"41px\",\"editorskit_typography\":{\"family\":\"\",\"name\":\"\",\"weight\":\"\"}} -->\r\n<div class=\"wp-block-spacer\" aria-hidden=\"true\"><\/div>\r\n<!-- \/wp:spacer --><!-- wp:paragraph -->\r\n\r\n<strong>1) Ingeniero T\u00e9cnico le asistir\u00e1<\/strong>-tipos de materiales, estilos, dibujos.\r\n\r\n<!-- \/wp:paragraph --><!-- wp:paragraph -->\r\n\r\n<strong>2) Muestra disponible, precio al por mayor competitivo<\/strong>- muestra es aceptable, y empezar desde moq 20pcs, ofrecemos de primera mano ex-.<em>f\u00e1brica<\/em>\u00a0precio, \u00a1sin intermediarios!\r\n\r\n<!-- \/wp:paragraph --><!-- wp:paragraph -->\r\n\r\n<strong>3) Informe de la prueba<\/strong>-201 o 304 material de acero inoxidable pasado SGS pruebas.\r\n\r\n<!-- \/wp:paragraph --><!-- wp:paragraph -->\r\n\r\n<strong>4) Im\u00e1genes del producto<\/strong>-\u00a1Nunca se sienta desamparado con el marketing! Le ofreceremos fotos si las necesita. Cuando estamos produciendo el producto, tambi\u00e9n tomaremos fotos para usted, para que pueda conocer el progreso. Por lo tanto, si usted encuentra cualquier problema, usted puede notarnos tan pronto antes de hacer gran error.\r\n\r\n<!-- \/wp:paragraph --><!-- wp:paragraph -->\r\n\r\n<strong>5) V\u00eddeos de inspecci\u00f3n<\/strong>-Una vez terminada la mercanc\u00eda, podemos llevarle v\u00eddeos para una mejor evaluaci\u00f3n. Por lo tanto, usted puede decirnos qu\u00e9 partes desea mejorar antes del env\u00edo.\r\n\r\n<!-- \/wp:paragraph --><!-- wp:paragraph -->\r\n\r\n<strong>6) Gu\u00eda para comprar cubos de leche <em>China<\/em><\/strong>-Basado en su solicitud, podemos cotizar EXW, FOB, CIF o DDP precio. Nuestros agentes navieros ofrecen fletes favorables, \u00a1le ayudar\u00e1n a ahorrar m\u00e1s! Si usted tiene sus agentes de env\u00edo, tambi\u00e9n puede nombrarlos.\r\n\r\n<!-- \/wp:paragraph --><!-- wp:paragraph -->\r\n\r\n------------------------\r\n\r\n<!-- \/wp:paragraph -->\r\n<h3><span style=\"color: #ed1c24;\"><b>Env\u00edenos un mensaje y hablemos de los detalles.<\/b><\/span><\/h3>\r\n&nbsp;\r\n<h3><a href=\"https:\/\/www.youtube.com\/watch?v=XkqPW1Q2OfE\">V\u00eddeo del producto:<\/a><\/h3>\r\n<h4 style=\"text-align: center;\"><\/h4>","protected":false},"excerpt":{"rendered":"<p><span style=\"color: #808080;\">Este set incluye 3 cuencos + base de madera de sapeli.  Se puede utilizar para contener y servir aperitivos, frutos secos, patatas fritas, etc a los invitados. Preg\u00fantenos libremente y le ofreceremos nuestro mejor precio.<\/span><\/p>\n<p><strong>Caracter\u00edsticas:<\/strong><\/p>\n<ul>\n<li>Exqusite hecho: robusto, alto pulido, aspecto hermoso.<\/li>\n<li>Soporte: Madera de sapeli 3A de alta calidad<\/li>\n<li>Ampliamente utilizado en diversas aplicaciones: como hotel, resturant, brunch, bodas, banquetes, picnics, cumplea\u00f1os, fiestas, etc.<\/li>\n<li>F\u00e1cil de limpiar: Limpiar con detergente y secar con un pa\u00f1o.<\/li>\n<\/ul>\n<p>&nbsp;<\/p>\n<p><strong>MOQ: 10 piezas por pedido\u00a0<\/strong><\/p>\n<p><strong>EX Precio de f\u00e1brica: alrededor de <span style=\"color: #ff0000;\">cuenco 6USDx 3pcs, base de madera 14.3USDx 1pc<\/span><\/strong><\/p>","protected":false},"featured_media":8791,"template":"","meta":{"_seopress_robots_primary_cat":"none","_editorskit_title_hidden":false,"_editorskit_reading_time":0,"_editorskit_is_block_options_detached":false,"_editorskit_block_options_position":"{}","_editorskit_typography_data":[],"_editorskit_blocks_typography":""},"product_cat":[50],"product_tag":[],"class_list":["post-6348","product","type-product","status-publish","has-post-thumbnail","hentry","product_cat-buffet-ware-buffet-display"],"yoast_head":"<!-- This site is optimized with the Yoast SEO plugin v21.4 - https:\/\/yoast.com\/wordpress\/plugins\/seo\/ -->\n<title>Sapele Wood Dish Bowl Decoration Set<\/title>\n<meta name=\"description\" content=\"We produce Wood Dish from standard to custom sizes, from tiny to giant.\u00a0 Standard sizes molds and many exclusive molds. We can also customize for you!\" \/>\n<meta name=\"robots\" content=\"index, follow, max-snippet:-1, max-image-preview:large, max-video-preview:-1\" \/>\n<link rel=\"canonical\" href=\"https:\/\/jm-xiangsheng.com\/es\/product\/commercial-kitchenware\/buffet-ware-buffet-display\/sapele-wood-bowlwood-base-set\/\" \/>\n<meta property=\"og:locale\" content=\"es_ES\" \/>\n<meta property=\"og:type\" content=\"article\" \/>\n<meta property=\"og:title\" content=\"Sapele Wood Dish Bowl Decoration Set\" \/>\n<meta property=\"og:description\" content=\"We produce Wood Dish from standard to custom sizes, from tiny to giant.\u00a0 Standard sizes molds and many exclusive molds. We can also customize for you!\" \/>\n<meta property=\"og:url\" content=\"https:\/\/jm-xiangsheng.com\/es\/product\/commercial-kitchenware\/buffet-ware-buffet-display\/sapele-wood-bowlwood-base-set\/\" \/>\n<meta property=\"og:site_name\" content=\"Xiangsheng - China factory of stainless steel products\" \/>\n<meta property=\"article:modified_time\" content=\"2025-03-31T07:13:22+00:00\" \/>\n<meta property=\"og:image\" content=\"http:\/\/jm-xiangsheng.com\/wp-content\/uploads\/2022\/08\/Sapele-wood-dish-bowl-decoration-set-11.jpg\" \/>\n\t<meta property=\"og:image:width\" content=\"750\" \/>\n\t<meta property=\"og:image:height\" content=\"750\" \/>\n\t<meta property=\"og:image:type\" content=\"image\/jpeg\" \/>\n<meta name=\"twitter:card\" content=\"summary_large_image\" \/>\n<meta name=\"twitter:label1\" content=\"Tiempo de lectura\" \/>\n\t<meta name=\"twitter:data1\" content=\"2 minutos\" \/>\n<script type=\"application\/ld+json\" class=\"yoast-schema-graph\">{\"@context\":\"https:\/\/schema.org\",\"@graph\":[{\"@type\":\"WebPage\",\"@id\":\"https:\/\/jm-xiangsheng.com\/product\/commercial-kitchenware\/buffet-ware-buffet-display\/sapele-wood-bowlwood-base-set\/\",\"url\":\"https:\/\/jm-xiangsheng.com\/product\/commercial-kitchenware\/buffet-ware-buffet-display\/sapele-wood-bowlwood-base-set\/\",\"name\":\"Sapele Wood Dish Bowl Decoration Set\",\"isPartOf\":{\"@id\":\"https:\/\/jm-xiangsheng.com\/#website\"},\"datePublished\":\"2022-08-15T06:08:49+00:00\",\"dateModified\":\"2025-03-31T07:13:22+00:00\",\"description\":\"We produce Wood Dish from standard to custom sizes, from tiny to giant.\u00a0 Standard sizes molds and many exclusive molds. We can also customize for you!\",\"breadcrumb\":{\"@id\":\"https:\/\/jm-xiangsheng.com\/product\/commercial-kitchenware\/buffet-ware-buffet-display\/sapele-wood-bowlwood-base-set\/#breadcrumb\"},\"inLanguage\":\"es\",\"potentialAction\":[{\"@type\":\"ReadAction\",\"target\":[\"https:\/\/jm-xiangsheng.com\/product\/commercial-kitchenware\/buffet-ware-buffet-display\/sapele-wood-bowlwood-base-set\/\"]}]},{\"@type\":\"BreadcrumbList\",\"@id\":\"https:\/\/jm-xiangsheng.com\/product\/commercial-kitchenware\/buffet-ware-buffet-display\/sapele-wood-bowlwood-base-set\/#breadcrumb\",\"itemListElement\":[{\"@type\":\"ListItem\",\"position\":1,\"name\":\"Home\",\"item\":\"https:\/\/jm-xiangsheng.com\/\"},{\"@type\":\"ListItem\",\"position\":2,\"name\":\"Product\",\"item\":\"https:\/\/jm-xiangsheng.com\/products\/\"},{\"@type\":\"ListItem\",\"position\":3,\"name\":\"Commercial kitchenware\",\"item\":\"https:\/\/jm-xiangsheng.com\/product-category\/commercial-kitchenware\/\"},{\"@type\":\"ListItem\",\"position\":4,\"name\":\"Buffet ware &amp; buffet display\",\"item\":\"https:\/\/jm-xiangsheng.com\/product-category\/commercial-kitchenware\/buffet-ware-buffet-display\/\"},{\"@type\":\"ListItem\",\"position\":5,\"name\":\"Sapele Wood Dish Bowl Decoration Set\"}]},{\"@type\":\"WebSite\",\"@id\":\"https:\/\/jm-xiangsheng.com\/#website\",\"url\":\"https:\/\/jm-xiangsheng.com\/\",\"name\":\"Xiangsheng - China factory of stainless steel products\",\"description\":\"20 years factory\",\"publisher\":{\"@id\":\"https:\/\/jm-xiangsheng.com\/#organization\"},\"potentialAction\":[{\"@type\":\"SearchAction\",\"target\":{\"@type\":\"EntryPoint\",\"urlTemplate\":\"https:\/\/jm-xiangsheng.com\/?s={search_term_string}\"},\"query-input\":\"required name=search_term_string\"}],\"inLanguage\":\"es\"},{\"@type\":\"Organization\",\"@id\":\"https:\/\/jm-xiangsheng.com\/#organization\",\"name\":\"Xiangsheng - China factory of stainless steel products\",\"url\":\"https:\/\/jm-xiangsheng.com\/\",\"logo\":{\"@type\":\"ImageObject\",\"inLanguage\":\"es\",\"@id\":\"https:\/\/jm-xiangsheng.com\/#\/schema\/logo\/image\/\",\"url\":\"https:\/\/jm-xiangsheng.com\/wp-content\/uploads\/2024\/05\/cropped-\u672a\u6807\u9898-3-\u62f7\u8d1d.png\",\"contentUrl\":\"https:\/\/jm-xiangsheng.com\/wp-content\/uploads\/2024\/05\/cropped-\u672a\u6807\u9898-3-\u62f7\u8d1d.png\",\"width\":490,\"height\":140,\"caption\":\"Xiangsheng - China factory of stainless steel products\"},\"image\":{\"@id\":\"https:\/\/jm-xiangsheng.com\/#\/schema\/logo\/image\/\"}}]}<\/script>\n<!-- \/ Yoast SEO plugin. -->","yoast_head_json":{"title":"Sapele Wood Dish Bowl Decoration Set","description":"We produce Wood Dish from standard to custom sizes, from tiny to giant.\u00a0 Standard sizes molds and many exclusive molds. We can also customize for you!","robots":{"index":"index","follow":"follow","max-snippet":"max-snippet:-1","max-image-preview":"max-image-preview:large","max-video-preview":"max-video-preview:-1"},"canonical":"https:\/\/jm-xiangsheng.com\/es\/product\/commercial-kitchenware\/buffet-ware-buffet-display\/sapele-wood-bowlwood-base-set\/","og_locale":"es_ES","og_type":"article","og_title":"Sapele Wood Dish Bowl Decoration Set","og_description":"We produce Wood Dish from standard to custom sizes, from tiny to giant.\u00a0 Standard sizes molds and many exclusive molds. We can also customize for you!","og_url":"https:\/\/jm-xiangsheng.com\/es\/product\/commercial-kitchenware\/buffet-ware-buffet-display\/sapele-wood-bowlwood-base-set\/","og_site_name":"Xiangsheng - China factory of stainless steel products","article_modified_time":"2025-03-31T07:13:22+00:00","og_image":[{"width":750,"height":750,"url":"http:\/\/jm-xiangsheng.com\/wp-content\/uploads\/2022\/08\/Sapele-wood-dish-bowl-decoration-set-11.jpg","type":"image\/jpeg"}],"twitter_card":"summary_large_image","twitter_misc":{"Tiempo de lectura":"2 minutos"},"schema":{"@context":"https:\/\/schema.org","@graph":[{"@type":"WebPage","@id":"https:\/\/jm-xiangsheng.com\/product\/commercial-kitchenware\/buffet-ware-buffet-display\/sapele-wood-bowlwood-base-set\/","url":"https:\/\/jm-xiangsheng.com\/product\/commercial-kitchenware\/buffet-ware-buffet-display\/sapele-wood-bowlwood-base-set\/","name":"Sapele Wood Dish Bowl Decoration Set","isPartOf":{"@id":"https:\/\/jm-xiangsheng.com\/#website"},"datePublished":"2022-08-15T06:08:49+00:00","dateModified":"2025-03-31T07:13:22+00:00","description":"We produce Wood Dish from standard to custom sizes, from tiny to giant.\u00a0 Standard sizes molds and many exclusive molds. We can also customize for you!","breadcrumb":{"@id":"https:\/\/jm-xiangsheng.com\/product\/commercial-kitchenware\/buffet-ware-buffet-display\/sapele-wood-bowlwood-base-set\/#breadcrumb"},"inLanguage":"es","potentialAction":[{"@type":"ReadAction","target":["https:\/\/jm-xiangsheng.com\/product\/commercial-kitchenware\/buffet-ware-buffet-display\/sapele-wood-bowlwood-base-set\/"]}]},{"@type":"BreadcrumbList","@id":"https:\/\/jm-xiangsheng.com\/product\/commercial-kitchenware\/buffet-ware-buffet-display\/sapele-wood-bowlwood-base-set\/#breadcrumb","itemListElement":[{"@type":"ListItem","position":1,"name":"Home","item":"https:\/\/jm-xiangsheng.com\/"},{"@type":"ListItem","position":2,"name":"Product","item":"https:\/\/jm-xiangsheng.com\/products\/"},{"@type":"ListItem","position":3,"name":"Commercial kitchenware","item":"https:\/\/jm-xiangsheng.com\/product-category\/commercial-kitchenware\/"},{"@type":"ListItem","position":4,"name":"Buffet ware &amp; buffet display","item":"https:\/\/jm-xiangsheng.com\/product-category\/commercial-kitchenware\/buffet-ware-buffet-display\/"},{"@type":"ListItem","position":5,"name":"Sapele Wood Dish Bowl Decoration Set"}]},{"@type":"WebSite","@id":"https:\/\/jm-xiangsheng.com\/#website","url":"https:\/\/jm-xiangsheng.com\/","name":"Xiangsheng - China factory of stainless steel products","description":"20 years factory","publisher":{"@id":"https:\/\/jm-xiangsheng.com\/#organization"},"potentialAction":[{"@type":"SearchAction","target":{"@type":"EntryPoint","urlTemplate":"https:\/\/jm-xiangsheng.com\/?s={search_term_string}"},"query-input":"required name=search_term_string"}],"inLanguage":"es"},{"@type":"Organization","@id":"https:\/\/jm-xiangsheng.com\/#organization","name":"Xiangsheng - China factory of stainless steel products","url":"https:\/\/jm-xiangsheng.com\/","logo":{"@type":"ImageObject","inLanguage":"es","@id":"https:\/\/jm-xiangsheng.com\/#\/schema\/logo\/image\/","url":"https:\/\/jm-xiangsheng.com\/wp-content\/uploads\/2024\/05\/cropped-\u672a\u6807\u9898-3-\u62f7\u8d1d.png","contentUrl":"https:\/\/jm-xiangsheng.com\/wp-content\/uploads\/2024\/05\/cropped-\u672a\u6807\u9898-3-\u62f7\u8d1d.png","width":490,"height":140,"caption":"Xiangsheng - China factory of stainless steel products"},"image":{"@id":"https:\/\/jm-xiangsheng.com\/#\/schema\/logo\/image\/"}}]}},"_links":{"self":[{"href":"https:\/\/jm-xiangsheng.com\/es\/wp-json\/wp\/v2\/product\/6348","targetHints":{"allow":["GET"]}}],"collection":[{"href":"https:\/\/jm-xiangsheng.com\/es\/wp-json\/wp\/v2\/product"}],"about":[{"href":"https:\/\/jm-xiangsheng.com\/es\/wp-json\/wp\/v2\/types\/product"}],"wp:featuredmedia":[{"embeddable":true,"href":"https:\/\/jm-xiangsheng.com\/es\/wp-json\/wp\/v2\/media\/8791"}],"wp:attachment":[{"href":"https:\/\/jm-xiangsheng.com\/es\/wp-json\/wp\/v2\/media?parent=6348"}],"wp:term":[{"taxonomy":"product_cat","embeddable":true,"href":"https:\/\/jm-xiangsheng.com\/es\/wp-json\/wp\/v2\/product_cat?post=6348"},{"taxonomy":"product_tag","embeddable":true,"href":"https:\/\/jm-xiangsheng.com\/es\/wp-json\/wp\/v2\/product_tag?post=6348"}],"curies":[{"name":"wp","href":"https:\/\/api.w.org\/{rel}","templated":true}]}}