{"id":6013,"date":"2022-08-11T09:58:42","date_gmt":"2022-08-11T01:58:42","guid":{"rendered":"https:\/\/jm-xiangsheng.com\/?post_type=product&#038;p=6013"},"modified":"2025-03-27T10:21:37","modified_gmt":"2025-03-27T02:21:37","slug":"sapele-wood-cereal-dispenser","status":"publish","type":"product","link":"https:\/\/jm-xiangsheng.com\/es\/producto\/commercial-kitchenware\/cereal-dispenser\/sapele-wood-cereal-dispenser\/","title":{"rendered":"Dispensador de cereales de madera de sapeli"},"content":{"rendered":"<div>\r\n\r\nEstimado cliente, producimos dispensador de cereales de madera de Sapele de tama\u00f1os est\u00e1ndar a personalizados, de peque\u00f1o a gigante.  Moldes de tama\u00f1os est\u00e1ndar y muchos moldes exclusivos. \u00a1\u00a1\u00a1Tambi\u00e9n podemos personalizar para usted!!!\r\n\r\n<span style=\"color: #ed1c24;\"><b>Env\u00edenos un mensaje y hablemos de los detalles.<\/b><\/span>\r\n\r\n&nbsp;\r\n\r\n<\/div>\r\n<div><strong data-spm-anchor-id=\"a2700.wholesale.0.i22.fa4766d4dwHH4O\">Material:\u00a0<\/strong>Acero inoxidable + Madera de sapeli+ PC<\/div>\r\n<div>\r\n\r\n<strong data-spm-anchor-id=\"a2700.wholesale.0.i21.fa4766d4dwHH4O\">Tapa:<\/strong>\u00a0Acero inoxidable 201\r\n<div><strong>Cuerpo:\u00a0<\/strong>PC de alta transparencia, apto para uso alimentario.<\/div>\r\n<div><strong>Controlador giratorio:<\/strong>\u00a0<span style=\"color: #ff0000;\"><strong>Acero inoxidable 304<\/strong><\/span><\/div>\r\n<div><\/div>\r\n<\/div>\r\n<div>\r\n<div data-spm-anchor-id=\"a2700.wholesale.0.i21.209d349aDC3acB\">---------------------------------------------\r\n<h4 style=\"text-align: center;\"><!-- \/wp:post-content --><!-- wp:heading {\"editorskit_typography\":{\"family\":\"\",\"name\":\"\",\"weight\":\"\"}} --><\/h4>\r\n<h2 class=\"wp-block-heading\"><strong><a class=\"ek-link\" href=\"https:\/\/jm-xiangsheng.com\/es\/about-xiangsheng\/\">Xiangsheng\u00a0<em>F\u00e1brica<\/em><\/a><\/strong><\/h2>\r\n<h4 style=\"text-align: center;\"><!-- \/wp:heading --><!-- wp:paragraph --><\/h4>\r\nXiangsheng es un l\u00edder\u00a0<strong>20 a\u00f1os <em>f\u00e1brica<\/em> producci\u00f3n de dispensador de cereales de acero inoxidable <\/strong>con sede en\u00a0<em>China<\/em>. Abajo est\u00e1n nuestros 7 valores principales. Si usted est\u00e1 interesado en la importaci\u00f3n de stock pot, no dude en\u00a0<strong>CONTACTO<\/strong>\u00a0nosotros.\r\n<h4 style=\"text-align: center;\"><!-- \/wp:paragraph --><!-- wp:spacer {\"height\":\"41px\",\"editorskit_typography\":{\"family\":\"\",\"name\":\"\",\"weight\":\"\"}} --><\/h4>\r\n<div class=\"wp-block-spacer\" aria-hidden=\"true\"><\/div>\r\n<h4 style=\"text-align: center;\"><!-- \/wp:spacer --><!-- wp:paragraph --><\/h4>\r\n<strong>1) Ingeniero T\u00e9cnico le asistir\u00e1<\/strong>-tipos de materiales, estilos, dibujos.\r\n<h4 style=\"text-align: center;\"><!-- \/wp:paragraph --><!-- wp:paragraph --><\/h4>\r\n<strong>2) Muestra disponible, precio al por mayor competitivo<\/strong>- muestra es aceptable, y empezar desde moq 20pcs, ofrecemos de primera mano ex-.<em>f\u00e1brica<\/em>\u00a0precio, \u00a1sin intermediarios!\r\n<h4 style=\"text-align: center;\"><!-- \/wp:paragraph --><!-- wp:paragraph --><\/h4>\r\n<strong>4) Informe de la prueba<\/strong>-201 o 304 material de acero inoxidable pasado SGS pruebas.\r\n<h4 style=\"text-align: center;\"><!-- \/wp:paragraph --><!-- wp:paragraph --><\/h4>\r\n<strong>5) Im\u00e1genes del producto<\/strong>-\u00a1Nunca se sienta desamparado con el marketing! Le ofrecer\u00e1 im\u00e1genes si lo necesita.\r\n<h4 style=\"text-align: center;\"><!-- \/wp:paragraph --><!-- wp:paragraph --><\/h4>\r\n<strong>6) V\u00eddeos de inspecci\u00f3n<\/strong>-Una vez terminada la mercanc\u00eda, podemos llevarle v\u00eddeos para una mejor evaluaci\u00f3n.\r\n<h4 style=\"text-align: center;\"><!-- \/wp:paragraph --><!-- wp:paragraph --><\/h4>\r\n<strong>7) Gu\u00eda para comprar cubos de leche\u00a0<em>China<\/em><\/strong>-Basado en su solicitud, podemos cotizar EXW, FOB, CIF o DDP precio. \u00a1Nuestros agentes de env\u00edo est\u00e1n ofreciendo la carga favorable, le ayudan a ahorrar m\u00e1s!\r\n<h4 style=\"text-align: center;\"><!-- \/wp:paragraph --><!-- wp:paragraph --><\/h4>\r\n------------------------\r\n<h4 style=\"text-align: center;\"><!-- \/wp:paragraph --><\/h4>\r\n<h3><span style=\"color: #ed1c24;\"><b>Env\u00edenos un mensaje y hablemos de los detalles.<\/b><\/span><\/h3>\r\n<h2 data-line-height=\"xs\"><a href=\"https:\/\/youtu.be\/0nLT22KD2QU\">V\u00eddeo (dispensador de cereales):<\/a><\/h2>\r\n<\/div>\r\n<div data-spm-anchor-id=\"a2700.wholesale.0.i21.209d349aDC3acB\"><\/div>\r\n<\/div>\r\n<div><\/div>\r\n<div><\/div>","protected":false},"excerpt":{"rendered":"<p><span style=\"color: #808080;\">Dispensador de cereales con base de madera de Sapele. Se puede utilizar para servir Cereales a los invitados . Cons\u00faltenos libremente y le ofreceremos nuestro mejor precio.<\/span><\/p>\n<p><strong>Caracter\u00edsticas:<\/strong><\/p>\n<ul>\n<li>Base de madera de haya: alta tecnolog\u00eda y alta gama<\/li>\n<li>Ampliamente utilizado en diversas aplicaciones: como restaurante, hotel, bodas, banquetes, picnics, cumplea\u00f1os, fiestas, etc.<\/li>\n<li>F\u00e1cil de manejar y utilizar: monte todas las piezas en 3 minutos.<\/li>\n<li>F\u00e1cil de limpiar: recipiente de bebidas extra\u00edble y base de madera, f\u00e1cil de limpiar.<\/li>\n<\/ul>\n<p>&nbsp;<\/p>\n<p><strong>MOQ: 10pcs por orden ( aceptar art\u00edculos mezclados)<\/strong><\/p>\n<p><strong>EX Precio de f\u00e1brica: alrededor de<span style=\"color: #ff0000;\"> 86,2USD<\/span> ( 1 juego)<\/strong><\/p>","protected":false},"featured_media":6015,"template":"","meta":{"_seopress_robots_primary_cat":"none","_editorskit_title_hidden":false,"_editorskit_reading_time":0,"_editorskit_is_block_options_detached":false,"_editorskit_block_options_position":"{}","_editorskit_typography_data":[],"_editorskit_blocks_typography":""},"product_cat":[674],"product_tag":[],"class_list":["post-6013","product","type-product","status-publish","has-post-thumbnail","hentry","product_cat-cereal-dispenser"],"yoast_head":"<!-- This site is optimized with the Yoast SEO plugin v21.4 - https:\/\/yoast.com\/wordpress\/plugins\/seo\/ -->\n<title>Sapele wood cereal dispenser<\/title>\n<meta name=\"description\" content=\"We produce Sapele wood cereal dispenser from standard to custom sizes, from tiny to giant.\u00a0 Standard sizes molds and many exclusive molds.\" \/>\n<meta name=\"robots\" content=\"index, follow, max-snippet:-1, max-image-preview:large, max-video-preview:-1\" \/>\n<link rel=\"canonical\" href=\"https:\/\/jm-xiangsheng.com\/es\/product\/commercial-kitchenware\/cereal-dispenser\/sapele-wood-cereal-dispenser\/\" \/>\n<meta property=\"og:locale\" content=\"es_ES\" \/>\n<meta property=\"og:type\" content=\"article\" \/>\n<meta property=\"og:title\" content=\"Sapele wood cereal dispenser\" \/>\n<meta property=\"og:description\" content=\"We produce Sapele wood cereal dispenser from standard to custom sizes, from tiny to giant.\u00a0 Standard sizes molds and many exclusive molds.\" \/>\n<meta property=\"og:url\" content=\"https:\/\/jm-xiangsheng.com\/es\/product\/commercial-kitchenware\/cereal-dispenser\/sapele-wood-cereal-dispenser\/\" \/>\n<meta property=\"og:site_name\" content=\"Xiangsheng - China factory of stainless steel products\" \/>\n<meta property=\"article:modified_time\" content=\"2025-03-27T02:21:37+00:00\" \/>\n<meta property=\"og:image\" content=\"http:\/\/jm-xiangsheng.com\/wp-content\/uploads\/2022\/08\/1-7.jpg\" \/>\n\t<meta property=\"og:image:width\" content=\"750\" \/>\n\t<meta property=\"og:image:height\" content=\"750\" \/>\n\t<meta property=\"og:image:type\" content=\"image\/jpeg\" \/>\n<meta name=\"twitter:card\" content=\"summary_large_image\" \/>\n<meta name=\"twitter:label1\" content=\"Tiempo de lectura\" \/>\n\t<meta name=\"twitter:data1\" content=\"1 minuto\" \/>\n<script type=\"application\/ld+json\" class=\"yoast-schema-graph\">{\"@context\":\"https:\/\/schema.org\",\"@graph\":[{\"@type\":\"WebPage\",\"@id\":\"https:\/\/jm-xiangsheng.com\/product\/commercial-kitchenware\/cereal-dispenser\/sapele-wood-cereal-dispenser\/\",\"url\":\"https:\/\/jm-xiangsheng.com\/product\/commercial-kitchenware\/cereal-dispenser\/sapele-wood-cereal-dispenser\/\",\"name\":\"Sapele wood cereal dispenser\",\"isPartOf\":{\"@id\":\"https:\/\/jm-xiangsheng.com\/#website\"},\"datePublished\":\"2022-08-11T01:58:42+00:00\",\"dateModified\":\"2025-03-27T02:21:37+00:00\",\"description\":\"We produce Sapele wood cereal dispenser from standard to custom sizes, from tiny to giant.\u00a0 Standard sizes molds and many exclusive molds.\",\"breadcrumb\":{\"@id\":\"https:\/\/jm-xiangsheng.com\/product\/commercial-kitchenware\/cereal-dispenser\/sapele-wood-cereal-dispenser\/#breadcrumb\"},\"inLanguage\":\"es\",\"potentialAction\":[{\"@type\":\"ReadAction\",\"target\":[\"https:\/\/jm-xiangsheng.com\/product\/commercial-kitchenware\/cereal-dispenser\/sapele-wood-cereal-dispenser\/\"]}]},{\"@type\":\"BreadcrumbList\",\"@id\":\"https:\/\/jm-xiangsheng.com\/product\/commercial-kitchenware\/cereal-dispenser\/sapele-wood-cereal-dispenser\/#breadcrumb\",\"itemListElement\":[{\"@type\":\"ListItem\",\"position\":1,\"name\":\"Home\",\"item\":\"https:\/\/jm-xiangsheng.com\/\"},{\"@type\":\"ListItem\",\"position\":2,\"name\":\"Product\",\"item\":\"https:\/\/jm-xiangsheng.com\/products\/\"},{\"@type\":\"ListItem\",\"position\":3,\"name\":\"Commercial kitchenware\",\"item\":\"https:\/\/jm-xiangsheng.com\/product-category\/commercial-kitchenware\/\"},{\"@type\":\"ListItem\",\"position\":4,\"name\":\"Cereal Dispenser\",\"item\":\"https:\/\/jm-xiangsheng.com\/product-category\/commercial-kitchenware\/cereal-dispenser\/\"},{\"@type\":\"ListItem\",\"position\":5,\"name\":\"Sapele Wood Cereal Dispenser\"}]},{\"@type\":\"WebSite\",\"@id\":\"https:\/\/jm-xiangsheng.com\/#website\",\"url\":\"https:\/\/jm-xiangsheng.com\/\",\"name\":\"Xiangsheng - China factory of stainless steel products\",\"description\":\"20 years factory\",\"publisher\":{\"@id\":\"https:\/\/jm-xiangsheng.com\/#organization\"},\"potentialAction\":[{\"@type\":\"SearchAction\",\"target\":{\"@type\":\"EntryPoint\",\"urlTemplate\":\"https:\/\/jm-xiangsheng.com\/?s={search_term_string}\"},\"query-input\":\"required name=search_term_string\"}],\"inLanguage\":\"es\"},{\"@type\":\"Organization\",\"@id\":\"https:\/\/jm-xiangsheng.com\/#organization\",\"name\":\"Xiangsheng - China factory of stainless steel products\",\"url\":\"https:\/\/jm-xiangsheng.com\/\",\"logo\":{\"@type\":\"ImageObject\",\"inLanguage\":\"es\",\"@id\":\"https:\/\/jm-xiangsheng.com\/#\/schema\/logo\/image\/\",\"url\":\"https:\/\/jm-xiangsheng.com\/wp-content\/uploads\/2024\/05\/cropped-\u672a\u6807\u9898-3-\u62f7\u8d1d.png\",\"contentUrl\":\"https:\/\/jm-xiangsheng.com\/wp-content\/uploads\/2024\/05\/cropped-\u672a\u6807\u9898-3-\u62f7\u8d1d.png\",\"width\":490,\"height\":140,\"caption\":\"Xiangsheng - China factory of stainless steel products\"},\"image\":{\"@id\":\"https:\/\/jm-xiangsheng.com\/#\/schema\/logo\/image\/\"}}]}<\/script>\n<!-- \/ Yoast SEO plugin. -->","yoast_head_json":{"title":"Sapele wood cereal dispenser","description":"We produce Sapele wood cereal dispenser from standard to custom sizes, from tiny to giant.\u00a0 Standard sizes molds and many exclusive molds.","robots":{"index":"index","follow":"follow","max-snippet":"max-snippet:-1","max-image-preview":"max-image-preview:large","max-video-preview":"max-video-preview:-1"},"canonical":"https:\/\/jm-xiangsheng.com\/es\/product\/commercial-kitchenware\/cereal-dispenser\/sapele-wood-cereal-dispenser\/","og_locale":"es_ES","og_type":"article","og_title":"Sapele wood cereal dispenser","og_description":"We produce Sapele wood cereal dispenser from standard to custom sizes, from tiny to giant.\u00a0 Standard sizes molds and many exclusive molds.","og_url":"https:\/\/jm-xiangsheng.com\/es\/product\/commercial-kitchenware\/cereal-dispenser\/sapele-wood-cereal-dispenser\/","og_site_name":"Xiangsheng - China factory of stainless steel products","article_modified_time":"2025-03-27T02:21:37+00:00","og_image":[{"width":750,"height":750,"url":"http:\/\/jm-xiangsheng.com\/wp-content\/uploads\/2022\/08\/1-7.jpg","type":"image\/jpeg"}],"twitter_card":"summary_large_image","twitter_misc":{"Tiempo de lectura":"1 minuto"},"schema":{"@context":"https:\/\/schema.org","@graph":[{"@type":"WebPage","@id":"https:\/\/jm-xiangsheng.com\/product\/commercial-kitchenware\/cereal-dispenser\/sapele-wood-cereal-dispenser\/","url":"https:\/\/jm-xiangsheng.com\/product\/commercial-kitchenware\/cereal-dispenser\/sapele-wood-cereal-dispenser\/","name":"Sapele wood cereal dispenser","isPartOf":{"@id":"https:\/\/jm-xiangsheng.com\/#website"},"datePublished":"2022-08-11T01:58:42+00:00","dateModified":"2025-03-27T02:21:37+00:00","description":"We produce Sapele wood cereal dispenser from standard to custom sizes, from tiny to giant.\u00a0 Standard sizes molds and many exclusive molds.","breadcrumb":{"@id":"https:\/\/jm-xiangsheng.com\/product\/commercial-kitchenware\/cereal-dispenser\/sapele-wood-cereal-dispenser\/#breadcrumb"},"inLanguage":"es","potentialAction":[{"@type":"ReadAction","target":["https:\/\/jm-xiangsheng.com\/product\/commercial-kitchenware\/cereal-dispenser\/sapele-wood-cereal-dispenser\/"]}]},{"@type":"BreadcrumbList","@id":"https:\/\/jm-xiangsheng.com\/product\/commercial-kitchenware\/cereal-dispenser\/sapele-wood-cereal-dispenser\/#breadcrumb","itemListElement":[{"@type":"ListItem","position":1,"name":"Home","item":"https:\/\/jm-xiangsheng.com\/"},{"@type":"ListItem","position":2,"name":"Product","item":"https:\/\/jm-xiangsheng.com\/products\/"},{"@type":"ListItem","position":3,"name":"Commercial kitchenware","item":"https:\/\/jm-xiangsheng.com\/product-category\/commercial-kitchenware\/"},{"@type":"ListItem","position":4,"name":"Cereal Dispenser","item":"https:\/\/jm-xiangsheng.com\/product-category\/commercial-kitchenware\/cereal-dispenser\/"},{"@type":"ListItem","position":5,"name":"Sapele Wood Cereal Dispenser"}]},{"@type":"WebSite","@id":"https:\/\/jm-xiangsheng.com\/#website","url":"https:\/\/jm-xiangsheng.com\/","name":"Xiangsheng - China factory of stainless steel products","description":"20 years factory","publisher":{"@id":"https:\/\/jm-xiangsheng.com\/#organization"},"potentialAction":[{"@type":"SearchAction","target":{"@type":"EntryPoint","urlTemplate":"https:\/\/jm-xiangsheng.com\/?s={search_term_string}"},"query-input":"required name=search_term_string"}],"inLanguage":"es"},{"@type":"Organization","@id":"https:\/\/jm-xiangsheng.com\/#organization","name":"Xiangsheng - China factory of stainless steel products","url":"https:\/\/jm-xiangsheng.com\/","logo":{"@type":"ImageObject","inLanguage":"es","@id":"https:\/\/jm-xiangsheng.com\/#\/schema\/logo\/image\/","url":"https:\/\/jm-xiangsheng.com\/wp-content\/uploads\/2024\/05\/cropped-\u672a\u6807\u9898-3-\u62f7\u8d1d.png","contentUrl":"https:\/\/jm-xiangsheng.com\/wp-content\/uploads\/2024\/05\/cropped-\u672a\u6807\u9898-3-\u62f7\u8d1d.png","width":490,"height":140,"caption":"Xiangsheng - China factory of stainless steel products"},"image":{"@id":"https:\/\/jm-xiangsheng.com\/#\/schema\/logo\/image\/"}}]}},"_links":{"self":[{"href":"https:\/\/jm-xiangsheng.com\/es\/wp-json\/wp\/v2\/product\/6013","targetHints":{"allow":["GET"]}}],"collection":[{"href":"https:\/\/jm-xiangsheng.com\/es\/wp-json\/wp\/v2\/product"}],"about":[{"href":"https:\/\/jm-xiangsheng.com\/es\/wp-json\/wp\/v2\/types\/product"}],"wp:featuredmedia":[{"embeddable":true,"href":"https:\/\/jm-xiangsheng.com\/es\/wp-json\/wp\/v2\/media\/6015"}],"wp:attachment":[{"href":"https:\/\/jm-xiangsheng.com\/es\/wp-json\/wp\/v2\/media?parent=6013"}],"wp:term":[{"taxonomy":"product_cat","embeddable":true,"href":"https:\/\/jm-xiangsheng.com\/es\/wp-json\/wp\/v2\/product_cat?post=6013"},{"taxonomy":"product_tag","embeddable":true,"href":"https:\/\/jm-xiangsheng.com\/es\/wp-json\/wp\/v2\/product_tag?post=6013"}],"curies":[{"name":"wp","href":"https:\/\/api.w.org\/{rel}","templated":true}]}}