{"id":2105,"date":"2022-06-15T03:52:17","date_gmt":"2022-06-14T19:52:17","guid":{"rendered":"https:\/\/jm-xiangsheng.com\/?post_type=product&#038;p=2105"},"modified":"2025-03-27T14:42:26","modified_gmt":"2025-03-27T06:42:26","slug":"home-brew-stainless-steel-mash-tun","status":"publish","type":"product","link":"https:\/\/jm-xiangsheng.com\/es\/producto\/homebrew\/home-brew-stainless-steel-mash-tun\/","title":{"rendered":"Cuba de maceraci\u00f3n casera de acero inoxidable"},"content":{"rendered":"<p>Estimado cliente, \u00bfest\u00e1 buscando un fabricante profesional, personalizado y de alta calidad de cuba de maceraci\u00f3n de acero inoxidable para cerveza casera?<\/p>\r\n<p>Es una suerte que nos encontremos, somos <strong>Fabricante n\u00ba 1<\/strong> en homebrew archivado - Home brew stainless steel mash tun.<\/p>\r\n<p>Nuestra soluci\u00f3n total abarca el dise\u00f1o, la ingenier\u00eda, la fabricaci\u00f3n, el lanzamiento y el env\u00edo en un solo paso.<\/p>\r\n<p>\u00bfNecesita asistencia t\u00e9cnica? \u00bfDesea que el dise\u00f1o OEM se ejecute con facilidad?<\/p>\r\n<p><span style=\"color: #ed1c24;\"><b>Env\u00edenos un mensaje y hablemos de los detalles.<\/b><\/span><\/p>\r\n<p>&nbsp;<\/p>\r\n<h3>Para saber m\u00e1s sobre la cuba de maceraci\u00f3n de acero inoxidable para cerveza casera, puede leer los art\u00edculos siguientes:<\/h3>\r\n<ol>\r\n<li><a href=\"https:\/\/jm-xiangsheng.com\/es\/home-brew-products-project-cases-review\/\">Home Brew Products-Project Cases Revisi\u00f3n<\/a><\/li>\r\n<\/ol>\r\n<p>&nbsp;<\/p>\r\n<h4 style=\"text-align: center;\"><\/h4>\r\n<p>---------------------------------------------<\/p>\r\n<h4 style=\"text-align: center;\">\r\n\r\n<h2 class=\"wp-block-heading has-ek-typography\" style=\"\"><strong><a class=\"ek-link\" href=\"https:\/\/jm-xiangsheng.com\/es\/about-xiangsheng\/\">Xiangsheng\u00a0<em>F\u00e1brica<\/em><\/a><\/strong><\/h2>\r\n\r\n<\/h4>\r\n<p>Xiangsheng es una f\u00e1brica establecida en <strong>2005<\/strong> con amplia experiencia,<strong>\u00a0fabricaci\u00f3n de productos de acero inoxidable<\/strong>\u00a0con sede en\u00a0<em>China<\/em>. Abajo est\u00e1n nuestros 7 valores principales. Si usted est\u00e1 interesado en la importaci\u00f3n de stock pot, no dude en\u00a0<strong>CONTACTO<\/strong>\u00a0nosotros.<\/p>\r\n<h4 style=\"text-align: center;\">\r\n\r\n<div class=\"wp-block-spacer has-ek-typography\" aria-hidden=\"true\" style=\"\">\u00a0<\/div>\r\n\r\n<\/h4>\r\n<p><strong>1) Ingeniero T\u00e9cnico le asistir\u00e1<\/strong>-tipos de materiales, estilos, dibujos.<\/p>\r\n<h4 style=\"text-align: center;\">\r\n\r\n<\/h4>\r\n<p><strong>2) Muestra disponible, precio al por mayor competitivo<\/strong>- muestra es aceptable, y empezar desde moq 20pcs, ofrecemos de primera mano ex-.<em>f\u00e1brica<\/em>\u00a0precio, \u00a1sin intermediarios!<\/p>\r\n<h4 style=\"text-align: center;\">\r\n\r\n<\/h4>\r\n<p><strong>4) Informe de la prueba<\/strong>-201 o 304 material de acero inoxidable pasado SGS pruebas.<\/p>\r\n<h4 style=\"text-align: center;\">\r\n\r\n<\/h4>\r\n<p><strong>5) Im\u00e1genes del producto<\/strong>-\u00a1Nunca se sienta desamparado con el marketing! Le ofrecer\u00e1 im\u00e1genes si lo necesita.<\/p>\r\n<h4 style=\"text-align: center;\">\r\n\r\n<\/h4>\r\n<p><strong>6) V\u00eddeos de inspecci\u00f3n<\/strong>-Una vez terminada la mercanc\u00eda, podemos llevarle v\u00eddeos para una mejor evaluaci\u00f3n.<\/p>\r\n<h4 style=\"text-align: center;\">\r\n\r\n<\/h4>\r\n<p><strong>7) Gu\u00eda para comprar cubos de leche\u00a0<em>China<\/em><\/strong>-Basado en su solicitud, podemos cotizar EXW, FOB, CIF o DDP precio. \u00a1Nuestros agentes de env\u00edo est\u00e1n ofreciendo la carga favorable, le ayudan a ahorrar m\u00e1s!<\/p>\r\n<h4 style=\"text-align: center;\">\r\n\r\n<\/h4>\r\n<p>------------------------<\/p>\r\n<h4 style=\"text-align: center;\"><\/h4>\r\n<h3><span style=\"color: #ed1c24;\"><b>Env\u00edenos un mensaje y hablemos de los detalles.<\/b><\/span><\/h3>\r\n<p>&nbsp;<\/p>\r\n<h3><a href=\"https:\/\/youtu.be\/WgtWueHG8Ys\">V\u00eddeo del producto:<\/a><\/h3>\r\n<p><strong>\u00a0 \u00a0 \u00a0 \u00a0 \u00a0 \u00a0 \u00a0 \u00a0 \u00a0 \u00a0 \u00a0 \u00a0 \u00a0 \u00a0 \u00a0 \u00a0 \u00a0 \u00a0 \u00a0 \u00a0 \u00a0 \u00a0 \u00a0 \u00a0 \u00a0 \u00a0 \u00a0 \u00a0 \u00a0 \u00a0 \u00a0 \u00a0 \u00a0 \u00a0 \u00a0 \u00a0 \u00a0 \u00a0<\/strong><\/p>","protected":false},"excerpt":{"rendered":"<p><span style=\"color: #808080;\">Fabrica OEM ODM 1GAL-60 galon homebrew Mash Tun. Trabajamos con las mejores marcas en todo el mundo.<\/span> <strong><span style=\"color: #000080;\">Caracter\u00edsticas:<\/span><\/strong><\/p>\n<ul>\n<li>Acero inoxidable aut\u00e9ntico\uff1aMaterial de calidad alimentaria antioxidante y anticorrosi\u00f3n.<\/li>\n<li>Estructura aislante: ideal para mantener la temperatura<\/li>\n<li>Cerraduras: Opcional, funci\u00f3n herm\u00e9tica<\/li>\n<li>F\u00e1cil de limpiar: Limpiar con detergente y secar con un pa\u00f1o.<\/li>\n<\/ul>\n<p>\u00a0 <strong>MOQ\uff1a20pcs por orden<\/strong> Gama de precios: <span style=\"color: #ff0000;\">15-85USD<\/span> (No dude en solicitar presupuesto detallado)<\/p>","protected":false},"featured_media":2106,"template":"","meta":{"_seopress_robots_primary_cat":"none","_editorskit_title_hidden":false,"_editorskit_reading_time":0,"_editorskit_is_block_options_detached":false,"_editorskit_block_options_position":"{}","_editorskit_typography_data":[],"_editorskit_blocks_typography":""},"product_cat":[29],"product_tag":[104,103,31],"class_list":["post-2105","product","type-product","status-publish","has-post-thumbnail","hentry","product_cat-homebrew","product_tag-diy-homebrew","product_tag-home-brew-kit","product_tag-pilot-system"],"yoast_head":"<!-- This site is optimized with the Yoast SEO plugin v21.4 - https:\/\/yoast.com\/wordpress\/plugins\/seo\/ -->\n<title>Home brew stainless steel mash tun - Xiangsheng - China factory of stainless steel products<\/title>\n<meta name=\"description\" content=\"we are No. 1 manufacturer in homebrew filed - stainless steel mash tun. Our total solution is from design, engineering, manufacturing, launch and shipping one-step service.\" \/>\n<meta name=\"robots\" content=\"index, follow, max-snippet:-1, max-image-preview:large, max-video-preview:-1\" \/>\n<link rel=\"canonical\" href=\"https:\/\/jm-xiangsheng.com\/es\/product\/homebrew\/home-brew-stainless-steel-mash-tun\/\" \/>\n<meta property=\"og:locale\" content=\"es_ES\" \/>\n<meta property=\"og:type\" content=\"article\" \/>\n<meta property=\"og:title\" content=\"Home brew stainless steel mash tun - Xiangsheng - China factory of stainless steel products\" \/>\n<meta property=\"og:description\" content=\"we are No. 1 manufacturer in homebrew filed - stainless steel mash tun. Our total solution is from design, engineering, manufacturing, launch and shipping one-step service.\" \/>\n<meta property=\"og:url\" content=\"https:\/\/jm-xiangsheng.com\/es\/product\/homebrew\/home-brew-stainless-steel-mash-tun\/\" \/>\n<meta property=\"og:site_name\" content=\"Xiangsheng - China factory of stainless steel products\" \/>\n<meta property=\"article:modified_time\" content=\"2025-03-27T06:42:26+00:00\" \/>\n<meta property=\"og:image\" content=\"http:\/\/jm-xiangsheng.com\/wp-content\/uploads\/2022\/06\/1-28.jpg\" \/>\n\t<meta property=\"og:image:width\" content=\"750\" \/>\n\t<meta property=\"og:image:height\" content=\"750\" \/>\n\t<meta property=\"og:image:type\" content=\"image\/jpeg\" \/>\n<meta name=\"twitter:card\" content=\"summary_large_image\" \/>\n<meta name=\"twitter:label1\" content=\"Tiempo de lectura\" \/>\n\t<meta name=\"twitter:data1\" content=\"2 minutos\" \/>\n<script type=\"application\/ld+json\" class=\"yoast-schema-graph\">{\"@context\":\"https:\/\/schema.org\",\"@graph\":[{\"@type\":\"WebPage\",\"@id\":\"https:\/\/jm-xiangsheng.com\/product\/homebrew\/home-brew-stainless-steel-mash-tun\/\",\"url\":\"https:\/\/jm-xiangsheng.com\/product\/homebrew\/home-brew-stainless-steel-mash-tun\/\",\"name\":\"Home brew stainless steel mash tun - Xiangsheng - China factory of stainless steel products\",\"isPartOf\":{\"@id\":\"https:\/\/jm-xiangsheng.com\/#website\"},\"datePublished\":\"2022-06-14T19:52:17+00:00\",\"dateModified\":\"2025-03-27T06:42:26+00:00\",\"description\":\"we are No. 1 manufacturer in homebrew filed - stainless steel mash tun. Our total solution is from design, engineering, manufacturing, launch and shipping one-step service.\",\"breadcrumb\":{\"@id\":\"https:\/\/jm-xiangsheng.com\/product\/homebrew\/home-brew-stainless-steel-mash-tun\/#breadcrumb\"},\"inLanguage\":\"es\",\"potentialAction\":[{\"@type\":\"ReadAction\",\"target\":[\"https:\/\/jm-xiangsheng.com\/product\/homebrew\/home-brew-stainless-steel-mash-tun\/\"]}]},{\"@type\":\"BreadcrumbList\",\"@id\":\"https:\/\/jm-xiangsheng.com\/product\/homebrew\/home-brew-stainless-steel-mash-tun\/#breadcrumb\",\"itemListElement\":[{\"@type\":\"ListItem\",\"position\":1,\"name\":\"Home\",\"item\":\"https:\/\/jm-xiangsheng.com\/\"},{\"@type\":\"ListItem\",\"position\":2,\"name\":\"Product\",\"item\":\"https:\/\/jm-xiangsheng.com\/products\/\"},{\"@type\":\"ListItem\",\"position\":3,\"name\":\"Homebrew\",\"item\":\"https:\/\/jm-xiangsheng.com\/product-category\/homebrew\/\"},{\"@type\":\"ListItem\",\"position\":4,\"name\":\"Home brew stainless steel mash tun\"}]},{\"@type\":\"WebSite\",\"@id\":\"https:\/\/jm-xiangsheng.com\/#website\",\"url\":\"https:\/\/jm-xiangsheng.com\/\",\"name\":\"Xiangsheng - China factory of stainless steel products\",\"description\":\"20 years factory\",\"publisher\":{\"@id\":\"https:\/\/jm-xiangsheng.com\/#organization\"},\"potentialAction\":[{\"@type\":\"SearchAction\",\"target\":{\"@type\":\"EntryPoint\",\"urlTemplate\":\"https:\/\/jm-xiangsheng.com\/?s={search_term_string}\"},\"query-input\":\"required name=search_term_string\"}],\"inLanguage\":\"es\"},{\"@type\":\"Organization\",\"@id\":\"https:\/\/jm-xiangsheng.com\/#organization\",\"name\":\"Xiangsheng - China factory of stainless steel products\",\"url\":\"https:\/\/jm-xiangsheng.com\/\",\"logo\":{\"@type\":\"ImageObject\",\"inLanguage\":\"es\",\"@id\":\"https:\/\/jm-xiangsheng.com\/#\/schema\/logo\/image\/\",\"url\":\"https:\/\/jm-xiangsheng.com\/wp-content\/uploads\/2024\/05\/cropped-\u672a\u6807\u9898-3-\u62f7\u8d1d.png\",\"contentUrl\":\"https:\/\/jm-xiangsheng.com\/wp-content\/uploads\/2024\/05\/cropped-\u672a\u6807\u9898-3-\u62f7\u8d1d.png\",\"width\":490,\"height\":140,\"caption\":\"Xiangsheng - China factory of stainless steel products\"},\"image\":{\"@id\":\"https:\/\/jm-xiangsheng.com\/#\/schema\/logo\/image\/\"}}]}<\/script>\n<!-- \/ Yoast SEO plugin. -->","yoast_head_json":{"title":"Home brew stainless steel mash tun - Xiangsheng - China factory of stainless steel products","description":"we are No. 1 manufacturer in homebrew filed - stainless steel mash tun. Our total solution is from design, engineering, manufacturing, launch and shipping one-step service.","robots":{"index":"index","follow":"follow","max-snippet":"max-snippet:-1","max-image-preview":"max-image-preview:large","max-video-preview":"max-video-preview:-1"},"canonical":"https:\/\/jm-xiangsheng.com\/es\/product\/homebrew\/home-brew-stainless-steel-mash-tun\/","og_locale":"es_ES","og_type":"article","og_title":"Home brew stainless steel mash tun - Xiangsheng - China factory of stainless steel products","og_description":"we are No. 1 manufacturer in homebrew filed - stainless steel mash tun. Our total solution is from design, engineering, manufacturing, launch and shipping one-step service.","og_url":"https:\/\/jm-xiangsheng.com\/es\/product\/homebrew\/home-brew-stainless-steel-mash-tun\/","og_site_name":"Xiangsheng - China factory of stainless steel products","article_modified_time":"2025-03-27T06:42:26+00:00","og_image":[{"width":750,"height":750,"url":"http:\/\/jm-xiangsheng.com\/wp-content\/uploads\/2022\/06\/1-28.jpg","type":"image\/jpeg"}],"twitter_card":"summary_large_image","twitter_misc":{"Tiempo de lectura":"2 minutos"},"schema":{"@context":"https:\/\/schema.org","@graph":[{"@type":"WebPage","@id":"https:\/\/jm-xiangsheng.com\/product\/homebrew\/home-brew-stainless-steel-mash-tun\/","url":"https:\/\/jm-xiangsheng.com\/product\/homebrew\/home-brew-stainless-steel-mash-tun\/","name":"Home brew stainless steel mash tun - Xiangsheng - China factory of stainless steel products","isPartOf":{"@id":"https:\/\/jm-xiangsheng.com\/#website"},"datePublished":"2022-06-14T19:52:17+00:00","dateModified":"2025-03-27T06:42:26+00:00","description":"we are No. 1 manufacturer in homebrew filed - stainless steel mash tun. Our total solution is from design, engineering, manufacturing, launch and shipping one-step service.","breadcrumb":{"@id":"https:\/\/jm-xiangsheng.com\/product\/homebrew\/home-brew-stainless-steel-mash-tun\/#breadcrumb"},"inLanguage":"es","potentialAction":[{"@type":"ReadAction","target":["https:\/\/jm-xiangsheng.com\/product\/homebrew\/home-brew-stainless-steel-mash-tun\/"]}]},{"@type":"BreadcrumbList","@id":"https:\/\/jm-xiangsheng.com\/product\/homebrew\/home-brew-stainless-steel-mash-tun\/#breadcrumb","itemListElement":[{"@type":"ListItem","position":1,"name":"Home","item":"https:\/\/jm-xiangsheng.com\/"},{"@type":"ListItem","position":2,"name":"Product","item":"https:\/\/jm-xiangsheng.com\/products\/"},{"@type":"ListItem","position":3,"name":"Homebrew","item":"https:\/\/jm-xiangsheng.com\/product-category\/homebrew\/"},{"@type":"ListItem","position":4,"name":"Home brew stainless steel mash tun"}]},{"@type":"WebSite","@id":"https:\/\/jm-xiangsheng.com\/#website","url":"https:\/\/jm-xiangsheng.com\/","name":"Xiangsheng - China factory of stainless steel products","description":"20 years factory","publisher":{"@id":"https:\/\/jm-xiangsheng.com\/#organization"},"potentialAction":[{"@type":"SearchAction","target":{"@type":"EntryPoint","urlTemplate":"https:\/\/jm-xiangsheng.com\/?s={search_term_string}"},"query-input":"required name=search_term_string"}],"inLanguage":"es"},{"@type":"Organization","@id":"https:\/\/jm-xiangsheng.com\/#organization","name":"Xiangsheng - China factory of stainless steel products","url":"https:\/\/jm-xiangsheng.com\/","logo":{"@type":"ImageObject","inLanguage":"es","@id":"https:\/\/jm-xiangsheng.com\/#\/schema\/logo\/image\/","url":"https:\/\/jm-xiangsheng.com\/wp-content\/uploads\/2024\/05\/cropped-\u672a\u6807\u9898-3-\u62f7\u8d1d.png","contentUrl":"https:\/\/jm-xiangsheng.com\/wp-content\/uploads\/2024\/05\/cropped-\u672a\u6807\u9898-3-\u62f7\u8d1d.png","width":490,"height":140,"caption":"Xiangsheng - China factory of stainless steel products"},"image":{"@id":"https:\/\/jm-xiangsheng.com\/#\/schema\/logo\/image\/"}}]}},"_links":{"self":[{"href":"https:\/\/jm-xiangsheng.com\/es\/wp-json\/wp\/v2\/product\/2105","targetHints":{"allow":["GET"]}}],"collection":[{"href":"https:\/\/jm-xiangsheng.com\/es\/wp-json\/wp\/v2\/product"}],"about":[{"href":"https:\/\/jm-xiangsheng.com\/es\/wp-json\/wp\/v2\/types\/product"}],"wp:featuredmedia":[{"embeddable":true,"href":"https:\/\/jm-xiangsheng.com\/es\/wp-json\/wp\/v2\/media\/2106"}],"wp:attachment":[{"href":"https:\/\/jm-xiangsheng.com\/es\/wp-json\/wp\/v2\/media?parent=2105"}],"wp:term":[{"taxonomy":"product_cat","embeddable":true,"href":"https:\/\/jm-xiangsheng.com\/es\/wp-json\/wp\/v2\/product_cat?post=2105"},{"taxonomy":"product_tag","embeddable":true,"href":"https:\/\/jm-xiangsheng.com\/es\/wp-json\/wp\/v2\/product_tag?post=2105"}],"curies":[{"name":"wp","href":"https:\/\/api.w.org\/{rel}","templated":true}]}}