{"id":15589,"date":"2025-10-28T15:59:17","date_gmt":"2025-10-28T07:59:17","guid":{"rendered":"https:\/\/jm-xiangsheng.com\/?post_type=product&#038;p=15589"},"modified":"2025-10-28T16:01:30","modified_gmt":"2025-10-28T08:01:30","slug":"stainless-steel-utensil-holder","status":"publish","type":"product","link":"https:\/\/jm-xiangsheng.com\/es\/producto\/commercial-kitchenware\/buffet-ware-buffet-display\/stainless-steel-utensil-holder\/","title":{"rendered":"Portautensilios de acero inoxidable"},"content":{"rendered":"<div>Estimado Cliente, Producimos Porta Utensilios de Acero Inoxidable desde tama\u00f1os est\u00e1ndar hasta personalizados, desde peque\u00f1os hasta gigantes.  Moldes de tama\u00f1os est\u00e1ndar y muchos moldes exclusivos. \u00a1\u00a1\u00a1Tambi\u00e9n podemos personalizar para usted!!! \u00a0<\/div>\r\n<div>\u00a0<\/div>\r\n<div>El material se utiliza con SS201.<\/div>\r\n<div>1. Es ideal para todos los restaurantes, hoteles, buffet, etc.<\/div>\r\n<div>2. La cesta met\u00e1lica para secar cubiertos tiene capacidad para utensilios peque\u00f1os, como cucharas, tenedores y cuchillos<\/div>\r\n<div>3. El acabado en acero inoxidable combina elegancia y funcionalidad<\/div>\r\n<div>4. Contamos con un est\u00e1ndar de producci\u00f3n y un sistema de control de calidad para garantizar productos de alta calidad que cumplan los requisitos de nuestros clientes.<\/div>\r\n<div>\u00a0<\/div>\r\n<div data-spm-anchor-id=\"a2700.wholesale.0.i30.190e3f44509Na1\">\u00a0<\/div>\r\n<div data-spm-anchor-id=\"a2700.wholesale.0.i30.190e3f44509Na1\"><span style=\"color: #ed1c24;\"><b>Env\u00edenos un mensaje y hablemos de los detalles.<\/b><\/span><\/div>\r\n<div data-spm-anchor-id=\"a2700.wholesale.0.i30.190e3f44509Na1\">\u00a0<\/div>\r\n<div data-spm-anchor-id=\"a2700.wholesale.0.i30.190e3f44509Na1\">--------------------------------------------- <!-- \/wp:post-content -->\r\n\r\n<!-- wp:heading {\"editorskit_typography\":{\"family\":\"\",\"name\":\"\",\"weight\":\"\"}} -->\r\n<h2 class=\"wp-block-heading\"><strong><a class=\"ek-link\" href=\"https:\/\/jm-xiangsheng.com\/es\/about-xiangsheng\/\">Xiangsheng\u00a0<em>F\u00e1brica<\/em><\/a><\/strong><\/h2>\r\n<!-- \/wp:heading -->\r\n\r\n<!-- wp:paragraph -->Xiangsheng es una f\u00e1brica fundada en 2005 con amplia experiencia, <strong>producir Portautensilios de acero inoxidable<\/strong>\u00a0con sede en\u00a0<em>China<\/em>. Abajo est\u00e1n nuestros 7 valores principales. Si usted est\u00e1 interesado en la importaci\u00f3n de stock pot, no dude en\u00a0<strong>CONTACTO<\/strong>\u00a0nosotros. <!-- \/wp:paragraph -->\r\n\r\n<!-- wp:spacer {\"height\":\"41px\",\"editorskit_typography\":{\"family\":\"\",\"name\":\"\",\"weight\":\"\"}} -->\r\n<div class=\"wp-block-spacer\" aria-hidden=\"true\">\u00a0<\/div>\r\n<!-- \/wp:spacer -->\r\n\r\n<!-- wp:paragraph --><strong>1) Ingeniero T\u00e9cnico le asistir\u00e1<\/strong>-tipos de materiales, estilos, dibujos.<\/div>\r\n<div data-spm-anchor-id=\"a2700.wholesale.0.i30.190e3f44509Na1\"><!-- \/wp:paragraph -->\r\n\r\n<!-- wp:paragraph --><strong>2) Muestra disponible, precio al por mayor competitivo<\/strong>- muestra es aceptable, y empezar desde moq 20pcs, ofrecemos de primera mano ex-.<em>f\u00e1brica<\/em>\u00a0precio, \u00a1sin intermediarios!<\/div>\r\n<div data-spm-anchor-id=\"a2700.wholesale.0.i30.190e3f44509Na1\"><!-- \/wp:paragraph -->\r\n\r\n<!-- wp:paragraph --><strong>4) Informe de la prueba<\/strong>-201 o 304 material de acero inoxidable pasado SGS pruebas.<\/div>\r\n<div data-spm-anchor-id=\"a2700.wholesale.0.i30.190e3f44509Na1\"><!-- \/wp:paragraph -->\r\n\r\n<!-- wp:paragraph --><strong>5) Im\u00e1genes del producto<\/strong>-\u00a1Nunca se sienta desamparado con el marketing! Le ofrecer\u00e1 im\u00e1genes si lo necesita.<\/div>\r\n<div data-spm-anchor-id=\"a2700.wholesale.0.i30.190e3f44509Na1\"><!-- \/wp:paragraph -->\r\n\r\n<!-- wp:paragraph --><strong>6) V\u00eddeos de inspecci\u00f3n<\/strong>-Una vez terminada la mercanc\u00eda, podemos llevarle v\u00eddeos para una mejor evaluaci\u00f3n.<\/div>\r\n<div data-spm-anchor-id=\"a2700.wholesale.0.i30.190e3f44509Na1\"><!-- \/wp:paragraph -->\r\n\r\n<!-- wp:paragraph --><strong>7) Gu\u00eda para comprar cubos de leche\u00a0<em>China<\/em><\/strong>-Basado en su solicitud, podemos cotizar EXW, FOB, CIF o DDP precio. \u00a1Nuestros agentes de env\u00edo est\u00e1n ofreciendo la carga favorable, le ayudan a ahorrar m\u00e1s!<\/div>\r\n<div data-spm-anchor-id=\"a2700.wholesale.0.i30.190e3f44509Na1\">\u00a0<\/div>\r\n<div data-spm-anchor-id=\"a2700.wholesale.0.i30.190e3f44509Na1\"><!-- \/wp:paragraph -->\r\n\r\n<!-- wp:paragraph -->------------------------ <!-- \/wp:paragraph -->\r\n<h3><span style=\"color: #ed1c24;\"><b>Env\u00edenos un mensaje y hablemos de los detalles.<\/b><\/span><\/h3>\r\n\u00a0\r\n<h3><a href=\"https:\/\/youtu.be\/OJccl9H0htY\">V\u00eddeo del producto:<\/a><\/h3>\r\n<\/div>","protected":false},"excerpt":{"rendered":"<p><span style=\"color: #808080;\">Suministro directo de f\u00e1brica Porta Utensilios de Acero Inoxidable. Este estante se hace del acero inoxidable del calibrador pesado (grueso de 1.5m m), se utiliza para exhibir el postre, tal como magdalena, torta, galleta, etc.<\/span><\/p>\n<p><span style=\"color: #993366;\"><strong>Caracter\u00edsticas:<\/strong><\/span><\/p>\n<ul>\n<li>Acero inoxidable aut\u00e9ntico\uff1aDe calidad alimentaria, antioxidante y anticorrosi\u00f3n.<\/li>\n<li><span class=\"magic-19\" data-spm-anchor-id=\"a2700.details.0.i73.2e2d5eb4EIbWQG\">Borde liso<\/span>: Los bordes est\u00e1n finamente pulidos, sin rebabas afiladas, para evitar ara\u00f1azos accidentales durante el uso.<\/li>\n<li><span class=\"magic-26\" data-spm-anchor-id=\"a2700.details.0.i75.2e2d5eb4EIbWQG\"><span class=\"magic-26\" data-spm-anchor-id=\"a2700.details.0.i75.2e2d5eb4EIbWQG\">Dise\u00f1o del orificio:Drenaje y ventilaci\u00f3n r\u00e1pidos para <span class=\"magic-21\">mantener la sequedad interna. <\/span><\/span><\/span><span class=\"magic-26\" data-spm-anchor-id=\"a2700.details.0.i75.2e2d5eb4EIbWQG\"><span class=\"magic-21\">Previene eficazmente el crecimiento bacteriano<\/span><\/span><\/li>\n<li><span class=\"magic-26\" data-spm-anchor-id=\"a2700.details.0.i79.2e2d5eb4EIbWQG\">Pies de goma antideslizantes: Equipado con pies de goma antideslizantes, Estable y antideslizante, seguro de usar. Protege la Encimera de Ara\u00f1azos<\/span><\/li>\n<li>Dise\u00f1o desmontable: El cubo interior se puede extraer, lo que facilita la limpieza y el mantenimiento.<\/li>\n<li>Amplia aplicaci\u00f3n: Hotel de cinco estrellas, restaurante, resort, tienda de postres, t\u00e9 de la tarde, Home dinning.<\/li>\n<li>F\u00e1cil de limpiar: Limpiar con detergente y secar con un pa\u00f1o.<\/li>\n<\/ul>\n<p>&nbsp;<\/p>\n<div data-spm-anchor-id=\"a2700.wholesale.0.i30.190e3f44509Na1\"><strong>Tama\u00f1o:<\/strong><\/div>\n<ul>\n<li data-spm-anchor-id=\"a2700.wholesale.0.i30.190e3f44509Na1\">Fila simple: 2, 3, 4, 5 Cubos<\/li>\n<li data-spm-anchor-id=\"a2700.wholesale.0.i30.190e3f44509Na1\">Doble fila: 4, 6, 8 cubos<\/li>\n<\/ul>\n<p>&nbsp;<\/p>\n<p><strong>MOQ: 10pcs por orden ( inventario grande, acepta art\u00edculos mezclados)<\/strong> <strong>EX Precio de f\u00e1brica: alrededor de<span style=\"color: #ff0000;\"> 15USD<\/span> ( 1 juego)<\/strong><\/p>","protected":false},"featured_media":15590,"template":"","meta":{"_seopress_robots_primary_cat":"none","_editorskit_title_hidden":false,"_editorskit_reading_time":0,"_editorskit_is_block_options_detached":false,"_editorskit_block_options_position":"{}","_editorskit_typography_data":[],"_editorskit_blocks_typography":""},"product_cat":[50],"product_tag":[163],"class_list":["post-15589","product","type-product","status-publish","has-post-thumbnail","hentry","product_cat-buffet-ware-buffet-display","product_tag-pastry-dessert-display-shelf"],"yoast_head":"<!-- This site is optimized with the Yoast SEO plugin v21.4 - https:\/\/yoast.com\/wordpress\/plugins\/seo\/ -->\n<title>Stainless Steel Utensil Holder<\/title>\n<meta name=\"description\" content=\"We produce Stainless Steel Utensil Holder from standard to custom sizes, from tiny to giant.\u00a0 Standard sizes molds and many exclusive molds.\" \/>\n<meta name=\"robots\" content=\"index, follow, max-snippet:-1, max-image-preview:large, max-video-preview:-1\" \/>\n<link rel=\"canonical\" href=\"https:\/\/jm-xiangsheng.com\/es\/product\/commercial-kitchenware\/buffet-ware-buffet-display\/stainless-steel-utensil-holder\/\" \/>\n<meta property=\"og:locale\" content=\"es_ES\" \/>\n<meta property=\"og:type\" content=\"article\" \/>\n<meta property=\"og:title\" content=\"Stainless Steel Utensil Holder\" \/>\n<meta property=\"og:description\" content=\"We produce Stainless Steel Utensil Holder from standard to custom sizes, from tiny to giant.\u00a0 Standard sizes molds and many exclusive molds.\" \/>\n<meta property=\"og:url\" content=\"https:\/\/jm-xiangsheng.com\/es\/product\/commercial-kitchenware\/buffet-ware-buffet-display\/stainless-steel-utensil-holder\/\" \/>\n<meta property=\"og:site_name\" content=\"Xiangsheng - China factory of stainless steel products\" \/>\n<meta property=\"article:modified_time\" content=\"2025-10-28T08:01:30+00:00\" \/>\n<meta property=\"og:image\" content=\"http:\/\/jm-xiangsheng.com\/wp-content\/uploads\/2025\/10\/\u672a\u6807\u9898-1.jpg\" \/>\n\t<meta property=\"og:image:width\" content=\"1000\" \/>\n\t<meta property=\"og:image:height\" content=\"1000\" \/>\n\t<meta property=\"og:image:type\" content=\"image\/jpeg\" \/>\n<meta name=\"twitter:card\" content=\"summary_large_image\" \/>\n<meta name=\"twitter:label1\" content=\"Tiempo de lectura\" \/>\n\t<meta name=\"twitter:data1\" content=\"2 minutos\" \/>\n<script type=\"application\/ld+json\" class=\"yoast-schema-graph\">{\"@context\":\"https:\/\/schema.org\",\"@graph\":[{\"@type\":\"WebPage\",\"@id\":\"https:\/\/jm-xiangsheng.com\/product\/commercial-kitchenware\/buffet-ware-buffet-display\/stainless-steel-utensil-holder\/\",\"url\":\"https:\/\/jm-xiangsheng.com\/product\/commercial-kitchenware\/buffet-ware-buffet-display\/stainless-steel-utensil-holder\/\",\"name\":\"Stainless Steel Utensil Holder\",\"isPartOf\":{\"@id\":\"https:\/\/jm-xiangsheng.com\/#website\"},\"datePublished\":\"2025-10-28T07:59:17+00:00\",\"dateModified\":\"2025-10-28T08:01:30+00:00\",\"description\":\"We produce Stainless Steel Utensil Holder from standard to custom sizes, from tiny to giant.\u00a0 Standard sizes molds and many exclusive molds.\",\"breadcrumb\":{\"@id\":\"https:\/\/jm-xiangsheng.com\/product\/commercial-kitchenware\/buffet-ware-buffet-display\/stainless-steel-utensil-holder\/#breadcrumb\"},\"inLanguage\":\"es\",\"potentialAction\":[{\"@type\":\"ReadAction\",\"target\":[\"https:\/\/jm-xiangsheng.com\/product\/commercial-kitchenware\/buffet-ware-buffet-display\/stainless-steel-utensil-holder\/\"]}]},{\"@type\":\"BreadcrumbList\",\"@id\":\"https:\/\/jm-xiangsheng.com\/product\/commercial-kitchenware\/buffet-ware-buffet-display\/stainless-steel-utensil-holder\/#breadcrumb\",\"itemListElement\":[{\"@type\":\"ListItem\",\"position\":1,\"name\":\"Home\",\"item\":\"https:\/\/jm-xiangsheng.com\/\"},{\"@type\":\"ListItem\",\"position\":2,\"name\":\"Product\",\"item\":\"https:\/\/jm-xiangsheng.com\/products\/\"},{\"@type\":\"ListItem\",\"position\":3,\"name\":\"Commercial kitchenware\",\"item\":\"https:\/\/jm-xiangsheng.com\/product-category\/commercial-kitchenware\/\"},{\"@type\":\"ListItem\",\"position\":4,\"name\":\"Buffet ware &amp; buffet display\",\"item\":\"https:\/\/jm-xiangsheng.com\/product-category\/commercial-kitchenware\/buffet-ware-buffet-display\/\"},{\"@type\":\"ListItem\",\"position\":5,\"name\":\"Stainless Steel Utensil Holder\"}]},{\"@type\":\"WebSite\",\"@id\":\"https:\/\/jm-xiangsheng.com\/#website\",\"url\":\"https:\/\/jm-xiangsheng.com\/\",\"name\":\"Xiangsheng - China factory of stainless steel products\",\"description\":\"20 years factory\",\"publisher\":{\"@id\":\"https:\/\/jm-xiangsheng.com\/#organization\"},\"potentialAction\":[{\"@type\":\"SearchAction\",\"target\":{\"@type\":\"EntryPoint\",\"urlTemplate\":\"https:\/\/jm-xiangsheng.com\/?s={search_term_string}\"},\"query-input\":\"required name=search_term_string\"}],\"inLanguage\":\"es\"},{\"@type\":\"Organization\",\"@id\":\"https:\/\/jm-xiangsheng.com\/#organization\",\"name\":\"Xiangsheng - China factory of stainless steel products\",\"url\":\"https:\/\/jm-xiangsheng.com\/\",\"logo\":{\"@type\":\"ImageObject\",\"inLanguage\":\"es\",\"@id\":\"https:\/\/jm-xiangsheng.com\/#\/schema\/logo\/image\/\",\"url\":\"https:\/\/jm-xiangsheng.com\/wp-content\/uploads\/2024\/05\/cropped-\u672a\u6807\u9898-3-\u62f7\u8d1d.png\",\"contentUrl\":\"https:\/\/jm-xiangsheng.com\/wp-content\/uploads\/2024\/05\/cropped-\u672a\u6807\u9898-3-\u62f7\u8d1d.png\",\"width\":490,\"height\":140,\"caption\":\"Xiangsheng - China factory of stainless steel products\"},\"image\":{\"@id\":\"https:\/\/jm-xiangsheng.com\/#\/schema\/logo\/image\/\"}}]}<\/script>\n<!-- \/ Yoast SEO plugin. -->","yoast_head_json":{"title":"Stainless Steel Utensil Holder","description":"We produce Stainless Steel Utensil Holder from standard to custom sizes, from tiny to giant.\u00a0 Standard sizes molds and many exclusive molds.","robots":{"index":"index","follow":"follow","max-snippet":"max-snippet:-1","max-image-preview":"max-image-preview:large","max-video-preview":"max-video-preview:-1"},"canonical":"https:\/\/jm-xiangsheng.com\/es\/product\/commercial-kitchenware\/buffet-ware-buffet-display\/stainless-steel-utensil-holder\/","og_locale":"es_ES","og_type":"article","og_title":"Stainless Steel Utensil Holder","og_description":"We produce Stainless Steel Utensil Holder from standard to custom sizes, from tiny to giant.\u00a0 Standard sizes molds and many exclusive molds.","og_url":"https:\/\/jm-xiangsheng.com\/es\/product\/commercial-kitchenware\/buffet-ware-buffet-display\/stainless-steel-utensil-holder\/","og_site_name":"Xiangsheng - China factory of stainless steel products","article_modified_time":"2025-10-28T08:01:30+00:00","og_image":[{"width":1000,"height":1000,"url":"http:\/\/jm-xiangsheng.com\/wp-content\/uploads\/2025\/10\/\u672a\u6807\u9898-1.jpg","type":"image\/jpeg"}],"twitter_card":"summary_large_image","twitter_misc":{"Tiempo de lectura":"2 minutos"},"schema":{"@context":"https:\/\/schema.org","@graph":[{"@type":"WebPage","@id":"https:\/\/jm-xiangsheng.com\/product\/commercial-kitchenware\/buffet-ware-buffet-display\/stainless-steel-utensil-holder\/","url":"https:\/\/jm-xiangsheng.com\/product\/commercial-kitchenware\/buffet-ware-buffet-display\/stainless-steel-utensil-holder\/","name":"Stainless Steel Utensil Holder","isPartOf":{"@id":"https:\/\/jm-xiangsheng.com\/#website"},"datePublished":"2025-10-28T07:59:17+00:00","dateModified":"2025-10-28T08:01:30+00:00","description":"We produce Stainless Steel Utensil Holder from standard to custom sizes, from tiny to giant.\u00a0 Standard sizes molds and many exclusive molds.","breadcrumb":{"@id":"https:\/\/jm-xiangsheng.com\/product\/commercial-kitchenware\/buffet-ware-buffet-display\/stainless-steel-utensil-holder\/#breadcrumb"},"inLanguage":"es","potentialAction":[{"@type":"ReadAction","target":["https:\/\/jm-xiangsheng.com\/product\/commercial-kitchenware\/buffet-ware-buffet-display\/stainless-steel-utensil-holder\/"]}]},{"@type":"BreadcrumbList","@id":"https:\/\/jm-xiangsheng.com\/product\/commercial-kitchenware\/buffet-ware-buffet-display\/stainless-steel-utensil-holder\/#breadcrumb","itemListElement":[{"@type":"ListItem","position":1,"name":"Home","item":"https:\/\/jm-xiangsheng.com\/"},{"@type":"ListItem","position":2,"name":"Product","item":"https:\/\/jm-xiangsheng.com\/products\/"},{"@type":"ListItem","position":3,"name":"Commercial kitchenware","item":"https:\/\/jm-xiangsheng.com\/product-category\/commercial-kitchenware\/"},{"@type":"ListItem","position":4,"name":"Buffet ware &amp; buffet display","item":"https:\/\/jm-xiangsheng.com\/product-category\/commercial-kitchenware\/buffet-ware-buffet-display\/"},{"@type":"ListItem","position":5,"name":"Stainless Steel Utensil Holder"}]},{"@type":"WebSite","@id":"https:\/\/jm-xiangsheng.com\/#website","url":"https:\/\/jm-xiangsheng.com\/","name":"Xiangsheng - China factory of stainless steel products","description":"20 years factory","publisher":{"@id":"https:\/\/jm-xiangsheng.com\/#organization"},"potentialAction":[{"@type":"SearchAction","target":{"@type":"EntryPoint","urlTemplate":"https:\/\/jm-xiangsheng.com\/?s={search_term_string}"},"query-input":"required name=search_term_string"}],"inLanguage":"es"},{"@type":"Organization","@id":"https:\/\/jm-xiangsheng.com\/#organization","name":"Xiangsheng - China factory of stainless steel products","url":"https:\/\/jm-xiangsheng.com\/","logo":{"@type":"ImageObject","inLanguage":"es","@id":"https:\/\/jm-xiangsheng.com\/#\/schema\/logo\/image\/","url":"https:\/\/jm-xiangsheng.com\/wp-content\/uploads\/2024\/05\/cropped-\u672a\u6807\u9898-3-\u62f7\u8d1d.png","contentUrl":"https:\/\/jm-xiangsheng.com\/wp-content\/uploads\/2024\/05\/cropped-\u672a\u6807\u9898-3-\u62f7\u8d1d.png","width":490,"height":140,"caption":"Xiangsheng - China factory of stainless steel products"},"image":{"@id":"https:\/\/jm-xiangsheng.com\/#\/schema\/logo\/image\/"}}]}},"_links":{"self":[{"href":"https:\/\/jm-xiangsheng.com\/es\/wp-json\/wp\/v2\/product\/15589","targetHints":{"allow":["GET"]}}],"collection":[{"href":"https:\/\/jm-xiangsheng.com\/es\/wp-json\/wp\/v2\/product"}],"about":[{"href":"https:\/\/jm-xiangsheng.com\/es\/wp-json\/wp\/v2\/types\/product"}],"wp:featuredmedia":[{"embeddable":true,"href":"https:\/\/jm-xiangsheng.com\/es\/wp-json\/wp\/v2\/media\/15590"}],"wp:attachment":[{"href":"https:\/\/jm-xiangsheng.com\/es\/wp-json\/wp\/v2\/media?parent=15589"}],"wp:term":[{"taxonomy":"product_cat","embeddable":true,"href":"https:\/\/jm-xiangsheng.com\/es\/wp-json\/wp\/v2\/product_cat?post=15589"},{"taxonomy":"product_tag","embeddable":true,"href":"https:\/\/jm-xiangsheng.com\/es\/wp-json\/wp\/v2\/product_tag?post=15589"}],"curies":[{"name":"wp","href":"https:\/\/api.w.org\/{rel}","templated":true}]}}