{"id":15576,"date":"2025-10-25T15:38:59","date_gmt":"2025-10-25T07:38:59","guid":{"rendered":"https:\/\/jm-xiangsheng.com\/?post_type=product&#038;p=15576"},"modified":"2025-10-25T15:39:30","modified_gmt":"2025-10-25T07:39:30","slug":"9l-stainless-steel-soup-station","status":"publish","type":"product","link":"https:\/\/jm-xiangsheng.com\/es\/producto\/commercial-kitchenware\/chafing-dish\/9l-stainless-steel-soup-station\/","title":{"rendered":"Estaci\u00f3n de sopa de acero inoxidable de 9L"},"content":{"rendered":"<p>Estimado Cliente, Producimos Estaci\u00f3n de Sopa de Acero Inoxidable desde tama\u00f1os est\u00e1ndar hasta personalizados, desde peque\u00f1os hasta gigantes. Moldes de tama\u00f1os est\u00e1ndar y muchos moldes exclusivos. \u00a1\u00a1\u00a1Tambi\u00e9n podemos personalizar para usted!!! <span style=\"color: #ed1c24;\"><b>Env\u00edenos un mensaje y hablemos de los detalles.<\/b><\/span> \u00a0<\/p>\r\n<h4><strong>UN JUEGO INCLUYE<\/strong><\/h4>\r\n<ul>\r\n<li data-line-height=\"xs\">1x Marco\u00a0<\/li>\r\n<li data-line-height=\"xs\">1x bandeja para alimentos (0,6 mm de grosor)<\/li>\r\n<li data-line-height=\"xs\">1x bandeja de agua (0,6 mm de grosor)<\/li>\r\n<li>1x soporte de combustible (0,5 mm de grosor)<\/li>\r\n<\/ul>\r\n<h4 data-line-height=\"xs\"><strong>MATERIAL<\/strong><\/h4>\r\n<ul>\r\n<li>\u00a0 Cacerola para comida y cacerola para agua y tapa: SS201<\/li>\r\n<li>\u00a0 Soporte de combustible y bastidor: SS410<\/li>\r\n<\/ul>\r\n<h4 data-line-height=\"xs\"><strong>PESO<\/strong><\/h4>\r\n<ul>\r\n<li data-line-height=\"xs\">\u00a0 N.W.: 5kgs G.W.:6kgs<\/li>\r\n<\/ul>\r\n<p>\u00a0 ---------------------------------------------<\/p>\r\n<h4 style=\"text-align: center;\"><!-- \/wp:post-content -->\r\n\r\n<!-- wp:heading {\"editorskit_typography\":{\"family\":\"\",\"name\":\"\",\"weight\":\"\"}} --><\/h4>\r\n<h2 class=\"wp-block-heading\"><strong><a class=\"ek-link\" href=\"https:\/\/jm-xiangsheng.com\/es\/about-xiangsheng\/\">Xiangsheng\u00a0<em>F\u00e1brica<\/em><\/a><\/strong><\/h2>\r\n<h4 style=\"text-align: center;\"><!-- \/wp:heading -->\r\n\r\n<!-- wp:paragraph --><\/h4>\r\n<p>Xiangsheng es un l\u00edder\u00a0<strong>20 a\u00f1os <em>f\u00e1brica<\/em> producir Estaci\u00f3n de sopa de acero inoxidable <\/strong>con sede en\u00a0<em>China<\/em>. Abajo est\u00e1n nuestros 7 valores principales. Si usted est\u00e1 interesado en la importaci\u00f3n de stock pot, no dude en\u00a0<strong>CONTACTO<\/strong>\u00a0nosotros.<\/p>\r\n<h4 style=\"text-align: center;\"><!-- \/wp:paragraph -->\r\n\r\n<!-- wp:spacer {\"height\":\"41px\",\"editorskit_typography\":{\"family\":\"\",\"name\":\"\",\"weight\":\"\"}} --><\/h4>\r\n<div class=\"wp-block-spacer\" aria-hidden=\"true\">\u00a0<\/div>\r\n<h4 style=\"text-align: center;\"><!-- \/wp:spacer -->\r\n\r\n<!-- wp:paragraph --><\/h4>\r\n<p><strong>1) Ingeniero T\u00e9cnico le asistir\u00e1<\/strong>-tipos de materiales, estilos, dibujos.<\/p>\r\n<h4 style=\"text-align: center;\"><!-- \/wp:paragraph -->\r\n\r\n<!-- wp:paragraph --><\/h4>\r\n<p><strong>2) Muestra disponible, precio al por mayor competitivo<\/strong>- muestra es aceptable, y empezar desde moq 20pcs, ofrecemos de primera mano ex-.<em>f\u00e1brica<\/em>\u00a0precio, \u00a1sin intermediarios!<\/p>\r\n<h4 style=\"text-align: center;\"><!-- \/wp:paragraph -->\r\n\r\n<!-- wp:paragraph --><\/h4>\r\n<p><strong>4) Informe de la prueba<\/strong>-201 o 304 material de acero inoxidable pasado SGS pruebas.<\/p>\r\n<h4 style=\"text-align: center;\"><!-- \/wp:paragraph -->\r\n\r\n<!-- wp:paragraph --><\/h4>\r\n<p><strong>5) Im\u00e1genes del producto<\/strong>-\u00a1Nunca se sienta desamparado con el marketing! Le ofrecer\u00e1 im\u00e1genes si lo necesita.<\/p>\r\n<h4 style=\"text-align: center;\"><!-- \/wp:paragraph -->\r\n\r\n<!-- wp:paragraph --><\/h4>\r\n<p><strong>6) V\u00eddeos de inspecci\u00f3n<\/strong>-Una vez terminada la mercanc\u00eda, podemos llevarle v\u00eddeos para una mejor evaluaci\u00f3n.<\/p>\r\n<h4 style=\"text-align: center;\"><!-- \/wp:paragraph -->\r\n\r\n<!-- wp:paragraph --><\/h4>\r\n<p><strong>7) Gu\u00eda para comprar cubos de leche\u00a0<em>China<\/em><\/strong>-Basado en su solicitud, podemos cotizar EXW, FOB, CIF o DDP precio. \u00a1Nuestros agentes de env\u00edo est\u00e1n ofreciendo la carga favorable, le ayudan a ahorrar m\u00e1s!<\/p>\r\n<h4 style=\"text-align: center;\"><!-- \/wp:paragraph -->\r\n\r\n<!-- wp:paragraph --><\/h4>\r\n<p>------------------------<\/p>\r\n<h4 style=\"text-align: center;\"><!-- \/wp:paragraph --><\/h4>\r\n<h3><span style=\"color: #ed1c24;\"><b>Env\u00edenos un mensaje y hablemos de los detalles.<\/b><\/span><\/h3>\r\n<p>&nbsp;<\/p>\r\n<h2 data-line-height=\"xs\"><a href=\"https:\/\/www.youtube.com\/watch?v=ZoW37UUfQ8o\">V\u00eddeo (Chafing Dish):<\/a><\/h2>","protected":false},"excerpt":{"rendered":"<p data-spm-anchor-id=\"a2700.details.0.i28.1dd71739RiFUOv\"><span style=\"color: #808080;\">Este calientaplatos tiene forma cl\u00e1sica y redonda. Disponible con pies cromados y dorados. Se puede utilizar para servir a los invitados y mantener la comida fresca y deliciosa. Pregunte libremente a nuestro representante de ventas y le ofreceremos nuestro mejor precio.<\/span><\/p>\n<p><span style=\"color: #000080;\"><strong>Caracter\u00edsticas:\u00a0<\/strong><\/span><\/p>\n<ul>\n<li>Estilos ovalados: bonitos y atractivos.<\/li>\n<li>Ampliamente utilizado en diversas aplicaciones: como bodas, banquetes, picnics, cumplea\u00f1os, fiestas, etc.<\/li>\n<li>F\u00e1cil de manejar y utilizar: monte todas las piezas en 3 minutos.<\/li>\n<li>F\u00e1cil de limpiar: Limpiar con detergente y secar con un pa\u00f1o.<\/li>\n<\/ul>\n<p>\u00a0 <strong>MOQ: 10pcs por orden ( aceptar art\u00edculos mezclados)<\/strong> <strong>EX Precio de f\u00e1brica: alrededor de<span style=\"color: #ff0000;\"> 50USD<\/span><\/strong><\/p>","protected":false},"featured_media":15577,"template":"","meta":{"_seopress_robots_primary_cat":"none","_editorskit_title_hidden":false,"_editorskit_reading_time":0,"_editorskit_is_block_options_detached":false,"_editorskit_block_options_position":"{}","_editorskit_typography_data":[],"_editorskit_blocks_typography":""},"product_cat":[48],"product_tag":[122,132],"class_list":["post-15576","product","type-product","status-publish","has-post-thumbnail","hentry","product_cat-chafing-dish","product_tag-roll-top-chafing-dish","product_tag-round-oval-chafing-dish"],"yoast_head":"<!-- This site is optimized with the Yoast SEO plugin v21.4 - https:\/\/yoast.com\/wordpress\/plugins\/seo\/ -->\n<title>9L Stainless Steel Soup Station<\/title>\n<meta name=\"description\" content=\"We produce Stainless Steel Soup Station from standard to custom sizes, from tiny to giant.\u00a0 Standard sizes molds and many exclusive molds.\" \/>\n<meta name=\"robots\" content=\"index, follow, max-snippet:-1, max-image-preview:large, max-video-preview:-1\" \/>\n<link rel=\"canonical\" href=\"https:\/\/jm-xiangsheng.com\/es\/product\/commercial-kitchenware\/chafing-dish\/9l-stainless-steel-soup-station\/\" \/>\n<meta property=\"og:locale\" content=\"es_ES\" \/>\n<meta property=\"og:type\" content=\"article\" \/>\n<meta property=\"og:title\" content=\"9L Stainless Steel Soup Station\" \/>\n<meta property=\"og:description\" content=\"We produce Stainless Steel Soup Station from standard to custom sizes, from tiny to giant.\u00a0 Standard sizes molds and many exclusive molds.\" \/>\n<meta property=\"og:url\" content=\"https:\/\/jm-xiangsheng.com\/es\/product\/commercial-kitchenware\/chafing-dish\/9l-stainless-steel-soup-station\/\" \/>\n<meta property=\"og:site_name\" content=\"Xiangsheng - China factory of stainless steel products\" \/>\n<meta property=\"article:modified_time\" content=\"2025-10-25T07:39:30+00:00\" \/>\n<meta property=\"og:image\" content=\"http:\/\/jm-xiangsheng.com\/wp-content\/uploads\/2025\/10\/Logo9L.jpg\" \/>\n\t<meta property=\"og:image:width\" content=\"1000\" \/>\n\t<meta property=\"og:image:height\" content=\"1000\" \/>\n\t<meta property=\"og:image:type\" content=\"image\/jpeg\" \/>\n<meta name=\"twitter:card\" content=\"summary_large_image\" \/>\n<meta name=\"twitter:label1\" content=\"Tiempo de lectura\" \/>\n\t<meta name=\"twitter:data1\" content=\"1 minuto\" \/>\n<script type=\"application\/ld+json\" class=\"yoast-schema-graph\">{\"@context\":\"https:\/\/schema.org\",\"@graph\":[{\"@type\":\"WebPage\",\"@id\":\"https:\/\/jm-xiangsheng.com\/product\/commercial-kitchenware\/chafing-dish\/9l-stainless-steel-soup-station\/\",\"url\":\"https:\/\/jm-xiangsheng.com\/product\/commercial-kitchenware\/chafing-dish\/9l-stainless-steel-soup-station\/\",\"name\":\"9L Stainless Steel Soup Station\",\"isPartOf\":{\"@id\":\"https:\/\/jm-xiangsheng.com\/#website\"},\"datePublished\":\"2025-10-25T07:38:59+00:00\",\"dateModified\":\"2025-10-25T07:39:30+00:00\",\"description\":\"We produce Stainless Steel Soup Station from standard to custom sizes, from tiny to giant.\u00a0 Standard sizes molds and many exclusive molds.\",\"breadcrumb\":{\"@id\":\"https:\/\/jm-xiangsheng.com\/product\/commercial-kitchenware\/chafing-dish\/9l-stainless-steel-soup-station\/#breadcrumb\"},\"inLanguage\":\"es\",\"potentialAction\":[{\"@type\":\"ReadAction\",\"target\":[\"https:\/\/jm-xiangsheng.com\/product\/commercial-kitchenware\/chafing-dish\/9l-stainless-steel-soup-station\/\"]}]},{\"@type\":\"BreadcrumbList\",\"@id\":\"https:\/\/jm-xiangsheng.com\/product\/commercial-kitchenware\/chafing-dish\/9l-stainless-steel-soup-station\/#breadcrumb\",\"itemListElement\":[{\"@type\":\"ListItem\",\"position\":1,\"name\":\"Home\",\"item\":\"https:\/\/jm-xiangsheng.com\/\"},{\"@type\":\"ListItem\",\"position\":2,\"name\":\"Product\",\"item\":\"https:\/\/jm-xiangsheng.com\/products\/\"},{\"@type\":\"ListItem\",\"position\":3,\"name\":\"Commercial kitchenware\",\"item\":\"https:\/\/jm-xiangsheng.com\/product-category\/commercial-kitchenware\/\"},{\"@type\":\"ListItem\",\"position\":4,\"name\":\"Chafing dish\",\"item\":\"https:\/\/jm-xiangsheng.com\/product-category\/commercial-kitchenware\/chafing-dish\/\"},{\"@type\":\"ListItem\",\"position\":5,\"name\":\"9L Stainless Steel Soup Station\"}]},{\"@type\":\"WebSite\",\"@id\":\"https:\/\/jm-xiangsheng.com\/#website\",\"url\":\"https:\/\/jm-xiangsheng.com\/\",\"name\":\"Xiangsheng - China factory of stainless steel products\",\"description\":\"20 years factory\",\"publisher\":{\"@id\":\"https:\/\/jm-xiangsheng.com\/#organization\"},\"potentialAction\":[{\"@type\":\"SearchAction\",\"target\":{\"@type\":\"EntryPoint\",\"urlTemplate\":\"https:\/\/jm-xiangsheng.com\/?s={search_term_string}\"},\"query-input\":\"required name=search_term_string\"}],\"inLanguage\":\"es\"},{\"@type\":\"Organization\",\"@id\":\"https:\/\/jm-xiangsheng.com\/#organization\",\"name\":\"Xiangsheng - China factory of stainless steel products\",\"url\":\"https:\/\/jm-xiangsheng.com\/\",\"logo\":{\"@type\":\"ImageObject\",\"inLanguage\":\"es\",\"@id\":\"https:\/\/jm-xiangsheng.com\/#\/schema\/logo\/image\/\",\"url\":\"https:\/\/jm-xiangsheng.com\/wp-content\/uploads\/2024\/05\/cropped-\u672a\u6807\u9898-3-\u62f7\u8d1d.png\",\"contentUrl\":\"https:\/\/jm-xiangsheng.com\/wp-content\/uploads\/2024\/05\/cropped-\u672a\u6807\u9898-3-\u62f7\u8d1d.png\",\"width\":490,\"height\":140,\"caption\":\"Xiangsheng - China factory of stainless steel products\"},\"image\":{\"@id\":\"https:\/\/jm-xiangsheng.com\/#\/schema\/logo\/image\/\"}}]}<\/script>\n<!-- \/ Yoast SEO plugin. -->","yoast_head_json":{"title":"9L Stainless Steel Soup Station","description":"We produce Stainless Steel Soup Station from standard to custom sizes, from tiny to giant.\u00a0 Standard sizes molds and many exclusive molds.","robots":{"index":"index","follow":"follow","max-snippet":"max-snippet:-1","max-image-preview":"max-image-preview:large","max-video-preview":"max-video-preview:-1"},"canonical":"https:\/\/jm-xiangsheng.com\/es\/product\/commercial-kitchenware\/chafing-dish\/9l-stainless-steel-soup-station\/","og_locale":"es_ES","og_type":"article","og_title":"9L Stainless Steel Soup Station","og_description":"We produce Stainless Steel Soup Station from standard to custom sizes, from tiny to giant.\u00a0 Standard sizes molds and many exclusive molds.","og_url":"https:\/\/jm-xiangsheng.com\/es\/product\/commercial-kitchenware\/chafing-dish\/9l-stainless-steel-soup-station\/","og_site_name":"Xiangsheng - China factory of stainless steel products","article_modified_time":"2025-10-25T07:39:30+00:00","og_image":[{"width":1000,"height":1000,"url":"http:\/\/jm-xiangsheng.com\/wp-content\/uploads\/2025\/10\/Logo9L.jpg","type":"image\/jpeg"}],"twitter_card":"summary_large_image","twitter_misc":{"Tiempo de lectura":"1 minuto"},"schema":{"@context":"https:\/\/schema.org","@graph":[{"@type":"WebPage","@id":"https:\/\/jm-xiangsheng.com\/product\/commercial-kitchenware\/chafing-dish\/9l-stainless-steel-soup-station\/","url":"https:\/\/jm-xiangsheng.com\/product\/commercial-kitchenware\/chafing-dish\/9l-stainless-steel-soup-station\/","name":"9L Stainless Steel Soup Station","isPartOf":{"@id":"https:\/\/jm-xiangsheng.com\/#website"},"datePublished":"2025-10-25T07:38:59+00:00","dateModified":"2025-10-25T07:39:30+00:00","description":"We produce Stainless Steel Soup Station from standard to custom sizes, from tiny to giant.\u00a0 Standard sizes molds and many exclusive molds.","breadcrumb":{"@id":"https:\/\/jm-xiangsheng.com\/product\/commercial-kitchenware\/chafing-dish\/9l-stainless-steel-soup-station\/#breadcrumb"},"inLanguage":"es","potentialAction":[{"@type":"ReadAction","target":["https:\/\/jm-xiangsheng.com\/product\/commercial-kitchenware\/chafing-dish\/9l-stainless-steel-soup-station\/"]}]},{"@type":"BreadcrumbList","@id":"https:\/\/jm-xiangsheng.com\/product\/commercial-kitchenware\/chafing-dish\/9l-stainless-steel-soup-station\/#breadcrumb","itemListElement":[{"@type":"ListItem","position":1,"name":"Home","item":"https:\/\/jm-xiangsheng.com\/"},{"@type":"ListItem","position":2,"name":"Product","item":"https:\/\/jm-xiangsheng.com\/products\/"},{"@type":"ListItem","position":3,"name":"Commercial kitchenware","item":"https:\/\/jm-xiangsheng.com\/product-category\/commercial-kitchenware\/"},{"@type":"ListItem","position":4,"name":"Chafing dish","item":"https:\/\/jm-xiangsheng.com\/product-category\/commercial-kitchenware\/chafing-dish\/"},{"@type":"ListItem","position":5,"name":"9L Stainless Steel Soup Station"}]},{"@type":"WebSite","@id":"https:\/\/jm-xiangsheng.com\/#website","url":"https:\/\/jm-xiangsheng.com\/","name":"Xiangsheng - China factory of stainless steel products","description":"20 years factory","publisher":{"@id":"https:\/\/jm-xiangsheng.com\/#organization"},"potentialAction":[{"@type":"SearchAction","target":{"@type":"EntryPoint","urlTemplate":"https:\/\/jm-xiangsheng.com\/?s={search_term_string}"},"query-input":"required name=search_term_string"}],"inLanguage":"es"},{"@type":"Organization","@id":"https:\/\/jm-xiangsheng.com\/#organization","name":"Xiangsheng - China factory of stainless steel products","url":"https:\/\/jm-xiangsheng.com\/","logo":{"@type":"ImageObject","inLanguage":"es","@id":"https:\/\/jm-xiangsheng.com\/#\/schema\/logo\/image\/","url":"https:\/\/jm-xiangsheng.com\/wp-content\/uploads\/2024\/05\/cropped-\u672a\u6807\u9898-3-\u62f7\u8d1d.png","contentUrl":"https:\/\/jm-xiangsheng.com\/wp-content\/uploads\/2024\/05\/cropped-\u672a\u6807\u9898-3-\u62f7\u8d1d.png","width":490,"height":140,"caption":"Xiangsheng - China factory of stainless steel products"},"image":{"@id":"https:\/\/jm-xiangsheng.com\/#\/schema\/logo\/image\/"}}]}},"_links":{"self":[{"href":"https:\/\/jm-xiangsheng.com\/es\/wp-json\/wp\/v2\/product\/15576","targetHints":{"allow":["GET"]}}],"collection":[{"href":"https:\/\/jm-xiangsheng.com\/es\/wp-json\/wp\/v2\/product"}],"about":[{"href":"https:\/\/jm-xiangsheng.com\/es\/wp-json\/wp\/v2\/types\/product"}],"wp:featuredmedia":[{"embeddable":true,"href":"https:\/\/jm-xiangsheng.com\/es\/wp-json\/wp\/v2\/media\/15577"}],"wp:attachment":[{"href":"https:\/\/jm-xiangsheng.com\/es\/wp-json\/wp\/v2\/media?parent=15576"}],"wp:term":[{"taxonomy":"product_cat","embeddable":true,"href":"https:\/\/jm-xiangsheng.com\/es\/wp-json\/wp\/v2\/product_cat?post=15576"},{"taxonomy":"product_tag","embeddable":true,"href":"https:\/\/jm-xiangsheng.com\/es\/wp-json\/wp\/v2\/product_tag?post=15576"}],"curies":[{"name":"wp","href":"https:\/\/api.w.org\/{rel}","templated":true}]}}