{"id":14234,"date":"2024-05-29T15:08:58","date_gmt":"2024-05-29T07:08:58","guid":{"rendered":"https:\/\/jm-xiangsheng.com\/?post_type=product&#038;p=14234"},"modified":"2025-03-31T14:53:44","modified_gmt":"2025-03-31T06:53:44","slug":"stainless-steel-gelatin-meat-tank-with-feet","status":"publish","type":"product","link":"https:\/\/jm-xiangsheng.com\/es\/producto\/industrial-containers\/stainless-steel-gelatin-meat-tank-with-feet\/","title":{"rendered":"Tanque de gelatina de acero inoxidable con patas"},"content":{"rendered":"Estimado Cliente, El Tanque de Gelatina de Acero Inoxidable es capaz de aplicarse en diferentes industrias, tales como la farmac\u00e9utica sanitaria, qu\u00edmica, de alimentos y bebidas, y cosm\u00e9tica. Puede usded como tanques de acero inoxidable de grado industrial, tanque de acero inoxidable sanitory, m\u00e1quina emparejado contenedor, olla de caldo de acero inoxidable de grado alimenticio, tambores, etc..\r\n\r\n \r\n\r\n---------------------------------------------\r\n\r\n<!-- \/wp:post-content --><!-- wp:heading {\"editorskit_typography\":{\"family\":\"\",\"name\":\"\",\"weight\":\"\"}} -->\r\n<h2 class=\"wp-block-heading\"><strong><a class=\"ek-link\" href=\"https:\/\/jm-xiangsheng.com\/es\/about-xiangsheng\/\">Xiangsheng\u00a0<em>F\u00e1brica<\/em><\/a><\/strong><\/h2>\r\n<!-- \/wp:heading --><!-- wp:paragraph -->\r\n\r\nXiangsheng es una f\u00e1brica establecida en <strong>2005<\/strong> con amplia experiencia, <strong>fabricaci\u00f3n de productos de acero inoxidable<\/strong>\u00a0con sede en\u00a0<em>China<\/em>. Abajo est\u00e1n nuestros 7 valores principales. Si usted est\u00e1 interesado en la importaci\u00f3n de stock pot, no dude en\u00a0<strong>CONTACTO<\/strong>\u00a0nosotros.\r\n\r\n<!-- \/wp:paragraph --><!-- wp:spacer {\"height\":\"41px\",\"editorskit_typography\":{\"family\":\"\",\"name\":\"\",\"weight\":\"\"}} -->\r\n<div class=\"wp-block-spacer\" aria-hidden=\"true\"><\/div>\r\n<!-- \/wp:spacer --><!-- wp:paragraph -->\r\n\r\n<strong>1) Ingeniero T\u00e9cnico le asistir\u00e1<\/strong>-tipos de materiales, estilos, dibujos.\r\n\r\n<!-- \/wp:paragraph --><!-- wp:paragraph -->\r\n\r\n<strong>2) Muestra disponible, precio al por mayor competitivo<\/strong>- muestra es aceptable, y empezar desde moq 20pcs, ofrecemos de primera mano ex-.<em>f\u00e1brica<\/em>\u00a0precio, \u00a1sin intermediarios!\r\n\r\n<!-- \/wp:paragraph --><!-- wp:paragraph -->\r\n\r\n<strong>3) Informe de la prueba<\/strong>-201 o 304 material de acero inoxidable pasado SGS pruebas.\r\n\r\n<!-- \/wp:paragraph --><!-- wp:paragraph -->\r\n\r\n<strong>4) Im\u00e1genes del producto<\/strong>-\u00a1Nunca se sienta desamparado con el marketing! Le ofreceremos fotos si las necesita. Cuando estamos produciendo el producto, tambi\u00e9n tomaremos fotos para usted, para que pueda conocer el progreso. Por lo tanto, si usted encuentra cualquier problema, usted puede notarnos tan pronto antes de hacer gran error.\r\n\r\n<!-- \/wp:paragraph --><!-- wp:paragraph -->\r\n\r\n<strong>5) V\u00eddeos de inspecci\u00f3n<\/strong>-Una vez terminada la mercanc\u00eda, podemos llevarle v\u00eddeos para una mejor evaluaci\u00f3n. Por lo tanto, usted puede decirnos qu\u00e9 partes desea mejorar antes del env\u00edo.\r\n\r\n<!-- \/wp:paragraph --><!-- wp:paragraph -->\r\n\r\n<strong>6) Gu\u00eda para comprar cubos de leche <em>China<\/em><\/strong>-Basado en su solicitud, podemos cotizar EXW, FOB, CIF o DDP precio. Nuestros agentes navieros ofrecen fletes favorables, \u00a1le ayudar\u00e1n a ahorrar m\u00e1s! Si usted tiene sus agentes de env\u00edo, tambi\u00e9n puede nombrarlos.\r\n\r\n<!-- \/wp:paragraph --><!-- wp:paragraph -->\r\n\r\n------------------------\r\n\r\n<!-- \/wp:paragraph -->\r\n<h3><span style=\"color: #ed1c24;\"><b>Env\u00edenos un mensaje y hablemos de los detalles.<\/b><\/span><\/h3>\r\n&nbsp;\r\n<h3><a href=\"https:\/\/www.youtube.com\/watch?v=XPmbYsM6GiQ\">V\u00eddeo del producto:<\/a><\/h3>","protected":false},"excerpt":{"rendered":"<p><em class=\"Highlight htc000d321-c0bd-4561-9d47-dae4a2a71609\">F\u00e1brica<\/em><em class=\"Highlight htc000d321-c0bd-4561-9d47-dae4a2a71609\">\u00a0OEM\u00a0<\/em><em class=\"Highlight htc000d321-c0bd-4561-9d47-dae4a2a71609\">ODM<\/em> Tanque de preparaci\u00f3n, almacenamiento y cuerda de acero inoxidable de tama\u00f1o completo con patas. Se puede personalizar de acuerdo a su solicitud y dise\u00f1o.<\/p>\n<p><strong>Caracter\u00edsticas:<\/strong><\/p>\n<ul>\n<li>201\/304\/316 Acero inoxidable\uff1aMaterial aut\u00e9ntico y apto para uso alimentario antioxidante y anticorrosi\u00f3n.<\/li>\n<li>Bien hecho: Estructura robusta, hermoso pulido y soldadura.<\/li>\n<li>Sanitario y de larga duraci\u00f3n: seguro al contacto con los alimentos. Sin olor y sin toxicidad. F\u00e1cil de mantener en condiciones higi\u00e9nicas.<\/li>\n<\/ul>","protected":false},"featured_media":12196,"template":"","meta":{"_seopress_robots_primary_cat":"none","_editorskit_title_hidden":false,"_editorskit_reading_time":0,"_editorskit_is_block_options_detached":false,"_editorskit_block_options_position":"{}","_editorskit_typography_data":[],"_editorskit_blocks_typography":""},"product_cat":[178],"product_tag":[],"class_list":["post-14234","product","type-product","status-publish","has-post-thumbnail","hentry","product_cat-industrial-containers"],"yoast_head":"<!-- This site is optimized with the Yoast SEO plugin v21.4 - https:\/\/yoast.com\/wordpress\/plugins\/seo\/ -->\n<title>Stainless Steel Gelatin Meat Tank With Feet<\/title>\n<meta name=\"description\" content=\"We are a 18-years China factory\u00a0produce Stainless Steel Gelatin Meat Tank With Feet from standard to\u00a0custom\u00a0sizes, from tiny to giant.\u00a0\" \/>\n<meta name=\"robots\" content=\"index, follow, max-snippet:-1, max-image-preview:large, max-video-preview:-1\" \/>\n<link rel=\"canonical\" href=\"https:\/\/jm-xiangsheng.com\/es\/product\/industrial-containers\/stainless-steel-gelatin-meat-tank-with-feet\/\" \/>\n<meta property=\"og:locale\" content=\"es_ES\" \/>\n<meta property=\"og:type\" content=\"article\" \/>\n<meta property=\"og:title\" content=\"Stainless Steel Gelatin Meat Tank With Feet\" \/>\n<meta property=\"og:description\" content=\"We are a 18-years China factory\u00a0produce Stainless Steel Gelatin Meat Tank With Feet from standard to\u00a0custom\u00a0sizes, from tiny to giant.\u00a0\" \/>\n<meta property=\"og:url\" content=\"https:\/\/jm-xiangsheng.com\/es\/product\/industrial-containers\/stainless-steel-gelatin-meat-tank-with-feet\/\" \/>\n<meta property=\"og:site_name\" content=\"Xiangsheng - China factory of stainless steel products\" \/>\n<meta property=\"article:modified_time\" content=\"2025-03-31T06:53:44+00:00\" \/>\n<meta property=\"og:image\" content=\"http:\/\/jm-xiangsheng.com\/wp-content\/uploads\/2023\/10\/2-1.jpg\" \/>\n\t<meta property=\"og:image:width\" content=\"800\" \/>\n\t<meta property=\"og:image:height\" content=\"800\" \/>\n\t<meta property=\"og:image:type\" content=\"image\/jpeg\" \/>\n<meta name=\"twitter:card\" content=\"summary_large_image\" \/>\n<meta name=\"twitter:label1\" content=\"Tiempo de lectura\" \/>\n\t<meta name=\"twitter:data1\" content=\"2 minutos\" \/>\n<script type=\"application\/ld+json\" class=\"yoast-schema-graph\">{\"@context\":\"https:\/\/schema.org\",\"@graph\":[{\"@type\":\"WebPage\",\"@id\":\"https:\/\/jm-xiangsheng.com\/product\/industrial-containers\/stainless-steel-gelatin-meat-tank-with-feet\/\",\"url\":\"https:\/\/jm-xiangsheng.com\/product\/industrial-containers\/stainless-steel-gelatin-meat-tank-with-feet\/\",\"name\":\"Stainless Steel Gelatin Meat Tank With Feet\",\"isPartOf\":{\"@id\":\"https:\/\/jm-xiangsheng.com\/#website\"},\"datePublished\":\"2024-05-29T07:08:58+00:00\",\"dateModified\":\"2025-03-31T06:53:44+00:00\",\"description\":\"We are a 18-years China factory\u00a0produce Stainless Steel Gelatin Meat Tank With Feet from standard to\u00a0custom\u00a0sizes, from tiny to giant.\u00a0\",\"breadcrumb\":{\"@id\":\"https:\/\/jm-xiangsheng.com\/product\/industrial-containers\/stainless-steel-gelatin-meat-tank-with-feet\/#breadcrumb\"},\"inLanguage\":\"es\",\"potentialAction\":[{\"@type\":\"ReadAction\",\"target\":[\"https:\/\/jm-xiangsheng.com\/product\/industrial-containers\/stainless-steel-gelatin-meat-tank-with-feet\/\"]}]},{\"@type\":\"BreadcrumbList\",\"@id\":\"https:\/\/jm-xiangsheng.com\/product\/industrial-containers\/stainless-steel-gelatin-meat-tank-with-feet\/#breadcrumb\",\"itemListElement\":[{\"@type\":\"ListItem\",\"position\":1,\"name\":\"Home\",\"item\":\"https:\/\/jm-xiangsheng.com\/\"},{\"@type\":\"ListItem\",\"position\":2,\"name\":\"Product\",\"item\":\"https:\/\/jm-xiangsheng.com\/products\/\"},{\"@type\":\"ListItem\",\"position\":3,\"name\":\"Industrial containers\",\"item\":\"https:\/\/jm-xiangsheng.com\/product-category\/industrial-containers\/\"},{\"@type\":\"ListItem\",\"position\":4,\"name\":\"Stainless Steel Gelatin Meat Tank With Feet\"}]},{\"@type\":\"WebSite\",\"@id\":\"https:\/\/jm-xiangsheng.com\/#website\",\"url\":\"https:\/\/jm-xiangsheng.com\/\",\"name\":\"Xiangsheng - China factory of stainless steel products\",\"description\":\"20 years factory\",\"publisher\":{\"@id\":\"https:\/\/jm-xiangsheng.com\/#organization\"},\"potentialAction\":[{\"@type\":\"SearchAction\",\"target\":{\"@type\":\"EntryPoint\",\"urlTemplate\":\"https:\/\/jm-xiangsheng.com\/?s={search_term_string}\"},\"query-input\":\"required name=search_term_string\"}],\"inLanguage\":\"es\"},{\"@type\":\"Organization\",\"@id\":\"https:\/\/jm-xiangsheng.com\/#organization\",\"name\":\"Xiangsheng - China factory of stainless steel products\",\"url\":\"https:\/\/jm-xiangsheng.com\/\",\"logo\":{\"@type\":\"ImageObject\",\"inLanguage\":\"es\",\"@id\":\"https:\/\/jm-xiangsheng.com\/#\/schema\/logo\/image\/\",\"url\":\"https:\/\/jm-xiangsheng.com\/wp-content\/uploads\/2024\/05\/cropped-\u672a\u6807\u9898-3-\u62f7\u8d1d.png\",\"contentUrl\":\"https:\/\/jm-xiangsheng.com\/wp-content\/uploads\/2024\/05\/cropped-\u672a\u6807\u9898-3-\u62f7\u8d1d.png\",\"width\":490,\"height\":140,\"caption\":\"Xiangsheng - China factory of stainless steel products\"},\"image\":{\"@id\":\"https:\/\/jm-xiangsheng.com\/#\/schema\/logo\/image\/\"}}]}<\/script>\n<!-- \/ Yoast SEO plugin. -->","yoast_head_json":{"title":"Stainless Steel Gelatin Meat Tank With Feet","description":"We are a 18-years China factory\u00a0produce Stainless Steel Gelatin Meat Tank With Feet from standard to\u00a0custom\u00a0sizes, from tiny to giant.\u00a0","robots":{"index":"index","follow":"follow","max-snippet":"max-snippet:-1","max-image-preview":"max-image-preview:large","max-video-preview":"max-video-preview:-1"},"canonical":"https:\/\/jm-xiangsheng.com\/es\/product\/industrial-containers\/stainless-steel-gelatin-meat-tank-with-feet\/","og_locale":"es_ES","og_type":"article","og_title":"Stainless Steel Gelatin Meat Tank With Feet","og_description":"We are a 18-years China factory\u00a0produce Stainless Steel Gelatin Meat Tank With Feet from standard to\u00a0custom\u00a0sizes, from tiny to giant.\u00a0","og_url":"https:\/\/jm-xiangsheng.com\/es\/product\/industrial-containers\/stainless-steel-gelatin-meat-tank-with-feet\/","og_site_name":"Xiangsheng - China factory of stainless steel products","article_modified_time":"2025-03-31T06:53:44+00:00","og_image":[{"width":800,"height":800,"url":"http:\/\/jm-xiangsheng.com\/wp-content\/uploads\/2023\/10\/2-1.jpg","type":"image\/jpeg"}],"twitter_card":"summary_large_image","twitter_misc":{"Tiempo de lectura":"2 minutos"},"schema":{"@context":"https:\/\/schema.org","@graph":[{"@type":"WebPage","@id":"https:\/\/jm-xiangsheng.com\/product\/industrial-containers\/stainless-steel-gelatin-meat-tank-with-feet\/","url":"https:\/\/jm-xiangsheng.com\/product\/industrial-containers\/stainless-steel-gelatin-meat-tank-with-feet\/","name":"Stainless Steel Gelatin Meat Tank With Feet","isPartOf":{"@id":"https:\/\/jm-xiangsheng.com\/#website"},"datePublished":"2024-05-29T07:08:58+00:00","dateModified":"2025-03-31T06:53:44+00:00","description":"We are a 18-years China factory\u00a0produce Stainless Steel Gelatin Meat Tank With Feet from standard to\u00a0custom\u00a0sizes, from tiny to giant.\u00a0","breadcrumb":{"@id":"https:\/\/jm-xiangsheng.com\/product\/industrial-containers\/stainless-steel-gelatin-meat-tank-with-feet\/#breadcrumb"},"inLanguage":"es","potentialAction":[{"@type":"ReadAction","target":["https:\/\/jm-xiangsheng.com\/product\/industrial-containers\/stainless-steel-gelatin-meat-tank-with-feet\/"]}]},{"@type":"BreadcrumbList","@id":"https:\/\/jm-xiangsheng.com\/product\/industrial-containers\/stainless-steel-gelatin-meat-tank-with-feet\/#breadcrumb","itemListElement":[{"@type":"ListItem","position":1,"name":"Home","item":"https:\/\/jm-xiangsheng.com\/"},{"@type":"ListItem","position":2,"name":"Product","item":"https:\/\/jm-xiangsheng.com\/products\/"},{"@type":"ListItem","position":3,"name":"Industrial containers","item":"https:\/\/jm-xiangsheng.com\/product-category\/industrial-containers\/"},{"@type":"ListItem","position":4,"name":"Stainless Steel Gelatin Meat Tank With Feet"}]},{"@type":"WebSite","@id":"https:\/\/jm-xiangsheng.com\/#website","url":"https:\/\/jm-xiangsheng.com\/","name":"Xiangsheng - China factory of stainless steel products","description":"20 years factory","publisher":{"@id":"https:\/\/jm-xiangsheng.com\/#organization"},"potentialAction":[{"@type":"SearchAction","target":{"@type":"EntryPoint","urlTemplate":"https:\/\/jm-xiangsheng.com\/?s={search_term_string}"},"query-input":"required name=search_term_string"}],"inLanguage":"es"},{"@type":"Organization","@id":"https:\/\/jm-xiangsheng.com\/#organization","name":"Xiangsheng - China factory of stainless steel products","url":"https:\/\/jm-xiangsheng.com\/","logo":{"@type":"ImageObject","inLanguage":"es","@id":"https:\/\/jm-xiangsheng.com\/#\/schema\/logo\/image\/","url":"https:\/\/jm-xiangsheng.com\/wp-content\/uploads\/2024\/05\/cropped-\u672a\u6807\u9898-3-\u62f7\u8d1d.png","contentUrl":"https:\/\/jm-xiangsheng.com\/wp-content\/uploads\/2024\/05\/cropped-\u672a\u6807\u9898-3-\u62f7\u8d1d.png","width":490,"height":140,"caption":"Xiangsheng - China factory of stainless steel products"},"image":{"@id":"https:\/\/jm-xiangsheng.com\/#\/schema\/logo\/image\/"}}]}},"_links":{"self":[{"href":"https:\/\/jm-xiangsheng.com\/es\/wp-json\/wp\/v2\/product\/14234","targetHints":{"allow":["GET"]}}],"collection":[{"href":"https:\/\/jm-xiangsheng.com\/es\/wp-json\/wp\/v2\/product"}],"about":[{"href":"https:\/\/jm-xiangsheng.com\/es\/wp-json\/wp\/v2\/types\/product"}],"wp:featuredmedia":[{"embeddable":true,"href":"https:\/\/jm-xiangsheng.com\/es\/wp-json\/wp\/v2\/media\/12196"}],"wp:attachment":[{"href":"https:\/\/jm-xiangsheng.com\/es\/wp-json\/wp\/v2\/media?parent=14234"}],"wp:term":[{"taxonomy":"product_cat","embeddable":true,"href":"https:\/\/jm-xiangsheng.com\/es\/wp-json\/wp\/v2\/product_cat?post=14234"},{"taxonomy":"product_tag","embeddable":true,"href":"https:\/\/jm-xiangsheng.com\/es\/wp-json\/wp\/v2\/product_tag?post=14234"}],"curies":[{"name":"wp","href":"https:\/\/api.w.org\/{rel}","templated":true}]}}