{"id":14223,"date":"2024-05-21T17:14:10","date_gmt":"2024-05-21T09:14:10","guid":{"rendered":"https:\/\/jm-xiangsheng.com\/?post_type=product&#038;p=14223"},"modified":"2025-03-27T09:43:50","modified_gmt":"2025-03-27T01:43:50","slug":"economic-9l-chafing-dish-633-2","status":"publish","type":"product","link":"https:\/\/jm-xiangsheng.com\/es\/producto\/commercial-kitchenware\/chafing-dish\/economic-9l-chafing-dish-633-2\/","title":{"rendered":"Set econ\u00f3mico de 9L 633#"},"content":{"rendered":"Estimado Cliente, Producimos Chafing Dish Econ\u00f3micos desde tama\u00f1os est\u00e1ndar hasta personalizados, desde peque\u00f1os hasta gigantes.  Moldes de tama\u00f1os est\u00e1ndar y muchos moldes exclusivos. \u00a1Tambi\u00e9n podemos personalizar para usted!\r\n\r\n<span style=\"color: #ed1c24;\"><b>Env\u00edenos un mensaje y hablemos de los detalles.<\/b><\/span>\r\n\r\n&nbsp;\r\n<h4><strong>MATERIAL\u00a0 \u00a0 \u00a0 \u00a0 \u00a0 \u00a0 \u00a0 \u00a0 \u00a0 \u00a0 \u00a0 \u00a0 \u00a0 \u00a0 \u00a0 \u00a0 \u00a0 \u00a0 \u00a0 \u00a0 \u00a0 \u00a0 \u00a0 \u00a0 \u00a0 \u00a0 \u00a0 \u00a0 \u00a0 \u00a0 \u00a0 \u00a0 \u00a0 \u00a0 \u00a0 \u00a0 \u00a0 \u00a0 \u00a0 \u00a0 \u00a0 \u00a0 \u00a0 \u00a0 \u00a0 \u00a0 \u00a0 \u00a0 \u00a0 \u00a0 \u00a0 \u00a0 \u00a0 \u00a0 \u00a0 \u00a0<\/strong><\/h4>\r\n<ul>\r\n \t<li><span data-spm-anchor-id=\"a2700.details.0.i16.2c044377jzMmSj\">Cacerola para comida y cacerola para agua y tapa: SS201<\/span><\/li>\r\n \t<li>Soporte de combustible y bastidor: SS410<\/li>\r\n \t<li>Asa: Pl\u00e1stico ABS o acero inoxidable 201<\/li>\r\n<\/ul>\r\n<h4><strong>ESPESOR<\/strong><\/h4>\r\n<ul>\r\n \t<li>Bandeja de comida &amp; bandeja de agua&amp; soporte de combustible &amp; tapa: 0,5 mm<\/li>\r\n \t<li>Marco: 1,5 mm<\/li>\r\n<\/ul>\r\n<h4><strong>PESO<\/strong><\/h4>\r\n<ul>\r\n \t<li>N.W.: 4kgs G.W.:4.5kgs<\/li>\r\n<\/ul>\r\n&nbsp;\r\n\r\n---------------------------------------------\r\n<h4 style=\"text-align: center;\"><!-- \/wp:post-content --><!-- wp:heading {\"editorskit_typography\":{\"family\":\"\",\"name\":\"\",\"weight\":\"\"}} --><\/h4>\r\n<h2 class=\"wp-block-heading\"><strong><a class=\"ek-link\" href=\"https:\/\/jm-xiangsheng.com\/es\/about-xiangsheng\/\">Xiangsheng\u00a0<em>F\u00e1brica<\/em><\/a><\/strong><\/h2>\r\n<h4 style=\"text-align: center;\"><!-- \/wp:heading --><!-- wp:paragraph --><\/h4>\r\nXiangsheng es un l\u00edder\u00a0<strong>20 a\u00f1os <em>f\u00e1brica<\/em> producir Chafing dish de acero inoxidable <\/strong>con sede en\u00a0<em>China<\/em>. Abajo est\u00e1n nuestros 7 valores principales. Si usted est\u00e1 interesado en la importaci\u00f3n de stock pot, no dude en\u00a0<strong>CONTACTO<\/strong>\u00a0nosotros.\r\n<h4 style=\"text-align: center;\"><!-- \/wp:paragraph --><!-- wp:spacer {\"height\":\"41px\",\"editorskit_typography\":{\"family\":\"\",\"name\":\"\",\"weight\":\"\"}} --><\/h4>\r\n<div class=\"wp-block-spacer\" aria-hidden=\"true\"><\/div>\r\n<h4 style=\"text-align: center;\"><!-- \/wp:spacer --><!-- wp:paragraph --><\/h4>\r\n<strong>1) Ingeniero T\u00e9cnico le asistir\u00e1<\/strong>-tipos de materiales, estilos, dibujos.\r\n<h4 style=\"text-align: center;\"><!-- \/wp:paragraph --><!-- wp:paragraph --><\/h4>\r\n<strong>2) Muestra disponible, precio al por mayor competitivo<\/strong>- muestra es aceptable, y empezar desde moq 20pcs, ofrecemos de primera mano ex-.<em>f\u00e1brica<\/em>\u00a0precio, \u00a1sin intermediarios!\r\n<h4 style=\"text-align: center;\"><!-- \/wp:paragraph --><!-- wp:paragraph --><\/h4>\r\n<strong>4) Informe de la prueba<\/strong>-201 o 304 material de acero inoxidable pasado SGS pruebas.\r\n<h4 style=\"text-align: center;\"><!-- \/wp:paragraph --><!-- wp:paragraph --><\/h4>\r\n<strong>5) Im\u00e1genes del producto<\/strong>-\u00a1Nunca se sienta desamparado con el marketing! Le ofrecer\u00e1 im\u00e1genes si lo necesita.\r\n<h4 style=\"text-align: center;\"><!-- \/wp:paragraph --><!-- wp:paragraph --><\/h4>\r\n<strong>6) V\u00eddeos de inspecci\u00f3n<\/strong>-Una vez terminada la mercanc\u00eda, podemos llevarle v\u00eddeos para una mejor evaluaci\u00f3n.\r\n<h4 style=\"text-align: center;\"><!-- \/wp:paragraph --><!-- wp:paragraph --><\/h4>\r\n<strong>7) Gu\u00eda para comprar cubos de leche\u00a0<em>China<\/em><\/strong>-Basado en su solicitud, podemos cotizar EXW, FOB, CIF o DDP precio. \u00a1Nuestros agentes de env\u00edo est\u00e1n ofreciendo la carga favorable, le ayudan a ahorrar m\u00e1s!\r\n<h4 style=\"text-align: center;\"><!-- \/wp:paragraph --><!-- wp:paragraph --><\/h4>\r\n------------------------\r\n<h4 style=\"text-align: center;\"><!-- \/wp:paragraph --><\/h4>\r\n<h3><span style=\"color: #ed1c24;\"><b>Env\u00edenos un mensaje y hablemos de los detalles.<\/b><\/span><\/h3>\r\n&nbsp;\r\n<h2 data-line-height=\"xs\"><a href=\"https:\/\/youtu.be\/LsMe384YCuQ\">V\u00eddeo (Chafing Dish):<\/a><\/h2>","protected":false},"excerpt":{"rendered":"<p data-spm-anchor-id=\"a2700.details.0.i28.1dd71739RiFUOv\"><span style=\"color: #808080;\">Este calientaplatos es cl\u00e1sico y econ\u00f3mico. Se puede utilizar para servir a los invitados y mantener la comida fresca y deliciosa. Pregunte libremente a nuestro representante de ventas y le ofreceremos nuestro mejor precio.<\/span><\/p>\n<p><span style=\"color: #333399;\"><strong>Caracter\u00edsticas:<\/strong><\/span><\/p>\n<ul>\n<li><span style=\"color: #333333;\">Estilos econ\u00f3micos: De bajo coste y adecuados para presupuestos limitados.<\/span><\/li>\n<li><span style=\"color: #333333;\">Ampliamente utilizado en diversas aplicaciones: como bodas, banquetes, picnics, cumplea\u00f1os, fiestas, etc.<\/span><\/li>\n<li><span style=\"color: #333333;\">F\u00e1cil de manejar y utilizar: monte todas las piezas en 10 minutos.<\/span><\/li>\n<li><span style=\"color: #333333;\">F\u00e1cil de limpiar: Limpiar con detergente y secar con un pa\u00f1o.<\/span><\/li>\n<\/ul>\n<p>&nbsp;<\/p>\n<p><strong><span style=\"color: #333333;\">\u00a0MOQ: 10pcs por orden ( aceptar art\u00edculos mezclados)<\/span><\/strong><\/p>\n<p><strong><span style=\"color: #333333;\">\u00a0EX Precio de f\u00e1brica:<\/span> en torno a <span style=\"color: #ff0000;\">19USD<\/span><\/strong><\/p>","protected":false},"featured_media":2304,"template":"","meta":{"_seopress_robots_primary_cat":"none","_editorskit_title_hidden":false,"_editorskit_reading_time":0,"_editorskit_is_block_options_detached":false,"_editorskit_block_options_position":"{}","_editorskit_typography_data":[],"_editorskit_blocks_typography":""},"product_cat":[48],"product_tag":[119],"class_list":["post-14223","product","type-product","status-publish","has-post-thumbnail","hentry","product_cat-chafing-dish","product_tag-economy-chafing-dish"],"yoast_head":"<!-- This site is optimized with the Yoast SEO plugin v21.4 - https:\/\/yoast.com\/wordpress\/plugins\/seo\/ -->\n<title>Economic Chafing Dish<\/title>\n<meta name=\"description\" content=\"We produce Economic Chafing Dish from standard to custom sizes, from tiny to giant.\u00a0 Standard sizes molds and many exclusive molds.\" \/>\n<meta name=\"robots\" content=\"index, follow, max-snippet:-1, max-image-preview:large, max-video-preview:-1\" \/>\n<link rel=\"canonical\" href=\"https:\/\/jm-xiangsheng.com\/es\/product\/commercial-kitchenware\/chafing-dish\/economic-9l-chafing-dish-633-2\/\" \/>\n<meta property=\"og:locale\" content=\"es_ES\" \/>\n<meta property=\"og:type\" content=\"article\" \/>\n<meta property=\"og:title\" content=\"Economic Chafing Dish\" \/>\n<meta property=\"og:description\" content=\"We produce Economic Chafing Dish from standard to custom sizes, from tiny to giant.\u00a0 Standard sizes molds and many exclusive molds.\" \/>\n<meta property=\"og:url\" content=\"https:\/\/jm-xiangsheng.com\/es\/product\/commercial-kitchenware\/chafing-dish\/economic-9l-chafing-dish-633-2\/\" \/>\n<meta property=\"og:site_name\" content=\"Xiangsheng - China factory of stainless steel products\" \/>\n<meta property=\"article:modified_time\" content=\"2025-03-27T01:43:50+00:00\" \/>\n<meta property=\"og:image\" content=\"http:\/\/jm-xiangsheng.com\/wp-content\/uploads\/2022\/06\/5-45.jpg\" \/>\n\t<meta property=\"og:image:width\" content=\"750\" \/>\n\t<meta property=\"og:image:height\" content=\"750\" \/>\n\t<meta property=\"og:image:type\" content=\"image\/jpeg\" \/>\n<meta name=\"twitter:card\" content=\"summary_large_image\" \/>\n<meta name=\"twitter:label1\" content=\"Tiempo de lectura\" \/>\n\t<meta name=\"twitter:data1\" content=\"1 minuto\" \/>\n<script type=\"application\/ld+json\" class=\"yoast-schema-graph\">{\"@context\":\"https:\/\/schema.org\",\"@graph\":[{\"@type\":\"WebPage\",\"@id\":\"https:\/\/jm-xiangsheng.com\/product\/commercial-kitchenware\/chafing-dish\/economic-9l-chafing-dish-633-2\/\",\"url\":\"https:\/\/jm-xiangsheng.com\/product\/commercial-kitchenware\/chafing-dish\/economic-9l-chafing-dish-633-2\/\",\"name\":\"Economic Chafing Dish\",\"isPartOf\":{\"@id\":\"https:\/\/jm-xiangsheng.com\/#website\"},\"datePublished\":\"2024-05-21T09:14:10+00:00\",\"dateModified\":\"2025-03-27T01:43:50+00:00\",\"description\":\"We produce Economic Chafing Dish from standard to custom sizes, from tiny to giant.\u00a0 Standard sizes molds and many exclusive molds.\",\"breadcrumb\":{\"@id\":\"https:\/\/jm-xiangsheng.com\/product\/commercial-kitchenware\/chafing-dish\/economic-9l-chafing-dish-633-2\/#breadcrumb\"},\"inLanguage\":\"es\",\"potentialAction\":[{\"@type\":\"ReadAction\",\"target\":[\"https:\/\/jm-xiangsheng.com\/product\/commercial-kitchenware\/chafing-dish\/economic-9l-chafing-dish-633-2\/\"]}]},{\"@type\":\"BreadcrumbList\",\"@id\":\"https:\/\/jm-xiangsheng.com\/product\/commercial-kitchenware\/chafing-dish\/economic-9l-chafing-dish-633-2\/#breadcrumb\",\"itemListElement\":[{\"@type\":\"ListItem\",\"position\":1,\"name\":\"Home\",\"item\":\"https:\/\/jm-xiangsheng.com\/\"},{\"@type\":\"ListItem\",\"position\":2,\"name\":\"Product\",\"item\":\"https:\/\/jm-xiangsheng.com\/products\/\"},{\"@type\":\"ListItem\",\"position\":3,\"name\":\"Commercial kitchenware\",\"item\":\"https:\/\/jm-xiangsheng.com\/product-category\/commercial-kitchenware\/\"},{\"@type\":\"ListItem\",\"position\":4,\"name\":\"Chafing dish\",\"item\":\"https:\/\/jm-xiangsheng.com\/product-category\/commercial-kitchenware\/chafing-dish\/\"},{\"@type\":\"ListItem\",\"position\":5,\"name\":\"Economic 9L Chafing Dish Set 633#\"}]},{\"@type\":\"WebSite\",\"@id\":\"https:\/\/jm-xiangsheng.com\/#website\",\"url\":\"https:\/\/jm-xiangsheng.com\/\",\"name\":\"Xiangsheng - China factory of stainless steel products\",\"description\":\"20 years factory\",\"publisher\":{\"@id\":\"https:\/\/jm-xiangsheng.com\/#organization\"},\"potentialAction\":[{\"@type\":\"SearchAction\",\"target\":{\"@type\":\"EntryPoint\",\"urlTemplate\":\"https:\/\/jm-xiangsheng.com\/?s={search_term_string}\"},\"query-input\":\"required name=search_term_string\"}],\"inLanguage\":\"es\"},{\"@type\":\"Organization\",\"@id\":\"https:\/\/jm-xiangsheng.com\/#organization\",\"name\":\"Xiangsheng - China factory of stainless steel products\",\"url\":\"https:\/\/jm-xiangsheng.com\/\",\"logo\":{\"@type\":\"ImageObject\",\"inLanguage\":\"es\",\"@id\":\"https:\/\/jm-xiangsheng.com\/#\/schema\/logo\/image\/\",\"url\":\"https:\/\/jm-xiangsheng.com\/wp-content\/uploads\/2024\/05\/cropped-\u672a\u6807\u9898-3-\u62f7\u8d1d.png\",\"contentUrl\":\"https:\/\/jm-xiangsheng.com\/wp-content\/uploads\/2024\/05\/cropped-\u672a\u6807\u9898-3-\u62f7\u8d1d.png\",\"width\":490,\"height\":140,\"caption\":\"Xiangsheng - China factory of stainless steel products\"},\"image\":{\"@id\":\"https:\/\/jm-xiangsheng.com\/#\/schema\/logo\/image\/\"}}]}<\/script>\n<!-- \/ Yoast SEO plugin. -->","yoast_head_json":{"title":"Economic Chafing Dish","description":"We produce Economic Chafing Dish from standard to custom sizes, from tiny to giant.\u00a0 Standard sizes molds and many exclusive molds.","robots":{"index":"index","follow":"follow","max-snippet":"max-snippet:-1","max-image-preview":"max-image-preview:large","max-video-preview":"max-video-preview:-1"},"canonical":"https:\/\/jm-xiangsheng.com\/es\/product\/commercial-kitchenware\/chafing-dish\/economic-9l-chafing-dish-633-2\/","og_locale":"es_ES","og_type":"article","og_title":"Economic Chafing Dish","og_description":"We produce Economic Chafing Dish from standard to custom sizes, from tiny to giant.\u00a0 Standard sizes molds and many exclusive molds.","og_url":"https:\/\/jm-xiangsheng.com\/es\/product\/commercial-kitchenware\/chafing-dish\/economic-9l-chafing-dish-633-2\/","og_site_name":"Xiangsheng - China factory of stainless steel products","article_modified_time":"2025-03-27T01:43:50+00:00","og_image":[{"width":750,"height":750,"url":"http:\/\/jm-xiangsheng.com\/wp-content\/uploads\/2022\/06\/5-45.jpg","type":"image\/jpeg"}],"twitter_card":"summary_large_image","twitter_misc":{"Tiempo de lectura":"1 minuto"},"schema":{"@context":"https:\/\/schema.org","@graph":[{"@type":"WebPage","@id":"https:\/\/jm-xiangsheng.com\/product\/commercial-kitchenware\/chafing-dish\/economic-9l-chafing-dish-633-2\/","url":"https:\/\/jm-xiangsheng.com\/product\/commercial-kitchenware\/chafing-dish\/economic-9l-chafing-dish-633-2\/","name":"Economic Chafing Dish","isPartOf":{"@id":"https:\/\/jm-xiangsheng.com\/#website"},"datePublished":"2024-05-21T09:14:10+00:00","dateModified":"2025-03-27T01:43:50+00:00","description":"We produce Economic Chafing Dish from standard to custom sizes, from tiny to giant.\u00a0 Standard sizes molds and many exclusive molds.","breadcrumb":{"@id":"https:\/\/jm-xiangsheng.com\/product\/commercial-kitchenware\/chafing-dish\/economic-9l-chafing-dish-633-2\/#breadcrumb"},"inLanguage":"es","potentialAction":[{"@type":"ReadAction","target":["https:\/\/jm-xiangsheng.com\/product\/commercial-kitchenware\/chafing-dish\/economic-9l-chafing-dish-633-2\/"]}]},{"@type":"BreadcrumbList","@id":"https:\/\/jm-xiangsheng.com\/product\/commercial-kitchenware\/chafing-dish\/economic-9l-chafing-dish-633-2\/#breadcrumb","itemListElement":[{"@type":"ListItem","position":1,"name":"Home","item":"https:\/\/jm-xiangsheng.com\/"},{"@type":"ListItem","position":2,"name":"Product","item":"https:\/\/jm-xiangsheng.com\/products\/"},{"@type":"ListItem","position":3,"name":"Commercial kitchenware","item":"https:\/\/jm-xiangsheng.com\/product-category\/commercial-kitchenware\/"},{"@type":"ListItem","position":4,"name":"Chafing dish","item":"https:\/\/jm-xiangsheng.com\/product-category\/commercial-kitchenware\/chafing-dish\/"},{"@type":"ListItem","position":5,"name":"Economic 9L Chafing Dish Set 633#"}]},{"@type":"WebSite","@id":"https:\/\/jm-xiangsheng.com\/#website","url":"https:\/\/jm-xiangsheng.com\/","name":"Xiangsheng - China factory of stainless steel products","description":"20 years factory","publisher":{"@id":"https:\/\/jm-xiangsheng.com\/#organization"},"potentialAction":[{"@type":"SearchAction","target":{"@type":"EntryPoint","urlTemplate":"https:\/\/jm-xiangsheng.com\/?s={search_term_string}"},"query-input":"required name=search_term_string"}],"inLanguage":"es"},{"@type":"Organization","@id":"https:\/\/jm-xiangsheng.com\/#organization","name":"Xiangsheng - China factory of stainless steel products","url":"https:\/\/jm-xiangsheng.com\/","logo":{"@type":"ImageObject","inLanguage":"es","@id":"https:\/\/jm-xiangsheng.com\/#\/schema\/logo\/image\/","url":"https:\/\/jm-xiangsheng.com\/wp-content\/uploads\/2024\/05\/cropped-\u672a\u6807\u9898-3-\u62f7\u8d1d.png","contentUrl":"https:\/\/jm-xiangsheng.com\/wp-content\/uploads\/2024\/05\/cropped-\u672a\u6807\u9898-3-\u62f7\u8d1d.png","width":490,"height":140,"caption":"Xiangsheng - China factory of stainless steel products"},"image":{"@id":"https:\/\/jm-xiangsheng.com\/#\/schema\/logo\/image\/"}}]}},"_links":{"self":[{"href":"https:\/\/jm-xiangsheng.com\/es\/wp-json\/wp\/v2\/product\/14223","targetHints":{"allow":["GET"]}}],"collection":[{"href":"https:\/\/jm-xiangsheng.com\/es\/wp-json\/wp\/v2\/product"}],"about":[{"href":"https:\/\/jm-xiangsheng.com\/es\/wp-json\/wp\/v2\/types\/product"}],"wp:featuredmedia":[{"embeddable":true,"href":"https:\/\/jm-xiangsheng.com\/es\/wp-json\/wp\/v2\/media\/2304"}],"wp:attachment":[{"href":"https:\/\/jm-xiangsheng.com\/es\/wp-json\/wp\/v2\/media?parent=14223"}],"wp:term":[{"taxonomy":"product_cat","embeddable":true,"href":"https:\/\/jm-xiangsheng.com\/es\/wp-json\/wp\/v2\/product_cat?post=14223"},{"taxonomy":"product_tag","embeddable":true,"href":"https:\/\/jm-xiangsheng.com\/es\/wp-json\/wp\/v2\/product_tag?post=14223"}],"curies":[{"name":"wp","href":"https:\/\/api.w.org\/{rel}","templated":true}]}}