{"id":12859,"date":"2023-11-21T16:43:12","date_gmt":"2023-11-21T08:43:12","guid":{"rendered":"https:\/\/jm-xiangsheng.com\/?post_type=product&#038;p=12859"},"modified":"2025-03-31T15:19:38","modified_gmt":"2025-03-31T07:19:38","slug":"high-quality-small-sizes-stainless-steel-single-bowl-sink-56x42x21cm","status":"publish","type":"product","link":"https:\/\/jm-xiangsheng.com\/es\/producto\/kitchen-sink\/high-quality-small-sizes-stainless-steel-single-bowl-sink-56x42x21cm\/","title":{"rendered":"Fregadero de acero inoxidable de tama\u00f1o peque\u00f1o y alta calidad 56x42x21cm"},"content":{"rendered":"Estimado cliente, Somos una f\u00e1brica de 20 a\u00f1os la producci\u00f3n de acero inoxidable fregadero de un seno. Podemos ofrecer una amplia gama de fregaderos de cocina en varios tama\u00f1os y dise\u00f1os, as\u00ed como los escenarios de uso para satisfacer la demanda de los clientes. Para la mayor\u00eda de los modelos, tenemos un gran inventario y listo para enviar.\r\n\r\n \r\n\r\n---------------------------------------------\r\n\r\n<!-- \/wp:post-content --><!-- wp:heading {\"editorskit_typography\":{\"family\":\"\",\"name\":\"\",\"weight\":\"\"}} -->\r\n<h2 class=\"wp-block-heading\"><strong><a class=\"ek-link\" href=\"https:\/\/jm-xiangsheng.com\/es\/about-xiangsheng\/\">Xiangsheng\u00a0<em>F\u00e1brica<\/em><\/a><\/strong><\/h2>\r\n<!-- \/wp:heading --><!-- wp:paragraph -->\r\n\r\nXiangsheng es una f\u00e1brica establecida en <strong>2005<\/strong> con amplia experiencia, <strong>producing Fregadero de acero inoxidable de un seno <\/strong>con sede en\u00a0<em>China<\/em>. Abajo est\u00e1n nuestros 7 valores principales. Si usted est\u00e1 interesado en la importaci\u00f3n de stock pot, no dude en\u00a0<strong>CONTACTO<\/strong>\u00a0nosotros.\r\n\r\n<!-- \/wp:paragraph --><!-- wp:spacer {\"height\":\"41px\",\"editorskit_typography\":{\"family\":\"\",\"name\":\"\",\"weight\":\"\"}} -->\r\n<div class=\"wp-block-spacer\" aria-hidden=\"true\"><\/div>\r\n<!-- \/wp:spacer --><!-- wp:paragraph -->\r\n\r\n<strong>1) Ingeniero T\u00e9cnico le asistir\u00e1<\/strong>-tipos de materiales, estilos, dibujos.\r\n\r\n<!-- \/wp:paragraph --><!-- wp:paragraph -->\r\n\r\n<strong>2) Muestra disponible, precio al por mayor competitivo<\/strong>- muestra es aceptable, y empezar desde moq 20pcs, ofrecemos de primera mano ex-.<em>f\u00e1brica<\/em>\u00a0precio, \u00a1sin intermediarios!\r\n\r\n<!-- \/wp:paragraph --><!-- wp:paragraph -->\r\n\r\n<strong>3) Informe de la prueba<\/strong>-201 o 304 material de acero inoxidable pasado SGS pruebas.\r\n\r\n<!-- \/wp:paragraph --><!-- wp:paragraph -->\r\n\r\n<strong>4) Im\u00e1genes del producto<\/strong>-\u00a1Nunca se sienta desamparado con el marketing! Le ofreceremos fotos si las necesita. Cuando estamos produciendo el producto, tambi\u00e9n tomaremos fotos para usted, para que pueda conocer el progreso. Por lo tanto, si usted encuentra cualquier problema, usted puede notarnos tan pronto antes de hacer gran error.\r\n\r\n<!-- \/wp:paragraph --><!-- wp:paragraph -->\r\n\r\n<strong>5) V\u00eddeos de inspecci\u00f3n<\/strong>-Una vez terminada la mercanc\u00eda, podemos llevarle v\u00eddeos para una mejor evaluaci\u00f3n. Por lo tanto, usted puede decirnos qu\u00e9 partes desea mejorar antes del env\u00edo.\r\n\r\n<!-- \/wp:paragraph --><!-- wp:paragraph -->\r\n\r\n<strong>6) Gu\u00eda para comprar cubos de leche <em>China<\/em><\/strong>-Basado en su solicitud, podemos cotizar EXW, FOB, CIF o DDP precio. Nuestros agentes navieros ofrecen fletes favorables, \u00a1le ayudar\u00e1n a ahorrar m\u00e1s! Si usted tiene sus agentes de env\u00edo, tambi\u00e9n puede nombrarlos.\r\n\r\n<!-- \/wp:paragraph --><!-- wp:paragraph -->\r\n\r\n------------------------\r\n\r\n<!-- \/wp:paragraph -->\r\n<h3><span style=\"color: #ed1c24;\"><b>Env\u00edenos un mensaje y hablemos de los detalles.<\/b><\/span><\/h3>\r\n&nbsp;\r\n<h3><a href=\"https:\/\/youtu.be\/9INHbf257ho\">V\u00eddeo del producto:<\/a><\/h3>\r\n&nbsp;","protected":false},"excerpt":{"rendered":"<p>Fregadero de cocina de un seno, en acero inoxidable SUS 304 de 0,7 mm de alta calidad, grifer\u00eda de cocina y desag\u00fce a juego para su opci\u00f3n.<\/p>\n<p><strong>Caracter\u00edstica principal:<\/strong><\/p>\n<ol>\n<li>Acero inoxidable 201\/ 304 de alta calidad: Resistencia al desgaste y prevenci\u00f3n de la corrosi\u00f3n<\/li>\n<li>Tama\u00f1o exterior: 560*420*210 mm, tama\u00f1o del orificio de drenaje: 110 mm de di\u00e1metro.<\/li>\n<li>Econ\u00f3mico y pr\u00e1ctico: Precio competitivo de f\u00e1brica<\/li>\n<li>F\u00e1cil de limpiar: Limpiar con detergente y secar con un pa\u00f1o.<\/li>\n<\/ol>","protected":false},"featured_media":12941,"template":"","meta":{"_seopress_robots_primary_cat":"none","_editorskit_title_hidden":false,"_editorskit_reading_time":0,"_editorskit_is_block_options_detached":false,"_editorskit_block_options_position":"{}","_editorskit_typography_data":[],"_editorskit_blocks_typography":""},"product_cat":[89],"product_tag":[],"class_list":["post-12859","product","type-product","status-publish","has-post-thumbnail","hentry","product_cat-kitchen-sink"],"yoast_head":"<!-- This site is optimized with the Yoast SEO plugin v21.4 - https:\/\/yoast.com\/wordpress\/plugins\/seo\/ -->\n<title>Stainless Steel Single Bowl Sink<\/title>\n<meta name=\"description\" content=\"We are a 18-years factory\u00a0 produce Kitchen Single Bowl Stainless Steel Sink from standard to custom sizes, from tiny to giant.\u00a0\" \/>\n<meta name=\"robots\" content=\"index, follow, max-snippet:-1, max-image-preview:large, max-video-preview:-1\" \/>\n<link rel=\"canonical\" href=\"https:\/\/jm-xiangsheng.com\/es\/product\/kitchen-sink\/high-quality-small-sizes-stainless-steel-single-bowl-sink-56x42x21cm\/\" \/>\n<meta property=\"og:locale\" content=\"es_ES\" \/>\n<meta property=\"og:type\" content=\"article\" \/>\n<meta property=\"og:title\" content=\"Stainless Steel Single Bowl Sink\" \/>\n<meta property=\"og:description\" content=\"We are a 18-years factory\u00a0 produce Kitchen Single Bowl Stainless Steel Sink from standard to custom sizes, from tiny to giant.\u00a0\" \/>\n<meta property=\"og:url\" content=\"https:\/\/jm-xiangsheng.com\/es\/product\/kitchen-sink\/high-quality-small-sizes-stainless-steel-single-bowl-sink-56x42x21cm\/\" \/>\n<meta property=\"og:site_name\" content=\"Xiangsheng - China factory of stainless steel products\" \/>\n<meta property=\"article:modified_time\" content=\"2025-03-31T07:19:38+00:00\" \/>\n<meta property=\"og:image\" content=\"http:\/\/jm-xiangsheng.com\/wp-content\/uploads\/2023\/11\/5642-3.jpg\" \/>\n\t<meta property=\"og:image:width\" content=\"1000\" \/>\n\t<meta property=\"og:image:height\" content=\"1000\" \/>\n\t<meta property=\"og:image:type\" content=\"image\/jpeg\" \/>\n<meta name=\"twitter:card\" content=\"summary_large_image\" \/>\n<meta name=\"twitter:label1\" content=\"Tiempo de lectura\" \/>\n\t<meta name=\"twitter:data1\" content=\"2 minutos\" \/>\n<script type=\"application\/ld+json\" class=\"yoast-schema-graph\">{\"@context\":\"https:\/\/schema.org\",\"@graph\":[{\"@type\":\"WebPage\",\"@id\":\"https:\/\/jm-xiangsheng.com\/product\/kitchen-sink\/high-quality-small-sizes-stainless-steel-single-bowl-sink-56x42x21cm\/\",\"url\":\"https:\/\/jm-xiangsheng.com\/product\/kitchen-sink\/high-quality-small-sizes-stainless-steel-single-bowl-sink-56x42x21cm\/\",\"name\":\"Stainless Steel Single Bowl Sink\",\"isPartOf\":{\"@id\":\"https:\/\/jm-xiangsheng.com\/#website\"},\"datePublished\":\"2023-11-21T08:43:12+00:00\",\"dateModified\":\"2025-03-31T07:19:38+00:00\",\"description\":\"We are a 18-years factory\u00a0 produce Kitchen Single Bowl Stainless Steel Sink from standard to custom sizes, from tiny to giant.\u00a0\",\"breadcrumb\":{\"@id\":\"https:\/\/jm-xiangsheng.com\/product\/kitchen-sink\/high-quality-small-sizes-stainless-steel-single-bowl-sink-56x42x21cm\/#breadcrumb\"},\"inLanguage\":\"es\",\"potentialAction\":[{\"@type\":\"ReadAction\",\"target\":[\"https:\/\/jm-xiangsheng.com\/product\/kitchen-sink\/high-quality-small-sizes-stainless-steel-single-bowl-sink-56x42x21cm\/\"]}]},{\"@type\":\"BreadcrumbList\",\"@id\":\"https:\/\/jm-xiangsheng.com\/product\/kitchen-sink\/high-quality-small-sizes-stainless-steel-single-bowl-sink-56x42x21cm\/#breadcrumb\",\"itemListElement\":[{\"@type\":\"ListItem\",\"position\":1,\"name\":\"Home\",\"item\":\"https:\/\/jm-xiangsheng.com\/\"},{\"@type\":\"ListItem\",\"position\":2,\"name\":\"Product\",\"item\":\"https:\/\/jm-xiangsheng.com\/products\/\"},{\"@type\":\"ListItem\",\"position\":3,\"name\":\"Kitchen Sink\",\"item\":\"https:\/\/jm-xiangsheng.com\/product-category\/kitchen-sink\/\"},{\"@type\":\"ListItem\",\"position\":4,\"name\":\"High-quality Small Size Stainless Steel Single Bowl Sink 56x42x21cm\"}]},{\"@type\":\"WebSite\",\"@id\":\"https:\/\/jm-xiangsheng.com\/#website\",\"url\":\"https:\/\/jm-xiangsheng.com\/\",\"name\":\"Xiangsheng - China factory of stainless steel products\",\"description\":\"20 years factory\",\"publisher\":{\"@id\":\"https:\/\/jm-xiangsheng.com\/#organization\"},\"potentialAction\":[{\"@type\":\"SearchAction\",\"target\":{\"@type\":\"EntryPoint\",\"urlTemplate\":\"https:\/\/jm-xiangsheng.com\/?s={search_term_string}\"},\"query-input\":\"required name=search_term_string\"}],\"inLanguage\":\"es\"},{\"@type\":\"Organization\",\"@id\":\"https:\/\/jm-xiangsheng.com\/#organization\",\"name\":\"Xiangsheng - China factory of stainless steel products\",\"url\":\"https:\/\/jm-xiangsheng.com\/\",\"logo\":{\"@type\":\"ImageObject\",\"inLanguage\":\"es\",\"@id\":\"https:\/\/jm-xiangsheng.com\/#\/schema\/logo\/image\/\",\"url\":\"https:\/\/jm-xiangsheng.com\/wp-content\/uploads\/2024\/05\/cropped-\u672a\u6807\u9898-3-\u62f7\u8d1d.png\",\"contentUrl\":\"https:\/\/jm-xiangsheng.com\/wp-content\/uploads\/2024\/05\/cropped-\u672a\u6807\u9898-3-\u62f7\u8d1d.png\",\"width\":490,\"height\":140,\"caption\":\"Xiangsheng - China factory of stainless steel products\"},\"image\":{\"@id\":\"https:\/\/jm-xiangsheng.com\/#\/schema\/logo\/image\/\"}}]}<\/script>\n<!-- \/ Yoast SEO plugin. -->","yoast_head_json":{"title":"Stainless Steel Single Bowl Sink","description":"We are a 18-years factory\u00a0 produce Kitchen Single Bowl Stainless Steel Sink from standard to custom sizes, from tiny to giant.\u00a0","robots":{"index":"index","follow":"follow","max-snippet":"max-snippet:-1","max-image-preview":"max-image-preview:large","max-video-preview":"max-video-preview:-1"},"canonical":"https:\/\/jm-xiangsheng.com\/es\/product\/kitchen-sink\/high-quality-small-sizes-stainless-steel-single-bowl-sink-56x42x21cm\/","og_locale":"es_ES","og_type":"article","og_title":"Stainless Steel Single Bowl Sink","og_description":"We are a 18-years factory\u00a0 produce Kitchen Single Bowl Stainless Steel Sink from standard to custom sizes, from tiny to giant.\u00a0","og_url":"https:\/\/jm-xiangsheng.com\/es\/product\/kitchen-sink\/high-quality-small-sizes-stainless-steel-single-bowl-sink-56x42x21cm\/","og_site_name":"Xiangsheng - China factory of stainless steel products","article_modified_time":"2025-03-31T07:19:38+00:00","og_image":[{"width":1000,"height":1000,"url":"http:\/\/jm-xiangsheng.com\/wp-content\/uploads\/2023\/11\/5642-3.jpg","type":"image\/jpeg"}],"twitter_card":"summary_large_image","twitter_misc":{"Tiempo de lectura":"2 minutos"},"schema":{"@context":"https:\/\/schema.org","@graph":[{"@type":"WebPage","@id":"https:\/\/jm-xiangsheng.com\/product\/kitchen-sink\/high-quality-small-sizes-stainless-steel-single-bowl-sink-56x42x21cm\/","url":"https:\/\/jm-xiangsheng.com\/product\/kitchen-sink\/high-quality-small-sizes-stainless-steel-single-bowl-sink-56x42x21cm\/","name":"Stainless Steel Single Bowl Sink","isPartOf":{"@id":"https:\/\/jm-xiangsheng.com\/#website"},"datePublished":"2023-11-21T08:43:12+00:00","dateModified":"2025-03-31T07:19:38+00:00","description":"We are a 18-years factory\u00a0 produce Kitchen Single Bowl Stainless Steel Sink from standard to custom sizes, from tiny to giant.\u00a0","breadcrumb":{"@id":"https:\/\/jm-xiangsheng.com\/product\/kitchen-sink\/high-quality-small-sizes-stainless-steel-single-bowl-sink-56x42x21cm\/#breadcrumb"},"inLanguage":"es","potentialAction":[{"@type":"ReadAction","target":["https:\/\/jm-xiangsheng.com\/product\/kitchen-sink\/high-quality-small-sizes-stainless-steel-single-bowl-sink-56x42x21cm\/"]}]},{"@type":"BreadcrumbList","@id":"https:\/\/jm-xiangsheng.com\/product\/kitchen-sink\/high-quality-small-sizes-stainless-steel-single-bowl-sink-56x42x21cm\/#breadcrumb","itemListElement":[{"@type":"ListItem","position":1,"name":"Home","item":"https:\/\/jm-xiangsheng.com\/"},{"@type":"ListItem","position":2,"name":"Product","item":"https:\/\/jm-xiangsheng.com\/products\/"},{"@type":"ListItem","position":3,"name":"Kitchen Sink","item":"https:\/\/jm-xiangsheng.com\/product-category\/kitchen-sink\/"},{"@type":"ListItem","position":4,"name":"High-quality Small Size Stainless Steel Single Bowl Sink 56x42x21cm"}]},{"@type":"WebSite","@id":"https:\/\/jm-xiangsheng.com\/#website","url":"https:\/\/jm-xiangsheng.com\/","name":"Xiangsheng - China factory of stainless steel products","description":"20 years factory","publisher":{"@id":"https:\/\/jm-xiangsheng.com\/#organization"},"potentialAction":[{"@type":"SearchAction","target":{"@type":"EntryPoint","urlTemplate":"https:\/\/jm-xiangsheng.com\/?s={search_term_string}"},"query-input":"required name=search_term_string"}],"inLanguage":"es"},{"@type":"Organization","@id":"https:\/\/jm-xiangsheng.com\/#organization","name":"Xiangsheng - China factory of stainless steel products","url":"https:\/\/jm-xiangsheng.com\/","logo":{"@type":"ImageObject","inLanguage":"es","@id":"https:\/\/jm-xiangsheng.com\/#\/schema\/logo\/image\/","url":"https:\/\/jm-xiangsheng.com\/wp-content\/uploads\/2024\/05\/cropped-\u672a\u6807\u9898-3-\u62f7\u8d1d.png","contentUrl":"https:\/\/jm-xiangsheng.com\/wp-content\/uploads\/2024\/05\/cropped-\u672a\u6807\u9898-3-\u62f7\u8d1d.png","width":490,"height":140,"caption":"Xiangsheng - China factory of stainless steel products"},"image":{"@id":"https:\/\/jm-xiangsheng.com\/#\/schema\/logo\/image\/"}}]}},"_links":{"self":[{"href":"https:\/\/jm-xiangsheng.com\/es\/wp-json\/wp\/v2\/product\/12859","targetHints":{"allow":["GET"]}}],"collection":[{"href":"https:\/\/jm-xiangsheng.com\/es\/wp-json\/wp\/v2\/product"}],"about":[{"href":"https:\/\/jm-xiangsheng.com\/es\/wp-json\/wp\/v2\/types\/product"}],"wp:featuredmedia":[{"embeddable":true,"href":"https:\/\/jm-xiangsheng.com\/es\/wp-json\/wp\/v2\/media\/12941"}],"wp:attachment":[{"href":"https:\/\/jm-xiangsheng.com\/es\/wp-json\/wp\/v2\/media?parent=12859"}],"wp:term":[{"taxonomy":"product_cat","embeddable":true,"href":"https:\/\/jm-xiangsheng.com\/es\/wp-json\/wp\/v2\/product_cat?post=12859"},{"taxonomy":"product_tag","embeddable":true,"href":"https:\/\/jm-xiangsheng.com\/es\/wp-json\/wp\/v2\/product_tag?post=12859"}],"curies":[{"name":"wp","href":"https:\/\/api.w.org\/{rel}","templated":true}]}}