{"id":11961,"date":"2023-08-08T12:12:57","date_gmt":"2023-08-08T04:12:57","guid":{"rendered":"https:\/\/jm-xiangsheng.com\/?post_type=product&#038;p=11961"},"modified":"2025-04-02T10:31:59","modified_gmt":"2025-04-02T02:31:59","slug":"hot-sell-stainless-steel-outdoor-60l-garbage-trash-bin-for-restaurant","status":"publish","type":"product","link":"https:\/\/jm-xiangsheng.com\/es\/producto\/commercial-kitchenware\/commercial-pot-barrel\/hot-sell-stainless-steel-outdoor-60l-garbage-trash-bin-for-restaurant\/","title":{"rendered":"Venta caliente de acero inoxidable al aire libre 60L papelera para restaurante"},"content":{"rendered":"<p>Estimado cliente, Somos una f\u00e1brica establecida en <strong>2005<\/strong> con amplia experiencia, produciendo Papeleras desde tama\u00f1os est\u00e1ndar a personalizados, desde peque\u00f1as a gigantes.  Moldes de tama\u00f1os est\u00e1ndar y muchos moldes exclusivos.<\/p>\r\n<p><span style=\"color: #ed1c24;\"><b>Env\u00edenos un mensaje y hablemos de los detalles.<\/b><\/span> \u00a0<\/p>\r\n<p>---------------------------------------------<\/p>\r\n<!-- \/wp:post-content -->\r\n\r\n<!-- wp:heading {\"editorskit_typography\":{\"family\":\"\",\"name\":\"\",\"weight\":\"\"}} -->\r\n<h2 class=\"wp-block-heading\"><strong><a class=\"ek-link\" href=\"https:\/\/jm-xiangsheng.com\/es\/about-xiangsheng\/\">Xiangsheng\u00a0<em>F\u00e1brica<\/em><\/a><\/strong><\/h2>\r\n<!-- \/wp:heading -->\r\n\r\n<!-- wp:paragraph -->\r\n<p>Xiangsheng es una f\u00e1brica establecida en <strong>2005<\/strong> con amplia experiencia, <strong>producci\u00f3n de papeleras de acero inoxidable <\/strong>con sede en\u00a0<em>China<\/em>. Abajo est\u00e1n nuestros 7 valores principales. Si usted est\u00e1 interesado en la importaci\u00f3n de stock pot, no dude en\u00a0<strong>CONTACTO<\/strong>\u00a0nosotros.<\/p>\r\n<!-- \/wp:paragraph -->\r\n\r\n<!-- wp:spacer {\"height\":\"41px\",\"editorskit_typography\":{\"family\":\"\",\"name\":\"\",\"weight\":\"\"}} -->\r\n<div class=\"wp-block-spacer\" aria-hidden=\"true\">\u00a0<\/div>\r\n<!-- \/wp:spacer -->\r\n\r\n<!-- wp:paragraph -->\r\n<p><strong>1) Ingeniero T\u00e9cnico le asistir\u00e1<\/strong>-tipos de materiales, estilos, dibujos.<\/p>\r\n<!-- \/wp:paragraph -->\r\n\r\n<!-- wp:paragraph -->\r\n<p><strong>2) Muestra disponible, precio al por mayor competitivo<\/strong>- muestra es aceptable, y empezar desde moq 20pcs, ofrecemos de primera mano ex-.<em>f\u00e1brica<\/em>\u00a0precio, \u00a1sin intermediarios!<\/p>\r\n<!-- \/wp:paragraph -->\r\n\r\n<!-- wp:paragraph -->\r\n<p><strong>3) Informe de la prueba<\/strong>-201 o 304 material de acero inoxidable pasado SGS pruebas.<\/p>\r\n<!-- \/wp:paragraph -->\r\n\r\n<!-- wp:paragraph -->\r\n<p><strong>4) Im\u00e1genes del producto<\/strong>-\u00a1Nunca se sienta desamparado con el marketing! Le ofreceremos fotos si las necesita. Cuando estamos produciendo el producto, tambi\u00e9n tomaremos fotos para usted, para que pueda conocer el progreso. Por lo tanto, si usted encuentra cualquier problema, usted puede notarnos tan pronto antes de hacer gran error.<\/p>\r\n<!-- \/wp:paragraph -->\r\n\r\n<!-- wp:paragraph -->\r\n<p><strong>5) V\u00eddeos de inspecci\u00f3n<\/strong>-Una vez terminada la mercanc\u00eda, podemos llevarle v\u00eddeos para una mejor evaluaci\u00f3n. Por lo tanto, usted puede decirnos qu\u00e9 partes desea mejorar antes del env\u00edo.<\/p>\r\n<!-- \/wp:paragraph -->\r\n\r\n<!-- wp:paragraph -->\r\n<p><strong>6) Gu\u00eda para comprar cubos de leche <em>China<\/em><\/strong>-Basado en su solicitud, podemos cotizar EXW, FOB, CIF o DDP precio. Nuestros agentes navieros ofrecen fletes favorables, \u00a1le ayudar\u00e1n a ahorrar m\u00e1s! Si usted tiene sus agentes de env\u00edo, tambi\u00e9n puede nombrarlos.<\/p>\r\n<!-- \/wp:paragraph -->\r\n\r\n<!-- wp:paragraph -->\r\n<p>------------------------<\/p>\r\n<!-- \/wp:paragraph -->\r\n<h3><span style=\"color: #ed1c24;\"><b>Env\u00edenos un mensaje y hablemos de los detalles.<\/b><\/span><\/h3>\r\n<p>&nbsp;<\/p>\r\n<h3><a href=\"https:\/\/youtu.be\/ky6DMlwUO58\">V\u00eddeo del producto:<\/a><\/h3>","protected":false},"excerpt":{"rendered":"<div class=\"woocommerce-product-details__short-description\"><span style=\"color: #808080;\">F\u00e1brica OEM ODM tama\u00f1os completos cubos de basura. Es de gran tama\u00f1o, de alta resistencia y el partido para uso comercial.\u00a0<\/span> <strong>Caracter\u00edsticas:<\/strong><\/p>\n<ul>\n<li>Acero inoxidable aut\u00e9ntico\uff1aMaterial de calidad alimentaria antioxidante y anticorrosi\u00f3n.<\/li>\n<li>Tapa Stay-Open: pise el pedal a fondo, levante la tapa y permanecer\u00e1 abierta<\/li>\n<li>Ruedas de PVC: F\u00e1cil de mover sin ruido<\/li>\n<li>Ampliamente utilizado en diversas aplicaciones: en restaurantes, cocinas comerciales, talleres, almacenes, etc.<\/li>\n<li>F\u00e1cil de limpiar: Limpiar con detergente y secar con un pa\u00f1o.<\/li>\n<\/ul>\n<p>\u00a0 <strong>MOQ: 10 piezas por pedido<\/strong><\/p>\n<div class=\"product-short-description\"><strong>Gama de precios: <span style=\"color: #ff0000;\">50-90USD<\/span> (No dude en solicitar presupuesto detallado)<\/strong><\/div>\n<\/div>","protected":false},"featured_media":11963,"template":"","meta":{"_seopress_robots_primary_cat":"none","_editorskit_title_hidden":false,"_editorskit_reading_time":0,"_editorskit_is_block_options_detached":false,"_editorskit_block_options_position":"{}","_editorskit_typography_data":[],"_editorskit_blocks_typography":""},"product_cat":[36],"product_tag":[101,691,690,102],"class_list":["post-11961","product","type-product","status-publish","has-post-thumbnail","hentry","product_cat-commercial-pot-barrel","product_tag-garbage-bin","product_tag-garbage-can","product_tag-trash-bing","product_tag-trash-can"],"yoast_head":"<!-- This site is optimized with the Yoast SEO plugin v21.4 - https:\/\/yoast.com\/wordpress\/plugins\/seo\/ -->\n<title>Hot Sell Stainless Steel Outdoor 60L Garbage Trash Bin<\/title>\n<meta name=\"description\" content=\"We are a 20-years factory\u00a0 produce Trash Bin from standard to custom sizes, from tiny to giant.\u00a0 Standard sizes molds and many exclusive molds.\" \/>\n<meta name=\"robots\" content=\"index, follow, max-snippet:-1, max-image-preview:large, max-video-preview:-1\" \/>\n<link rel=\"canonical\" href=\"https:\/\/jm-xiangsheng.com\/es\/product\/commercial-kitchenware\/commercial-pot-barrel\/hot-sell-stainless-steel-outdoor-60l-garbage-trash-bin-for-restaurant\/\" \/>\n<meta property=\"og:locale\" content=\"es_ES\" \/>\n<meta property=\"og:type\" content=\"article\" \/>\n<meta property=\"og:title\" content=\"Hot Sell Stainless Steel Outdoor 60L Garbage Trash Bin\" \/>\n<meta property=\"og:description\" content=\"We are a 20-years factory\u00a0 produce Trash Bin from standard to custom sizes, from tiny to giant.\u00a0 Standard sizes molds and many exclusive molds.\" \/>\n<meta property=\"og:url\" content=\"https:\/\/jm-xiangsheng.com\/es\/product\/commercial-kitchenware\/commercial-pot-barrel\/hot-sell-stainless-steel-outdoor-60l-garbage-trash-bin-for-restaurant\/\" \/>\n<meta property=\"og:site_name\" content=\"Xiangsheng - China factory of stainless steel products\" \/>\n<meta property=\"article:modified_time\" content=\"2025-04-02T02:31:59+00:00\" \/>\n<meta property=\"og:image\" content=\"http:\/\/jm-xiangsheng.com\/wp-content\/uploads\/2023\/08\/\u5783\u573e\u6876\u4e3b\u56fe2.jpg\" \/>\n\t<meta property=\"og:image:width\" content=\"1000\" \/>\n\t<meta property=\"og:image:height\" content=\"1000\" \/>\n\t<meta property=\"og:image:type\" content=\"image\/jpeg\" \/>\n<meta name=\"twitter:card\" content=\"summary_large_image\" \/>\n<meta name=\"twitter:label1\" content=\"Tiempo de lectura\" \/>\n\t<meta name=\"twitter:data1\" content=\"2 minutos\" \/>\n<script type=\"application\/ld+json\" class=\"yoast-schema-graph\">{\"@context\":\"https:\/\/schema.org\",\"@graph\":[{\"@type\":\"WebPage\",\"@id\":\"https:\/\/jm-xiangsheng.com\/product\/commercial-kitchenware\/commercial-pot-barrel\/hot-sell-stainless-steel-outdoor-60l-garbage-trash-bin-for-restaurant\/\",\"url\":\"https:\/\/jm-xiangsheng.com\/product\/commercial-kitchenware\/commercial-pot-barrel\/hot-sell-stainless-steel-outdoor-60l-garbage-trash-bin-for-restaurant\/\",\"name\":\"Hot Sell Stainless Steel Outdoor 60L Garbage Trash Bin\",\"isPartOf\":{\"@id\":\"https:\/\/jm-xiangsheng.com\/#website\"},\"datePublished\":\"2023-08-08T04:12:57+00:00\",\"dateModified\":\"2025-04-02T02:31:59+00:00\",\"description\":\"We are a 20-years factory\u00a0 produce Trash Bin from standard to custom sizes, from tiny to giant.\u00a0 Standard sizes molds and many exclusive molds.\",\"breadcrumb\":{\"@id\":\"https:\/\/jm-xiangsheng.com\/product\/commercial-kitchenware\/commercial-pot-barrel\/hot-sell-stainless-steel-outdoor-60l-garbage-trash-bin-for-restaurant\/#breadcrumb\"},\"inLanguage\":\"es\",\"potentialAction\":[{\"@type\":\"ReadAction\",\"target\":[\"https:\/\/jm-xiangsheng.com\/product\/commercial-kitchenware\/commercial-pot-barrel\/hot-sell-stainless-steel-outdoor-60l-garbage-trash-bin-for-restaurant\/\"]}]},{\"@type\":\"BreadcrumbList\",\"@id\":\"https:\/\/jm-xiangsheng.com\/product\/commercial-kitchenware\/commercial-pot-barrel\/hot-sell-stainless-steel-outdoor-60l-garbage-trash-bin-for-restaurant\/#breadcrumb\",\"itemListElement\":[{\"@type\":\"ListItem\",\"position\":1,\"name\":\"Home\",\"item\":\"https:\/\/jm-xiangsheng.com\/\"},{\"@type\":\"ListItem\",\"position\":2,\"name\":\"Product\",\"item\":\"https:\/\/jm-xiangsheng.com\/products\/\"},{\"@type\":\"ListItem\",\"position\":3,\"name\":\"Commercial kitchenware\",\"item\":\"https:\/\/jm-xiangsheng.com\/product-category\/commercial-kitchenware\/\"},{\"@type\":\"ListItem\",\"position\":4,\"name\":\"Commercial Pot &amp; Barrel\",\"item\":\"https:\/\/jm-xiangsheng.com\/product-category\/commercial-kitchenware\/commercial-pot-barrel\/\"},{\"@type\":\"ListItem\",\"position\":5,\"name\":\"Hot Sell Stainless Steel Outdoor 60L Garbage Trash Bin For Restaurant\"}]},{\"@type\":\"WebSite\",\"@id\":\"https:\/\/jm-xiangsheng.com\/#website\",\"url\":\"https:\/\/jm-xiangsheng.com\/\",\"name\":\"Xiangsheng - China factory of stainless steel products\",\"description\":\"20 years factory\",\"publisher\":{\"@id\":\"https:\/\/jm-xiangsheng.com\/#organization\"},\"potentialAction\":[{\"@type\":\"SearchAction\",\"target\":{\"@type\":\"EntryPoint\",\"urlTemplate\":\"https:\/\/jm-xiangsheng.com\/?s={search_term_string}\"},\"query-input\":\"required name=search_term_string\"}],\"inLanguage\":\"es\"},{\"@type\":\"Organization\",\"@id\":\"https:\/\/jm-xiangsheng.com\/#organization\",\"name\":\"Xiangsheng - China factory of stainless steel products\",\"url\":\"https:\/\/jm-xiangsheng.com\/\",\"logo\":{\"@type\":\"ImageObject\",\"inLanguage\":\"es\",\"@id\":\"https:\/\/jm-xiangsheng.com\/#\/schema\/logo\/image\/\",\"url\":\"https:\/\/jm-xiangsheng.com\/wp-content\/uploads\/2024\/05\/cropped-\u672a\u6807\u9898-3-\u62f7\u8d1d.png\",\"contentUrl\":\"https:\/\/jm-xiangsheng.com\/wp-content\/uploads\/2024\/05\/cropped-\u672a\u6807\u9898-3-\u62f7\u8d1d.png\",\"width\":490,\"height\":140,\"caption\":\"Xiangsheng - China factory of stainless steel products\"},\"image\":{\"@id\":\"https:\/\/jm-xiangsheng.com\/#\/schema\/logo\/image\/\"}}]}<\/script>\n<!-- \/ Yoast SEO plugin. -->","yoast_head_json":{"title":"Hot Sell Stainless Steel Outdoor 60L Garbage Trash Bin","description":"We are a 20-years factory\u00a0 produce Trash Bin from standard to custom sizes, from tiny to giant.\u00a0 Standard sizes molds and many exclusive molds.","robots":{"index":"index","follow":"follow","max-snippet":"max-snippet:-1","max-image-preview":"max-image-preview:large","max-video-preview":"max-video-preview:-1"},"canonical":"https:\/\/jm-xiangsheng.com\/es\/product\/commercial-kitchenware\/commercial-pot-barrel\/hot-sell-stainless-steel-outdoor-60l-garbage-trash-bin-for-restaurant\/","og_locale":"es_ES","og_type":"article","og_title":"Hot Sell Stainless Steel Outdoor 60L Garbage Trash Bin","og_description":"We are a 20-years factory\u00a0 produce Trash Bin from standard to custom sizes, from tiny to giant.\u00a0 Standard sizes molds and many exclusive molds.","og_url":"https:\/\/jm-xiangsheng.com\/es\/product\/commercial-kitchenware\/commercial-pot-barrel\/hot-sell-stainless-steel-outdoor-60l-garbage-trash-bin-for-restaurant\/","og_site_name":"Xiangsheng - China factory of stainless steel products","article_modified_time":"2025-04-02T02:31:59+00:00","og_image":[{"width":1000,"height":1000,"url":"http:\/\/jm-xiangsheng.com\/wp-content\/uploads\/2023\/08\/\u5783\u573e\u6876\u4e3b\u56fe2.jpg","type":"image\/jpeg"}],"twitter_card":"summary_large_image","twitter_misc":{"Tiempo de lectura":"2 minutos"},"schema":{"@context":"https:\/\/schema.org","@graph":[{"@type":"WebPage","@id":"https:\/\/jm-xiangsheng.com\/product\/commercial-kitchenware\/commercial-pot-barrel\/hot-sell-stainless-steel-outdoor-60l-garbage-trash-bin-for-restaurant\/","url":"https:\/\/jm-xiangsheng.com\/product\/commercial-kitchenware\/commercial-pot-barrel\/hot-sell-stainless-steel-outdoor-60l-garbage-trash-bin-for-restaurant\/","name":"Hot Sell Stainless Steel Outdoor 60L Garbage Trash Bin","isPartOf":{"@id":"https:\/\/jm-xiangsheng.com\/#website"},"datePublished":"2023-08-08T04:12:57+00:00","dateModified":"2025-04-02T02:31:59+00:00","description":"We are a 20-years factory\u00a0 produce Trash Bin from standard to custom sizes, from tiny to giant.\u00a0 Standard sizes molds and many exclusive molds.","breadcrumb":{"@id":"https:\/\/jm-xiangsheng.com\/product\/commercial-kitchenware\/commercial-pot-barrel\/hot-sell-stainless-steel-outdoor-60l-garbage-trash-bin-for-restaurant\/#breadcrumb"},"inLanguage":"es","potentialAction":[{"@type":"ReadAction","target":["https:\/\/jm-xiangsheng.com\/product\/commercial-kitchenware\/commercial-pot-barrel\/hot-sell-stainless-steel-outdoor-60l-garbage-trash-bin-for-restaurant\/"]}]},{"@type":"BreadcrumbList","@id":"https:\/\/jm-xiangsheng.com\/product\/commercial-kitchenware\/commercial-pot-barrel\/hot-sell-stainless-steel-outdoor-60l-garbage-trash-bin-for-restaurant\/#breadcrumb","itemListElement":[{"@type":"ListItem","position":1,"name":"Home","item":"https:\/\/jm-xiangsheng.com\/"},{"@type":"ListItem","position":2,"name":"Product","item":"https:\/\/jm-xiangsheng.com\/products\/"},{"@type":"ListItem","position":3,"name":"Commercial kitchenware","item":"https:\/\/jm-xiangsheng.com\/product-category\/commercial-kitchenware\/"},{"@type":"ListItem","position":4,"name":"Commercial Pot &amp; Barrel","item":"https:\/\/jm-xiangsheng.com\/product-category\/commercial-kitchenware\/commercial-pot-barrel\/"},{"@type":"ListItem","position":5,"name":"Hot Sell Stainless Steel Outdoor 60L Garbage Trash Bin For Restaurant"}]},{"@type":"WebSite","@id":"https:\/\/jm-xiangsheng.com\/#website","url":"https:\/\/jm-xiangsheng.com\/","name":"Xiangsheng - China factory of stainless steel products","description":"20 years factory","publisher":{"@id":"https:\/\/jm-xiangsheng.com\/#organization"},"potentialAction":[{"@type":"SearchAction","target":{"@type":"EntryPoint","urlTemplate":"https:\/\/jm-xiangsheng.com\/?s={search_term_string}"},"query-input":"required name=search_term_string"}],"inLanguage":"es"},{"@type":"Organization","@id":"https:\/\/jm-xiangsheng.com\/#organization","name":"Xiangsheng - China factory of stainless steel products","url":"https:\/\/jm-xiangsheng.com\/","logo":{"@type":"ImageObject","inLanguage":"es","@id":"https:\/\/jm-xiangsheng.com\/#\/schema\/logo\/image\/","url":"https:\/\/jm-xiangsheng.com\/wp-content\/uploads\/2024\/05\/cropped-\u672a\u6807\u9898-3-\u62f7\u8d1d.png","contentUrl":"https:\/\/jm-xiangsheng.com\/wp-content\/uploads\/2024\/05\/cropped-\u672a\u6807\u9898-3-\u62f7\u8d1d.png","width":490,"height":140,"caption":"Xiangsheng - China factory of stainless steel products"},"image":{"@id":"https:\/\/jm-xiangsheng.com\/#\/schema\/logo\/image\/"}}]}},"_links":{"self":[{"href":"https:\/\/jm-xiangsheng.com\/es\/wp-json\/wp\/v2\/product\/11961","targetHints":{"allow":["GET"]}}],"collection":[{"href":"https:\/\/jm-xiangsheng.com\/es\/wp-json\/wp\/v2\/product"}],"about":[{"href":"https:\/\/jm-xiangsheng.com\/es\/wp-json\/wp\/v2\/types\/product"}],"wp:featuredmedia":[{"embeddable":true,"href":"https:\/\/jm-xiangsheng.com\/es\/wp-json\/wp\/v2\/media\/11963"}],"wp:attachment":[{"href":"https:\/\/jm-xiangsheng.com\/es\/wp-json\/wp\/v2\/media?parent=11961"}],"wp:term":[{"taxonomy":"product_cat","embeddable":true,"href":"https:\/\/jm-xiangsheng.com\/es\/wp-json\/wp\/v2\/product_cat?post=11961"},{"taxonomy":"product_tag","embeddable":true,"href":"https:\/\/jm-xiangsheng.com\/es\/wp-json\/wp\/v2\/product_tag?post=11961"}],"curies":[{"name":"wp","href":"https:\/\/api.w.org\/{rel}","templated":true}]}}