{"id":11132,"date":"2023-04-18T16:56:32","date_gmt":"2023-04-18T08:56:32","guid":{"rendered":"https:\/\/jm-xiangsheng.com\/?post_type=product&#038;p=11132"},"modified":"2025-03-31T11:55:04","modified_gmt":"2025-03-31T03:55:04","slug":"stainless-steel-small-airtight-milk-bucket-with-handle","status":"publish","type":"product","link":"https:\/\/jm-xiangsheng.com\/es\/producto\/milking-bucket\/stainless-steel-small-airtight-milk-bucket-with-handle\/","title":{"rendered":"Cubos de leche herm\u00e9ticos peque\u00f1os de acero inoxidable con asa"},"content":{"rendered":"<p>Estimado cliente, somos una f\u00e1brica establecida en <strong>2005<\/strong> con amplia experiencia, produciendo cubos de leche de acero inoxidable de tama\u00f1os est\u00e1ndar a personalizados, desde peque\u00f1os a gigantes.  Moldes de tama\u00f1os est\u00e1ndar y muchos moldes exclusivos. \u00a1\u00a1\u00a1Si desea un tipo diferente, podemos personalizar para usted!!! \u00a1Y le proporcionaremos la mejor calidad y el mejor servicio!<\/p>\r\n<p><span style=\"color: #ed1c24;\"><b>Consulta los detalles en Informaci\u00f3n adicional \u2191\u2191\u2191\u2191\u2191<\/b><\/span><\/p>\r\n<h3>Para saber m\u00e1s sobre los cubos de leche de acero inoxidable, puede leer los art\u00edculos siguientes:<\/h3>\r\n<ol>\r\n<li><a href=\"https:\/\/jm-xiangsheng.com\/es\/why-is-it-crucial-to-have-a-food-grade-gasket-for-a-stainless-steel-milk-bucket\/\">\u00bfPor qu\u00e9 es crucial tener una junta de calidad alimentaria para un cubo de leche de acero inoxidable?<\/a><\/li>\r\n<li><a href=\"https:\/\/jm-xiangsheng.com\/es\/what-group-of-people-using-milk-bucket\/\">\u00bfQu\u00e9 grupo de personas utiliza Milk Bucket?<\/a><\/li>\r\n<li><a href=\"https:\/\/jm-xiangsheng.com\/es\/what-is-the-advantage-of-milk-bucket-make-in-stainless-steel\/\">\u00bfCu\u00e1l es la ventaja de los cubos de leche de acero inoxidable?<\/a><\/li>\r\n<\/ol>\r\n<p>&nbsp;<\/p>\r\n\r\n<p>---------------------------------------------<\/p>\r\n\r\n\r\n<h2 class=\"wp-block-heading has-ek-typography\" style=\"\"><strong><a class=\"ek-link\" href=\"https:\/\/jm-xiangsheng.com\/es\/about-xiangsheng\/\">Xiangsheng\u00a0<em>F\u00e1brica<\/em><\/a><\/strong><\/h2>\r\n\r\n\r\n<p>Xiangsheng es una f\u00e1brica establecida en <strong>2005<\/strong> con amplia experiencia, <strong>fabricaci\u00f3n de productos de acero inoxidable<\/strong>\u00a0con sede en\u00a0<em>China<\/em>. Abajo est\u00e1n nuestros 7 valores principales. Si usted est\u00e1 interesado en la importaci\u00f3n de stock pot, no dude en\u00a0<strong>CONTACTO<\/strong>\u00a0nosotros.<\/p>\r\n<p>\r\n\r\n<div class=\"wp-block-spacer has-ek-typography\" aria-hidden=\"true\" style=\"\">\u00a0<\/div>\r\n\r\n<\/p>\r\n<p><strong>1) Ingeniero T\u00e9cnico le asistir\u00e1<\/strong>-tipos de materiales, estilos, dibujos.<\/p>\r\n<p>\r\n\r\n<\/p>\r\n<p><strong>2) Muestra disponible, precio al por mayor competitivo<\/strong>- muestra es aceptable, y empezar desde moq 20pcs, ofrecemos de primera mano ex-.<em>f\u00e1brica<\/em>\u00a0precio, \u00a1sin intermediarios!<\/p>\r\n<p>\r\n\r\n<\/p>\r\n<p><strong>3) Informe de la prueba<\/strong>-201 o 304 material de acero inoxidable pasado SGS pruebas.<\/p>\r\n<p>\r\n\r\n<\/p>\r\n<p><strong>4) Im\u00e1genes del producto<\/strong>-\u00a1Nunca se sienta desamparado con el marketing! Le ofreceremos fotos si las necesita. Cuando estamos produciendo el producto, tambi\u00e9n tomaremos fotos para usted, para que pueda conocer el progreso. Por lo tanto, si usted encuentra cualquier problema, usted puede notarnos tan pronto antes de hacer gran error.<\/p>\r\n<p>\r\n\r\n<\/p>\r\n<p><strong>5) V\u00eddeos de inspecci\u00f3n<\/strong>-Una vez terminada la mercanc\u00eda, podemos llevarle v\u00eddeos para una mejor evaluaci\u00f3n. Por lo tanto, usted puede decirnos qu\u00e9 partes desea mejorar antes del env\u00edo.<\/p>\r\n<p>\r\n\r\n<\/p>\r\n<p><strong>6) Gu\u00eda para comprar cubos de leche <em>China<\/em><\/strong>-Basado en su solicitud, podemos cotizar EXW, FOB, CIF o DDP precio. Nuestros agentes navieros ofrecen fletes favorables, \u00a1le ayudar\u00e1n a ahorrar m\u00e1s! Si usted tiene sus agentes de env\u00edo, tambi\u00e9n puede nombrarlos.<\/p>\r\n\r\n\r\n\r\n<p>------------------------<\/p>\r\n\r\n<h3><span style=\"color: #ed1c24;\"><b>Env\u00edenos un mensaje y hablemos de los detalles.<\/b><\/span><\/h3>\r\n<p>&nbsp;<\/p>\r\n<h3><a href=\"https:\/\/www.youtube.com\/watch?v=_VrCdg-HklA\">V\u00eddeo del producto:<\/a><\/h3>","protected":false},"excerpt":{"rendered":"<div class=\"woocommerce-product-details__short-description\"><span style=\"color: #808080;\">F\u00e1brica OEM ODM tama\u00f1os completos cubos de leche de acero inoxidable. Es herm\u00e9tico, fuga y derrame resistente, se utiliza para el transporte, almacenamiento de bebidas, leche, etc..\u00a0<\/span><\/div>\n<div class=\"woocommerce-product-details__short-description\"><strong>Caracter\u00edsticas:<\/strong><\/p>\n<ul>\n<li>Acero inoxidable aut\u00e9ntico\uff1aMaterial de calidad alimentaria antioxidante y anticorrosi\u00f3n.<\/li>\n<li>Funci\u00f3n herm\u00e9tica: tapa herm\u00e9tica con junta de silicona de sellado<\/li>\n<li>Ampliamente utilizado en diversas aplicaciones: en granjas, pastos, centrales lecheras, etc.<\/li>\n<li>F\u00e1cil de limpiar: Limpiar con detergente y secar con un pa\u00f1o.<\/li>\n<\/ul>\n<p>\u00a0 <strong>MOQ: 20 piezas por pedido<\/strong><\/p>\n<div class=\"product-short-description\"><strong>Gama de precios: <span style=\"color: #ff0000;\">30-40USD<\/span> (No dude en solicitar presupuesto detallado)<\/strong><\/div>\n<\/div>","protected":false},"featured_media":11137,"template":"","meta":{"_seopress_robots_primary_cat":"none","_editorskit_title_hidden":false,"_editorskit_reading_time":0,"_editorskit_is_block_options_detached":false,"_editorskit_block_options_position":"{}","_editorskit_typography_data":[],"_editorskit_blocks_typography":""},"product_cat":[155],"product_tag":[],"class_list":["post-11132","product","type-product","status-publish","has-post-thumbnail","hentry","product_cat-milking-bucket"],"yoast_head":"<!-- This site is optimized with the Yoast SEO plugin v21.4 - https:\/\/yoast.com\/wordpress\/plugins\/seo\/ -->\n<title>Stainless Steel Milk Buckets<\/title>\n<meta name=\"description\" content=\"Factory OEM ODM full sizes Stainless Steel milk buckets. It is airtight, Leak and spill resistant, it is used for transporting, storing beverage, milk, etc.\u00a0\" \/>\n<meta name=\"robots\" content=\"index, follow, max-snippet:-1, max-image-preview:large, max-video-preview:-1\" \/>\n<link rel=\"canonical\" href=\"https:\/\/jm-xiangsheng.com\/es\/product\/milking-bucket\/stainless-steel-small-airtight-milk-bucket-with-handle\/\" \/>\n<meta property=\"og:locale\" content=\"es_ES\" \/>\n<meta property=\"og:type\" content=\"article\" \/>\n<meta property=\"og:title\" content=\"Stainless Steel Milk Buckets\" \/>\n<meta property=\"og:description\" content=\"Factory OEM ODM full sizes Stainless Steel milk buckets. It is airtight, Leak and spill resistant, it is used for transporting, storing beverage, milk, etc.\u00a0\" \/>\n<meta property=\"og:url\" content=\"https:\/\/jm-xiangsheng.com\/es\/product\/milking-bucket\/stainless-steel-small-airtight-milk-bucket-with-handle\/\" \/>\n<meta property=\"og:site_name\" content=\"Xiangsheng - China factory of stainless steel products\" \/>\n<meta property=\"article:modified_time\" content=\"2025-03-31T03:55:04+00:00\" \/>\n<meta property=\"og:image\" content=\"http:\/\/jm-xiangsheng.com\/wp-content\/uploads\/2023\/04\/\u4e3b\u56fe5.png\" \/>\n\t<meta property=\"og:image:width\" content=\"800\" \/>\n\t<meta property=\"og:image:height\" content=\"800\" \/>\n\t<meta property=\"og:image:type\" content=\"image\/png\" \/>\n<meta name=\"twitter:card\" content=\"summary_large_image\" \/>\n<meta name=\"twitter:label1\" content=\"Tiempo de lectura\" \/>\n\t<meta name=\"twitter:data1\" content=\"2 minutos\" \/>\n<script type=\"application\/ld+json\" class=\"yoast-schema-graph\">{\"@context\":\"https:\/\/schema.org\",\"@graph\":[{\"@type\":\"WebPage\",\"@id\":\"https:\/\/jm-xiangsheng.com\/product\/milking-bucket\/stainless-steel-small-airtight-milk-bucket-with-handle\/\",\"url\":\"https:\/\/jm-xiangsheng.com\/product\/milking-bucket\/stainless-steel-small-airtight-milk-bucket-with-handle\/\",\"name\":\"Stainless Steel Milk Buckets\",\"isPartOf\":{\"@id\":\"https:\/\/jm-xiangsheng.com\/#website\"},\"datePublished\":\"2023-04-18T08:56:32+00:00\",\"dateModified\":\"2025-03-31T03:55:04+00:00\",\"description\":\"Factory OEM ODM full sizes Stainless Steel milk buckets. It is airtight, Leak and spill resistant, it is used for transporting, storing beverage, milk, etc.\u00a0\",\"breadcrumb\":{\"@id\":\"https:\/\/jm-xiangsheng.com\/product\/milking-bucket\/stainless-steel-small-airtight-milk-bucket-with-handle\/#breadcrumb\"},\"inLanguage\":\"es\",\"potentialAction\":[{\"@type\":\"ReadAction\",\"target\":[\"https:\/\/jm-xiangsheng.com\/product\/milking-bucket\/stainless-steel-small-airtight-milk-bucket-with-handle\/\"]}]},{\"@type\":\"BreadcrumbList\",\"@id\":\"https:\/\/jm-xiangsheng.com\/product\/milking-bucket\/stainless-steel-small-airtight-milk-bucket-with-handle\/#breadcrumb\",\"itemListElement\":[{\"@type\":\"ListItem\",\"position\":1,\"name\":\"Home\",\"item\":\"https:\/\/jm-xiangsheng.com\/\"},{\"@type\":\"ListItem\",\"position\":2,\"name\":\"Product\",\"item\":\"https:\/\/jm-xiangsheng.com\/products\/\"},{\"@type\":\"ListItem\",\"position\":3,\"name\":\"Milking Bucket\",\"item\":\"https:\/\/jm-xiangsheng.com\/product-category\/milking-bucket\/\"},{\"@type\":\"ListItem\",\"position\":4,\"name\":\"Stainless Steel small airtight milk buckets with handle\"}]},{\"@type\":\"WebSite\",\"@id\":\"https:\/\/jm-xiangsheng.com\/#website\",\"url\":\"https:\/\/jm-xiangsheng.com\/\",\"name\":\"Xiangsheng - China factory of stainless steel products\",\"description\":\"20 years factory\",\"publisher\":{\"@id\":\"https:\/\/jm-xiangsheng.com\/#organization\"},\"potentialAction\":[{\"@type\":\"SearchAction\",\"target\":{\"@type\":\"EntryPoint\",\"urlTemplate\":\"https:\/\/jm-xiangsheng.com\/?s={search_term_string}\"},\"query-input\":\"required name=search_term_string\"}],\"inLanguage\":\"es\"},{\"@type\":\"Organization\",\"@id\":\"https:\/\/jm-xiangsheng.com\/#organization\",\"name\":\"Xiangsheng - China factory of stainless steel products\",\"url\":\"https:\/\/jm-xiangsheng.com\/\",\"logo\":{\"@type\":\"ImageObject\",\"inLanguage\":\"es\",\"@id\":\"https:\/\/jm-xiangsheng.com\/#\/schema\/logo\/image\/\",\"url\":\"https:\/\/jm-xiangsheng.com\/wp-content\/uploads\/2024\/05\/cropped-\u672a\u6807\u9898-3-\u62f7\u8d1d.png\",\"contentUrl\":\"https:\/\/jm-xiangsheng.com\/wp-content\/uploads\/2024\/05\/cropped-\u672a\u6807\u9898-3-\u62f7\u8d1d.png\",\"width\":490,\"height\":140,\"caption\":\"Xiangsheng - China factory of stainless steel products\"},\"image\":{\"@id\":\"https:\/\/jm-xiangsheng.com\/#\/schema\/logo\/image\/\"}}]}<\/script>\n<!-- \/ Yoast SEO plugin. -->","yoast_head_json":{"title":"Stainless Steel Milk Buckets","description":"Factory OEM ODM full sizes Stainless Steel milk buckets. It is airtight, Leak and spill resistant, it is used for transporting, storing beverage, milk, etc.\u00a0","robots":{"index":"index","follow":"follow","max-snippet":"max-snippet:-1","max-image-preview":"max-image-preview:large","max-video-preview":"max-video-preview:-1"},"canonical":"https:\/\/jm-xiangsheng.com\/es\/product\/milking-bucket\/stainless-steel-small-airtight-milk-bucket-with-handle\/","og_locale":"es_ES","og_type":"article","og_title":"Stainless Steel Milk Buckets","og_description":"Factory OEM ODM full sizes Stainless Steel milk buckets. It is airtight, Leak and spill resistant, it is used for transporting, storing beverage, milk, etc.\u00a0","og_url":"https:\/\/jm-xiangsheng.com\/es\/product\/milking-bucket\/stainless-steel-small-airtight-milk-bucket-with-handle\/","og_site_name":"Xiangsheng - China factory of stainless steel products","article_modified_time":"2025-03-31T03:55:04+00:00","og_image":[{"width":800,"height":800,"url":"http:\/\/jm-xiangsheng.com\/wp-content\/uploads\/2023\/04\/\u4e3b\u56fe5.png","type":"image\/png"}],"twitter_card":"summary_large_image","twitter_misc":{"Tiempo de lectura":"2 minutos"},"schema":{"@context":"https:\/\/schema.org","@graph":[{"@type":"WebPage","@id":"https:\/\/jm-xiangsheng.com\/product\/milking-bucket\/stainless-steel-small-airtight-milk-bucket-with-handle\/","url":"https:\/\/jm-xiangsheng.com\/product\/milking-bucket\/stainless-steel-small-airtight-milk-bucket-with-handle\/","name":"Stainless Steel Milk Buckets","isPartOf":{"@id":"https:\/\/jm-xiangsheng.com\/#website"},"datePublished":"2023-04-18T08:56:32+00:00","dateModified":"2025-03-31T03:55:04+00:00","description":"Factory OEM ODM full sizes Stainless Steel milk buckets. It is airtight, Leak and spill resistant, it is used for transporting, storing beverage, milk, etc.\u00a0","breadcrumb":{"@id":"https:\/\/jm-xiangsheng.com\/product\/milking-bucket\/stainless-steel-small-airtight-milk-bucket-with-handle\/#breadcrumb"},"inLanguage":"es","potentialAction":[{"@type":"ReadAction","target":["https:\/\/jm-xiangsheng.com\/product\/milking-bucket\/stainless-steel-small-airtight-milk-bucket-with-handle\/"]}]},{"@type":"BreadcrumbList","@id":"https:\/\/jm-xiangsheng.com\/product\/milking-bucket\/stainless-steel-small-airtight-milk-bucket-with-handle\/#breadcrumb","itemListElement":[{"@type":"ListItem","position":1,"name":"Home","item":"https:\/\/jm-xiangsheng.com\/"},{"@type":"ListItem","position":2,"name":"Product","item":"https:\/\/jm-xiangsheng.com\/products\/"},{"@type":"ListItem","position":3,"name":"Milking Bucket","item":"https:\/\/jm-xiangsheng.com\/product-category\/milking-bucket\/"},{"@type":"ListItem","position":4,"name":"Stainless Steel small airtight milk buckets with handle"}]},{"@type":"WebSite","@id":"https:\/\/jm-xiangsheng.com\/#website","url":"https:\/\/jm-xiangsheng.com\/","name":"Xiangsheng - China factory of stainless steel products","description":"20 years factory","publisher":{"@id":"https:\/\/jm-xiangsheng.com\/#organization"},"potentialAction":[{"@type":"SearchAction","target":{"@type":"EntryPoint","urlTemplate":"https:\/\/jm-xiangsheng.com\/?s={search_term_string}"},"query-input":"required name=search_term_string"}],"inLanguage":"es"},{"@type":"Organization","@id":"https:\/\/jm-xiangsheng.com\/#organization","name":"Xiangsheng - China factory of stainless steel products","url":"https:\/\/jm-xiangsheng.com\/","logo":{"@type":"ImageObject","inLanguage":"es","@id":"https:\/\/jm-xiangsheng.com\/#\/schema\/logo\/image\/","url":"https:\/\/jm-xiangsheng.com\/wp-content\/uploads\/2024\/05\/cropped-\u672a\u6807\u9898-3-\u62f7\u8d1d.png","contentUrl":"https:\/\/jm-xiangsheng.com\/wp-content\/uploads\/2024\/05\/cropped-\u672a\u6807\u9898-3-\u62f7\u8d1d.png","width":490,"height":140,"caption":"Xiangsheng - China factory of stainless steel products"},"image":{"@id":"https:\/\/jm-xiangsheng.com\/#\/schema\/logo\/image\/"}}]}},"_links":{"self":[{"href":"https:\/\/jm-xiangsheng.com\/es\/wp-json\/wp\/v2\/product\/11132","targetHints":{"allow":["GET"]}}],"collection":[{"href":"https:\/\/jm-xiangsheng.com\/es\/wp-json\/wp\/v2\/product"}],"about":[{"href":"https:\/\/jm-xiangsheng.com\/es\/wp-json\/wp\/v2\/types\/product"}],"wp:featuredmedia":[{"embeddable":true,"href":"https:\/\/jm-xiangsheng.com\/es\/wp-json\/wp\/v2\/media\/11137"}],"wp:attachment":[{"href":"https:\/\/jm-xiangsheng.com\/es\/wp-json\/wp\/v2\/media?parent=11132"}],"wp:term":[{"taxonomy":"product_cat","embeddable":true,"href":"https:\/\/jm-xiangsheng.com\/es\/wp-json\/wp\/v2\/product_cat?post=11132"},{"taxonomy":"product_tag","embeddable":true,"href":"https:\/\/jm-xiangsheng.com\/es\/wp-json\/wp\/v2\/product_tag?post=11132"}],"curies":[{"name":"wp","href":"https:\/\/api.w.org\/{rel}","templated":true}]}}