{"id":5958,"date":"2022-08-10T22:42:45","date_gmt":"2022-08-10T14:42:45","guid":{"rendered":"https:\/\/jm-xiangsheng.com\/?post_type=product&#038;p=5958"},"modified":"2025-03-31T16:38:22","modified_gmt":"2025-03-31T08:38:22","slug":"foldable-hand-push-platform-trolley-cart","status":"publish","type":"product","link":"https:\/\/jm-xiangsheng.com\/de\/produkt\/commercial-kitchenware\/stainless-steel-trolleys-carts\/foldable-hand-push-platform-trolley-cart\/","title":{"rendered":"Zusammenklappbarer Handschiebewagen"},"content":{"rendered":"Sehr geehrter Kunde, wir produzieren Plattformwagen von Standard- bis zu kundenspezifischen Gr\u00f6\u00dfen, von klein bis riesig.  Standardgr\u00f6\u00dfen Formen und viele exklusive Formen. Wir k\u00f6nnen auch f\u00fcr Sie anpassen!!!\r\n\r\n<span style=\"color: #ed1c24;\"><b>Rufen Sie uns an, damit wir die Details besprechen k\u00f6nnen.<\/b><\/span>\r\n\r\n&nbsp;\r\n\r\n---------------------------------------------\r\n\r\n<!-- \/wp:post-content --><!-- wp:heading {\"editorskit_typography\":{\"family\":\"\",\"name\":\"\",\"weight\":\"\"}} -->\r\n<h2 class=\"wp-block-heading\"><strong><a class=\"ek-link\" href=\"https:\/\/jm-xiangsheng.com\/de\/about-xiangsheng\/\">Xiangsheng\u00a0<em>Fabrik<\/em><\/a><\/strong><\/h2>\r\n<!-- \/wp:heading --><!-- wp:paragraph -->\r\n\r\nXiangsheng ist eine Fabrik mit Sitz in <strong>2005<\/strong> mit umfangreicher Erfahrung, <strong>Herstellung von Produkten aus rostfreiem Stahl<\/strong>\u00a0mit Sitz in\u00a0<em>China<\/em>. Unten sind unsere wichtigsten 7 Werte. Wenn Sie Interesse an der Einfuhr von Br\u00fche Topf, f\u00fchlen sich frei zu\u00a0<strong>KONTAKT<\/strong>\u00a0uns.\r\n\r\n<!-- \/wp:paragraph --><!-- wp:spacer {\"height\":\"41px\",\"editorskit_typography\":{\"family\":\"\",\"name\":\"\",\"weight\":\"\"}} -->\r\n<div class=\"wp-block-spacer\" aria-hidden=\"true\"><\/div>\r\n<!-- \/wp:spacer --><!-- wp:paragraph -->\r\n\r\n<strong>1) Ingenieur Technische Unterst\u00fctzung<\/strong>-Materialarten, Stile, Zeichnungen.\r\n\r\n<!-- \/wp:paragraph --><!-- wp:paragraph -->\r\n\r\n<strong>2) Muster verf\u00fcgbar, konkurrenzf\u00e4higer Gro\u00dfhandelspreis<\/strong>- Probe ist akzeptabel, und beginnen von moq 20pcs, bieten wir aus erster Hand ex-<em>Werk<\/em>\u00a0Preis, kein Mittelsmann!\r\n\r\n<!-- \/wp:paragraph --><!-- wp:paragraph -->\r\n\r\n<strong>3) Pr\u00fcfbericht<\/strong>Material aus rostfreiem Stahl -201 oder 304, SGS-gepr\u00fcft.\r\n\r\n<!-- \/wp:paragraph --><!-- wp:paragraph -->\r\n\r\n<strong>4) Produktbilder<\/strong>-F\u00fchlen Sie sich nie hilflos bei der Vermarktung! Wir bieten Ihnen Bilder an, wenn Sie sie brauchen. Wenn wir das Produkt produzieren, werden wir auch Fotos f\u00fcr Sie machen, damit Sie den Fortschritt sehen k\u00f6nnen. So, wenn Sie irgendwelche Probleme finden, k\u00f6nnen Sie uns so schnell bemerken, bevor Sie gro\u00dfe Fehler machen.\r\n\r\n<!-- \/wp:paragraph --><!-- wp:paragraph -->\r\n\r\n<strong>5) Inspektionsvideos<\/strong>-Nachdem wir die Ware fertiggestellt haben, k\u00f6nnen wir Ihnen Videos zur besseren Beurteilung zeigen. So k\u00f6nnen Sie uns sagen, welche Teile Sie vor dem Versand zu verbessern m\u00f6chten.\r\n\r\n<!-- \/wp:paragraph --><!-- wp:paragraph -->\r\n\r\n<strong>6) Anleitung zum Kauf von Milcheimern von <em>China<\/em><\/strong>-Basierend auf Ihrer Anfrage, k\u00f6nnen wir EXW, FOB, CIF oder DDP Preis anbieten. Unsere Spediteure bieten g\u00fcnstige Fracht, helfen Sie mehr zu sparen! Wenn Sie Ihre Versand-Agenten haben, k\u00f6nnen Sie sie auch ernennen.\r\n\r\n<!-- \/wp:paragraph --><!-- wp:paragraph -->\r\n\r\n------------------------\r\n\r\n<!-- \/wp:paragraph -->\r\n<h3><span style=\"color: #ed1c24;\"><b>Rufen Sie uns an, damit wir die Details besprechen k\u00f6nnen.<\/b><\/span><\/h3>\r\n&nbsp;\r\n<h3><a href=\"https:\/\/youtu.be\/9INHbf257ho\">Produkt-Video:<\/a><\/h3>","protected":false},"excerpt":{"rendered":"<p><span style=\"color: #808080;\">Fabrik direkt liefern Edelstahl Plattformwagen. Dieser Wagen ist aus schwerem Edelstahl ( 1,0, 1,2 mm dick), ist es in der Lage, reibungslos zu transportieren bis zu <strong>300kgs.<\/strong><\/span><\/p>\n<p><strong>Merkmale:<\/strong><\/p>\n<ul>\n<li>Echter Edelstahl\uff1a - rostfrei und korrosionsbest\u00e4ndig<\/li>\n<li>Breite Anwendung: Lager, Garage, Restaurant, K\u00fcche, Home Office.<\/li>\n<li>Mehrere Gr\u00f6\u00dfen: S, M, L, XL<\/li>\n<li>Leicht zu reinigen: Mit Sp\u00fclmittel reinigen und trocken wischen.<\/li>\n<\/ul>\n<p>&nbsp;<\/p>\n<p><strong>MOQ: 20 St\u00fcck pro Bestellung<\/strong><\/p>\n<div class=\"product-short-description\">\n<p><strong>Preisspanne: <span style=\"color: #ff0000;\">37USD<\/span> (Fragen Sie nach einem detaillierten Angebot)<\/strong><\/p>\n<\/div>","protected":false},"featured_media":5961,"template":"","meta":{"_seopress_robots_primary_cat":"none","_editorskit_title_hidden":false,"_editorskit_reading_time":0,"_editorskit_is_block_options_detached":false,"_editorskit_block_options_position":"{}","_editorskit_typography_data":[],"_editorskit_blocks_typography":""},"product_cat":[37],"product_tag":[],"class_list":["post-5958","product","type-product","status-publish","has-post-thumbnail","hentry","product_cat-stainless-steel-trolleys-carts"],"yoast_head":"<!-- This site is optimized with the Yoast SEO plugin v21.4 - https:\/\/yoast.com\/wordpress\/plugins\/seo\/ -->\n<title>Foldable Hand push platform trolley cart<\/title>\n<meta name=\"description\" content=\"We produce platform trolley cart from standard to custom sizes, from tiny to giant.\u00a0 Standard sizes molds and many exclusive molds.\" \/>\n<meta name=\"robots\" content=\"index, follow, max-snippet:-1, max-image-preview:large, max-video-preview:-1\" \/>\n<link rel=\"canonical\" href=\"https:\/\/jm-xiangsheng.com\/de\/product\/commercial-kitchenware\/stainless-steel-trolleys-carts\/foldable-hand-push-platform-trolley-cart\/\" \/>\n<meta property=\"og:locale\" content=\"de_DE\" \/>\n<meta property=\"og:type\" content=\"article\" \/>\n<meta property=\"og:title\" content=\"Foldable Hand push platform trolley cart\" \/>\n<meta property=\"og:description\" content=\"We produce platform trolley cart from standard to custom sizes, from tiny to giant.\u00a0 Standard sizes molds and many exclusive molds.\" \/>\n<meta property=\"og:url\" content=\"https:\/\/jm-xiangsheng.com\/de\/product\/commercial-kitchenware\/stainless-steel-trolleys-carts\/foldable-hand-push-platform-trolley-cart\/\" \/>\n<meta property=\"og:site_name\" content=\"Xiangsheng - China factory of stainless steel products\" \/>\n<meta property=\"article:modified_time\" content=\"2025-03-31T08:38:22+00:00\" \/>\n<meta property=\"og:image\" content=\"http:\/\/jm-xiangsheng.com\/wp-content\/uploads\/2022\/08\/\u5e73\u677f\u8f66-1.jpg\" \/>\n\t<meta property=\"og:image:width\" content=\"750\" \/>\n\t<meta property=\"og:image:height\" content=\"750\" \/>\n\t<meta property=\"og:image:type\" content=\"image\/jpeg\" \/>\n<meta name=\"twitter:card\" content=\"summary_large_image\" \/>\n<meta name=\"twitter:label1\" content=\"Gesch\u00e4tzte Lesezeit\" \/>\n\t<meta name=\"twitter:data1\" content=\"2\u00a0Minuten\" \/>\n<script type=\"application\/ld+json\" class=\"yoast-schema-graph\">{\"@context\":\"https:\/\/schema.org\",\"@graph\":[{\"@type\":\"WebPage\",\"@id\":\"https:\/\/jm-xiangsheng.com\/product\/commercial-kitchenware\/stainless-steel-trolleys-carts\/foldable-hand-push-platform-trolley-cart\/\",\"url\":\"https:\/\/jm-xiangsheng.com\/product\/commercial-kitchenware\/stainless-steel-trolleys-carts\/foldable-hand-push-platform-trolley-cart\/\",\"name\":\"Foldable Hand push platform trolley cart\",\"isPartOf\":{\"@id\":\"https:\/\/jm-xiangsheng.com\/#website\"},\"datePublished\":\"2022-08-10T14:42:45+00:00\",\"dateModified\":\"2025-03-31T08:38:22+00:00\",\"description\":\"We produce platform trolley cart from standard to custom sizes, from tiny to giant.\u00a0 Standard sizes molds and many exclusive molds.\",\"breadcrumb\":{\"@id\":\"https:\/\/jm-xiangsheng.com\/product\/commercial-kitchenware\/stainless-steel-trolleys-carts\/foldable-hand-push-platform-trolley-cart\/#breadcrumb\"},\"inLanguage\":\"de\",\"potentialAction\":[{\"@type\":\"ReadAction\",\"target\":[\"https:\/\/jm-xiangsheng.com\/product\/commercial-kitchenware\/stainless-steel-trolleys-carts\/foldable-hand-push-platform-trolley-cart\/\"]}]},{\"@type\":\"BreadcrumbList\",\"@id\":\"https:\/\/jm-xiangsheng.com\/product\/commercial-kitchenware\/stainless-steel-trolleys-carts\/foldable-hand-push-platform-trolley-cart\/#breadcrumb\",\"itemListElement\":[{\"@type\":\"ListItem\",\"position\":1,\"name\":\"Home\",\"item\":\"https:\/\/jm-xiangsheng.com\/\"},{\"@type\":\"ListItem\",\"position\":2,\"name\":\"Product\",\"item\":\"https:\/\/jm-xiangsheng.com\/products\/\"},{\"@type\":\"ListItem\",\"position\":3,\"name\":\"Commercial kitchenware\",\"item\":\"https:\/\/jm-xiangsheng.com\/product-category\/commercial-kitchenware\/\"},{\"@type\":\"ListItem\",\"position\":4,\"name\":\"Trolley &amp; cart\",\"item\":\"https:\/\/jm-xiangsheng.com\/product-category\/commercial-kitchenware\/stainless-steel-trolleys-carts\/\"},{\"@type\":\"ListItem\",\"position\":5,\"name\":\"Foldable Hand push platform trolley cart\"}]},{\"@type\":\"WebSite\",\"@id\":\"https:\/\/jm-xiangsheng.com\/#website\",\"url\":\"https:\/\/jm-xiangsheng.com\/\",\"name\":\"Xiangsheng - China factory of stainless steel products\",\"description\":\"20 years factory\",\"publisher\":{\"@id\":\"https:\/\/jm-xiangsheng.com\/#organization\"},\"potentialAction\":[{\"@type\":\"SearchAction\",\"target\":{\"@type\":\"EntryPoint\",\"urlTemplate\":\"https:\/\/jm-xiangsheng.com\/?s={search_term_string}\"},\"query-input\":\"required name=search_term_string\"}],\"inLanguage\":\"de\"},{\"@type\":\"Organization\",\"@id\":\"https:\/\/jm-xiangsheng.com\/#organization\",\"name\":\"Xiangsheng - China factory of stainless steel products\",\"url\":\"https:\/\/jm-xiangsheng.com\/\",\"logo\":{\"@type\":\"ImageObject\",\"inLanguage\":\"de\",\"@id\":\"https:\/\/jm-xiangsheng.com\/#\/schema\/logo\/image\/\",\"url\":\"https:\/\/jm-xiangsheng.com\/wp-content\/uploads\/2024\/05\/cropped-\u672a\u6807\u9898-3-\u62f7\u8d1d.png\",\"contentUrl\":\"https:\/\/jm-xiangsheng.com\/wp-content\/uploads\/2024\/05\/cropped-\u672a\u6807\u9898-3-\u62f7\u8d1d.png\",\"width\":490,\"height\":140,\"caption\":\"Xiangsheng - China factory of stainless steel products\"},\"image\":{\"@id\":\"https:\/\/jm-xiangsheng.com\/#\/schema\/logo\/image\/\"}}]}<\/script>\n<!-- \/ Yoast SEO plugin. -->","yoast_head_json":{"title":"Foldable Hand push platform trolley cart","description":"We produce platform trolley cart from standard to custom sizes, from tiny to giant.\u00a0 Standard sizes molds and many exclusive molds.","robots":{"index":"index","follow":"follow","max-snippet":"max-snippet:-1","max-image-preview":"max-image-preview:large","max-video-preview":"max-video-preview:-1"},"canonical":"https:\/\/jm-xiangsheng.com\/de\/product\/commercial-kitchenware\/stainless-steel-trolleys-carts\/foldable-hand-push-platform-trolley-cart\/","og_locale":"de_DE","og_type":"article","og_title":"Foldable Hand push platform trolley cart","og_description":"We produce platform trolley cart from standard to custom sizes, from tiny to giant.\u00a0 Standard sizes molds and many exclusive molds.","og_url":"https:\/\/jm-xiangsheng.com\/de\/product\/commercial-kitchenware\/stainless-steel-trolleys-carts\/foldable-hand-push-platform-trolley-cart\/","og_site_name":"Xiangsheng - China factory of stainless steel products","article_modified_time":"2025-03-31T08:38:22+00:00","og_image":[{"width":750,"height":750,"url":"http:\/\/jm-xiangsheng.com\/wp-content\/uploads\/2022\/08\/\u5e73\u677f\u8f66-1.jpg","type":"image\/jpeg"}],"twitter_card":"summary_large_image","twitter_misc":{"Gesch\u00e4tzte Lesezeit":"2\u00a0Minuten"},"schema":{"@context":"https:\/\/schema.org","@graph":[{"@type":"WebPage","@id":"https:\/\/jm-xiangsheng.com\/product\/commercial-kitchenware\/stainless-steel-trolleys-carts\/foldable-hand-push-platform-trolley-cart\/","url":"https:\/\/jm-xiangsheng.com\/product\/commercial-kitchenware\/stainless-steel-trolleys-carts\/foldable-hand-push-platform-trolley-cart\/","name":"Foldable Hand push platform trolley cart","isPartOf":{"@id":"https:\/\/jm-xiangsheng.com\/#website"},"datePublished":"2022-08-10T14:42:45+00:00","dateModified":"2025-03-31T08:38:22+00:00","description":"We produce platform trolley cart from standard to custom sizes, from tiny to giant.\u00a0 Standard sizes molds and many exclusive molds.","breadcrumb":{"@id":"https:\/\/jm-xiangsheng.com\/product\/commercial-kitchenware\/stainless-steel-trolleys-carts\/foldable-hand-push-platform-trolley-cart\/#breadcrumb"},"inLanguage":"de","potentialAction":[{"@type":"ReadAction","target":["https:\/\/jm-xiangsheng.com\/product\/commercial-kitchenware\/stainless-steel-trolleys-carts\/foldable-hand-push-platform-trolley-cart\/"]}]},{"@type":"BreadcrumbList","@id":"https:\/\/jm-xiangsheng.com\/product\/commercial-kitchenware\/stainless-steel-trolleys-carts\/foldable-hand-push-platform-trolley-cart\/#breadcrumb","itemListElement":[{"@type":"ListItem","position":1,"name":"Home","item":"https:\/\/jm-xiangsheng.com\/"},{"@type":"ListItem","position":2,"name":"Product","item":"https:\/\/jm-xiangsheng.com\/products\/"},{"@type":"ListItem","position":3,"name":"Commercial kitchenware","item":"https:\/\/jm-xiangsheng.com\/product-category\/commercial-kitchenware\/"},{"@type":"ListItem","position":4,"name":"Trolley &amp; cart","item":"https:\/\/jm-xiangsheng.com\/product-category\/commercial-kitchenware\/stainless-steel-trolleys-carts\/"},{"@type":"ListItem","position":5,"name":"Foldable Hand push platform trolley cart"}]},{"@type":"WebSite","@id":"https:\/\/jm-xiangsheng.com\/#website","url":"https:\/\/jm-xiangsheng.com\/","name":"Xiangsheng - China factory of stainless steel products","description":"20 years factory","publisher":{"@id":"https:\/\/jm-xiangsheng.com\/#organization"},"potentialAction":[{"@type":"SearchAction","target":{"@type":"EntryPoint","urlTemplate":"https:\/\/jm-xiangsheng.com\/?s={search_term_string}"},"query-input":"required name=search_term_string"}],"inLanguage":"de"},{"@type":"Organization","@id":"https:\/\/jm-xiangsheng.com\/#organization","name":"Xiangsheng - China factory of stainless steel products","url":"https:\/\/jm-xiangsheng.com\/","logo":{"@type":"ImageObject","inLanguage":"de","@id":"https:\/\/jm-xiangsheng.com\/#\/schema\/logo\/image\/","url":"https:\/\/jm-xiangsheng.com\/wp-content\/uploads\/2024\/05\/cropped-\u672a\u6807\u9898-3-\u62f7\u8d1d.png","contentUrl":"https:\/\/jm-xiangsheng.com\/wp-content\/uploads\/2024\/05\/cropped-\u672a\u6807\u9898-3-\u62f7\u8d1d.png","width":490,"height":140,"caption":"Xiangsheng - China factory of stainless steel products"},"image":{"@id":"https:\/\/jm-xiangsheng.com\/#\/schema\/logo\/image\/"}}]}},"_links":{"self":[{"href":"https:\/\/jm-xiangsheng.com\/de\/wp-json\/wp\/v2\/product\/5958","targetHints":{"allow":["GET"]}}],"collection":[{"href":"https:\/\/jm-xiangsheng.com\/de\/wp-json\/wp\/v2\/product"}],"about":[{"href":"https:\/\/jm-xiangsheng.com\/de\/wp-json\/wp\/v2\/types\/product"}],"wp:featuredmedia":[{"embeddable":true,"href":"https:\/\/jm-xiangsheng.com\/de\/wp-json\/wp\/v2\/media\/5961"}],"wp:attachment":[{"href":"https:\/\/jm-xiangsheng.com\/de\/wp-json\/wp\/v2\/media?parent=5958"}],"wp:term":[{"taxonomy":"product_cat","embeddable":true,"href":"https:\/\/jm-xiangsheng.com\/de\/wp-json\/wp\/v2\/product_cat?post=5958"},{"taxonomy":"product_tag","embeddable":true,"href":"https:\/\/jm-xiangsheng.com\/de\/wp-json\/wp\/v2\/product_tag?post=5958"}],"curies":[{"name":"wp","href":"https:\/\/api.w.org\/{rel}","templated":true}]}}