{"id":5932,"date":"2022-08-10T17:49:07","date_gmt":"2022-08-10T09:49:07","guid":{"rendered":"https:\/\/jm-xiangsheng.com\/?post_type=product&#038;p=5932"},"modified":"2025-03-31T16:51:59","modified_gmt":"2025-03-31T08:51:59","slug":"square-tube-2-layer-beverage-drink-serving-trolley","status":"publish","type":"product","link":"https:\/\/jm-xiangsheng.com\/de\/produkt\/commercial-kitchenware\/stainless-steel-trolleys-carts\/square-tube-2-layer-beverage-drink-serving-trolley\/","title":{"rendered":"Getr\u00e4nkewagen aus Quadratrohr mit 2 Schichten"},"content":{"rendered":"<p>Sehr geehrter Kunde, wir produzieren Getr\u00e4nkewagen von Standard- bis zu kundenspezifischen Gr\u00f6\u00dfen, von klein bis riesig.  Standardgr\u00f6\u00dfen Formen und viele exklusive Formen. Wir k\u00f6nnen auch f\u00fcr Sie anpassen!!! <span style=\"color: #ed1c24;\"><b>Rufen Sie uns an, damit wir die Details besprechen k\u00f6nnen.<\/b><\/span> \u00a0<\/p>\r\n<p>---------------------------------------------<\/p>\r\n<!-- \/wp:post-content -->\r\n\r\n<!-- wp:heading {\"editorskit_typography\":{\"family\":\"\",\"name\":\"\",\"weight\":\"\"}} -->\r\n<h2 class=\"wp-block-heading\"><strong><a class=\"ek-link\" href=\"https:\/\/jm-xiangsheng.com\/de\/about-xiangsheng\/\">Xiangsheng\u00a0<em>Fabrik<\/em><\/a><\/strong><\/h2>\r\n<!-- \/wp:heading -->\r\n\r\n<!-- wp:paragraph -->\r\n<p>Xiangsheng ist eine Fabrik mit Sitz in <strong>2005<\/strong> mit umfangreicher Erfahrung, <strong>Herstellung von Produkten aus rostfreiem Stahl<\/strong>\u00a0mit Sitz in\u00a0<em>China<\/em>. Unten sind unsere wichtigsten 7 Werte. Wenn Sie Interesse an der Einfuhr von Br\u00fche Topf, f\u00fchlen sich frei zu\u00a0<strong>KONTAKT<\/strong>\u00a0uns.<\/p>\r\n<!-- \/wp:paragraph -->\r\n\r\n<!-- wp:spacer {\"height\":\"41px\",\"editorskit_typography\":{\"family\":\"\",\"name\":\"\",\"weight\":\"\"}} -->\r\n<div class=\"wp-block-spacer\" aria-hidden=\"true\">\u00a0<\/div>\r\n<!-- \/wp:spacer -->\r\n\r\n<!-- wp:paragraph -->\r\n<p><strong>1) Ingenieur Technische Unterst\u00fctzung<\/strong>-Materialarten, Stile, Zeichnungen.<\/p>\r\n<!-- \/wp:paragraph -->\r\n\r\n<!-- wp:paragraph -->\r\n<p><strong>2) Muster verf\u00fcgbar, konkurrenzf\u00e4higer Gro\u00dfhandelspreis<\/strong>- Probe ist akzeptabel, und beginnen von moq 20pcs, bieten wir aus erster Hand ex-<em>Werk<\/em>\u00a0Preis, kein Mittelsmann!<\/p>\r\n<!-- \/wp:paragraph -->\r\n\r\n<!-- wp:paragraph -->\r\n<p><strong>3) Pr\u00fcfbericht<\/strong>Material aus rostfreiem Stahl -201 oder 304, SGS-gepr\u00fcft.<\/p>\r\n<!-- \/wp:paragraph -->\r\n\r\n<!-- wp:paragraph -->\r\n<p><strong>4) Produktbilder<\/strong>-F\u00fchlen Sie sich nie hilflos bei der Vermarktung! Wir bieten Ihnen Bilder an, wenn Sie sie brauchen. Wenn wir das Produkt produzieren, werden wir auch Fotos f\u00fcr Sie machen, damit Sie den Fortschritt sehen k\u00f6nnen. So, wenn Sie irgendwelche Probleme finden, k\u00f6nnen Sie uns so schnell bemerken, bevor Sie gro\u00dfe Fehler machen.<\/p>\r\n<!-- \/wp:paragraph -->\r\n\r\n<!-- wp:paragraph -->\r\n<p><strong>5) Inspektionsvideos<\/strong>-Nachdem wir die Ware fertiggestellt haben, k\u00f6nnen wir Ihnen Videos zur besseren Beurteilung zeigen. So k\u00f6nnen Sie uns sagen, welche Teile Sie vor dem Versand zu verbessern m\u00f6chten.<\/p>\r\n<!-- \/wp:paragraph -->\r\n\r\n<!-- wp:paragraph -->\r\n<p><strong>6) Anleitung zum Kauf von Milcheimern von <em>China<\/em><\/strong>-Basierend auf Ihrer Anfrage, k\u00f6nnen wir EXW, FOB, CIF oder DDP Preis anbieten. Unsere Spediteure bieten g\u00fcnstige Fracht, helfen Sie mehr zu sparen! Wenn Sie Ihre Versand-Agenten haben, k\u00f6nnen Sie sie auch ernennen.<\/p>\r\n<!-- \/wp:paragraph -->\r\n\r\n<!-- wp:paragraph -->\r\n<p>------------------------<\/p>\r\n<!-- \/wp:paragraph -->\r\n<h3><span style=\"color: #ed1c24;\"><b>Rufen Sie uns an, damit wir die Details besprechen k\u00f6nnen.<\/b><\/span><\/h3>\r\n<p>&nbsp;<\/p>\r\n<h3><a href=\"https:\/\/youtu.be\/n1CBfaF22dY\">Produkt-Video:<\/a><\/h3>","protected":false},"excerpt":{"rendered":"<p><strong><span style=\"color: #808080;\">Fabrik direkt liefern Edelstahl Trolly Wagen. Dieser Trolley-Wagen ist aus schwerem Edelstahl gefertigt, Es ist in der Lage, reibungslos zu transportieren bis zu 180 Pfund.<\/span><\/strong> <strong>Merkmale:<\/strong><\/p>\n<ul>\n<li>201 Edelstahl\uff1aRostschutz und Korrosionsschutz<\/li>\n<li>Breite Anwendung: Restaurant, K\u00fcche, Home Office, Esszimmer, Garage.<\/li>\n<li>Mehrere Gr\u00f6\u00dfen: klein, mittel und gro\u00df<\/li>\n<li>Leicht zu reinigen: Mit Sp\u00fclmittel reinigen und trocken wischen.<\/li>\n<\/ul>\n<div class=\"product-short-description\">\u00a0 <strong>Preisspanne: 28 USD (bitte um ein aktuelles Angebot)<\/strong><\/div>","protected":false},"featured_media":11329,"template":"","meta":{"_seopress_robots_primary_cat":"none","_editorskit_title_hidden":false,"_editorskit_reading_time":0,"_editorskit_is_block_options_detached":false,"_editorskit_block_options_position":"{}","_editorskit_typography_data":[],"_editorskit_blocks_typography":""},"product_cat":[37],"product_tag":[],"class_list":["post-5932","product","type-product","status-publish","has-post-thumbnail","hentry","product_cat-stainless-steel-trolleys-carts"],"yoast_head":"<!-- This site is optimized with the Yoast SEO plugin v21.4 - https:\/\/yoast.com\/wordpress\/plugins\/seo\/ -->\n<title>Drink Serving trolley<\/title>\n<meta name=\"description\" content=\"we produce drink serving trolley from standard to custom sizes, from tiny to giant.\u00a0 Standard sizes molds and many exclusive molds.\" \/>\n<meta name=\"robots\" content=\"index, follow, max-snippet:-1, max-image-preview:large, max-video-preview:-1\" \/>\n<link rel=\"canonical\" href=\"https:\/\/jm-xiangsheng.com\/de\/product\/commercial-kitchenware\/stainless-steel-trolleys-carts\/square-tube-2-layer-beverage-drink-serving-trolley\/\" \/>\n<meta property=\"og:locale\" content=\"de_DE\" \/>\n<meta property=\"og:type\" content=\"article\" \/>\n<meta property=\"og:title\" content=\"Drink Serving trolley\" \/>\n<meta property=\"og:description\" content=\"we produce drink serving trolley from standard to custom sizes, from tiny to giant.\u00a0 Standard sizes molds and many exclusive molds.\" \/>\n<meta property=\"og:url\" content=\"https:\/\/jm-xiangsheng.com\/de\/product\/commercial-kitchenware\/stainless-steel-trolleys-carts\/square-tube-2-layer-beverage-drink-serving-trolley\/\" \/>\n<meta property=\"og:site_name\" content=\"Xiangsheng - China factory of stainless steel products\" \/>\n<meta property=\"article:modified_time\" content=\"2025-03-31T08:51:59+00:00\" \/>\n<meta property=\"og:image\" content=\"http:\/\/jm-xiangsheng.com\/wp-content\/uploads\/2022\/08\/\u9152\u6c34\u8f66-2.jpg\" \/>\n\t<meta property=\"og:image:width\" content=\"750\" \/>\n\t<meta property=\"og:image:height\" content=\"750\" \/>\n\t<meta property=\"og:image:type\" content=\"image\/jpeg\" \/>\n<meta name=\"twitter:card\" content=\"summary_large_image\" \/>\n<meta name=\"twitter:label1\" content=\"Gesch\u00e4tzte Lesezeit\" \/>\n\t<meta name=\"twitter:data1\" content=\"2\u00a0Minuten\" \/>\n<script type=\"application\/ld+json\" class=\"yoast-schema-graph\">{\"@context\":\"https:\/\/schema.org\",\"@graph\":[{\"@type\":\"WebPage\",\"@id\":\"https:\/\/jm-xiangsheng.com\/product\/commercial-kitchenware\/stainless-steel-trolleys-carts\/square-tube-2-layer-beverage-drink-serving-trolley\/\",\"url\":\"https:\/\/jm-xiangsheng.com\/product\/commercial-kitchenware\/stainless-steel-trolleys-carts\/square-tube-2-layer-beverage-drink-serving-trolley\/\",\"name\":\"Drink Serving trolley\",\"isPartOf\":{\"@id\":\"https:\/\/jm-xiangsheng.com\/#website\"},\"datePublished\":\"2022-08-10T09:49:07+00:00\",\"dateModified\":\"2025-03-31T08:51:59+00:00\",\"description\":\"we produce drink serving trolley from standard to custom sizes, from tiny to giant.\u00a0 Standard sizes molds and many exclusive molds.\",\"breadcrumb\":{\"@id\":\"https:\/\/jm-xiangsheng.com\/product\/commercial-kitchenware\/stainless-steel-trolleys-carts\/square-tube-2-layer-beverage-drink-serving-trolley\/#breadcrumb\"},\"inLanguage\":\"de\",\"potentialAction\":[{\"@type\":\"ReadAction\",\"target\":[\"https:\/\/jm-xiangsheng.com\/product\/commercial-kitchenware\/stainless-steel-trolleys-carts\/square-tube-2-layer-beverage-drink-serving-trolley\/\"]}]},{\"@type\":\"BreadcrumbList\",\"@id\":\"https:\/\/jm-xiangsheng.com\/product\/commercial-kitchenware\/stainless-steel-trolleys-carts\/square-tube-2-layer-beverage-drink-serving-trolley\/#breadcrumb\",\"itemListElement\":[{\"@type\":\"ListItem\",\"position\":1,\"name\":\"Home\",\"item\":\"https:\/\/jm-xiangsheng.com\/\"},{\"@type\":\"ListItem\",\"position\":2,\"name\":\"Product\",\"item\":\"https:\/\/jm-xiangsheng.com\/products\/\"},{\"@type\":\"ListItem\",\"position\":3,\"name\":\"Commercial kitchenware\",\"item\":\"https:\/\/jm-xiangsheng.com\/product-category\/commercial-kitchenware\/\"},{\"@type\":\"ListItem\",\"position\":4,\"name\":\"Trolley &amp; cart\",\"item\":\"https:\/\/jm-xiangsheng.com\/product-category\/commercial-kitchenware\/stainless-steel-trolleys-carts\/\"},{\"@type\":\"ListItem\",\"position\":5,\"name\":\"Square tube 2 layer beverage drink serving trolley\"}]},{\"@type\":\"WebSite\",\"@id\":\"https:\/\/jm-xiangsheng.com\/#website\",\"url\":\"https:\/\/jm-xiangsheng.com\/\",\"name\":\"Xiangsheng - China factory of stainless steel products\",\"description\":\"20 years factory\",\"publisher\":{\"@id\":\"https:\/\/jm-xiangsheng.com\/#organization\"},\"potentialAction\":[{\"@type\":\"SearchAction\",\"target\":{\"@type\":\"EntryPoint\",\"urlTemplate\":\"https:\/\/jm-xiangsheng.com\/?s={search_term_string}\"},\"query-input\":\"required name=search_term_string\"}],\"inLanguage\":\"de\"},{\"@type\":\"Organization\",\"@id\":\"https:\/\/jm-xiangsheng.com\/#organization\",\"name\":\"Xiangsheng - China factory of stainless steel products\",\"url\":\"https:\/\/jm-xiangsheng.com\/\",\"logo\":{\"@type\":\"ImageObject\",\"inLanguage\":\"de\",\"@id\":\"https:\/\/jm-xiangsheng.com\/#\/schema\/logo\/image\/\",\"url\":\"https:\/\/jm-xiangsheng.com\/wp-content\/uploads\/2024\/05\/cropped-\u672a\u6807\u9898-3-\u62f7\u8d1d.png\",\"contentUrl\":\"https:\/\/jm-xiangsheng.com\/wp-content\/uploads\/2024\/05\/cropped-\u672a\u6807\u9898-3-\u62f7\u8d1d.png\",\"width\":490,\"height\":140,\"caption\":\"Xiangsheng - China factory of stainless steel products\"},\"image\":{\"@id\":\"https:\/\/jm-xiangsheng.com\/#\/schema\/logo\/image\/\"}}]}<\/script>\n<!-- \/ Yoast SEO plugin. -->","yoast_head_json":{"title":"Drink Serving trolley","description":"we produce drink serving trolley from standard to custom sizes, from tiny to giant.\u00a0 Standard sizes molds and many exclusive molds.","robots":{"index":"index","follow":"follow","max-snippet":"max-snippet:-1","max-image-preview":"max-image-preview:large","max-video-preview":"max-video-preview:-1"},"canonical":"https:\/\/jm-xiangsheng.com\/de\/product\/commercial-kitchenware\/stainless-steel-trolleys-carts\/square-tube-2-layer-beverage-drink-serving-trolley\/","og_locale":"de_DE","og_type":"article","og_title":"Drink Serving trolley","og_description":"we produce drink serving trolley from standard to custom sizes, from tiny to giant.\u00a0 Standard sizes molds and many exclusive molds.","og_url":"https:\/\/jm-xiangsheng.com\/de\/product\/commercial-kitchenware\/stainless-steel-trolleys-carts\/square-tube-2-layer-beverage-drink-serving-trolley\/","og_site_name":"Xiangsheng - China factory of stainless steel products","article_modified_time":"2025-03-31T08:51:59+00:00","og_image":[{"width":750,"height":750,"url":"http:\/\/jm-xiangsheng.com\/wp-content\/uploads\/2022\/08\/\u9152\u6c34\u8f66-2.jpg","type":"image\/jpeg"}],"twitter_card":"summary_large_image","twitter_misc":{"Gesch\u00e4tzte Lesezeit":"2\u00a0Minuten"},"schema":{"@context":"https:\/\/schema.org","@graph":[{"@type":"WebPage","@id":"https:\/\/jm-xiangsheng.com\/product\/commercial-kitchenware\/stainless-steel-trolleys-carts\/square-tube-2-layer-beverage-drink-serving-trolley\/","url":"https:\/\/jm-xiangsheng.com\/product\/commercial-kitchenware\/stainless-steel-trolleys-carts\/square-tube-2-layer-beverage-drink-serving-trolley\/","name":"Drink Serving trolley","isPartOf":{"@id":"https:\/\/jm-xiangsheng.com\/#website"},"datePublished":"2022-08-10T09:49:07+00:00","dateModified":"2025-03-31T08:51:59+00:00","description":"we produce drink serving trolley from standard to custom sizes, from tiny to giant.\u00a0 Standard sizes molds and many exclusive molds.","breadcrumb":{"@id":"https:\/\/jm-xiangsheng.com\/product\/commercial-kitchenware\/stainless-steel-trolleys-carts\/square-tube-2-layer-beverage-drink-serving-trolley\/#breadcrumb"},"inLanguage":"de","potentialAction":[{"@type":"ReadAction","target":["https:\/\/jm-xiangsheng.com\/product\/commercial-kitchenware\/stainless-steel-trolleys-carts\/square-tube-2-layer-beverage-drink-serving-trolley\/"]}]},{"@type":"BreadcrumbList","@id":"https:\/\/jm-xiangsheng.com\/product\/commercial-kitchenware\/stainless-steel-trolleys-carts\/square-tube-2-layer-beverage-drink-serving-trolley\/#breadcrumb","itemListElement":[{"@type":"ListItem","position":1,"name":"Home","item":"https:\/\/jm-xiangsheng.com\/"},{"@type":"ListItem","position":2,"name":"Product","item":"https:\/\/jm-xiangsheng.com\/products\/"},{"@type":"ListItem","position":3,"name":"Commercial kitchenware","item":"https:\/\/jm-xiangsheng.com\/product-category\/commercial-kitchenware\/"},{"@type":"ListItem","position":4,"name":"Trolley &amp; cart","item":"https:\/\/jm-xiangsheng.com\/product-category\/commercial-kitchenware\/stainless-steel-trolleys-carts\/"},{"@type":"ListItem","position":5,"name":"Square tube 2 layer beverage drink serving trolley"}]},{"@type":"WebSite","@id":"https:\/\/jm-xiangsheng.com\/#website","url":"https:\/\/jm-xiangsheng.com\/","name":"Xiangsheng - China factory of stainless steel products","description":"20 years factory","publisher":{"@id":"https:\/\/jm-xiangsheng.com\/#organization"},"potentialAction":[{"@type":"SearchAction","target":{"@type":"EntryPoint","urlTemplate":"https:\/\/jm-xiangsheng.com\/?s={search_term_string}"},"query-input":"required name=search_term_string"}],"inLanguage":"de"},{"@type":"Organization","@id":"https:\/\/jm-xiangsheng.com\/#organization","name":"Xiangsheng - China factory of stainless steel products","url":"https:\/\/jm-xiangsheng.com\/","logo":{"@type":"ImageObject","inLanguage":"de","@id":"https:\/\/jm-xiangsheng.com\/#\/schema\/logo\/image\/","url":"https:\/\/jm-xiangsheng.com\/wp-content\/uploads\/2024\/05\/cropped-\u672a\u6807\u9898-3-\u62f7\u8d1d.png","contentUrl":"https:\/\/jm-xiangsheng.com\/wp-content\/uploads\/2024\/05\/cropped-\u672a\u6807\u9898-3-\u62f7\u8d1d.png","width":490,"height":140,"caption":"Xiangsheng - China factory of stainless steel products"},"image":{"@id":"https:\/\/jm-xiangsheng.com\/#\/schema\/logo\/image\/"}}]}},"_links":{"self":[{"href":"https:\/\/jm-xiangsheng.com\/de\/wp-json\/wp\/v2\/product\/5932","targetHints":{"allow":["GET"]}}],"collection":[{"href":"https:\/\/jm-xiangsheng.com\/de\/wp-json\/wp\/v2\/product"}],"about":[{"href":"https:\/\/jm-xiangsheng.com\/de\/wp-json\/wp\/v2\/types\/product"}],"wp:featuredmedia":[{"embeddable":true,"href":"https:\/\/jm-xiangsheng.com\/de\/wp-json\/wp\/v2\/media\/11329"}],"wp:attachment":[{"href":"https:\/\/jm-xiangsheng.com\/de\/wp-json\/wp\/v2\/media?parent=5932"}],"wp:term":[{"taxonomy":"product_cat","embeddable":true,"href":"https:\/\/jm-xiangsheng.com\/de\/wp-json\/wp\/v2\/product_cat?post=5932"},{"taxonomy":"product_tag","embeddable":true,"href":"https:\/\/jm-xiangsheng.com\/de\/wp-json\/wp\/v2\/product_tag?post=5932"}],"curies":[{"name":"wp","href":"https:\/\/api.w.org\/{rel}","templated":true}]}}