{"id":15537,"date":"2025-09-19T15:57:55","date_gmt":"2025-09-19T07:57:55","guid":{"rendered":"https:\/\/jm-xiangsheng.com\/?post_type=product&#038;p=15537"},"modified":"2025-09-19T16:00:35","modified_gmt":"2025-09-19T08:00:35","slug":"6l-ceramics-milk-dispenser-with-beech-base","status":"publish","type":"product","link":"https:\/\/jm-xiangsheng.com\/de\/produkt\/commercial-kitchenware\/juice-dispenser\/6l-ceramics-milk-dispenser-with-beech-base\/","title":{"rendered":"6L Keramik-Milchspender mit Buchenholzsockel"},"content":{"rendered":"<div>Sehr geehrter Kunde, wir produzieren 6L Keramik Milchspender mit Buche Basis von Standard-zu benutzerdefinierten Gr\u00f6\u00dfen, von klein bis riesig.  Standardgr\u00f6\u00dfen Formen und viele exklusive Formen. Wir k\u00f6nnen auch f\u00fcr Sie anpassen!!!<\/div>\r\n<div><span style=\"color: #ed1c24;\"><b>Rufen Sie uns an, damit wir die Details besprechen k\u00f6nnen.<\/b><\/span> \u00a0<\/div>\r\n<div>\u00a0<\/div>\r\n<div><strong>Material:\u00a0<\/strong>Rostfreier Stahl + Buchenholz+ Keramik<\/div>\r\n<div><strong>Umschlag:<\/strong> Keramik<\/div>\r\n<div>\r\n<div><strong>K\u00f6rper: <\/strong>Keramik<\/div>\r\n<div><strong>Wasserhahn:\u00a0<\/strong>Kupfer-Verzinkung. Sicher im Gebrauch, Anti-Tropf, einfach zu bedienen, kein Auslaufen.<\/div>\r\n<div>\u00a0<\/div>\r\n<\/div>\r\n<div>\u00a0<\/div>\r\n<div>\u00a0 ---------------------------------------------\r\n<h4 style=\"text-align: center;\"><!-- \/wp:post-content -->\r\n\r\n<!-- wp:heading {\"editorskit_typography\":{\"family\":\"\",\"name\":\"\",\"weight\":\"\"}} --><\/h4>\r\n<h2 class=\"wp-block-heading\"><strong><a class=\"ek-link\" href=\"https:\/\/jm-xiangsheng.com\/de\/about-xiangsheng\/\">Xiangsheng\u00a0<em>Fabrik<\/em><\/a><\/strong><\/h2>\r\n<h4 style=\"text-align: center;\"><!-- \/wp:heading -->\r\n\r\n<!-- wp:paragraph --><\/h4>\r\nXiangsheng ist ein f\u00fchrender\u00a0<strong>20 Jahre <em>Werk<\/em> Produzierender Keramik-Milchspender mit Sockel aus Buche <\/strong>mit Sitz in\u00a0<em>China<\/em>. Unten sind unsere wichtigsten 7 Werte. Wenn Sie Interesse an der Einfuhr von Br\u00fche Topf, f\u00fchlen sich frei zu\u00a0<strong>KONTAKT<\/strong>\u00a0uns.\r\n<h4 style=\"text-align: center;\"><!-- \/wp:paragraph -->\r\n\r\n<!-- wp:spacer {\"height\":\"41px\",\"editorskit_typography\":{\"family\":\"\",\"name\":\"\",\"weight\":\"\"}} --><\/h4>\r\n<div class=\"wp-block-spacer\" aria-hidden=\"true\">\u00a0<\/div>\r\n<h4 style=\"text-align: center;\"><!-- \/wp:spacer -->\r\n\r\n<!-- wp:paragraph --><\/h4>\r\n<strong>1) Ingenieur Technische Unterst\u00fctzung<\/strong>-Materialarten, Stile, Zeichnungen.\r\n<h4 style=\"text-align: center;\"><!-- \/wp:paragraph -->\r\n\r\n<!-- wp:paragraph --><\/h4>\r\n<strong>2) Muster verf\u00fcgbar, konkurrenzf\u00e4higer Gro\u00dfhandelspreis<\/strong>- Probe ist akzeptabel, und beginnen von moq 20pcs, bieten wir aus erster Hand ex-<em>Werk<\/em>\u00a0Preis, kein Mittelsmann!\r\n<h4 style=\"text-align: center;\"><!-- \/wp:paragraph -->\r\n\r\n<!-- wp:paragraph --><\/h4>\r\n<strong>4) Pr\u00fcfbericht<\/strong>Material aus rostfreiem Stahl -201 oder 304, SGS-gepr\u00fcft.\r\n<h4 style=\"text-align: center;\"><!-- \/wp:paragraph -->\r\n\r\n<!-- wp:paragraph --><\/h4>\r\n<strong>5) Produktbilder<\/strong>-F\u00fchlen Sie sich nie hilflos bei der Vermarktung! Wir bieten Ihnen Bilder an, wenn Sie sie brauchen.\r\n<h4 style=\"text-align: center;\"><!-- \/wp:paragraph -->\r\n\r\n<!-- wp:paragraph --><\/h4>\r\n<strong>6) Inspektionsvideos<\/strong>-nach der Fertigstellung der Ware k\u00f6nnen wir Ihnen Videos zur besseren Beurteilung zeigen\r\n<h4 style=\"text-align: center;\"><!-- \/wp:paragraph -->\r\n\r\n<!-- wp:paragraph --><\/h4>\r\n<strong>7) Leitfaden zum Kauf von Milcheimern von\u00a0<em>China<\/em><\/strong>-Basierend auf Ihrer Anfrage, k\u00f6nnen wir EXW, FOB, CIF oder DDP Preis anbieten. Unsere Versand-Agenten bieten g\u00fcnstige Fracht, helfen Sie sparen mehr!\r\n<h4 style=\"text-align: center;\"><!-- \/wp:paragraph -->\r\n\r\n<!-- wp:paragraph --><\/h4>\r\n------------------------\r\n<h4 style=\"text-align: center;\"><!-- \/wp:paragraph --><\/h4>\r\n<h3><span style=\"color: #ed1c24;\"><b>Rufen Sie uns an, damit wir die Details besprechen k\u00f6nnen.<\/b><\/span><\/h3>\r\n\u00a0\r\n<h2 data-line-height=\"xs\"><a href=\"https:\/\/youtu.be\/N6mcsPrBIPA\">Video (Juice Dispenser):<\/a><\/h2>\r\n<\/div>\r\n<div>\u00a0<\/div>\r\n<div>\r\n<h4 style=\"text-align: center;\">\u00a0<\/h4>\r\n<\/div>","protected":false},"excerpt":{"rendered":"<p><span style=\"color: #808080;\">Saftspender mit Sockel aus Buchenholz. Er kann zum Bedienen von G\u00e4sten und zum Kalthalten von Getr\u00e4nken verwendet werden. Fragen Sie uns frei und wir werden Ihnen unseren besten Preis anbieten.<\/span><\/p>\n<p><strong>Merkmale:<\/strong><\/p>\n<ul>\n<li>Sockel aus Buchenholz: High-Tech und High-End<\/li>\n<li>Weit verbreitet in verschiedenen Anwendungen: Restaurant, Hotel, Hochzeiten, Bankette, Picknicks, Geburtstage, Partys, etc.<\/li>\n<li>Einfach zu bedienen und zu benutzen: alle Teile sind in 3 Minuten zusammengebaut.<\/li>\n<li>Leicht zu reinigen: abnehmbarer Getr\u00e4nkebeh\u00e4lter und Holzboden, einfache Reinigung.<\/li>\n<\/ul>\n<p>\u00a0 <strong>MOQ: 10 St\u00fcck pro Bestellung (gemischte Artikel akzeptieren)<\/strong> <strong>EX Werkspreis: rund <span style=\"color: #ff0000;\">99USD<\/span> ( 1 Satz)<\/strong> \u00a0<\/p>","protected":false},"featured_media":15541,"template":"","meta":{"_seopress_robots_primary_cat":"none","_editorskit_title_hidden":false,"_editorskit_reading_time":0,"_editorskit_is_block_options_detached":false,"_editorskit_block_options_position":"{}","_editorskit_typography_data":[],"_editorskit_blocks_typography":""},"product_cat":[49],"product_tag":[],"class_list":["post-15537","product","type-product","status-publish","has-post-thumbnail","hentry","product_cat-juice-dispenser"],"yoast_head":"<!-- This site is optimized with the Yoast SEO plugin v21.4 - https:\/\/yoast.com\/wordpress\/plugins\/seo\/ -->\n<title>6L Ceramics Milk Dispenser With Beech Base<\/title>\n<meta name=\"description\" content=\"We produce 6L Ceramics Milk Dispenser With Beech Base from standard to custom sizes, from tiny to giant.\u00a0 Standard sizes molds and many exclusive molds.\" \/>\n<meta name=\"robots\" content=\"index, follow, max-snippet:-1, max-image-preview:large, max-video-preview:-1\" \/>\n<link rel=\"canonical\" href=\"https:\/\/jm-xiangsheng.com\/de\/product\/commercial-kitchenware\/juice-dispenser\/6l-ceramics-milk-dispenser-with-beech-base\/\" \/>\n<meta property=\"og:locale\" content=\"de_DE\" \/>\n<meta property=\"og:type\" content=\"article\" \/>\n<meta property=\"og:title\" content=\"6L Ceramics Milk Dispenser With Beech Base\" \/>\n<meta property=\"og:description\" content=\"We produce 6L Ceramics Milk Dispenser With Beech Base from standard to custom sizes, from tiny to giant.\u00a0 Standard sizes molds and many exclusive molds.\" \/>\n<meta property=\"og:url\" content=\"https:\/\/jm-xiangsheng.com\/de\/product\/commercial-kitchenware\/juice-dispenser\/6l-ceramics-milk-dispenser-with-beech-base\/\" \/>\n<meta property=\"og:site_name\" content=\"Xiangsheng - China factory of stainless steel products\" \/>\n<meta property=\"article:modified_time\" content=\"2025-09-19T08:00:35+00:00\" \/>\n<meta property=\"og:image\" content=\"http:\/\/jm-xiangsheng.com\/wp-content\/uploads\/2025\/09\/\u4e3b\u56fe4.jpg\" \/>\n\t<meta property=\"og:image:width\" content=\"1000\" \/>\n\t<meta property=\"og:image:height\" content=\"1000\" \/>\n\t<meta property=\"og:image:type\" content=\"image\/jpeg\" \/>\n<meta name=\"twitter:card\" content=\"summary_large_image\" \/>\n<meta name=\"twitter:label1\" content=\"Gesch\u00e4tzte Lesezeit\" \/>\n\t<meta name=\"twitter:data1\" content=\"1\u00a0Minute\" \/>\n<script type=\"application\/ld+json\" class=\"yoast-schema-graph\">{\"@context\":\"https:\/\/schema.org\",\"@graph\":[{\"@type\":\"WebPage\",\"@id\":\"https:\/\/jm-xiangsheng.com\/product\/commercial-kitchenware\/juice-dispenser\/6l-ceramics-milk-dispenser-with-beech-base\/\",\"url\":\"https:\/\/jm-xiangsheng.com\/product\/commercial-kitchenware\/juice-dispenser\/6l-ceramics-milk-dispenser-with-beech-base\/\",\"name\":\"6L Ceramics Milk Dispenser With Beech Base\",\"isPartOf\":{\"@id\":\"https:\/\/jm-xiangsheng.com\/#website\"},\"datePublished\":\"2025-09-19T07:57:55+00:00\",\"dateModified\":\"2025-09-19T08:00:35+00:00\",\"description\":\"We produce 6L Ceramics Milk Dispenser With Beech Base from standard to custom sizes, from tiny to giant.\u00a0 Standard sizes molds and many exclusive molds.\",\"breadcrumb\":{\"@id\":\"https:\/\/jm-xiangsheng.com\/product\/commercial-kitchenware\/juice-dispenser\/6l-ceramics-milk-dispenser-with-beech-base\/#breadcrumb\"},\"inLanguage\":\"de\",\"potentialAction\":[{\"@type\":\"ReadAction\",\"target\":[\"https:\/\/jm-xiangsheng.com\/product\/commercial-kitchenware\/juice-dispenser\/6l-ceramics-milk-dispenser-with-beech-base\/\"]}]},{\"@type\":\"BreadcrumbList\",\"@id\":\"https:\/\/jm-xiangsheng.com\/product\/commercial-kitchenware\/juice-dispenser\/6l-ceramics-milk-dispenser-with-beech-base\/#breadcrumb\",\"itemListElement\":[{\"@type\":\"ListItem\",\"position\":1,\"name\":\"Home\",\"item\":\"https:\/\/jm-xiangsheng.com\/\"},{\"@type\":\"ListItem\",\"position\":2,\"name\":\"Product\",\"item\":\"https:\/\/jm-xiangsheng.com\/products\/\"},{\"@type\":\"ListItem\",\"position\":3,\"name\":\"Commercial kitchenware\",\"item\":\"https:\/\/jm-xiangsheng.com\/product-category\/commercial-kitchenware\/\"},{\"@type\":\"ListItem\",\"position\":4,\"name\":\"Juice dispenser\",\"item\":\"https:\/\/jm-xiangsheng.com\/product-category\/commercial-kitchenware\/juice-dispenser\/\"},{\"@type\":\"ListItem\",\"position\":5,\"name\":\"6L Ceramics Milk Dispenser With Beech Base\"}]},{\"@type\":\"WebSite\",\"@id\":\"https:\/\/jm-xiangsheng.com\/#website\",\"url\":\"https:\/\/jm-xiangsheng.com\/\",\"name\":\"Xiangsheng - China factory of stainless steel products\",\"description\":\"20 years factory\",\"publisher\":{\"@id\":\"https:\/\/jm-xiangsheng.com\/#organization\"},\"potentialAction\":[{\"@type\":\"SearchAction\",\"target\":{\"@type\":\"EntryPoint\",\"urlTemplate\":\"https:\/\/jm-xiangsheng.com\/?s={search_term_string}\"},\"query-input\":\"required name=search_term_string\"}],\"inLanguage\":\"de\"},{\"@type\":\"Organization\",\"@id\":\"https:\/\/jm-xiangsheng.com\/#organization\",\"name\":\"Xiangsheng - China factory of stainless steel products\",\"url\":\"https:\/\/jm-xiangsheng.com\/\",\"logo\":{\"@type\":\"ImageObject\",\"inLanguage\":\"de\",\"@id\":\"https:\/\/jm-xiangsheng.com\/#\/schema\/logo\/image\/\",\"url\":\"https:\/\/jm-xiangsheng.com\/wp-content\/uploads\/2024\/05\/cropped-\u672a\u6807\u9898-3-\u62f7\u8d1d.png\",\"contentUrl\":\"https:\/\/jm-xiangsheng.com\/wp-content\/uploads\/2024\/05\/cropped-\u672a\u6807\u9898-3-\u62f7\u8d1d.png\",\"width\":490,\"height\":140,\"caption\":\"Xiangsheng - China factory of stainless steel products\"},\"image\":{\"@id\":\"https:\/\/jm-xiangsheng.com\/#\/schema\/logo\/image\/\"}}]}<\/script>\n<!-- \/ Yoast SEO plugin. -->","yoast_head_json":{"title":"6L Ceramics Milk Dispenser With Beech Base","description":"We produce 6L Ceramics Milk Dispenser With Beech Base from standard to custom sizes, from tiny to giant.\u00a0 Standard sizes molds and many exclusive molds.","robots":{"index":"index","follow":"follow","max-snippet":"max-snippet:-1","max-image-preview":"max-image-preview:large","max-video-preview":"max-video-preview:-1"},"canonical":"https:\/\/jm-xiangsheng.com\/de\/product\/commercial-kitchenware\/juice-dispenser\/6l-ceramics-milk-dispenser-with-beech-base\/","og_locale":"de_DE","og_type":"article","og_title":"6L Ceramics Milk Dispenser With Beech Base","og_description":"We produce 6L Ceramics Milk Dispenser With Beech Base from standard to custom sizes, from tiny to giant.\u00a0 Standard sizes molds and many exclusive molds.","og_url":"https:\/\/jm-xiangsheng.com\/de\/product\/commercial-kitchenware\/juice-dispenser\/6l-ceramics-milk-dispenser-with-beech-base\/","og_site_name":"Xiangsheng - China factory of stainless steel products","article_modified_time":"2025-09-19T08:00:35+00:00","og_image":[{"width":1000,"height":1000,"url":"http:\/\/jm-xiangsheng.com\/wp-content\/uploads\/2025\/09\/\u4e3b\u56fe4.jpg","type":"image\/jpeg"}],"twitter_card":"summary_large_image","twitter_misc":{"Gesch\u00e4tzte Lesezeit":"1\u00a0Minute"},"schema":{"@context":"https:\/\/schema.org","@graph":[{"@type":"WebPage","@id":"https:\/\/jm-xiangsheng.com\/product\/commercial-kitchenware\/juice-dispenser\/6l-ceramics-milk-dispenser-with-beech-base\/","url":"https:\/\/jm-xiangsheng.com\/product\/commercial-kitchenware\/juice-dispenser\/6l-ceramics-milk-dispenser-with-beech-base\/","name":"6L Ceramics Milk Dispenser With Beech Base","isPartOf":{"@id":"https:\/\/jm-xiangsheng.com\/#website"},"datePublished":"2025-09-19T07:57:55+00:00","dateModified":"2025-09-19T08:00:35+00:00","description":"We produce 6L Ceramics Milk Dispenser With Beech Base from standard to custom sizes, from tiny to giant.\u00a0 Standard sizes molds and many exclusive molds.","breadcrumb":{"@id":"https:\/\/jm-xiangsheng.com\/product\/commercial-kitchenware\/juice-dispenser\/6l-ceramics-milk-dispenser-with-beech-base\/#breadcrumb"},"inLanguage":"de","potentialAction":[{"@type":"ReadAction","target":["https:\/\/jm-xiangsheng.com\/product\/commercial-kitchenware\/juice-dispenser\/6l-ceramics-milk-dispenser-with-beech-base\/"]}]},{"@type":"BreadcrumbList","@id":"https:\/\/jm-xiangsheng.com\/product\/commercial-kitchenware\/juice-dispenser\/6l-ceramics-milk-dispenser-with-beech-base\/#breadcrumb","itemListElement":[{"@type":"ListItem","position":1,"name":"Home","item":"https:\/\/jm-xiangsheng.com\/"},{"@type":"ListItem","position":2,"name":"Product","item":"https:\/\/jm-xiangsheng.com\/products\/"},{"@type":"ListItem","position":3,"name":"Commercial kitchenware","item":"https:\/\/jm-xiangsheng.com\/product-category\/commercial-kitchenware\/"},{"@type":"ListItem","position":4,"name":"Juice dispenser","item":"https:\/\/jm-xiangsheng.com\/product-category\/commercial-kitchenware\/juice-dispenser\/"},{"@type":"ListItem","position":5,"name":"6L Ceramics Milk Dispenser With Beech Base"}]},{"@type":"WebSite","@id":"https:\/\/jm-xiangsheng.com\/#website","url":"https:\/\/jm-xiangsheng.com\/","name":"Xiangsheng - China factory of stainless steel products","description":"20 years factory","publisher":{"@id":"https:\/\/jm-xiangsheng.com\/#organization"},"potentialAction":[{"@type":"SearchAction","target":{"@type":"EntryPoint","urlTemplate":"https:\/\/jm-xiangsheng.com\/?s={search_term_string}"},"query-input":"required name=search_term_string"}],"inLanguage":"de"},{"@type":"Organization","@id":"https:\/\/jm-xiangsheng.com\/#organization","name":"Xiangsheng - China factory of stainless steel products","url":"https:\/\/jm-xiangsheng.com\/","logo":{"@type":"ImageObject","inLanguage":"de","@id":"https:\/\/jm-xiangsheng.com\/#\/schema\/logo\/image\/","url":"https:\/\/jm-xiangsheng.com\/wp-content\/uploads\/2024\/05\/cropped-\u672a\u6807\u9898-3-\u62f7\u8d1d.png","contentUrl":"https:\/\/jm-xiangsheng.com\/wp-content\/uploads\/2024\/05\/cropped-\u672a\u6807\u9898-3-\u62f7\u8d1d.png","width":490,"height":140,"caption":"Xiangsheng - China factory of stainless steel products"},"image":{"@id":"https:\/\/jm-xiangsheng.com\/#\/schema\/logo\/image\/"}}]}},"_links":{"self":[{"href":"https:\/\/jm-xiangsheng.com\/de\/wp-json\/wp\/v2\/product\/15537","targetHints":{"allow":["GET"]}}],"collection":[{"href":"https:\/\/jm-xiangsheng.com\/de\/wp-json\/wp\/v2\/product"}],"about":[{"href":"https:\/\/jm-xiangsheng.com\/de\/wp-json\/wp\/v2\/types\/product"}],"wp:featuredmedia":[{"embeddable":true,"href":"https:\/\/jm-xiangsheng.com\/de\/wp-json\/wp\/v2\/media\/15541"}],"wp:attachment":[{"href":"https:\/\/jm-xiangsheng.com\/de\/wp-json\/wp\/v2\/media?parent=15537"}],"wp:term":[{"taxonomy":"product_cat","embeddable":true,"href":"https:\/\/jm-xiangsheng.com\/de\/wp-json\/wp\/v2\/product_cat?post=15537"},{"taxonomy":"product_tag","embeddable":true,"href":"https:\/\/jm-xiangsheng.com\/de\/wp-json\/wp\/v2\/product_tag?post=15537"}],"curies":[{"name":"wp","href":"https:\/\/api.w.org\/{rel}","templated":true}]}}