{"id":15471,"date":"2025-06-11T16:30:43","date_gmt":"2025-06-11T08:30:43","guid":{"rendered":"https:\/\/jm-xiangsheng.com\/?post_type=product&#038;p=15471"},"modified":"2025-06-11T16:54:28","modified_gmt":"2025-06-11T08:54:28","slug":"stainless-steel-planter-box","status":"publish","type":"product","link":"https:\/\/jm-xiangsheng.com\/de\/produkt\/decoration-planter-pot\/stainless-steel-planter-box\/","title":{"rendered":"Edelstahl Pflanzgef\u00e4\u00df"},"content":{"rendered":"<p>Sehr geehrter Kunde, wir sind eine Fabrik mit Sitz in <strong>2005<\/strong> mit umfangreicher Erfahrung in der Herstellung von Edelstahl-Pflanzgef\u00e4\u00dfen in Standard- und kundenspezifischen Gr\u00f6\u00dfen, von klein bis riesig.  Standardgr\u00f6\u00dfen Formen und viele exklusive Formen. Verschiedene Farbe und Logo ist akzeptabel. Wir k\u00f6nnen f\u00fcr Sie anpassen!!! Unsere Edelstahl Pflanzgef\u00e4\u00dfe k\u00f6nnen mit R\u00e4dern f\u00fcr den Transport ausgestattet werden.<\/p>\r\n<p><span style=\"color: #ed1c24;\"><b>Pr\u00fcfen Sie die Einzelheiten in den zus\u00e4tzlichen Informationen!\u2191\u2191\u2191<\/b><\/span><\/p>\r\n<h4 style=\"text-align: center;\"><\/h4>\r\n<p>---------------------------------------------<\/p>\r\n<h4 style=\"text-align: center;\">\r\n\r\n<h2 class=\"wp-block-heading has-ek-typography\" style=\"\"><strong><a class=\"ek-link\" href=\"https:\/\/jm-xiangsheng.com\/de\/about-xiangsheng\/\">Xiangsheng\u00a0<em>Fabrik<\/em><\/a><\/strong><\/h2>\r\n\r\n<\/h4>\r\n<p>Xiangsheng ist ein f\u00fchrender\u00a0<strong>19 Jahre\u00a0<em>Werk<\/em>\u00a0Herstellung von Produkten aus rostfreiem Stahl<\/strong>\u00a0mit Sitz in\u00a0<em>China<\/em>. Unten sind unsere wichtigsten 7 Werte. Wenn Sie Interesse an der Einfuhr von Br\u00fche Topf, f\u00fchlen sich frei zu\u00a0<strong>KONTAKT<\/strong>\u00a0uns.<\/p>\r\n<h4 style=\"text-align: center;\">\r\n\r\n<div class=\"wp-block-spacer has-ek-typography\" aria-hidden=\"true\" style=\"\">\u00a0<\/div>\r\n\r\n<\/h4>\r\n<p><strong>1) Ingenieur Technische Unterst\u00fctzung<\/strong>-Materialarten, Stile, Zeichnungen.<\/p>\r\n<p>\r\n\r\n<\/p>\r\n<p><strong>2) Muster verf\u00fcgbar, konkurrenzf\u00e4higer Gro\u00dfhandelspreis<\/strong>- Probe ist akzeptabel, und beginnen von moq 20pcs, bieten wir aus erster Hand ex-<em>Werk<\/em>\u00a0Preis, kein Mittelsmann!<\/p>\r\n<p>\r\n\r\n<\/p>\r\n<p><strong>3) Pr\u00fcfbericht<\/strong>Material aus rostfreiem Stahl -201 oder 304, SGS-gepr\u00fcft.<\/p>\r\n<p>\r\n\r\n<\/p>\r\n<p><strong>4) Produktbilder<\/strong>-F\u00fchlen Sie sich nie hilflos bei der Vermarktung! Wir bieten Ihnen Bilder an, wenn Sie sie brauchen. Wenn wir das Produkt produzieren, werden wir auch Fotos f\u00fcr Sie machen, damit Sie den Fortschritt sehen k\u00f6nnen. So, wenn Sie irgendwelche Probleme finden, k\u00f6nnen Sie uns so schnell bemerken, bevor Sie gro\u00dfe Fehler machen.<\/p>\r\n<p>\r\n\r\n<\/p>\r\n<p><strong>5) Inspektionsvideos<\/strong>-Nachdem wir die Ware fertiggestellt haben, k\u00f6nnen wir Ihnen Videos zur besseren Beurteilung zeigen. So k\u00f6nnen Sie uns sagen, welche Teile Sie vor dem Versand zu verbessern m\u00f6chten.<\/p>\r\n<p>\r\n\r\n<\/p>\r\n<p><strong>6) Anleitung zum Kauf von Milcheimern von <em>China<\/em><\/strong>-Basierend auf Ihrer Anfrage, k\u00f6nnen wir EXW, FOB, CIF oder DDP Preis anbieten. Unsere Spediteure bieten g\u00fcnstige Fracht, helfen Sie mehr zu sparen! Wenn Sie Ihre Versand-Agenten haben, k\u00f6nnen Sie sie auch ernennen.<\/p>\r\n<h4 style=\"text-align: center;\">\r\n\r\n<\/h4>\r\n<p>------------------------<\/p>\r\n<h4 style=\"text-align: center;\"><\/h4>\r\n<h3><span style=\"color: #ed1c24;\"><b>Rufen Sie uns an, damit wir die Details besprechen k\u00f6nnen.<\/b><\/span><\/h3>\r\n<p>&nbsp;<\/p>\r\n<h3><a href=\"https:\/\/youtu.be\/SzCNuM-gugY\">Produkt-Video:<\/a><\/h3>","protected":false},"excerpt":{"rendered":"<p><span style=\"color: #808080;\">Factory OEM ODM volle Gr\u00f6\u00dfen Blume Planter Box. Es ist f\u00fcr Outdoor-oder Indoor-Dekoration verwendet.<\/span> <strong><span style=\"color: #000080;\">Merkmale:<\/span><\/strong><\/p>\n<ul>\n<li>Echter Edelstahl\uff1aLebensmittelgeeignetes Material, rostfrei und korrosionsbest\u00e4ndig<\/li>\n<li>Weit verbreitet in verschiedenen Anwendungen: z.B. zu Hause, im Freien, bei Konzerten, Hochzeiten, Partys, etc.<\/li>\n<li>Verschiedene Oberfl\u00e4che Farbe: Farbe Malerei<\/li>\n<li>Optionale R\u00e4der: Leicht zu bewegen mit R\u00e4dern<\/li>\n<li>Leicht zu reinigen: Mit Sp\u00fclmittel reinigen und trocken wischen.<\/li>\n<\/ul>\n<p>\u00a0 <span style=\"color: #000000;\"><strong>MOQ: 50 St\u00fcck pro Bestellung<\/strong><\/span><\/p>\n<div class=\"product-short-description\"><strong><span style=\"color: #000000;\">Preisspanne:<span style=\"color: #ff0000;\">15-45USD<\/span> (Fragen Sie nach einem detaillierten Angebot)<\/span><\/strong><\/div>","protected":false},"featured_media":15472,"template":"","meta":{"_seopress_robots_primary_cat":"none","_editorskit_title_hidden":false,"_editorskit_reading_time":0,"_editorskit_is_block_options_detached":false,"_editorskit_block_options_position":"{}","_editorskit_typography_data":[],"_editorskit_blocks_typography":""},"product_cat":[158],"product_tag":[111,1231],"class_list":["post-15471","product","type-product","status-publish","has-post-thumbnail","hentry","product_cat-decoration-planter-pot","product_tag-flower-pot","product_tag-planter-box"],"yoast_head":"<!-- This site is optimized with the Yoast SEO plugin v21.4 - https:\/\/yoast.com\/wordpress\/plugins\/seo\/ -->\n<title>Stainless Steel Planter Box<\/title>\n<meta name=\"description\" content=\"we produce Planter Box from standard to custom sizes, from tiny to giant.\u00a0 Standard sizes molds and many exclusive molds. We can customize for you!!!\" \/>\n<meta name=\"robots\" content=\"index, follow, max-snippet:-1, max-image-preview:large, max-video-preview:-1\" \/>\n<link rel=\"canonical\" href=\"https:\/\/jm-xiangsheng.com\/de\/product\/decoration-planter-pot\/stainless-steel-planter-box\/\" \/>\n<meta property=\"og:locale\" content=\"de_DE\" \/>\n<meta property=\"og:type\" content=\"article\" \/>\n<meta property=\"og:title\" content=\"Stainless Steel Planter Box\" \/>\n<meta property=\"og:description\" content=\"we produce Planter Box from standard to custom sizes, from tiny to giant.\u00a0 Standard sizes molds and many exclusive molds. We can customize for you!!!\" \/>\n<meta property=\"og:url\" content=\"https:\/\/jm-xiangsheng.com\/de\/product\/decoration-planter-pot\/stainless-steel-planter-box\/\" \/>\n<meta property=\"og:site_name\" content=\"Xiangsheng - China factory of stainless steel products\" \/>\n<meta property=\"article:modified_time\" content=\"2025-06-11T08:54:28+00:00\" \/>\n<meta property=\"og:image\" content=\"http:\/\/jm-xiangsheng.com\/wp-content\/uploads\/2025\/06\/\u653e\u7f6e\u53c2\u8003\u56fe\u548c\u79cd\u690d\u82b1\u6735-1.png\" \/>\n\t<meta property=\"og:image:width\" content=\"1024\" \/>\n\t<meta property=\"og:image:height\" content=\"1024\" \/>\n\t<meta property=\"og:image:type\" content=\"image\/png\" \/>\n<meta name=\"twitter:card\" content=\"summary_large_image\" \/>\n<meta name=\"twitter:label1\" content=\"Gesch\u00e4tzte Lesezeit\" \/>\n\t<meta name=\"twitter:data1\" content=\"2\u00a0Minuten\" \/>\n<script type=\"application\/ld+json\" class=\"yoast-schema-graph\">{\"@context\":\"https:\/\/schema.org\",\"@graph\":[{\"@type\":\"WebPage\",\"@id\":\"https:\/\/jm-xiangsheng.com\/product\/decoration-planter-pot\/stainless-steel-planter-box\/\",\"url\":\"https:\/\/jm-xiangsheng.com\/product\/decoration-planter-pot\/stainless-steel-planter-box\/\",\"name\":\"Stainless Steel Planter Box\",\"isPartOf\":{\"@id\":\"https:\/\/jm-xiangsheng.com\/#website\"},\"datePublished\":\"2025-06-11T08:30:43+00:00\",\"dateModified\":\"2025-06-11T08:54:28+00:00\",\"description\":\"we produce Planter Box from standard to custom sizes, from tiny to giant.\u00a0 Standard sizes molds and many exclusive molds. We can customize for you!!!\",\"breadcrumb\":{\"@id\":\"https:\/\/jm-xiangsheng.com\/product\/decoration-planter-pot\/stainless-steel-planter-box\/#breadcrumb\"},\"inLanguage\":\"de\",\"potentialAction\":[{\"@type\":\"ReadAction\",\"target\":[\"https:\/\/jm-xiangsheng.com\/product\/decoration-planter-pot\/stainless-steel-planter-box\/\"]}]},{\"@type\":\"BreadcrumbList\",\"@id\":\"https:\/\/jm-xiangsheng.com\/product\/decoration-planter-pot\/stainless-steel-planter-box\/#breadcrumb\",\"itemListElement\":[{\"@type\":\"ListItem\",\"position\":1,\"name\":\"Home\",\"item\":\"https:\/\/jm-xiangsheng.com\/\"},{\"@type\":\"ListItem\",\"position\":2,\"name\":\"Product\",\"item\":\"https:\/\/jm-xiangsheng.com\/products\/\"},{\"@type\":\"ListItem\",\"position\":3,\"name\":\"Decoration Planter pot\",\"item\":\"https:\/\/jm-xiangsheng.com\/product-category\/decoration-planter-pot\/\"},{\"@type\":\"ListItem\",\"position\":4,\"name\":\"Stainless Steel Planter Box\"}]},{\"@type\":\"WebSite\",\"@id\":\"https:\/\/jm-xiangsheng.com\/#website\",\"url\":\"https:\/\/jm-xiangsheng.com\/\",\"name\":\"Xiangsheng - China factory of stainless steel products\",\"description\":\"20 years factory\",\"publisher\":{\"@id\":\"https:\/\/jm-xiangsheng.com\/#organization\"},\"potentialAction\":[{\"@type\":\"SearchAction\",\"target\":{\"@type\":\"EntryPoint\",\"urlTemplate\":\"https:\/\/jm-xiangsheng.com\/?s={search_term_string}\"},\"query-input\":\"required name=search_term_string\"}],\"inLanguage\":\"de\"},{\"@type\":\"Organization\",\"@id\":\"https:\/\/jm-xiangsheng.com\/#organization\",\"name\":\"Xiangsheng - China factory of stainless steel products\",\"url\":\"https:\/\/jm-xiangsheng.com\/\",\"logo\":{\"@type\":\"ImageObject\",\"inLanguage\":\"de\",\"@id\":\"https:\/\/jm-xiangsheng.com\/#\/schema\/logo\/image\/\",\"url\":\"https:\/\/jm-xiangsheng.com\/wp-content\/uploads\/2024\/05\/cropped-\u672a\u6807\u9898-3-\u62f7\u8d1d.png\",\"contentUrl\":\"https:\/\/jm-xiangsheng.com\/wp-content\/uploads\/2024\/05\/cropped-\u672a\u6807\u9898-3-\u62f7\u8d1d.png\",\"width\":490,\"height\":140,\"caption\":\"Xiangsheng - China factory of stainless steel products\"},\"image\":{\"@id\":\"https:\/\/jm-xiangsheng.com\/#\/schema\/logo\/image\/\"}}]}<\/script>\n<!-- \/ Yoast SEO plugin. -->","yoast_head_json":{"title":"Stainless Steel Planter Box","description":"we produce Planter Box from standard to custom sizes, from tiny to giant.\u00a0 Standard sizes molds and many exclusive molds. We can customize for you!!!","robots":{"index":"index","follow":"follow","max-snippet":"max-snippet:-1","max-image-preview":"max-image-preview:large","max-video-preview":"max-video-preview:-1"},"canonical":"https:\/\/jm-xiangsheng.com\/de\/product\/decoration-planter-pot\/stainless-steel-planter-box\/","og_locale":"de_DE","og_type":"article","og_title":"Stainless Steel Planter Box","og_description":"we produce Planter Box from standard to custom sizes, from tiny to giant.\u00a0 Standard sizes molds and many exclusive molds. We can customize for you!!!","og_url":"https:\/\/jm-xiangsheng.com\/de\/product\/decoration-planter-pot\/stainless-steel-planter-box\/","og_site_name":"Xiangsheng - China factory of stainless steel products","article_modified_time":"2025-06-11T08:54:28+00:00","og_image":[{"width":1024,"height":1024,"url":"http:\/\/jm-xiangsheng.com\/wp-content\/uploads\/2025\/06\/\u653e\u7f6e\u53c2\u8003\u56fe\u548c\u79cd\u690d\u82b1\u6735-1.png","type":"image\/png"}],"twitter_card":"summary_large_image","twitter_misc":{"Gesch\u00e4tzte Lesezeit":"2\u00a0Minuten"},"schema":{"@context":"https:\/\/schema.org","@graph":[{"@type":"WebPage","@id":"https:\/\/jm-xiangsheng.com\/product\/decoration-planter-pot\/stainless-steel-planter-box\/","url":"https:\/\/jm-xiangsheng.com\/product\/decoration-planter-pot\/stainless-steel-planter-box\/","name":"Stainless Steel Planter Box","isPartOf":{"@id":"https:\/\/jm-xiangsheng.com\/#website"},"datePublished":"2025-06-11T08:30:43+00:00","dateModified":"2025-06-11T08:54:28+00:00","description":"we produce Planter Box from standard to custom sizes, from tiny to giant.\u00a0 Standard sizes molds and many exclusive molds. We can customize for you!!!","breadcrumb":{"@id":"https:\/\/jm-xiangsheng.com\/product\/decoration-planter-pot\/stainless-steel-planter-box\/#breadcrumb"},"inLanguage":"de","potentialAction":[{"@type":"ReadAction","target":["https:\/\/jm-xiangsheng.com\/product\/decoration-planter-pot\/stainless-steel-planter-box\/"]}]},{"@type":"BreadcrumbList","@id":"https:\/\/jm-xiangsheng.com\/product\/decoration-planter-pot\/stainless-steel-planter-box\/#breadcrumb","itemListElement":[{"@type":"ListItem","position":1,"name":"Home","item":"https:\/\/jm-xiangsheng.com\/"},{"@type":"ListItem","position":2,"name":"Product","item":"https:\/\/jm-xiangsheng.com\/products\/"},{"@type":"ListItem","position":3,"name":"Decoration Planter pot","item":"https:\/\/jm-xiangsheng.com\/product-category\/decoration-planter-pot\/"},{"@type":"ListItem","position":4,"name":"Stainless Steel Planter Box"}]},{"@type":"WebSite","@id":"https:\/\/jm-xiangsheng.com\/#website","url":"https:\/\/jm-xiangsheng.com\/","name":"Xiangsheng - China factory of stainless steel products","description":"20 years factory","publisher":{"@id":"https:\/\/jm-xiangsheng.com\/#organization"},"potentialAction":[{"@type":"SearchAction","target":{"@type":"EntryPoint","urlTemplate":"https:\/\/jm-xiangsheng.com\/?s={search_term_string}"},"query-input":"required name=search_term_string"}],"inLanguage":"de"},{"@type":"Organization","@id":"https:\/\/jm-xiangsheng.com\/#organization","name":"Xiangsheng - China factory of stainless steel products","url":"https:\/\/jm-xiangsheng.com\/","logo":{"@type":"ImageObject","inLanguage":"de","@id":"https:\/\/jm-xiangsheng.com\/#\/schema\/logo\/image\/","url":"https:\/\/jm-xiangsheng.com\/wp-content\/uploads\/2024\/05\/cropped-\u672a\u6807\u9898-3-\u62f7\u8d1d.png","contentUrl":"https:\/\/jm-xiangsheng.com\/wp-content\/uploads\/2024\/05\/cropped-\u672a\u6807\u9898-3-\u62f7\u8d1d.png","width":490,"height":140,"caption":"Xiangsheng - China factory of stainless steel products"},"image":{"@id":"https:\/\/jm-xiangsheng.com\/#\/schema\/logo\/image\/"}}]}},"_links":{"self":[{"href":"https:\/\/jm-xiangsheng.com\/de\/wp-json\/wp\/v2\/product\/15471","targetHints":{"allow":["GET"]}}],"collection":[{"href":"https:\/\/jm-xiangsheng.com\/de\/wp-json\/wp\/v2\/product"}],"about":[{"href":"https:\/\/jm-xiangsheng.com\/de\/wp-json\/wp\/v2\/types\/product"}],"wp:featuredmedia":[{"embeddable":true,"href":"https:\/\/jm-xiangsheng.com\/de\/wp-json\/wp\/v2\/media\/15472"}],"wp:attachment":[{"href":"https:\/\/jm-xiangsheng.com\/de\/wp-json\/wp\/v2\/media?parent=15471"}],"wp:term":[{"taxonomy":"product_cat","embeddable":true,"href":"https:\/\/jm-xiangsheng.com\/de\/wp-json\/wp\/v2\/product_cat?post=15471"},{"taxonomy":"product_tag","embeddable":true,"href":"https:\/\/jm-xiangsheng.com\/de\/wp-json\/wp\/v2\/product_tag?post=15471"}],"curies":[{"name":"wp","href":"https:\/\/api.w.org\/{rel}","templated":true}]}}