{"id":14276,"date":"2024-06-03T16:21:48","date_gmt":"2024-06-03T08:21:48","guid":{"rendered":"https:\/\/jm-xiangsheng.com\/?post_type=product&#038;p=14276"},"modified":"2025-03-31T11:50:11","modified_gmt":"2025-03-31T03:50:11","slug":"stainless-steel-milk-can","status":"publish","type":"product","link":"https:\/\/jm-xiangsheng.com\/de\/produkt\/milking-bucket\/stainless-steel-milk-can\/","title":{"rendered":"Edelstahl-Milchkanne"},"content":{"rendered":"<p>Sehr geehrter Kunde, wir sind eine Fabrik mit Sitz in <strong>2005<\/strong> mit umfangreicher Erfahrung in der Herstellung von Edelstahl-Milchkannen in Standard- und Sondergr\u00f6\u00dfen, von klein bis riesig.  Standardgr\u00f6\u00dfen Formen und viele exklusive Formen. Wenn Sie eine andere Art wollen, k\u00f6nnen wir f\u00fcr Sie anpassen!!! Und wir werden die beste Qualit\u00e4t und den besten Service f\u00fcr Sie bieten!<\/p>\r\n<p><span style=\"color: #ed1c24;\"><b>Pr\u00fcfen Sie die Einzelheiten in den zus\u00e4tzlichen Informationen!\u2191\u2191\u2191<\/b><\/span><\/p>\r\n<p>&nbsp;<\/p>\r\n<h3>Wenn Sie mehr \u00fcber die Milchkanne aus rostfreiem Edelstahl wissen m\u00f6chten, lesen Sie bitte die folgenden Artikel:<\/h3>\r\n<ol>\r\n<li><a href=\"https:\/\/jm-xiangsheng.com\/de\/why-is-it-crucial-to-have-a-food-grade-gasket-for-a-stainless-steel-milk-bucket\/\">Warum ist eine lebensmitteltaugliche Dichtung f\u00fcr einen Milcheimer aus Edelstahl so wichtig?<\/a><\/li>\r\n<li><a href=\"https:\/\/jm-xiangsheng.com\/de\/what-group-of-people-using-milk-bucket\/\">Welche Gruppe von Menschen verwendet Milcheimer?<\/a><\/li>\r\n<li><a href=\"https:\/\/jm-xiangsheng.com\/de\/what-is-the-advantage-of-milk-bucket-make-in-stainless-steel\/\">Was ist der Vorteil von Milcheimern aus rostfreiem Stahl?<\/a><\/li>\r\n<\/ol>\r\n<p>&nbsp;<\/p>\r\n\r\n<p>---------------------------------------------<\/p>\r\n\r\n\r\n<h2 class=\"wp-block-heading has-ek-typography\" style=\"\"><strong><a class=\"ek-link\" href=\"https:\/\/jm-xiangsheng.com\/de\/about-xiangsheng\/\">Xiangsheng\u00a0<em>Fabrik<\/em><\/a><\/strong><\/h2>\r\n\r\n\r\n<p>Xiangsheng ist eine Fabrik mit Sitz in <strong>2005<\/strong> mit umfangreicher Erfahrung, <strong>Herstellung von Produkten aus rostfreiem Stahl<\/strong>\u00a0mit Sitz in\u00a0<em>China<\/em>. Unten sind unsere wichtigsten 7 Werte. Wenn Sie Interesse an der Einfuhr von Br\u00fche Topf, f\u00fchlen sich frei zu\u00a0<strong>KONTAKT<\/strong>\u00a0uns.<\/p>\r\n\r\n\r\n<div class=\"wp-block-spacer has-ek-typography\" aria-hidden=\"true\" style=\"\">\u00a0<\/div>\r\n\r\n\r\n<p><strong>1) Ingenieur Technische Unterst\u00fctzung<\/strong>-Materialarten, Stile, Zeichnungen.<\/p>\r\n\r\n\r\n\r\n<p><strong>2) Muster verf\u00fcgbar, konkurrenzf\u00e4higer Gro\u00dfhandelspreis<\/strong>- Probe ist akzeptabel, und beginnen von moq 20pcs, bieten wir aus erster Hand ex-<em>Werk<\/em>\u00a0Preis, kein Mittelsmann!<\/p>\r\n\r\n\r\n\r\n<p><strong>3) Pr\u00fcfbericht<\/strong>Material aus rostfreiem Stahl -201 oder 304, SGS-gepr\u00fcft.<\/p>\r\n\r\n\r\n\r\n<p><strong>4) Produktbilder<\/strong>-F\u00fchlen Sie sich nie hilflos bei der Vermarktung! Wir bieten Ihnen Bilder an, wenn Sie sie brauchen. Wenn wir das Produkt produzieren, werden wir auch Fotos f\u00fcr Sie machen, damit Sie den Fortschritt sehen k\u00f6nnen. So, wenn Sie irgendwelche Probleme finden, k\u00f6nnen Sie uns so schnell bemerken, bevor Sie gro\u00dfe Fehler machen.<\/p>\r\n\r\n\r\n\r\n<p><strong>5) Inspektionsvideos<\/strong>-Nachdem wir die Ware fertiggestellt haben, k\u00f6nnen wir Ihnen Videos zur besseren Beurteilung zeigen. So k\u00f6nnen Sie uns sagen, welche Teile Sie vor dem Versand zu verbessern m\u00f6chten.<\/p>\r\n\r\n\r\n\r\n<p><strong>6) Anleitung zum Kauf von Milcheimern von <em>China<\/em><\/strong>-Basierend auf Ihrer Anfrage, k\u00f6nnen wir EXW, FOB, CIF oder DDP Preis anbieten. Unsere Spediteure bieten g\u00fcnstige Fracht, helfen Sie mehr zu sparen! Wenn Sie Ihre Versand-Agenten haben, k\u00f6nnen Sie sie auch ernennen.<\/p>\r\n\r\n\r\n\r\n<p>------------------------<\/p>\r\n\r\n<h3><span style=\"color: #ed1c24;\"><b>Rufen Sie uns an, damit wir die Details besprechen k\u00f6nnen.<\/b><\/span><\/h3>\r\n<p>&nbsp;<\/p>\r\n<h3><a href=\"https:\/\/youtu.be\/9INHbf257ho\">Produkt-Video:<\/a><\/h3>","protected":false},"excerpt":{"rendered":"<div class=\"woocommerce-product-details__short-description\"><span style=\"color: #808080;\">Fabrik OEM ODM volle Gr\u00f6\u00dfen Edelstahl-Milchkannen. Es ist luftdicht und Leck und versch\u00fctten resistent, ist es f\u00fcr den Transport, Lagerung von Getr\u00e4nken, Milch, etc. verwendet.\u00a0<\/span><\/div>\n<div>\u00a0<\/div>\n<div class=\"woocommerce-product-details__short-description\"><strong>Merkmale:<\/strong><\/p>\n<ul>\n<li>Echter Edelstahl\uff1aLebensmittelgeeignetes Material, rostfrei und korrosionsbest\u00e4ndig<\/li>\n<li>Luftdichte Funktion: luftdichter Deckel mit abdichtender Silikondichtung<\/li>\n<li>Weit verbreitet in verschiedenen Anwendungen: Einsatz in landwirtschaftlichen Betrieben, Weiden, Molkereien usw.<\/li>\n<li>Leicht zu reinigen: Mit Sp\u00fclmittel reinigen und trocken wischen.<\/li>\n<\/ul>\n<p>\u00a0 <strong>MOQ: 20 St\u00fcck pro Bestellung<\/strong><\/div>\n<div class=\"woocommerce-product-details__short-description\">\n<div>\u00a0<\/div>\n<div class=\"product-short-description\"><strong>Preisspanne: <span style=\"color: #ff0000;\">30-40USD<\/span> (Fragen Sie nach einem detaillierten Angebot)<\/strong><\/div>\n<\/div>","protected":false},"featured_media":14794,"template":"","meta":{"_seopress_robots_primary_cat":"none","_editorskit_title_hidden":false,"_editorskit_reading_time":0,"_editorskit_is_block_options_detached":false,"_editorskit_block_options_position":"{}","_editorskit_typography_data":[],"_editorskit_blocks_typography":""},"product_cat":[155],"product_tag":[703],"class_list":["post-14276","product","type-product","status-publish","has-post-thumbnail","hentry","product_cat-milking-bucket","product_tag-milk-can"],"yoast_head":"<!-- This site is optimized with the Yoast SEO plugin v21.4 - https:\/\/yoast.com\/wordpress\/plugins\/seo\/ -->\n<title>Stainless Steel Milk Can<\/title>\n<meta name=\"description\" content=\"We are a 20-years factory\u00a0 produce Stainless Steel Milk Can from standard to custom design.\u00a0 Standard sizes molds and many exclusive molds.\" \/>\n<meta name=\"robots\" content=\"index, follow, max-snippet:-1, max-image-preview:large, max-video-preview:-1\" \/>\n<link rel=\"canonical\" href=\"https:\/\/jm-xiangsheng.com\/de\/product\/milking-bucket\/stainless-steel-milk-can\/\" \/>\n<meta property=\"og:locale\" content=\"de_DE\" \/>\n<meta property=\"og:type\" content=\"article\" \/>\n<meta property=\"og:title\" content=\"Stainless Steel Milk Can\" \/>\n<meta property=\"og:description\" content=\"We are a 20-years factory\u00a0 produce Stainless Steel Milk Can from standard to custom design.\u00a0 Standard sizes molds and many exclusive molds.\" \/>\n<meta property=\"og:url\" content=\"https:\/\/jm-xiangsheng.com\/de\/product\/milking-bucket\/stainless-steel-milk-can\/\" \/>\n<meta property=\"og:site_name\" content=\"Xiangsheng - China factory of stainless steel products\" \/>\n<meta property=\"article:modified_time\" content=\"2025-03-31T03:50:11+00:00\" \/>\n<meta property=\"og:image\" content=\"http:\/\/jm-xiangsheng.com\/wp-content\/uploads\/2024\/06\/\u725b\u5976\u6876\u5206\u7c7b2-39.jpg\" \/>\n\t<meta property=\"og:image:width\" content=\"1000\" \/>\n\t<meta property=\"og:image:height\" content=\"1000\" \/>\n\t<meta property=\"og:image:type\" content=\"image\/jpeg\" \/>\n<meta name=\"twitter:card\" content=\"summary_large_image\" \/>\n<meta name=\"twitter:label1\" content=\"Gesch\u00e4tzte Lesezeit\" \/>\n\t<meta name=\"twitter:data1\" content=\"2\u00a0Minuten\" \/>\n<script type=\"application\/ld+json\" class=\"yoast-schema-graph\">{\"@context\":\"https:\/\/schema.org\",\"@graph\":[{\"@type\":\"WebPage\",\"@id\":\"https:\/\/jm-xiangsheng.com\/product\/milking-bucket\/stainless-steel-milk-can\/\",\"url\":\"https:\/\/jm-xiangsheng.com\/product\/milking-bucket\/stainless-steel-milk-can\/\",\"name\":\"Stainless Steel Milk Can\",\"isPartOf\":{\"@id\":\"https:\/\/jm-xiangsheng.com\/#website\"},\"datePublished\":\"2024-06-03T08:21:48+00:00\",\"dateModified\":\"2025-03-31T03:50:11+00:00\",\"description\":\"We are a 20-years factory\u00a0 produce Stainless Steel Milk Can from standard to custom design.\u00a0 Standard sizes molds and many exclusive molds.\",\"breadcrumb\":{\"@id\":\"https:\/\/jm-xiangsheng.com\/product\/milking-bucket\/stainless-steel-milk-can\/#breadcrumb\"},\"inLanguage\":\"de\",\"potentialAction\":[{\"@type\":\"ReadAction\",\"target\":[\"https:\/\/jm-xiangsheng.com\/product\/milking-bucket\/stainless-steel-milk-can\/\"]}]},{\"@type\":\"BreadcrumbList\",\"@id\":\"https:\/\/jm-xiangsheng.com\/product\/milking-bucket\/stainless-steel-milk-can\/#breadcrumb\",\"itemListElement\":[{\"@type\":\"ListItem\",\"position\":1,\"name\":\"Home\",\"item\":\"https:\/\/jm-xiangsheng.com\/\"},{\"@type\":\"ListItem\",\"position\":2,\"name\":\"Product\",\"item\":\"https:\/\/jm-xiangsheng.com\/products\/\"},{\"@type\":\"ListItem\",\"position\":3,\"name\":\"Milking Bucket\",\"item\":\"https:\/\/jm-xiangsheng.com\/product-category\/milking-bucket\/\"},{\"@type\":\"ListItem\",\"position\":4,\"name\":\"Stainless Steel Milk Can\"}]},{\"@type\":\"WebSite\",\"@id\":\"https:\/\/jm-xiangsheng.com\/#website\",\"url\":\"https:\/\/jm-xiangsheng.com\/\",\"name\":\"Xiangsheng - China factory of stainless steel products\",\"description\":\"20 years factory\",\"publisher\":{\"@id\":\"https:\/\/jm-xiangsheng.com\/#organization\"},\"potentialAction\":[{\"@type\":\"SearchAction\",\"target\":{\"@type\":\"EntryPoint\",\"urlTemplate\":\"https:\/\/jm-xiangsheng.com\/?s={search_term_string}\"},\"query-input\":\"required name=search_term_string\"}],\"inLanguage\":\"de\"},{\"@type\":\"Organization\",\"@id\":\"https:\/\/jm-xiangsheng.com\/#organization\",\"name\":\"Xiangsheng - China factory of stainless steel products\",\"url\":\"https:\/\/jm-xiangsheng.com\/\",\"logo\":{\"@type\":\"ImageObject\",\"inLanguage\":\"de\",\"@id\":\"https:\/\/jm-xiangsheng.com\/#\/schema\/logo\/image\/\",\"url\":\"https:\/\/jm-xiangsheng.com\/wp-content\/uploads\/2024\/05\/cropped-\u672a\u6807\u9898-3-\u62f7\u8d1d.png\",\"contentUrl\":\"https:\/\/jm-xiangsheng.com\/wp-content\/uploads\/2024\/05\/cropped-\u672a\u6807\u9898-3-\u62f7\u8d1d.png\",\"width\":490,\"height\":140,\"caption\":\"Xiangsheng - China factory of stainless steel products\"},\"image\":{\"@id\":\"https:\/\/jm-xiangsheng.com\/#\/schema\/logo\/image\/\"}}]}<\/script>\n<!-- \/ Yoast SEO plugin. -->","yoast_head_json":{"title":"Stainless Steel Milk Can","description":"We are a 20-years factory\u00a0 produce Stainless Steel Milk Can from standard to custom design.\u00a0 Standard sizes molds and many exclusive molds.","robots":{"index":"index","follow":"follow","max-snippet":"max-snippet:-1","max-image-preview":"max-image-preview:large","max-video-preview":"max-video-preview:-1"},"canonical":"https:\/\/jm-xiangsheng.com\/de\/product\/milking-bucket\/stainless-steel-milk-can\/","og_locale":"de_DE","og_type":"article","og_title":"Stainless Steel Milk Can","og_description":"We are a 20-years factory\u00a0 produce Stainless Steel Milk Can from standard to custom design.\u00a0 Standard sizes molds and many exclusive molds.","og_url":"https:\/\/jm-xiangsheng.com\/de\/product\/milking-bucket\/stainless-steel-milk-can\/","og_site_name":"Xiangsheng - China factory of stainless steel products","article_modified_time":"2025-03-31T03:50:11+00:00","og_image":[{"width":1000,"height":1000,"url":"http:\/\/jm-xiangsheng.com\/wp-content\/uploads\/2024\/06\/\u725b\u5976\u6876\u5206\u7c7b2-39.jpg","type":"image\/jpeg"}],"twitter_card":"summary_large_image","twitter_misc":{"Gesch\u00e4tzte Lesezeit":"2\u00a0Minuten"},"schema":{"@context":"https:\/\/schema.org","@graph":[{"@type":"WebPage","@id":"https:\/\/jm-xiangsheng.com\/product\/milking-bucket\/stainless-steel-milk-can\/","url":"https:\/\/jm-xiangsheng.com\/product\/milking-bucket\/stainless-steel-milk-can\/","name":"Stainless Steel Milk Can","isPartOf":{"@id":"https:\/\/jm-xiangsheng.com\/#website"},"datePublished":"2024-06-03T08:21:48+00:00","dateModified":"2025-03-31T03:50:11+00:00","description":"We are a 20-years factory\u00a0 produce Stainless Steel Milk Can from standard to custom design.\u00a0 Standard sizes molds and many exclusive molds.","breadcrumb":{"@id":"https:\/\/jm-xiangsheng.com\/product\/milking-bucket\/stainless-steel-milk-can\/#breadcrumb"},"inLanguage":"de","potentialAction":[{"@type":"ReadAction","target":["https:\/\/jm-xiangsheng.com\/product\/milking-bucket\/stainless-steel-milk-can\/"]}]},{"@type":"BreadcrumbList","@id":"https:\/\/jm-xiangsheng.com\/product\/milking-bucket\/stainless-steel-milk-can\/#breadcrumb","itemListElement":[{"@type":"ListItem","position":1,"name":"Home","item":"https:\/\/jm-xiangsheng.com\/"},{"@type":"ListItem","position":2,"name":"Product","item":"https:\/\/jm-xiangsheng.com\/products\/"},{"@type":"ListItem","position":3,"name":"Milking Bucket","item":"https:\/\/jm-xiangsheng.com\/product-category\/milking-bucket\/"},{"@type":"ListItem","position":4,"name":"Stainless Steel Milk Can"}]},{"@type":"WebSite","@id":"https:\/\/jm-xiangsheng.com\/#website","url":"https:\/\/jm-xiangsheng.com\/","name":"Xiangsheng - China factory of stainless steel products","description":"20 years factory","publisher":{"@id":"https:\/\/jm-xiangsheng.com\/#organization"},"potentialAction":[{"@type":"SearchAction","target":{"@type":"EntryPoint","urlTemplate":"https:\/\/jm-xiangsheng.com\/?s={search_term_string}"},"query-input":"required name=search_term_string"}],"inLanguage":"de"},{"@type":"Organization","@id":"https:\/\/jm-xiangsheng.com\/#organization","name":"Xiangsheng - China factory of stainless steel products","url":"https:\/\/jm-xiangsheng.com\/","logo":{"@type":"ImageObject","inLanguage":"de","@id":"https:\/\/jm-xiangsheng.com\/#\/schema\/logo\/image\/","url":"https:\/\/jm-xiangsheng.com\/wp-content\/uploads\/2024\/05\/cropped-\u672a\u6807\u9898-3-\u62f7\u8d1d.png","contentUrl":"https:\/\/jm-xiangsheng.com\/wp-content\/uploads\/2024\/05\/cropped-\u672a\u6807\u9898-3-\u62f7\u8d1d.png","width":490,"height":140,"caption":"Xiangsheng - China factory of stainless steel products"},"image":{"@id":"https:\/\/jm-xiangsheng.com\/#\/schema\/logo\/image\/"}}]}},"_links":{"self":[{"href":"https:\/\/jm-xiangsheng.com\/de\/wp-json\/wp\/v2\/product\/14276","targetHints":{"allow":["GET"]}}],"collection":[{"href":"https:\/\/jm-xiangsheng.com\/de\/wp-json\/wp\/v2\/product"}],"about":[{"href":"https:\/\/jm-xiangsheng.com\/de\/wp-json\/wp\/v2\/types\/product"}],"wp:featuredmedia":[{"embeddable":true,"href":"https:\/\/jm-xiangsheng.com\/de\/wp-json\/wp\/v2\/media\/14794"}],"wp:attachment":[{"href":"https:\/\/jm-xiangsheng.com\/de\/wp-json\/wp\/v2\/media?parent=14276"}],"wp:term":[{"taxonomy":"product_cat","embeddable":true,"href":"https:\/\/jm-xiangsheng.com\/de\/wp-json\/wp\/v2\/product_cat?post=14276"},{"taxonomy":"product_tag","embeddable":true,"href":"https:\/\/jm-xiangsheng.com\/de\/wp-json\/wp\/v2\/product_tag?post=14276"}],"curies":[{"name":"wp","href":"https:\/\/api.w.org\/{rel}","templated":true}]}}