{"id":12889,"date":"2023-11-21T17:21:35","date_gmt":"2023-11-21T09:21:35","guid":{"rendered":"https:\/\/jm-xiangsheng.com\/?post_type=product&#038;p=12889"},"modified":"2025-04-02T10:20:31","modified_gmt":"2025-04-02T02:20:31","slug":"contemporary-stainless-steel-kitchen-double-bowl-press-sink-80x43x21cm","status":"publish","type":"product","link":"https:\/\/jm-xiangsheng.com\/de\/produkt\/kitchen-sink\/contemporary-stainless-steel-kitchen-double-bowl-press-sink-80x43x21cm\/","title":{"rendered":"Zeitgen\u00f6ssische Edelstahl-Doppelschalen-Pressesp\u00fcle 80x43x21cm"},"content":{"rendered":"<p>Sehr geehrter Kunde, wir sind eine Fabrik mit Sitz in <strong>2005<\/strong> mit umfangreicher Erfahrung in der Herstellung von Edelstahl-K\u00fcchensp\u00fclen. Wir k\u00f6nnen eine breite Palette von K\u00fcchensp\u00fclen in verschiedenen Gr\u00f6\u00dfen und Design sowie Nutzungsszenarien anbieten, um die Nachfrage der Kunden zu erf\u00fcllen. F\u00fcr die meisten Modelle haben wir einen gro\u00dfen Lagerbestand und sind sofort versandbereit. \u00a0<\/p>\r\n<p>&nbsp;<\/p>\r\n<p>---------------------------------------------<\/p>\r\n<!-- \/wp:post-content -->\r\n\r\n<!-- wp:heading {\"editorskit_typography\":{\"family\":\"\",\"name\":\"\",\"weight\":\"\"}} -->\r\n<h2 class=\"wp-block-heading\"><strong><a class=\"ek-link\" href=\"https:\/\/jm-xiangsheng.com\/de\/about-xiangsheng\/\">Xiangsheng\u00a0<em>Fabrik<\/em><\/a><\/strong><\/h2>\r\n<!-- \/wp:heading -->\r\n\r\n<!-- wp:paragraph -->\r\n<p>Xiangsheng ist eine Fabrik mit Sitz in <strong>2005<\/strong> mit umfangreicher Erfahrung, <strong>Herstellung von Produkten aus rostfreiem Stahl<\/strong>\u00a0mit Sitz in\u00a0<em>China<\/em>. Unten sind unsere wichtigsten 7 Werte. Wenn Sie Interesse an der Einfuhr von Br\u00fche Topf, f\u00fchlen sich frei zu\u00a0<strong>KONTAKT<\/strong>\u00a0uns.<\/p>\r\n<!-- \/wp:paragraph -->\r\n\r\n<!-- wp:spacer {\"height\":\"41px\",\"editorskit_typography\":{\"family\":\"\",\"name\":\"\",\"weight\":\"\"}} -->\r\n<div class=\"wp-block-spacer\" aria-hidden=\"true\">\u00a0<\/div>\r\n<!-- \/wp:spacer -->\r\n\r\n<!-- wp:paragraph -->\r\n<p><strong>1) Ingenieur Technische Unterst\u00fctzung<\/strong>-Materialarten, Stile, Zeichnungen.<\/p>\r\n<!-- \/wp:paragraph -->\r\n\r\n<!-- wp:paragraph -->\r\n<p><strong>2) Muster verf\u00fcgbar, konkurrenzf\u00e4higer Gro\u00dfhandelspreis<\/strong>- Probe ist akzeptabel, und beginnen von moq 20pcs, bieten wir aus erster Hand ex-<em>Werk<\/em>\u00a0Preis, kein Mittelsmann!<\/p>\r\n<!-- \/wp:paragraph -->\r\n\r\n<!-- wp:paragraph -->\r\n<p><strong>3) Pr\u00fcfbericht<\/strong>Material aus rostfreiem Stahl -201 oder 304, SGS-gepr\u00fcft.<\/p>\r\n<!-- \/wp:paragraph -->\r\n\r\n<!-- wp:paragraph -->\r\n<p><strong>4) Produktbilder<\/strong>-F\u00fchlen Sie sich nie hilflos bei der Vermarktung! Wir bieten Ihnen Bilder an, wenn Sie sie brauchen. Wenn wir das Produkt produzieren, werden wir auch Fotos f\u00fcr Sie machen, damit Sie den Fortschritt sehen k\u00f6nnen. So, wenn Sie irgendwelche Probleme finden, k\u00f6nnen Sie uns so schnell bemerken, bevor Sie gro\u00dfe Fehler machen.<\/p>\r\n<!-- \/wp:paragraph -->\r\n\r\n<!-- wp:paragraph -->\r\n<p><strong>5) Inspektionsvideos<\/strong>-Nachdem wir die Ware fertiggestellt haben, k\u00f6nnen wir Ihnen Videos zur besseren Beurteilung zeigen. So k\u00f6nnen Sie uns sagen, welche Teile Sie vor dem Versand zu verbessern m\u00f6chten.<\/p>\r\n<!-- \/wp:paragraph -->\r\n\r\n<!-- wp:paragraph -->\r\n<p><strong>6) Anleitung zum Kauf von Milcheimern von <em>China<\/em><\/strong>-Basierend auf Ihrer Anfrage, k\u00f6nnen wir EXW, FOB, CIF oder DDP Preis anbieten. Unsere Spediteure bieten g\u00fcnstige Fracht, helfen Sie mehr zu sparen! Wenn Sie Ihre Versand-Agenten haben, k\u00f6nnen Sie sie auch ernennen.<\/p>\r\n<!-- \/wp:paragraph -->\r\n\r\n<!-- wp:paragraph -->\r\n<p>------------------------<\/p>\r\n<!-- \/wp:paragraph -->\r\n<h3><span style=\"color: #ed1c24;\"><b>Rufen Sie uns an, damit wir die Details besprechen k\u00f6nnen.<\/b><\/span><\/h3>\r\n<p>&nbsp;<\/p>\r\n<h3><a href=\"https:\/\/www.youtube.com\/watch?v=ZoW37UUfQ8o\">Produkt-Video:<\/a><\/h3>","protected":false},"excerpt":{"rendered":"<div class=\"product-overview\">Doppelsp\u00fcle aus hochwertigem Edelstahl SUS 304 0,7 mm, passende K\u00fcchenarmaturen und Abflusssystem nach Wahl. <strong>Hauptmerkmal:<\/strong><\/p>\n<ol>\n<li>Hochwertiger 201\/304 Edelstahl: Verschlei\u00df-Widerstand &amp; Korrosionsschutz<\/li>\n<li>\u00c4u\u00dfere Gr\u00f6\u00dfe: 800*430*210mm, Gr\u00f6\u00dfe des Bohrlochs: \u00d8 110mm<\/li>\n<li>Wirtschaftlich und praktisch: Werkseitig angebotener konkurrenzf\u00e4higer Preis<\/li>\n<li>Leicht zu reinigen: Mit Sp\u00fclmittel reinigen und trocken wischen.<\/li>\n<\/ol>\n<\/div>\n<div class=\"product-detail-annex\">\n<div class=\"pro-email-icon\">\u00a0<\/div>\n<\/div>","protected":false},"featured_media":12934,"template":"","meta":{"_seopress_robots_primary_cat":"none","_editorskit_title_hidden":false,"_editorskit_reading_time":0,"_editorskit_is_block_options_detached":false,"_editorskit_block_options_position":"{}","_editorskit_typography_data":[],"_editorskit_blocks_typography":""},"product_cat":[89],"product_tag":[],"class_list":["post-12889","product","type-product","status-publish","has-post-thumbnail","hentry","product_cat-kitchen-sink"],"yoast_head":"<!-- This site is optimized with the Yoast SEO plugin v21.4 - https:\/\/yoast.com\/wordpress\/plugins\/seo\/ -->\n<title>Contemporary Stainless Steel Double Bowl press Sink 80x43x21cm - Xiangsheng - China factory of stainless steel products<\/title>\n<meta name=\"description\" content=\"We are a 18-years factory\u00a0 produce Kitchen Double Bowl Stainless Steel Sink from standard to custom sizes, from tiny to giant.\u00a0\" \/>\n<meta name=\"robots\" content=\"index, follow, max-snippet:-1, max-image-preview:large, max-video-preview:-1\" \/>\n<link rel=\"canonical\" href=\"https:\/\/jm-xiangsheng.com\/de\/product\/kitchen-sink\/contemporary-stainless-steel-kitchen-double-bowl-press-sink-80x43x21cm\/\" \/>\n<meta property=\"og:locale\" content=\"de_DE\" \/>\n<meta property=\"og:type\" content=\"article\" \/>\n<meta property=\"og:title\" content=\"Contemporary Stainless Steel Double Bowl press Sink 80x43x21cm - Xiangsheng - China factory of stainless steel products\" \/>\n<meta property=\"og:description\" content=\"We are a 18-years factory\u00a0 produce Kitchen Double Bowl Stainless Steel Sink from standard to custom sizes, from tiny to giant.\u00a0\" \/>\n<meta property=\"og:url\" content=\"https:\/\/jm-xiangsheng.com\/de\/product\/kitchen-sink\/contemporary-stainless-steel-kitchen-double-bowl-press-sink-80x43x21cm\/\" \/>\n<meta property=\"og:site_name\" content=\"Xiangsheng - China factory of stainless steel products\" \/>\n<meta property=\"article:modified_time\" content=\"2025-04-02T02:20:31+00:00\" \/>\n<meta property=\"og:image\" content=\"http:\/\/jm-xiangsheng.com\/wp-content\/uploads\/2023\/11\/8043-2.jpg\" \/>\n\t<meta property=\"og:image:width\" content=\"1000\" \/>\n\t<meta property=\"og:image:height\" content=\"1000\" \/>\n\t<meta property=\"og:image:type\" content=\"image\/jpeg\" \/>\n<meta name=\"twitter:card\" content=\"summary_large_image\" \/>\n<meta name=\"twitter:label1\" content=\"Gesch\u00e4tzte Lesezeit\" \/>\n\t<meta name=\"twitter:data1\" content=\"2\u00a0Minuten\" \/>\n<script type=\"application\/ld+json\" class=\"yoast-schema-graph\">{\"@context\":\"https:\/\/schema.org\",\"@graph\":[{\"@type\":\"WebPage\",\"@id\":\"https:\/\/jm-xiangsheng.com\/product\/kitchen-sink\/contemporary-stainless-steel-kitchen-double-bowl-press-sink-80x43x21cm\/\",\"url\":\"https:\/\/jm-xiangsheng.com\/product\/kitchen-sink\/contemporary-stainless-steel-kitchen-double-bowl-press-sink-80x43x21cm\/\",\"name\":\"Contemporary Stainless Steel Double Bowl press Sink 80x43x21cm - Xiangsheng - China factory of stainless steel products\",\"isPartOf\":{\"@id\":\"https:\/\/jm-xiangsheng.com\/#website\"},\"datePublished\":\"2023-11-21T09:21:35+00:00\",\"dateModified\":\"2025-04-02T02:20:31+00:00\",\"description\":\"We are a 18-years factory\u00a0 produce Kitchen Double Bowl Stainless Steel Sink from standard to custom sizes, from tiny to giant.\u00a0\",\"breadcrumb\":{\"@id\":\"https:\/\/jm-xiangsheng.com\/product\/kitchen-sink\/contemporary-stainless-steel-kitchen-double-bowl-press-sink-80x43x21cm\/#breadcrumb\"},\"inLanguage\":\"de\",\"potentialAction\":[{\"@type\":\"ReadAction\",\"target\":[\"https:\/\/jm-xiangsheng.com\/product\/kitchen-sink\/contemporary-stainless-steel-kitchen-double-bowl-press-sink-80x43x21cm\/\"]}]},{\"@type\":\"BreadcrumbList\",\"@id\":\"https:\/\/jm-xiangsheng.com\/product\/kitchen-sink\/contemporary-stainless-steel-kitchen-double-bowl-press-sink-80x43x21cm\/#breadcrumb\",\"itemListElement\":[{\"@type\":\"ListItem\",\"position\":1,\"name\":\"Home\",\"item\":\"https:\/\/jm-xiangsheng.com\/\"},{\"@type\":\"ListItem\",\"position\":2,\"name\":\"Product\",\"item\":\"https:\/\/jm-xiangsheng.com\/products\/\"},{\"@type\":\"ListItem\",\"position\":3,\"name\":\"Kitchen Sink\",\"item\":\"https:\/\/jm-xiangsheng.com\/product-category\/kitchen-sink\/\"},{\"@type\":\"ListItem\",\"position\":4,\"name\":\"Contemporary Stainless Steel Double Bowl press Sink 80x43x21cm\"}]},{\"@type\":\"WebSite\",\"@id\":\"https:\/\/jm-xiangsheng.com\/#website\",\"url\":\"https:\/\/jm-xiangsheng.com\/\",\"name\":\"Xiangsheng - China factory of stainless steel products\",\"description\":\"20 years factory\",\"publisher\":{\"@id\":\"https:\/\/jm-xiangsheng.com\/#organization\"},\"potentialAction\":[{\"@type\":\"SearchAction\",\"target\":{\"@type\":\"EntryPoint\",\"urlTemplate\":\"https:\/\/jm-xiangsheng.com\/?s={search_term_string}\"},\"query-input\":\"required name=search_term_string\"}],\"inLanguage\":\"de\"},{\"@type\":\"Organization\",\"@id\":\"https:\/\/jm-xiangsheng.com\/#organization\",\"name\":\"Xiangsheng - China factory of stainless steel products\",\"url\":\"https:\/\/jm-xiangsheng.com\/\",\"logo\":{\"@type\":\"ImageObject\",\"inLanguage\":\"de\",\"@id\":\"https:\/\/jm-xiangsheng.com\/#\/schema\/logo\/image\/\",\"url\":\"https:\/\/jm-xiangsheng.com\/wp-content\/uploads\/2024\/05\/cropped-\u672a\u6807\u9898-3-\u62f7\u8d1d.png\",\"contentUrl\":\"https:\/\/jm-xiangsheng.com\/wp-content\/uploads\/2024\/05\/cropped-\u672a\u6807\u9898-3-\u62f7\u8d1d.png\",\"width\":490,\"height\":140,\"caption\":\"Xiangsheng - China factory of stainless steel products\"},\"image\":{\"@id\":\"https:\/\/jm-xiangsheng.com\/#\/schema\/logo\/image\/\"}}]}<\/script>\n<!-- \/ Yoast SEO plugin. -->","yoast_head_json":{"title":"Contemporary Stainless Steel Double Bowl press Sink 80x43x21cm - Xiangsheng - China factory of stainless steel products","description":"We are a 18-years factory\u00a0 produce Kitchen Double Bowl Stainless Steel Sink from standard to custom sizes, from tiny to giant.\u00a0","robots":{"index":"index","follow":"follow","max-snippet":"max-snippet:-1","max-image-preview":"max-image-preview:large","max-video-preview":"max-video-preview:-1"},"canonical":"https:\/\/jm-xiangsheng.com\/de\/product\/kitchen-sink\/contemporary-stainless-steel-kitchen-double-bowl-press-sink-80x43x21cm\/","og_locale":"de_DE","og_type":"article","og_title":"Contemporary Stainless Steel Double Bowl press Sink 80x43x21cm - Xiangsheng - China factory of stainless steel products","og_description":"We are a 18-years factory\u00a0 produce Kitchen Double Bowl Stainless Steel Sink from standard to custom sizes, from tiny to giant.\u00a0","og_url":"https:\/\/jm-xiangsheng.com\/de\/product\/kitchen-sink\/contemporary-stainless-steel-kitchen-double-bowl-press-sink-80x43x21cm\/","og_site_name":"Xiangsheng - China factory of stainless steel products","article_modified_time":"2025-04-02T02:20:31+00:00","og_image":[{"width":1000,"height":1000,"url":"http:\/\/jm-xiangsheng.com\/wp-content\/uploads\/2023\/11\/8043-2.jpg","type":"image\/jpeg"}],"twitter_card":"summary_large_image","twitter_misc":{"Gesch\u00e4tzte Lesezeit":"2\u00a0Minuten"},"schema":{"@context":"https:\/\/schema.org","@graph":[{"@type":"WebPage","@id":"https:\/\/jm-xiangsheng.com\/product\/kitchen-sink\/contemporary-stainless-steel-kitchen-double-bowl-press-sink-80x43x21cm\/","url":"https:\/\/jm-xiangsheng.com\/product\/kitchen-sink\/contemporary-stainless-steel-kitchen-double-bowl-press-sink-80x43x21cm\/","name":"Contemporary Stainless Steel Double Bowl press Sink 80x43x21cm - Xiangsheng - China factory of stainless steel products","isPartOf":{"@id":"https:\/\/jm-xiangsheng.com\/#website"},"datePublished":"2023-11-21T09:21:35+00:00","dateModified":"2025-04-02T02:20:31+00:00","description":"We are a 18-years factory\u00a0 produce Kitchen Double Bowl Stainless Steel Sink from standard to custom sizes, from tiny to giant.\u00a0","breadcrumb":{"@id":"https:\/\/jm-xiangsheng.com\/product\/kitchen-sink\/contemporary-stainless-steel-kitchen-double-bowl-press-sink-80x43x21cm\/#breadcrumb"},"inLanguage":"de","potentialAction":[{"@type":"ReadAction","target":["https:\/\/jm-xiangsheng.com\/product\/kitchen-sink\/contemporary-stainless-steel-kitchen-double-bowl-press-sink-80x43x21cm\/"]}]},{"@type":"BreadcrumbList","@id":"https:\/\/jm-xiangsheng.com\/product\/kitchen-sink\/contemporary-stainless-steel-kitchen-double-bowl-press-sink-80x43x21cm\/#breadcrumb","itemListElement":[{"@type":"ListItem","position":1,"name":"Home","item":"https:\/\/jm-xiangsheng.com\/"},{"@type":"ListItem","position":2,"name":"Product","item":"https:\/\/jm-xiangsheng.com\/products\/"},{"@type":"ListItem","position":3,"name":"Kitchen Sink","item":"https:\/\/jm-xiangsheng.com\/product-category\/kitchen-sink\/"},{"@type":"ListItem","position":4,"name":"Contemporary Stainless Steel Double Bowl press Sink 80x43x21cm"}]},{"@type":"WebSite","@id":"https:\/\/jm-xiangsheng.com\/#website","url":"https:\/\/jm-xiangsheng.com\/","name":"Xiangsheng - China factory of stainless steel products","description":"20 years factory","publisher":{"@id":"https:\/\/jm-xiangsheng.com\/#organization"},"potentialAction":[{"@type":"SearchAction","target":{"@type":"EntryPoint","urlTemplate":"https:\/\/jm-xiangsheng.com\/?s={search_term_string}"},"query-input":"required name=search_term_string"}],"inLanguage":"de"},{"@type":"Organization","@id":"https:\/\/jm-xiangsheng.com\/#organization","name":"Xiangsheng - China factory of stainless steel products","url":"https:\/\/jm-xiangsheng.com\/","logo":{"@type":"ImageObject","inLanguage":"de","@id":"https:\/\/jm-xiangsheng.com\/#\/schema\/logo\/image\/","url":"https:\/\/jm-xiangsheng.com\/wp-content\/uploads\/2024\/05\/cropped-\u672a\u6807\u9898-3-\u62f7\u8d1d.png","contentUrl":"https:\/\/jm-xiangsheng.com\/wp-content\/uploads\/2024\/05\/cropped-\u672a\u6807\u9898-3-\u62f7\u8d1d.png","width":490,"height":140,"caption":"Xiangsheng - China factory of stainless steel products"},"image":{"@id":"https:\/\/jm-xiangsheng.com\/#\/schema\/logo\/image\/"}}]}},"_links":{"self":[{"href":"https:\/\/jm-xiangsheng.com\/de\/wp-json\/wp\/v2\/product\/12889","targetHints":{"allow":["GET"]}}],"collection":[{"href":"https:\/\/jm-xiangsheng.com\/de\/wp-json\/wp\/v2\/product"}],"about":[{"href":"https:\/\/jm-xiangsheng.com\/de\/wp-json\/wp\/v2\/types\/product"}],"wp:featuredmedia":[{"embeddable":true,"href":"https:\/\/jm-xiangsheng.com\/de\/wp-json\/wp\/v2\/media\/12934"}],"wp:attachment":[{"href":"https:\/\/jm-xiangsheng.com\/de\/wp-json\/wp\/v2\/media?parent=12889"}],"wp:term":[{"taxonomy":"product_cat","embeddable":true,"href":"https:\/\/jm-xiangsheng.com\/de\/wp-json\/wp\/v2\/product_cat?post=12889"},{"taxonomy":"product_tag","embeddable":true,"href":"https:\/\/jm-xiangsheng.com\/de\/wp-json\/wp\/v2\/product_tag?post=12889"}],"curies":[{"name":"wp","href":"https:\/\/api.w.org\/{rel}","templated":true}]}}