{"id":12747,"date":"2023-11-10T15:40:35","date_gmt":"2023-11-10T07:40:35","guid":{"rendered":"https:\/\/jm-xiangsheng.com\/?post_type=product&#038;p=12747"},"modified":"2025-04-02T10:23:34","modified_gmt":"2025-04-02T02:23:34","slug":"home-brew-stainless-steel-punch-hole-basket-2","status":"publish","type":"product","link":"https:\/\/jm-xiangsheng.com\/de\/produkt\/homebrew\/home-brew-stainless-steel-punch-hole-basket-2\/","title":{"rendered":"Home Brew Korb aus Edelstahl mit Stanzl\u00f6chern"},"content":{"rendered":"Sehr geehrter Kunde, sind Sie auf der Suche nach Top-Qualit\u00e4t, personalisierte &amp; professionellen Hersteller f\u00fcr Homebrew kettle Stainless Steel Punch Hole Basket?\r\n\r\nEs ist so gl\u00fccklich, dass wir uns gefunden haben, wir sind\u00a0<strong>Nr. 1 Hersteller<\/strong>\u00a0im Homebrew-Bereich. Unsere Gesamtl\u00f6sung besteht aus Design, Konstruktion, Fertigung, Markteinf\u00fchrung und Versand in einem Schritt.\r\n\r\nBrauchen Sie technische Unterst\u00fctzung? M\u00f6chten Sie OEM-Design mit Leichtigkeit ausgef\u00fchrt?\r\n\r\n<b>Rufen Sie uns an, damit wir die Details besprechen k\u00f6nnen.<\/b>\r\n\r\n&nbsp;\r\n\r\n---------------------------------------------\r\n\r\n<!-- \/wp:post-content --><!-- wp:heading {\"editorskit_typography\":{\"family\":\"\",\"name\":\"\",\"weight\":\"\"}} -->\r\n<h2 class=\"wp-block-heading\"><strong><a class=\"ek-link\" href=\"https:\/\/jm-xiangsheng.com\/de\/about-xiangsheng\/\">Xiangsheng\u00a0<em>Fabrik<\/em><\/a><\/strong><\/h2>\r\n<!-- \/wp:heading --><!-- wp:paragraph -->\r\n\r\nXiangsheng ist eine Fabrik mit Sitz in <strong>2005<\/strong> mit umfangreicher Erfahrung, <strong>Herstellung von Edelstahl-Lochk\u00f6rben<\/strong>\u00a0mit Sitz in\u00a0<em>China<\/em>. Unten sind unsere wichtigsten 7 Werte. Wenn Sie Interesse an der Einfuhr von Br\u00fche Topf, f\u00fchlen sich frei zu\u00a0<strong>KONTAKT<\/strong>\u00a0uns.\r\n\r\n<!-- \/wp:paragraph --><!-- wp:spacer {\"height\":\"41px\",\"editorskit_typography\":{\"family\":\"\",\"name\":\"\",\"weight\":\"\"}} -->\r\n<div class=\"wp-block-spacer\" aria-hidden=\"true\"><\/div>\r\n<!-- \/wp:spacer --><!-- wp:paragraph -->\r\n\r\n<strong>1) Ingenieur Technische Unterst\u00fctzung<\/strong>-Materialarten, Stile, Zeichnungen.\r\n\r\n<!-- \/wp:paragraph --><!-- wp:paragraph -->\r\n\r\n<strong>2) Muster verf\u00fcgbar, konkurrenzf\u00e4higer Gro\u00dfhandelspreis<\/strong>- Probe ist akzeptabel, und beginnen von moq 20pcs, bieten wir aus erster Hand ex-<em>Werk<\/em>\u00a0Preis, kein Mittelsmann!\r\n\r\n<!-- \/wp:paragraph --><!-- wp:paragraph -->\r\n\r\n<strong>3) Pr\u00fcfbericht<\/strong>Material aus rostfreiem Stahl -201 oder 304, SGS-gepr\u00fcft.\r\n\r\n<!-- \/wp:paragraph --><!-- wp:paragraph -->\r\n\r\n<strong>4) Produktbilder<\/strong>-F\u00fchlen Sie sich nie hilflos bei der Vermarktung! Wir bieten Ihnen Bilder an, wenn Sie sie brauchen. Wenn wir das Produkt produzieren, werden wir auch Fotos f\u00fcr Sie machen, damit Sie den Fortschritt sehen k\u00f6nnen. So, wenn Sie irgendwelche Probleme finden, k\u00f6nnen Sie uns so schnell bemerken, bevor Sie gro\u00dfe Fehler machen.\r\n\r\n<!-- \/wp:paragraph --><!-- wp:paragraph -->\r\n\r\n<strong>5) Inspektionsvideos<\/strong>-Nachdem wir die Ware fertiggestellt haben, k\u00f6nnen wir Ihnen Videos zur besseren Beurteilung zeigen. So k\u00f6nnen Sie uns sagen, welche Teile Sie vor dem Versand zu verbessern m\u00f6chten.\r\n\r\n<!-- \/wp:paragraph --><!-- wp:paragraph -->\r\n\r\n<strong>6) Anleitung zum Kauf von Milcheimern von <em>China<\/em><\/strong>-Basierend auf Ihrer Anfrage, k\u00f6nnen wir EXW, FOB, CIF oder DDP Preis anbieten. Unsere Spediteure bieten g\u00fcnstige Fracht, helfen Sie mehr zu sparen! Wenn Sie Ihre Versand-Agenten haben, k\u00f6nnen Sie sie auch ernennen.\r\n\r\n<!-- \/wp:paragraph --><!-- wp:paragraph -->\r\n\r\n------------------------\r\n\r\n<!-- \/wp:paragraph -->\r\n<h3><span style=\"color: #ed1c24;\"><b>Rufen Sie uns an, damit wir die Details besprechen k\u00f6nnen.<\/b><\/span><\/h3>\r\n&nbsp;\r\n<h3><a href=\"https:\/\/www.youtube.com\/watch?v=ZoW37UUfQ8o\">Produkt-Video:<\/a><\/h3>","protected":false},"excerpt":{"rendered":"<p><span style=\"color: #808080;\">Fabrik OEM ODM 1GAL-60 Gallone Homebrew Korb. Wir arbeiten mit TOP BRANDS weltweit.<\/span><\/p>\n<p><strong><span style=\"color: #000080;\">Merkmale:<\/span><\/strong><\/p>\n<ul>\n<li>Echter Edelstahl\uff1aLebensmittelgeeignetes Material, rostfrei und korrosionsbest\u00e4ndig<\/li>\n<li>Gestanzte L\u00f6cher: Gut zum Filtern<\/li>\n<li>Mit F\u00fc\u00dfen: kann im Kessel stehen<\/li>\n<li>Leicht zu reinigen: Mit Sp\u00fclmittel reinigen und trocken wischen.<\/li>\n<\/ul>\n<p>&nbsp;<\/p>\n<div class=\"product-short-description\">\n<p><strong>MOQ\uff1a20St\u00fcck pro Bestellung<\/strong><\/p>\n<\/div>\n<p><strong>Preisspanne: <span style=\"color: #ff0000;\">10-60USD<\/span> (Fragen Sie nach einem detaillierten Angebot)<\/strong><\/p>","protected":false},"featured_media":12915,"template":"","meta":{"_seopress_robots_primary_cat":"none","_editorskit_title_hidden":false,"_editorskit_reading_time":0,"_editorskit_is_block_options_detached":false,"_editorskit_block_options_position":"{}","_editorskit_typography_data":[],"_editorskit_blocks_typography":""},"product_cat":[29],"product_tag":[],"class_list":["post-12747","product","type-product","status-publish","has-post-thumbnail","hentry","product_cat-homebrew"],"yoast_head":"<!-- This site is optimized with the Yoast SEO plugin v21.4 - https:\/\/yoast.com\/wordpress\/plugins\/seo\/ -->\n<title>Home Brew Stainless Steel Punch Hole Basket<\/title>\n<meta name=\"description\" content=\"We are a 18-years Chinese factory\u00a0produce Stainless Steel Punch Hole Basket from standard to custom sizes, from tiny to giant.\" \/>\n<meta name=\"robots\" content=\"index, follow, max-snippet:-1, max-image-preview:large, max-video-preview:-1\" \/>\n<link rel=\"canonical\" href=\"https:\/\/jm-xiangsheng.com\/de\/product\/homebrew\/home-brew-stainless-steel-punch-hole-basket-2\/\" \/>\n<meta property=\"og:locale\" content=\"de_DE\" \/>\n<meta property=\"og:type\" content=\"article\" \/>\n<meta property=\"og:title\" content=\"Home Brew Stainless Steel Punch Hole Basket\" \/>\n<meta property=\"og:description\" content=\"We are a 18-years Chinese factory\u00a0produce Stainless Steel Punch Hole Basket from standard to custom sizes, from tiny to giant.\" \/>\n<meta property=\"og:url\" content=\"https:\/\/jm-xiangsheng.com\/de\/product\/homebrew\/home-brew-stainless-steel-punch-hole-basket-2\/\" \/>\n<meta property=\"og:site_name\" content=\"Xiangsheng - China factory of stainless steel products\" \/>\n<meta property=\"article:modified_time\" content=\"2025-04-02T02:23:34+00:00\" \/>\n<meta property=\"og:image\" content=\"http:\/\/jm-xiangsheng.com\/wp-content\/uploads\/2023\/11\/\u5b98\u7f51\u4e3b\u56fe1-3.jpg\" \/>\n\t<meta property=\"og:image:width\" content=\"1000\" \/>\n\t<meta property=\"og:image:height\" content=\"1000\" \/>\n\t<meta property=\"og:image:type\" content=\"image\/jpeg\" \/>\n<meta name=\"twitter:card\" content=\"summary_large_image\" \/>\n<meta name=\"twitter:label1\" content=\"Gesch\u00e4tzte Lesezeit\" \/>\n\t<meta name=\"twitter:data1\" content=\"2\u00a0Minuten\" \/>\n<script type=\"application\/ld+json\" class=\"yoast-schema-graph\">{\"@context\":\"https:\/\/schema.org\",\"@graph\":[{\"@type\":\"WebPage\",\"@id\":\"https:\/\/jm-xiangsheng.com\/product\/homebrew\/home-brew-stainless-steel-punch-hole-basket-2\/\",\"url\":\"https:\/\/jm-xiangsheng.com\/product\/homebrew\/home-brew-stainless-steel-punch-hole-basket-2\/\",\"name\":\"Home Brew Stainless Steel Punch Hole Basket\",\"isPartOf\":{\"@id\":\"https:\/\/jm-xiangsheng.com\/#website\"},\"datePublished\":\"2023-11-10T07:40:35+00:00\",\"dateModified\":\"2025-04-02T02:23:34+00:00\",\"description\":\"We are a 18-years Chinese factory\u00a0produce Stainless Steel Punch Hole Basket from standard to custom sizes, from tiny to giant.\",\"breadcrumb\":{\"@id\":\"https:\/\/jm-xiangsheng.com\/product\/homebrew\/home-brew-stainless-steel-punch-hole-basket-2\/#breadcrumb\"},\"inLanguage\":\"de\",\"potentialAction\":[{\"@type\":\"ReadAction\",\"target\":[\"https:\/\/jm-xiangsheng.com\/product\/homebrew\/home-brew-stainless-steel-punch-hole-basket-2\/\"]}]},{\"@type\":\"BreadcrumbList\",\"@id\":\"https:\/\/jm-xiangsheng.com\/product\/homebrew\/home-brew-stainless-steel-punch-hole-basket-2\/#breadcrumb\",\"itemListElement\":[{\"@type\":\"ListItem\",\"position\":1,\"name\":\"Home\",\"item\":\"https:\/\/jm-xiangsheng.com\/\"},{\"@type\":\"ListItem\",\"position\":2,\"name\":\"Product\",\"item\":\"https:\/\/jm-xiangsheng.com\/products\/\"},{\"@type\":\"ListItem\",\"position\":3,\"name\":\"Homebrew\",\"item\":\"https:\/\/jm-xiangsheng.com\/product-category\/homebrew\/\"},{\"@type\":\"ListItem\",\"position\":4,\"name\":\"Home Brew Stainless Steel Punch Hole Basket\"}]},{\"@type\":\"WebSite\",\"@id\":\"https:\/\/jm-xiangsheng.com\/#website\",\"url\":\"https:\/\/jm-xiangsheng.com\/\",\"name\":\"Xiangsheng - China factory of stainless steel products\",\"description\":\"20 years factory\",\"publisher\":{\"@id\":\"https:\/\/jm-xiangsheng.com\/#organization\"},\"potentialAction\":[{\"@type\":\"SearchAction\",\"target\":{\"@type\":\"EntryPoint\",\"urlTemplate\":\"https:\/\/jm-xiangsheng.com\/?s={search_term_string}\"},\"query-input\":\"required name=search_term_string\"}],\"inLanguage\":\"de\"},{\"@type\":\"Organization\",\"@id\":\"https:\/\/jm-xiangsheng.com\/#organization\",\"name\":\"Xiangsheng - China factory of stainless steel products\",\"url\":\"https:\/\/jm-xiangsheng.com\/\",\"logo\":{\"@type\":\"ImageObject\",\"inLanguage\":\"de\",\"@id\":\"https:\/\/jm-xiangsheng.com\/#\/schema\/logo\/image\/\",\"url\":\"https:\/\/jm-xiangsheng.com\/wp-content\/uploads\/2024\/05\/cropped-\u672a\u6807\u9898-3-\u62f7\u8d1d.png\",\"contentUrl\":\"https:\/\/jm-xiangsheng.com\/wp-content\/uploads\/2024\/05\/cropped-\u672a\u6807\u9898-3-\u62f7\u8d1d.png\",\"width\":490,\"height\":140,\"caption\":\"Xiangsheng - China factory of stainless steel products\"},\"image\":{\"@id\":\"https:\/\/jm-xiangsheng.com\/#\/schema\/logo\/image\/\"}}]}<\/script>\n<!-- \/ Yoast SEO plugin. -->","yoast_head_json":{"title":"Home Brew Stainless Steel Punch Hole Basket","description":"We are a 18-years Chinese factory\u00a0produce Stainless Steel Punch Hole Basket from standard to custom sizes, from tiny to giant.","robots":{"index":"index","follow":"follow","max-snippet":"max-snippet:-1","max-image-preview":"max-image-preview:large","max-video-preview":"max-video-preview:-1"},"canonical":"https:\/\/jm-xiangsheng.com\/de\/product\/homebrew\/home-brew-stainless-steel-punch-hole-basket-2\/","og_locale":"de_DE","og_type":"article","og_title":"Home Brew Stainless Steel Punch Hole Basket","og_description":"We are a 18-years Chinese factory\u00a0produce Stainless Steel Punch Hole Basket from standard to custom sizes, from tiny to giant.","og_url":"https:\/\/jm-xiangsheng.com\/de\/product\/homebrew\/home-brew-stainless-steel-punch-hole-basket-2\/","og_site_name":"Xiangsheng - China factory of stainless steel products","article_modified_time":"2025-04-02T02:23:34+00:00","og_image":[{"width":1000,"height":1000,"url":"http:\/\/jm-xiangsheng.com\/wp-content\/uploads\/2023\/11\/\u5b98\u7f51\u4e3b\u56fe1-3.jpg","type":"image\/jpeg"}],"twitter_card":"summary_large_image","twitter_misc":{"Gesch\u00e4tzte Lesezeit":"2\u00a0Minuten"},"schema":{"@context":"https:\/\/schema.org","@graph":[{"@type":"WebPage","@id":"https:\/\/jm-xiangsheng.com\/product\/homebrew\/home-brew-stainless-steel-punch-hole-basket-2\/","url":"https:\/\/jm-xiangsheng.com\/product\/homebrew\/home-brew-stainless-steel-punch-hole-basket-2\/","name":"Home Brew Stainless Steel Punch Hole Basket","isPartOf":{"@id":"https:\/\/jm-xiangsheng.com\/#website"},"datePublished":"2023-11-10T07:40:35+00:00","dateModified":"2025-04-02T02:23:34+00:00","description":"We are a 18-years Chinese factory\u00a0produce Stainless Steel Punch Hole Basket from standard to custom sizes, from tiny to giant.","breadcrumb":{"@id":"https:\/\/jm-xiangsheng.com\/product\/homebrew\/home-brew-stainless-steel-punch-hole-basket-2\/#breadcrumb"},"inLanguage":"de","potentialAction":[{"@type":"ReadAction","target":["https:\/\/jm-xiangsheng.com\/product\/homebrew\/home-brew-stainless-steel-punch-hole-basket-2\/"]}]},{"@type":"BreadcrumbList","@id":"https:\/\/jm-xiangsheng.com\/product\/homebrew\/home-brew-stainless-steel-punch-hole-basket-2\/#breadcrumb","itemListElement":[{"@type":"ListItem","position":1,"name":"Home","item":"https:\/\/jm-xiangsheng.com\/"},{"@type":"ListItem","position":2,"name":"Product","item":"https:\/\/jm-xiangsheng.com\/products\/"},{"@type":"ListItem","position":3,"name":"Homebrew","item":"https:\/\/jm-xiangsheng.com\/product-category\/homebrew\/"},{"@type":"ListItem","position":4,"name":"Home Brew Stainless Steel Punch Hole Basket"}]},{"@type":"WebSite","@id":"https:\/\/jm-xiangsheng.com\/#website","url":"https:\/\/jm-xiangsheng.com\/","name":"Xiangsheng - China factory of stainless steel products","description":"20 years factory","publisher":{"@id":"https:\/\/jm-xiangsheng.com\/#organization"},"potentialAction":[{"@type":"SearchAction","target":{"@type":"EntryPoint","urlTemplate":"https:\/\/jm-xiangsheng.com\/?s={search_term_string}"},"query-input":"required name=search_term_string"}],"inLanguage":"de"},{"@type":"Organization","@id":"https:\/\/jm-xiangsheng.com\/#organization","name":"Xiangsheng - China factory of stainless steel products","url":"https:\/\/jm-xiangsheng.com\/","logo":{"@type":"ImageObject","inLanguage":"de","@id":"https:\/\/jm-xiangsheng.com\/#\/schema\/logo\/image\/","url":"https:\/\/jm-xiangsheng.com\/wp-content\/uploads\/2024\/05\/cropped-\u672a\u6807\u9898-3-\u62f7\u8d1d.png","contentUrl":"https:\/\/jm-xiangsheng.com\/wp-content\/uploads\/2024\/05\/cropped-\u672a\u6807\u9898-3-\u62f7\u8d1d.png","width":490,"height":140,"caption":"Xiangsheng - China factory of stainless steel products"},"image":{"@id":"https:\/\/jm-xiangsheng.com\/#\/schema\/logo\/image\/"}}]}},"_links":{"self":[{"href":"https:\/\/jm-xiangsheng.com\/de\/wp-json\/wp\/v2\/product\/12747","targetHints":{"allow":["GET"]}}],"collection":[{"href":"https:\/\/jm-xiangsheng.com\/de\/wp-json\/wp\/v2\/product"}],"about":[{"href":"https:\/\/jm-xiangsheng.com\/de\/wp-json\/wp\/v2\/types\/product"}],"wp:featuredmedia":[{"embeddable":true,"href":"https:\/\/jm-xiangsheng.com\/de\/wp-json\/wp\/v2\/media\/12915"}],"wp:attachment":[{"href":"https:\/\/jm-xiangsheng.com\/de\/wp-json\/wp\/v2\/media?parent=12747"}],"wp:term":[{"taxonomy":"product_cat","embeddable":true,"href":"https:\/\/jm-xiangsheng.com\/de\/wp-json\/wp\/v2\/product_cat?post=12747"},{"taxonomy":"product_tag","embeddable":true,"href":"https:\/\/jm-xiangsheng.com\/de\/wp-json\/wp\/v2\/product_tag?post=12747"}],"curies":[{"name":"wp","href":"https:\/\/api.w.org\/{rel}","templated":true}]}}